{"id":19290,"date":"2023-04-03T10:15:53","date_gmt":"2023-04-03T08:15:53","guid":{"rendered":"https:\/\/newsite1.printfactory.cloud\/unser-oekosystem\/"},"modified":"2026-04-15T12:47:43","modified_gmt":"2026-04-15T10:47:43","slug":"unser-oekosystem","status":"publish","type":"page","link":"https:\/\/printfactory.cloud\/de\/unser-oekosystem\/","title":{"rendered":"UNSERE L\u00d6SUNG"},"content":{"rendered":"\t\t<div data-elementor-type=\"wp-page\" data-elementor-id=\"19290\" class=\"elementor elementor-19290 elementor-90\" data-elementor-post-type=\"page\">\n\t\t\t\t<div class=\"elementor-element elementor-element-6d9481fa e-con-full e-flex e-con e-parent\" data-id=\"6d9481fa\" data-element_type=\"container\" data-e-type=\"container\" data-settings=\"{&quot;background_background&quot;:&quot;classic&quot;}\">\n\t\t\t\t<div class=\"elementor-element elementor-element-493603d2 elementor-widget elementor-widget-spacer\" data-id=\"493603d2\" data-element_type=\"widget\" data-e-type=\"widget\" data-widget_type=\"spacer.default\">\n\t\t\t\t<div class=\"elementor-widget-container\">\n\t\t\t\t\t\t\t<div class=\"elementor-spacer\">\n\t\t\t<div class=\"elementor-spacer-inner\"><\/div>\n\t\t<\/div>\n\t\t\t\t\t\t<\/div>\n\t\t\t\t<\/div>\n\t\t\t\t<div class=\"elementor-element elementor-element-a1236a7 elementor-widget elementor-widget-spacer\" data-id=\"a1236a7\" data-element_type=\"widget\" data-e-type=\"widget\" data-widget_type=\"spacer.default\">\n\t\t\t\t<div class=\"elementor-widget-container\">\n\t\t\t\t\t\t\t<div class=\"elementor-spacer\">\n\t\t\t<div class=\"elementor-spacer-inner\"><\/div>\n\t\t<\/div>\n\t\t\t\t\t\t<\/div>\n\t\t\t\t<\/div>\n\t\t\t\t<div class=\"elementor-element elementor-element-354639dc elementor-widget elementor-widget-heading\" data-id=\"354639dc\" data-element_type=\"widget\" data-e-type=\"widget\" data-widget_type=\"heading.default\">\n\t\t\t\t<div class=\"elementor-widget-container\">\n\t\t\t\t\t<h1 class=\"elementor-heading-title elementor-size-default\">UNSERE L\u00d6SUNG<\/h1>\t\t\t\t<\/div>\n\t\t\t\t<\/div>\n\t\t\t\t<div class=\"elementor-element elementor-element-3b93e557 elementor-widget elementor-widget-spacer\" data-id=\"3b93e557\" data-element_type=\"widget\" data-e-type=\"widget\" data-widget_type=\"spacer.default\">\n\t\t\t\t<div class=\"elementor-widget-container\">\n\t\t\t\t\t\t\t<div class=\"elementor-spacer\">\n\t\t\t<div class=\"elementor-spacer-inner\"><\/div>\n\t\t<\/div>\n\t\t\t\t\t\t<\/div>\n\t\t\t\t<\/div>\n\t\t\t\t<div class=\"elementor-element elementor-element-dfa8849 elementor-widget elementor-widget-heading\" data-id=\"dfa8849\" data-element_type=\"widget\" data-e-type=\"widget\" data-widget_type=\"heading.default\">\n\t\t\t\t<div class=\"elementor-widget-container\">\n\t\t\t\t\t<h3 class=\"elementor-heading-title elementor-size-default\">EINE EINZIGE, EINHEITLICHE PLATTFORM F\u00dcR DIE DRUCKPRODUKTION<\/h3>\t\t\t\t<\/div>\n\t\t\t\t<\/div>\n\t\t\t\t<div class=\"elementor-element elementor-element-41d93206 elementor-widget elementor-widget-spacer\" data-id=\"41d93206\" data-element_type=\"widget\" data-e-type=\"widget\" data-widget_type=\"spacer.default\">\n\t\t\t\t<div class=\"elementor-widget-container\">\n\t\t\t\t\t\t\t<div class=\"elementor-spacer\">\n\t\t\t<div class=\"elementor-spacer-inner\"><\/div>\n\t\t<\/div>\n\t\t\t\t\t\t<\/div>\n\t\t\t\t<\/div>\n\t\t\t\t<\/div>\n\t\t<div class=\"elementor-element elementor-element-786e04c e-flex e-con-boxed e-con e-parent\" data-id=\"786e04c\" data-element_type=\"container\" data-e-type=\"container\">\n\t\t\t\t\t<div class=\"e-con-inner\">\n\t\t\t\t<div class=\"elementor-element elementor-element-4d08e877 elementor-widget elementor-widget-spacer\" data-id=\"4d08e877\" data-element_type=\"widget\" data-e-type=\"widget\" data-widget_type=\"spacer.default\">\n\t\t\t\t<div class=\"elementor-widget-container\">\n\t\t\t\t\t\t\t<div class=\"elementor-spacer\">\n\t\t\t<div class=\"elementor-spacer-inner\"><\/div>\n\t\t<\/div>\n\t\t\t\t\t\t<\/div>\n\t\t\t\t<\/div>\n\t\t\t\t\t<\/div>\n\t\t\t\t<\/div>\n\t\t<div class=\"elementor-element elementor-element-515afc0f e-flex e-con-boxed e-con e-parent\" data-id=\"515afc0f\" data-element_type=\"container\" data-e-type=\"container\">\n\t\t\t\t\t<div class=\"e-con-inner\">\n\t\t\t\t<div class=\"elementor-element elementor-element-a3f0190 elementor-widget elementor-widget-heading\" data-id=\"a3f0190\" data-element_type=\"widget\" data-e-type=\"widget\" data-widget_type=\"heading.default\">\n\t\t\t\t<div class=\"elementor-widget-container\">\n\t\t\t\t\t<h2 class=\"elementor-heading-title elementor-size-default\">UNSERE L\u00d6SUNG - <span data-buffer=\"\">EINE EINHEITLICHE PLATTFORM F\u00dcR DIE DRUCKPRODUKTION<\/span><\/h2>\t\t\t\t<\/div>\n\t\t\t\t<\/div>\n\t\t\t\t\t<\/div>\n\t\t\t\t<\/div>\n\t\t<div class=\"elementor-element elementor-element-2fac1d7 e-flex e-con-boxed e-con e-parent\" data-id=\"2fac1d7\" data-element_type=\"container\" data-e-type=\"container\">\n\t\t\t\t\t<div class=\"e-con-inner\">\n\t\t\t\t<div class=\"elementor-element elementor-element-c483be2 elementor-pagination-position-inside elementor-skin-carousel elementor-pagination-type-bullets elementor-widget elementor-widget-global elementor-global-22729 elementor-global-17445 elementor-widget-media-carousel\" data-id=\"c483be2\" data-element_type=\"widget\" data-e-type=\"widget\" data-settings=\"{&quot;slides_per_view&quot;:&quot;6&quot;,&quot;space_between&quot;:{&quot;unit&quot;:&quot;px&quot;,&quot;size&quot;:10,&quot;sizes&quot;:[]},&quot;skin&quot;:&quot;carousel&quot;,&quot;effect&quot;:&quot;slide&quot;,&quot;pagination&quot;:&quot;bullets&quot;,&quot;speed&quot;:500,&quot;autoplay&quot;:&quot;yes&quot;,&quot;autoplay_speed&quot;:5000,&quot;loop&quot;:&quot;yes&quot;,&quot;pause_on_hover&quot;:&quot;yes&quot;,&quot;pause_on_interaction&quot;:&quot;yes&quot;,&quot;space_between_tablet&quot;:{&quot;unit&quot;:&quot;px&quot;,&quot;size&quot;:10,&quot;sizes&quot;:[]},&quot;space_between_mobile&quot;:{&quot;unit&quot;:&quot;px&quot;,&quot;size&quot;:10,&quot;sizes&quot;:[]}}\" data-widget_type=\"media-carousel.default\">\n\t\t\t\t<div class=\"elementor-widget-container\">\n\t\t\t\t\t\t\t\t\t<div class=\"elementor-swiper\">\n\t\t\t\t\t<div class=\"elementor-main-swiper swiper\" role=\"region\" aria-roledescription=\"carousel\" aria-label=\"Slider\">\n\t\t\t\t<div class=\"swiper-wrapper\">\n\t\t\t\t\t\t\t\t\t\t\t<div class=\"swiper-slide\" role=\"group\" aria-roledescription=\"slide\">\n\t\t\t\t\t\t\t<a href=\"\/speed-up-prepress\">\t\t<div class=\"elementor-carousel-image\" role=\"img\" aria-label=\"SPEED-UP PREPRESS\" style=\"background-image: url(&#039;https:\/\/i0.wp.com\/printfactory.cloud\/wp-content\/uploads\/2023\/05\/PNG-speed-prepress-Grey-250.png?fit=250%2C250&amp;ssl=1&#039;)\">\n\n\t\t\t\n\t\t\t\t\t<\/div>\n\t\t\t\t\t<div class=\"elementor-carousel-image-overlay e-overlay-animation-fade\">\n\t\t\t\tSPEED-UP PREPRESS\t\t\t<\/div>\n\t\t\t<\/a>\t\t\t\t\t\t<\/div>\n\t\t\t\t\t\t\t\t\t\t\t<div class=\"swiper-slide\" role=\"group\" aria-roledescription=\"slide\">\n\t\t\t\t\t\t\t<a href=\"\/manage-color\">\t\t<div class=\"elementor-carousel-image\" role=\"img\" aria-label=\"MANAGE COLOR\" style=\"background-image: url(&#039;https:\/\/i0.wp.com\/printfactory.cloud\/wp-content\/uploads\/2023\/05\/PNG-manage-color-Grey-250.png?fit=256%2C256&amp;ssl=1&#039;)\">\n\n\t\t\t\n\t\t\t\t\t<\/div>\n\t\t\t\t\t<div class=\"elementor-carousel-image-overlay e-overlay-animation-fade\">\n\t\t\t\tMANAGE COLOR\t\t\t<\/div>\n\t\t\t<\/a>\t\t\t\t\t\t<\/div>\n\t\t\t\t\t\t\t\t\t\t\t<div class=\"swiper-slide\" role=\"group\" aria-roledescription=\"slide\">\n\t\t\t\t\t\t\t<a href=\"\/produce-jobs\">\t\t<div class=\"elementor-carousel-image\" role=\"img\" aria-label=\"PRODUCE JOBS\" style=\"background-image: url(&#039;https:\/\/i0.wp.com\/printfactory.cloud\/wp-content\/uploads\/2023\/05\/PNG-Produce-Jobs-Grey-250.png?fit=250%2C250&amp;ssl=1&#039;)\">\n\n\t\t\t\n\t\t\t\t\t<\/div>\n\t\t\t\t\t<div class=\"elementor-carousel-image-overlay e-overlay-animation-fade\">\n\t\t\t\tPRODUCE JOBS\t\t\t<\/div>\n\t\t\t<\/a>\t\t\t\t\t\t<\/div>\n\t\t\t\t\t\t\t\t\t\t\t<div class=\"swiper-slide\" role=\"group\" aria-roledescription=\"slide\">\n\t\t\t\t\t\t\t<a href=\"\/optimize-processes\">\t\t<div class=\"elementor-carousel-image\" role=\"img\" aria-label=\"OPTIMIZE PROCESSES\" style=\"background-image: url(&#039;https:\/\/i0.wp.com\/printfactory.cloud\/wp-content\/uploads\/2023\/05\/PNG-Optimize-Processes-Grey-250.png?fit=250%2C250&amp;ssl=1&#039;)\">\n\n\t\t\t\n\t\t\t\t\t<\/div>\n\t\t\t\t\t<div class=\"elementor-carousel-image-overlay e-overlay-animation-fade\">\n\t\t\t\tOPTIMIZE PROCESSES\t\t\t<\/div>\n\t\t\t<\/a>\t\t\t\t\t\t<\/div>\n\t\t\t\t\t\t\t\t\t\t\t<div class=\"swiper-slide\" role=\"group\" aria-roledescription=\"slide\">\n\t\t\t\t\t\t\t<a href=\"\/gain-insight\">\t\t<div class=\"elementor-carousel-image\" role=\"img\" aria-label=\"GAIN INSIGHT\" style=\"background-image: url(&#039;https:\/\/i0.wp.com\/printfactory.cloud\/wp-content\/uploads\/2023\/05\/PNG-gain-insight-Grey-256.png?fit=256%2C256&amp;ssl=1&#039;)\">\n\n\t\t\t\n\t\t\t\t\t<\/div>\n\t\t\t\t\t<div class=\"elementor-carousel-image-overlay e-overlay-animation-fade\">\n\t\t\t\tGAIN INSIGHT\t\t\t<\/div>\n\t\t\t<\/a>\t\t\t\t\t\t<\/div>\n\t\t\t\t\t\t\t\t\t\t\t<div class=\"swiper-slide\" role=\"group\" aria-roledescription=\"slide\">\n\t\t\t\t\t\t\t<a href=\"\/control-centrally\">\t\t<div class=\"elementor-carousel-image\" role=\"img\" aria-label=\"CONTROL CENTRALLY\" style=\"background-image: url(&#039;https:\/\/i0.wp.com\/printfactory.cloud\/wp-content\/uploads\/2023\/05\/PNG-control-centrally-250.png?fit=272%2C272&amp;ssl=1&#039;)\">\n\n\t\t\t\n\t\t\t\t\t<\/div>\n\t\t\t\t\t<div class=\"elementor-carousel-image-overlay e-overlay-animation-fade\">\n\t\t\t\tCONTROL CENTRALLY\t\t\t<\/div>\n\t\t\t<\/a>\t\t\t\t\t\t<\/div>\n\t\t\t\t\t\t\t\t\t<\/div>\n\t\t\t\t\t\t\t\t\t\t\t\t\t\t\t\t\t\t\t\t<div class=\"swiper-pagination\"><\/div>\n\t\t\t\t\t\t\t\t\t\t\t\t<\/div>\n\t\t\t\t<\/div>\n\t\t\t\t\t\t\t\t<\/div>\n\t\t\t\t<\/div>\n\t\t\t\t\t<\/div>\n\t\t\t\t<\/div>\n\t\t<div class=\"elementor-element elementor-element-d669044 e-flex e-con-boxed e-con e-parent\" data-id=\"d669044\" data-element_type=\"container\" data-e-type=\"container\">\n\t\t\t\t\t<div class=\"e-con-inner\">\n\t\t<div class=\"elementor-element elementor-element-df23672 e-flex e-con-boxed e-con e-child\" data-id=\"df23672\" data-element_type=\"container\" data-e-type=\"container\">\n\t\t\t\t\t<div class=\"e-con-inner\">\n\t\t\t\t<div class=\"elementor-element elementor-element-9a0fbf2 elementor-widget elementor-widget-spacer\" data-id=\"9a0fbf2\" data-element_type=\"widget\" data-e-type=\"widget\" data-widget_type=\"spacer.default\">\n\t\t\t\t<div class=\"elementor-widget-container\">\n\t\t\t\t\t\t\t<div class=\"elementor-spacer\">\n\t\t\t<div class=\"elementor-spacer-inner\"><\/div>\n\t\t<\/div>\n\t\t\t\t\t\t<\/div>\n\t\t\t\t<\/div>\n\t\t\t\t<div class=\"elementor-element elementor-element-6b1e97e elementor-widget elementor-widget-text-editor\" data-id=\"6b1e97e\" data-element_type=\"widget\" data-e-type=\"widget\" data-widget_type=\"text-editor.default\">\n\t\t\t\t<div class=\"elementor-widget-container\">\n\t\t\t\t\t\t\t\t\t<h4 style=\"text-align: center;\"><span style=\"color: #575757;\"><strong>PrintFactory ist kein B\u00fcndel von Tools oder ein \u00d6kosystem von Integrationen.  <\/strong><\/span><\/h4><h4 style=\"text-align: center;\"><span style=\"color: #575757;\"><strong>Es ist eine speziell entwickelte Plattform, die den gesamten Druckproduktionsprozess verwaltet, von der Dateivorbereitung bis zur endg\u00fcltigen Ausgabe.<\/strong><\/span><\/h4><p style=\"text-align: center;\">Wenn es um gro\u00dfformatigen Digitaldruck geht, sind die Ziele immer die gleichen: <strong>Effizienz, Pr\u00e4zision und Profit<\/strong>.<\/p><p style=\"text-align: center;\">PrintFactory wurde speziell daf\u00fcr entwickelt, alle drei Funktionen zu bieten &#8211; ohne die Komplexit\u00e4t und die Kosten, die normalerweise mit der Verwaltung mehrerer Ger\u00e4te, RIPs und Software-Stacks verbunden sind.<\/p><p style=\"text-align: center;\"><strong>PrintFactory bringt alles unter ein Dach.  <\/strong><\/p><p style=\"text-align: center;\"><strong>Drucker, Schneideplotter, Workflows &#8211; die<\/strong>gesamte Produktionsumgebung l\u00e4uft f\u00fcr einen Bruchteil dessen, was traditionelle RIP-basierte Systeme kosten.<\/p><p style=\"text-align: center;\">Und da alles auf einer flexiblen XML-Architektur aufbaut, l\u00e4sst sich das System m\u00fchelos skalieren, wenn Ihr Unternehmen w\u00e4chst, und macht <strong>AUTOMATION<\/strong> f\u00fcr alle PSPs <strong>zug\u00e4nglich<\/strong>.<\/p>\t\t\t\t\t\t\t\t<\/div>\n\t\t\t\t<\/div>\n\t\t\t\t\t<\/div>\n\t\t\t\t<\/div>\n\t\t\t\t\t<\/div>\n\t\t\t\t<\/div>\n\t\t<div class=\"elementor-element elementor-element-4b4a315f e-flex e-con-boxed e-con e-parent\" data-id=\"4b4a315f\" data-element_type=\"container\" data-e-type=\"container\">\n\t\t\t\t\t<div class=\"e-con-inner\">\n\t\t<div class=\"elementor-element elementor-element-d0340bd e-con-full e-flex e-con e-child\" data-id=\"d0340bd\" data-element_type=\"container\" data-e-type=\"container\">\n\t\t\t\t<div class=\"elementor-element elementor-element-727addc8 elementor-align-center elementor-widget elementor-widget-button\" data-id=\"727addc8\" data-element_type=\"widget\" data-e-type=\"widget\" data-widget_type=\"button.default\">\n\t\t\t\t<div class=\"elementor-widget-container\">\n\t\t\t\t\t\t\t\t\t<div class=\"elementor-button-wrapper\">\n\t\t\t\t\t<a class=\"elementor-button elementor-button-link elementor-size-sm\" href=\"https:\/\/forms.printfactory.cloud\/printfactory\/form\/ContactForm\/formperma\/ls8pqe-7GKZVfepWjsIdmSPvMSscvyGuUFDjIELrhpk\">\n\t\t\t\t\t\t<span class=\"elementor-button-content-wrapper\">\n\t\t\t\t\t\t\t\t\t<span class=\"elementor-button-text\">KONTAKTIERE UNS<\/span>\n\t\t\t\t\t<\/span>\n\t\t\t\t\t<\/a>\n\t\t\t\t<\/div>\n\t\t\t\t\t\t\t\t<\/div>\n\t\t\t\t<\/div>\n\t\t\t\t<\/div>\n\t\t<div class=\"elementor-element elementor-element-272da5e3 e-con-full e-flex e-con e-child\" data-id=\"272da5e3\" data-element_type=\"container\" data-e-type=\"container\">\n\t\t\t\t<div class=\"elementor-element elementor-element-4eb09732 elementor-align-center elementor-widget elementor-widget-button\" data-id=\"4eb09732\" data-element_type=\"widget\" data-e-type=\"widget\" data-widget_type=\"button.default\">\n\t\t\t\t<div class=\"elementor-widget-container\">\n\t\t\t\t\t\t\t\t\t<div class=\"elementor-button-wrapper\">\n\t\t\t\t\t<a class=\"elementor-button elementor-button-link elementor-size-sm\" href=\"https:\/\/forms.printfactory.cloud\/printfactory\/form\/GetaTrial\/formperma\/ayh6lenAB9NOm5v8iW4drHCFtHLI6uJQlM2bb1oAkV8\">\n\t\t\t\t\t\t<span class=\"elementor-button-content-wrapper\">\n\t\t\t\t\t\t\t\t\t<span class=\"elementor-button-text\">TESTVERSION ANFORDERN<\/span>\n\t\t\t\t\t<\/span>\n\t\t\t\t\t<\/a>\n\t\t\t\t<\/div>\n\t\t\t\t\t\t\t\t<\/div>\n\t\t\t\t<\/div>\n\t\t\t\t<\/div>\n\t\t\t\t\t<\/div>\n\t\t\t\t<\/div>\n\t\t<div class=\"elementor-element elementor-element-036dcac e-flex e-con-boxed e-con e-parent\" data-id=\"036dcac\" data-element_type=\"container\" data-e-type=\"container\">\n\t\t\t\t\t<div class=\"e-con-inner\">\n\t\t\t\t<div class=\"elementor-element elementor-element-5840b76 elementor-align-center elementor-widget elementor-widget-button\" data-id=\"5840b76\" data-element_type=\"widget\" data-e-type=\"widget\" data-widget_type=\"button.default\">\n\t\t\t\t<div class=\"elementor-widget-container\">\n\t\t\t\t\t\t\t\t\t<div class=\"elementor-button-wrapper\">\n\t\t\t\t\t<a class=\"elementor-button elementor-button-link elementor-size-sm\" href=\"https:\/\/printfactory.cloud\/how\/\" target=\"_blank\">\n\t\t\t\t\t\t<span class=\"elementor-button-content-wrapper\">\n\t\t\t\t\t\t\t\t\t<span class=\"elementor-button-text\">JETZT KAUFEN<\/span>\n\t\t\t\t\t<\/span>\n\t\t\t\t\t<\/a>\n\t\t\t\t<\/div>\n\t\t\t\t\t\t\t\t<\/div>\n\t\t\t\t<\/div>\n\t\t\t\t\t<\/div>\n\t\t\t\t<\/div>\n\t\t\t\t<\/div>\n\t\t","protected":false},"excerpt":{"rendered":"<p>UNSERE L\u00d6SUNG EINE EINZIGE, EINHEITLICHE PLATTFORM F\u00dcR DIE DRUCKPRODUKTION UNSERE L\u00d6SUNG &#8211; EINE EINHEITLICHE PLATTFORM F\u00dcR DIE DRUCKPRODUKTION SPEED-UP PREPRESS MANAGE COLOR PRODUCE JOBS OPTIMIZE PROCESSES Gain Print Performance Insights CONTROL CENTRALLY PrintFactory ist kein B\u00fcndel von Tools oder ein \u00d6kosystem von Integrationen. Es ist eine speziell entwickelte Plattform, die den gesamten Druckproduktionsprozess verwaltet, von [&hellip;]<\/p>\n","protected":false},"author":3,"featured_media":0,"parent":0,"menu_order":0,"comment_status":"closed","ping_status":"closed","template":"","meta":{"_monsterinsights_skip_tracking":false,"_monsterinsights_sitenote_active":false,"_monsterinsights_sitenote_note":"","_monsterinsights_sitenote_category":0,"footnotes":""},"class_list":["post-19290","page","type-page","status-publish","hentry"],"yoast_head":"<!-- This site is optimized with the Yoast SEO Premium plugin v27.4 (Yoast SEO v27.4) - https:\/\/yoast.com\/product\/yoast-seo-premium-wordpress\/ -->\n<title>PrintFactory Drucksoftware-L\u00f6sung f\u00fcr mehr Effizienz - printfactory.cloud%<\/title>\n<meta name=\"description\" content=\"Entdecken Sie die PrintFactory Print Software-L\u00f6sung, die f\u00fcr mehr Effizienz und Pr\u00e4zision im gro\u00dfformatigen Digitaldruck sorgt.\" \/>\n<meta name=\"robots\" content=\"index, follow, max-snippet:-1, max-image-preview:large, max-video-preview:-1\" \/>\n<link rel=\"canonical\" href=\"https:\/\/printfactory.cloud\/de\/unser-oekosystem\/\" \/>\n<meta property=\"og:locale\" content=\"de_DE\" \/>\n<meta property=\"og:type\" content=\"article\" \/>\n<meta property=\"og:title\" content=\"UNSERE L\u00d6SUNG\" \/>\n<meta property=\"og:description\" content=\"PrintFactory ONE PLATFORM. ONE WORKFLOW. TOTAL CONTROL. PrintFactory is a single, unified print production platform that replaces fragmented RIPs, editors, color tools, and workflow systems, while supporting all printer and cutter brands.\" \/>\n<meta property=\"og:url\" content=\"https:\/\/printfactory.cloud\/de\/unser-oekosystem\/\" \/>\n<meta property=\"og:site_name\" content=\"printfactory.cloud\" \/>\n<meta property=\"article:publisher\" content=\"https:\/\/www.facebook.com\/printfactory.cloud\" \/>\n<meta property=\"article:modified_time\" content=\"2026-04-15T10:47:43+00:00\" \/>\n<meta property=\"og:image\" content=\"https:\/\/i0.wp.com\/printfactory.cloud\/wp-content\/uploads\/2023\/05\/PrintFactory-Logo-Web.png?fit=200%2C100&ssl=1\" \/>\n\t<meta property=\"og:image:width\" content=\"200\" \/>\n\t<meta property=\"og:image:height\" content=\"100\" \/>\n\t<meta property=\"og:image:type\" content=\"image\/png\" \/>\n<meta name=\"twitter:card\" content=\"summary_large_image\" \/>\n<meta name=\"twitter:site\" content=\"@PrintFactory_\" \/>\n<meta name=\"twitter:label1\" content=\"Gesch\u00e4tzte Lesezeit\" \/>\n\t<meta name=\"twitter:data1\" content=\"1\u00a0Minute\" \/>\n<script type=\"application\/ld+json\" class=\"yoast-schema-graph\">{\"@context\":\"https:\\\/\\\/schema.org\",\"@graph\":[{\"@type\":\"WebPage\",\"@id\":\"https:\\\/\\\/printfactory.cloud\\\/de\\\/unser-oekosystem\\\/\",\"url\":\"https:\\\/\\\/printfactory.cloud\\\/de\\\/unser-oekosystem\\\/\",\"name\":\"PrintFactory Drucksoftware-L\u00f6sung f\u00fcr mehr Effizienz - printfactory.cloud%\",\"isPartOf\":{\"@id\":\"https:\\\/\\\/printfactory.cloud\\\/de\\\/#website\"},\"datePublished\":\"2023-04-03T08:15:53+00:00\",\"dateModified\":\"2026-04-15T10:47:43+00:00\",\"description\":\"Entdecken Sie die PrintFactory Print Software-L\u00f6sung, die f\u00fcr mehr Effizienz und Pr\u00e4zision im gro\u00dfformatigen Digitaldruck sorgt.\",\"breadcrumb\":{\"@id\":\"https:\\\/\\\/printfactory.cloud\\\/de\\\/unser-oekosystem\\\/#breadcrumb\"},\"inLanguage\":\"de\",\"potentialAction\":[{\"@type\":\"ReadAction\",\"target\":[\"https:\\\/\\\/printfactory.cloud\\\/de\\\/unser-oekosystem\\\/\"]}]},{\"@type\":\"BreadcrumbList\",\"@id\":\"https:\\\/\\\/printfactory.cloud\\\/de\\\/unser-oekosystem\\\/#breadcrumb\",\"itemListElement\":[{\"@type\":\"ListItem\",\"position\":1,\"name\":\"Home\",\"item\":\"https:\\\/\\\/printfactory.cloud\\\/de\\\/\"},{\"@type\":\"ListItem\",\"position\":2,\"name\":\"UNSERE L\u00d6SUNG\"}]},{\"@type\":\"WebSite\",\"@id\":\"https:\\\/\\\/printfactory.cloud\\\/de\\\/#website\",\"url\":\"https:\\\/\\\/printfactory.cloud\\\/de\\\/\",\"name\":\"printfactory.cloud\",\"description\":\"One unified production environment\",\"publisher\":{\"@id\":\"https:\\\/\\\/printfactory.cloud\\\/de\\\/#organization\"},\"potentialAction\":[{\"@type\":\"SearchAction\",\"target\":{\"@type\":\"EntryPoint\",\"urlTemplate\":\"https:\\\/\\\/printfactory.cloud\\\/de\\\/?s={search_term_string}\"},\"query-input\":{\"@type\":\"PropertyValueSpecification\",\"valueRequired\":true,\"valueName\":\"search_term_string\"}}],\"inLanguage\":\"de\"},{\"@type\":\"Organization\",\"@id\":\"https:\\\/\\\/printfactory.cloud\\\/de\\\/#organization\",\"name\":\"PrintFactory\",\"url\":\"https:\\\/\\\/printfactory.cloud\\\/de\\\/\",\"logo\":{\"@type\":\"ImageObject\",\"inLanguage\":\"de\",\"@id\":\"https:\\\/\\\/printfactory.cloud\\\/de\\\/#\\\/schema\\\/logo\\\/image\\\/\",\"url\":\"https:\\\/\\\/i0.wp.com\\\/printfactory.cloud\\\/wp-content\\\/uploads\\\/2023\\\/05\\\/PrintFactory-web.jpg?fit=350%2C63&ssl=1\",\"contentUrl\":\"https:\\\/\\\/i0.wp.com\\\/printfactory.cloud\\\/wp-content\\\/uploads\\\/2023\\\/05\\\/PrintFactory-web.jpg?fit=350%2C63&ssl=1\",\"width\":350,\"height\":63,\"caption\":\"PrintFactory\"},\"image\":{\"@id\":\"https:\\\/\\\/printfactory.cloud\\\/de\\\/#\\\/schema\\\/logo\\\/image\\\/\"},\"sameAs\":[\"https:\\\/\\\/www.facebook.com\\\/printfactory.cloud\",\"https:\\\/\\\/x.com\\\/PrintFactory_\",\"https:\\\/\\\/www.linkedin.com\\\/company\\\/printfactoryworkflow\\\/\",\"https:\\\/\\\/www.instagram.com\\\/printfactory.cloud\\\/\",\"https:\\\/\\\/www.youtube.com\\\/@PrintFactoryWorkflow\",\"https:\\\/\\\/www.threads.com\\\/@printfactory.cloud\",\"https:\\\/\\\/bsky.app\\\/profile\\\/printfactorycloud.bsky.social\"]}]}<\/script>\n<!-- \/ Yoast SEO Premium plugin. -->","yoast_head_json":{"title":"PrintFactory Drucksoftware-L\u00f6sung f\u00fcr mehr Effizienz - printfactory.cloud%","description":"Entdecken Sie die PrintFactory Print Software-L\u00f6sung, die f\u00fcr mehr Effizienz und Pr\u00e4zision im gro\u00dfformatigen Digitaldruck sorgt.","robots":{"index":"index","follow":"follow","max-snippet":"max-snippet:-1","max-image-preview":"max-image-preview:large","max-video-preview":"max-video-preview:-1"},"canonical":"https:\/\/printfactory.cloud\/de\/unser-oekosystem\/","og_locale":"de_DE","og_type":"article","og_title":"UNSERE L\u00d6SUNG","og_description":"PrintFactory ONE PLATFORM. ONE WORKFLOW. TOTAL CONTROL. PrintFactory is a single, unified print production platform that replaces fragmented RIPs, editors, color tools, and workflow systems, while supporting all printer and cutter brands.","og_url":"https:\/\/printfactory.cloud\/de\/unser-oekosystem\/","og_site_name":"printfactory.cloud","article_publisher":"https:\/\/www.facebook.com\/printfactory.cloud","article_modified_time":"2026-04-15T10:47:43+00:00","og_image":[{"width":200,"height":100,"url":"https:\/\/i0.wp.com\/printfactory.cloud\/wp-content\/uploads\/2023\/05\/PrintFactory-Logo-Web.png?fit=200%2C100&ssl=1","type":"image\/png"}],"twitter_card":"summary_large_image","twitter_site":"@PrintFactory_","twitter_misc":{"Gesch\u00e4tzte Lesezeit":"1\u00a0Minute"},"schema":{"@context":"https:\/\/schema.org","@graph":[{"@type":"WebPage","@id":"https:\/\/printfactory.cloud\/de\/unser-oekosystem\/","url":"https:\/\/printfactory.cloud\/de\/unser-oekosystem\/","name":"PrintFactory Drucksoftware-L\u00f6sung f\u00fcr mehr Effizienz - printfactory.cloud%","isPartOf":{"@id":"https:\/\/printfactory.cloud\/de\/#website"},"datePublished":"2023-04-03T08:15:53+00:00","dateModified":"2026-04-15T10:47:43+00:00","description":"Entdecken Sie die PrintFactory Print Software-L\u00f6sung, die f\u00fcr mehr Effizienz und Pr\u00e4zision im gro\u00dfformatigen Digitaldruck sorgt.","breadcrumb":{"@id":"https:\/\/printfactory.cloud\/de\/unser-oekosystem\/#breadcrumb"},"inLanguage":"de","potentialAction":[{"@type":"ReadAction","target":["https:\/\/printfactory.cloud\/de\/unser-oekosystem\/"]}]},{"@type":"BreadcrumbList","@id":"https:\/\/printfactory.cloud\/de\/unser-oekosystem\/#breadcrumb","itemListElement":[{"@type":"ListItem","position":1,"name":"Home","item":"https:\/\/printfactory.cloud\/de\/"},{"@type":"ListItem","position":2,"name":"UNSERE L\u00d6SUNG"}]},{"@type":"WebSite","@id":"https:\/\/printfactory.cloud\/de\/#website","url":"https:\/\/printfactory.cloud\/de\/","name":"printfactory.cloud","description":"One unified production environment","publisher":{"@id":"https:\/\/printfactory.cloud\/de\/#organization"},"potentialAction":[{"@type":"SearchAction","target":{"@type":"EntryPoint","urlTemplate":"https:\/\/printfactory.cloud\/de\/?s={search_term_string}"},"query-input":{"@type":"PropertyValueSpecification","valueRequired":true,"valueName":"search_term_string"}}],"inLanguage":"de"},{"@type":"Organization","@id":"https:\/\/printfactory.cloud\/de\/#organization","name":"PrintFactory","url":"https:\/\/printfactory.cloud\/de\/","logo":{"@type":"ImageObject","inLanguage":"de","@id":"https:\/\/printfactory.cloud\/de\/#\/schema\/logo\/image\/","url":"https:\/\/i0.wp.com\/printfactory.cloud\/wp-content\/uploads\/2023\/05\/PrintFactory-web.jpg?fit=350%2C63&ssl=1","contentUrl":"https:\/\/i0.wp.com\/printfactory.cloud\/wp-content\/uploads\/2023\/05\/PrintFactory-web.jpg?fit=350%2C63&ssl=1","width":350,"height":63,"caption":"PrintFactory"},"image":{"@id":"https:\/\/printfactory.cloud\/de\/#\/schema\/logo\/image\/"},"sameAs":["https:\/\/www.facebook.com\/printfactory.cloud","https:\/\/x.com\/PrintFactory_","https:\/\/www.linkedin.com\/company\/printfactoryworkflow\/","https:\/\/www.instagram.com\/printfactory.cloud\/","https:\/\/www.youtube.com\/@PrintFactoryWorkflow","https:\/\/www.threads.com\/@printfactory.cloud","https:\/\/bsky.app\/profile\/printfactorycloud.bsky.social"]}]}},"jetpack_sharing_enabled":true,"_links":{"self":[{"href":"https:\/\/printfactory.cloud\/de\/wp-json\/wp\/v2\/pages\/19290","targetHints":{"allow":["GET"]}}],"collection":[{"href":"https:\/\/printfactory.cloud\/de\/wp-json\/wp\/v2\/pages"}],"about":[{"href":"https:\/\/printfactory.cloud\/de\/wp-json\/wp\/v2\/types\/page"}],"author":[{"embeddable":true,"href":"https:\/\/printfactory.cloud\/de\/wp-json\/wp\/v2\/users\/3"}],"replies":[{"embeddable":true,"href":"https:\/\/printfactory.cloud\/de\/wp-json\/wp\/v2\/comments?post=19290"}],"version-history":[{"count":45,"href":"https:\/\/printfactory.cloud\/de\/wp-json\/wp\/v2\/pages\/19290\/revisions"}],"predecessor-version":[{"id":40280,"href":"https:\/\/printfactory.cloud\/de\/wp-json\/wp\/v2\/pages\/19290\/revisions\/40280"}],"wp:attachment":[{"href":"https:\/\/printfactory.cloud\/de\/wp-json\/wp\/v2\/media?parent=19290"}],"curies":[{"name":"wp","href":"https:\/\/api.w.org\/{rel}","templated":true}]}}