{"id":19944,"date":"2023-05-12T12:37:50","date_gmt":"2023-05-12T10:37:50","guid":{"rendered":"https:\/\/newsite1.printfactory.cloud\/unterstuetzung\/"},"modified":"2023-05-17T12:20:08","modified_gmt":"2023-05-17T12:20:08","slug":"unterstuetzung","status":"publish","type":"page","link":"https:\/\/printfactory.cloud\/de\/unterstuetzung\/","title":{"rendered":"Unterst\u00fctzung"},"content":{"rendered":"\t\t<div data-elementor-type=\"wp-page\" data-elementor-id=\"19944\" class=\"elementor elementor-19944 elementor-16894\" data-elementor-post-type=\"page\">\n\t\t\t\t<div class=\"elementor-element elementor-element-ed14ab3 e-flex e-con-boxed e-con e-parent\" data-id=\"ed14ab3\" data-element_type=\"container\" data-e-type=\"container\">\n\t\t\t\t\t<div class=\"e-con-inner\">\n\t\t\t\t<div class=\"elementor-element elementor-element-2004721 elementor-widget elementor-widget-heading\" data-id=\"2004721\" data-element_type=\"widget\" data-e-type=\"widget\" data-widget_type=\"heading.default\">\n\t\t\t\t<div class=\"elementor-widget-container\">\n\t\t\t\t\t<h2 class=\"elementor-heading-title elementor-size-default\">UNTERST\u00dcTZUNG<\/h2>\t\t\t\t<\/div>\n\t\t\t\t<\/div>\n\t\t\t\t\t<\/div>\n\t\t\t\t<\/div>\n\t\t<div class=\"elementor-element elementor-element-4b39c35 e-flex e-con-boxed e-con e-parent\" data-id=\"4b39c35\" data-element_type=\"container\" data-e-type=\"container\">\n\t\t\t\t\t<div class=\"e-con-inner\">\n\t\t\t\t<div class=\"elementor-element elementor-element-fcf5a8f elementor-widget elementor-widget-heading\" data-id=\"fcf5a8f\" data-element_type=\"widget\" data-e-type=\"widget\" data-widget_type=\"heading.default\">\n\t\t\t\t<div class=\"elementor-widget-container\">\n\t\t\t\t\t<h4 class=\"elementor-heading-title elementor-size-default\">Wir wissen, dass die Einf\u00fchrung einer neuen Software eine Herausforderung sein kann, aber unser Support-Team ist da, um Sie bei jedem Schritt zu unterst\u00fctzen. Egal, ob Sie Fragen zur Software haben oder Unterst\u00fctzung bei der Implementierung ben\u00f6tigen, wir sind immer f\u00fcr Sie da.<\/h4>\t\t\t\t<\/div>\n\t\t\t\t<\/div>\n\t\t\t\t\t<\/div>\n\t\t\t\t<\/div>\n\t\t<div class=\"elementor-element elementor-element-7ee97f8 e-flex e-con-boxed e-con e-parent\" data-id=\"7ee97f8\" data-element_type=\"container\" data-e-type=\"container\">\n\t\t\t\t\t<div class=\"e-con-inner\">\n\t\t\t\t<div class=\"elementor-element elementor-element-68b9cb1 elementor-widget elementor-widget-spacer\" data-id=\"68b9cb1\" data-element_type=\"widget\" data-e-type=\"widget\" data-widget_type=\"spacer.default\">\n\t\t\t\t<div class=\"elementor-widget-container\">\n\t\t\t\t\t\t\t<div class=\"elementor-spacer\">\n\t\t\t<div class=\"elementor-spacer-inner\"><\/div>\n\t\t<\/div>\n\t\t\t\t\t\t<\/div>\n\t\t\t\t<\/div>\n\t\t\t\t<div class=\"elementor-element elementor-element-31bb384 elementor-widget elementor-widget-heading\" data-id=\"31bb384\" data-element_type=\"widget\" data-e-type=\"widget\" data-widget_type=\"heading.default\">\n\t\t\t\t<div class=\"elementor-widget-container\">\n\t\t\t\t\t<h3 class=\"elementor-heading-title elementor-size-default\">SELBSTHILFE<\/h3>\t\t\t\t<\/div>\n\t\t\t\t<\/div>\n\t\t\t\t<div class=\"elementor-element elementor-element-a26d85f elementor-widget elementor-widget-text-editor\" data-id=\"a26d85f\" data-element_type=\"widget\" data-e-type=\"widget\" data-widget_type=\"text-editor.default\">\n\t\t\t\t<div class=\"elementor-widget-container\">\n\t\t\t\t\t\t\t\t\t<p><span style=\"font-weight: 400;\">Mit <strong>PrintFactory<\/strong> haben Sie Zugang zu einem vollst\u00e4ndig digitalen \u00d6kosystem, das Ihnen alle notwendigen Werkzeuge zur Selbsthilfe bietet.  <\/span><\/p>\n<p><span style=\"font-weight: 400;\">Die Plattform ist benutzerfreundlich und leicht zu navigieren, so dass Sie schnell die Ressourcen finden k\u00f6nnen, die Sie zur L\u00f6sung von Problemen und zur Erledigung von Aufgaben ben\u00f6tigen. Sie k\u00f6nnen den Support \u00fcber die <strong>PrintFactory-App<\/strong> oder in einem unserer <strong>Desktop-App-Tools <\/strong> aufrufen  <\/span><\/p>\n<p><span style=\"font-weight: 400;\">Sie k\u00f6nnen von den umfangreichen Funktionen profitieren, darunter Online-Tutorials, Support-Videos, eLearning und Selbstbedienungsoptionen f\u00fcr h\u00e4ufige Probleme.  <\/span><\/p>\n<p><strong>Indem wir Ihnen die notwendigen Ressourcen zur Selbsthilfe zur Verf\u00fcgung stellen, ist PrintFactory in der Lage, Sie effizient und effektiv zu unterst\u00fctzen und Sie gleichzeitig in die Lage zu versetzen, die Kontrolle \u00fcber Ihre Erfahrungen zu \u00fcbernehmen.<\/strong><\/p>\n\t\t\t\t\t\t\t\t<\/div>\n\t\t\t\t<\/div>\n\t\t\t\t\t<\/div>\n\t\t\t\t<\/div>\n\t\t<div class=\"elementor-element elementor-element-918fb3a e-flex e-con-boxed e-con e-parent\" data-id=\"918fb3a\" data-element_type=\"container\" data-e-type=\"container\">\n\t\t\t\t\t<div class=\"e-con-inner\">\n\t\t\t\t<div class=\"elementor-element elementor-element-36cc7f5 elementor-widget elementor-widget-spacer\" data-id=\"36cc7f5\" data-element_type=\"widget\" data-e-type=\"widget\" data-widget_type=\"spacer.default\">\n\t\t\t\t<div class=\"elementor-widget-container\">\n\t\t\t\t\t\t\t<div class=\"elementor-spacer\">\n\t\t\t<div class=\"elementor-spacer-inner\"><\/div>\n\t\t<\/div>\n\t\t\t\t\t\t<\/div>\n\t\t\t\t<\/div>\n\t\t\t\t<div class=\"elementor-element elementor-element-c0d610c elementor-widget elementor-widget-heading\" data-id=\"c0d610c\" data-element_type=\"widget\" data-e-type=\"widget\" data-widget_type=\"heading.default\">\n\t\t\t\t<div class=\"elementor-widget-container\">\n\t\t\t\t\t<h3 class=\"elementor-heading-title elementor-size-default\">H\u00c4NDLERKANAL<\/h3>\t\t\t\t<\/div>\n\t\t\t\t<\/div>\n\t\t\t\t<div class=\"elementor-element elementor-element-1ac54fd elementor-widget elementor-widget-text-editor\" data-id=\"1ac54fd\" data-element_type=\"widget\" data-e-type=\"widget\" data-widget_type=\"text-editor.default\">\n\t\t\t\t<div class=\"elementor-widget-container\">\n\t\t\t\t\t\t\t\t\t<p><span style=\"font-weight: 400;\">\u00dcber ein globales Netz von Vertriebspartnern bietet <strong>PrintFactory<\/strong> Software und Support f\u00fcr Kunden auf der ganzen Welt und hilft ihnen, ihre Druckprozesse zu verbessern und der Konkurrenz einen Schritt voraus zu sein.<\/span><\/p>\n<p><span style=\"font-weight: 400;\">Wenn Sie Unterst\u00fctzung ben\u00f6tigen, k\u00f6nnen Sie sich an Ihren lokalen <strong>PrintFactory-H\u00e4ndler<\/strong> wenden, der Ihre Installation durchgef\u00fchrt hat und mit Ihrer Konfiguration vertraut ist.<\/span><\/p>\n\t\t\t\t\t\t\t\t<\/div>\n\t\t\t\t<\/div>\n\t\t\t\t\t<\/div>\n\t\t\t\t<\/div>\n\t\t<div class=\"elementor-element elementor-element-af9f8fb e-flex e-con-boxed e-con e-parent\" data-id=\"af9f8fb\" data-element_type=\"container\" data-e-type=\"container\">\n\t\t\t\t\t<div class=\"e-con-inner\">\n\t\t\t\t<div class=\"elementor-element elementor-element-5484f92 elementor-widget elementor-widget-spacer\" data-id=\"5484f92\" data-element_type=\"widget\" data-e-type=\"widget\" data-widget_type=\"spacer.default\">\n\t\t\t\t<div class=\"elementor-widget-container\">\n\t\t\t\t\t\t\t<div class=\"elementor-spacer\">\n\t\t\t<div class=\"elementor-spacer-inner\"><\/div>\n\t\t<\/div>\n\t\t\t\t\t\t<\/div>\n\t\t\t\t<\/div>\n\t\t\t\t<div class=\"elementor-element elementor-element-5b54394 elementor-widget elementor-widget-heading\" data-id=\"5b54394\" data-element_type=\"widget\" data-e-type=\"widget\" data-widget_type=\"heading.default\">\n\t\t\t\t<div class=\"elementor-widget-container\">\n\t\t\t\t\t<h3 class=\"elementor-heading-title elementor-size-default\">DIREKTE UNTERST\u00dcTZUNG<\/h3>\t\t\t\t<\/div>\n\t\t\t\t<\/div>\n\t\t\t\t<div class=\"elementor-element elementor-element-7f62500 elementor-widget elementor-widget-text-editor\" data-id=\"7f62500\" data-element_type=\"widget\" data-e-type=\"widget\" data-widget_type=\"text-editor.default\">\n\t\t\t\t<div class=\"elementor-widget-container\">\n\t\t\t\t\t\t\t\t\t<p><span style=\"font-weight: 400;\">Wir von <strong>PrintFactory<\/strong> sind der Meinung, dass Sie bei der Verwendung unserer Software einen un\u00fcbertroffenen Support verdienen.  <\/span><\/p>\n<p><span style=\"font-weight: 400;\">Aus diesem Grund bieten wir Ihnen viele M\u00f6glichkeiten, den Support in Anspruch zu nehmen, darunter Live-Chat, Support-Tickets, Telefon und E-Mail. Denn wir wissen, dass der Zugang zu einem engagierten globalen Support-Team einen gro\u00dfen Unterschied f\u00fcr den Erfolg einer Software-Implementierung ausmachen kann.<\/span><\/p>\n<p><span style=\"font-weight: 400;\">Unser Team steht Ihnen mit vertrieblicher und technischer Beratung zur Seite, um Sie bei der reibungslosen Implementierung von <strong>PrintFactory<\/strong> mit minimalen Unterbrechungen zu unterst\u00fctzen.<\/span><\/p>\n\t\t\t\t\t\t\t\t<\/div>\n\t\t\t\t<\/div>\n\t\t\t\t\t<\/div>\n\t\t\t\t<\/div>\n\t\t<div class=\"elementor-element elementor-element-8cb1893 e-flex e-con-boxed e-con e-parent\" data-id=\"8cb1893\" data-element_type=\"container\" data-e-type=\"container\">\n\t\t\t\t\t<div class=\"e-con-inner\">\n\t\t\t\t<div class=\"elementor-element elementor-element-f21abf1 elementor-widget elementor-widget-button\" data-id=\"f21abf1\" data-element_type=\"widget\" data-e-type=\"widget\" data-widget_type=\"button.default\">\n\t\t\t\t<div class=\"elementor-widget-container\">\n\t\t\t\t\t\t\t\t\t<div class=\"elementor-button-wrapper\">\n\t\t\t\t\t<a class=\"elementor-button elementor-button-link elementor-size-sm\" href=\"https:\/\/newsite1.printfactory.cloud\/de\/unsere-standorte\/\">\n\t\t\t\t\t\t<span class=\"elementor-button-content-wrapper\">\n\t\t\t\t\t\t\t\t\t<span class=\"elementor-button-text\">Finden Sie den n\u00e4chstgelegenen PrintFactory-Standort<\/span>\n\t\t\t\t\t<\/span>\n\t\t\t\t\t<\/a>\n\t\t\t\t<\/div>\n\t\t\t\t\t\t\t\t<\/div>\n\t\t\t\t<\/div>\n\t\t\t\t\t<\/div>\n\t\t\t\t<\/div>\n\t\t<div class=\"elementor-element elementor-element-e044c84 e-flex e-con-boxed e-con e-parent\" data-id=\"e044c84\" data-element_type=\"container\" data-e-type=\"container\">\n\t\t\t\t\t<div class=\"e-con-inner\">\n\t\t\t\t<div class=\"elementor-element elementor-element-23e0f5e elementor-widget elementor-widget-spacer\" data-id=\"23e0f5e\" data-element_type=\"widget\" data-e-type=\"widget\" data-widget_type=\"spacer.default\">\n\t\t\t\t<div class=\"elementor-widget-container\">\n\t\t\t\t\t\t\t<div class=\"elementor-spacer\">\n\t\t\t<div class=\"elementor-spacer-inner\"><\/div>\n\t\t<\/div>\n\t\t\t\t\t\t<\/div>\n\t\t\t\t<\/div>\n\t\t\t\t\t<\/div>\n\t\t\t\t<\/div>\n\t\t<div class=\"elementor-element elementor-element-32fadf8f e-flex e-con-boxed e-con e-parent\" data-id=\"32fadf8f\" data-element_type=\"container\" data-e-type=\"container\">\n\t\t\t\t\t<div class=\"e-con-inner\">\n\t\t<div class=\"elementor-element elementor-element-64913ba4 e-con-full e-flex e-con e-parent\" data-id=\"64913ba4\" data-element_type=\"container\" data-e-type=\"container\">\n\t\t\t\t<div class=\"elementor-element elementor-element-4c0168d6 elementor-align-center elementor-widget elementor-widget-button\" data-id=\"4c0168d6\" data-element_type=\"widget\" data-e-type=\"widget\" data-widget_type=\"button.default\">\n\t\t\t\t<div class=\"elementor-widget-container\">\n\t\t\t\t\t\t\t\t\t<div class=\"elementor-button-wrapper\">\n\t\t\t\t\t<a class=\"elementor-button elementor-button-link elementor-size-sm\" href=\"https:\/\/forms.printfactory.cloud\/printfactory\/form\/ContactForm\/formperma\/ls8pqe-7GKZVfepWjsIdmSPvMSscvyGuUFDjIELrhpk\" target=\"_blank\">\n\t\t\t\t\t\t<span class=\"elementor-button-content-wrapper\">\n\t\t\t\t\t\t\t\t\t<span class=\"elementor-button-text\">KONTAKT US<\/span>\n\t\t\t\t\t<\/span>\n\t\t\t\t\t<\/a>\n\t\t\t\t<\/div>\n\t\t\t\t\t\t\t\t<\/div>\n\t\t\t\t<\/div>\n\t\t\t\t<\/div>\n\t\t<div class=\"elementor-element elementor-element-a8fdb41 e-con-full e-flex e-con e-parent\" data-id=\"a8fdb41\" data-element_type=\"container\" data-e-type=\"container\">\n\t\t\t\t<div class=\"elementor-element elementor-element-63e7d888 elementor-align-center elementor-widget elementor-widget-button\" data-id=\"63e7d888\" data-element_type=\"widget\" data-e-type=\"widget\" data-widget_type=\"button.default\">\n\t\t\t\t<div class=\"elementor-widget-container\">\n\t\t\t\t\t\t\t\t\t<div class=\"elementor-button-wrapper\">\n\t\t\t\t\t<a class=\"elementor-button elementor-button-link elementor-size-sm\" href=\"https:\/\/forms.printfactory.cloud\/printfactory\/form\/GetaTrial\/formperma\/ayh6lenAB9NOm5v8iW4drHCFtHLI6uJQlM2bb1oAkV8\">\n\t\t\t\t\t\t<span class=\"elementor-button-content-wrapper\">\n\t\t\t\t\t\t\t\t\t<span class=\"elementor-button-text\">TESTVERSION ANFORDERN<\/span>\n\t\t\t\t\t<\/span>\n\t\t\t\t\t<\/a>\n\t\t\t\t<\/div>\n\t\t\t\t\t\t\t\t<\/div>\n\t\t\t\t<\/div>\n\t\t\t\t<\/div>\n\t\t\t\t\t<\/div>\n\t\t\t\t<\/div>\n\t\t\t\t<\/div>\n\t\t","protected":false},"excerpt":{"rendered":"<p>UNTERST\u00dcTZUNG Wir wissen, dass die Einf\u00fchrung einer neuen Software eine Herausforderung sein kann, aber unser Support-Team ist da, um Sie bei jedem Schritt zu unterst\u00fctzen. Egal, ob Sie Fragen zur Software haben oder Unterst\u00fctzung bei der Implementierung ben\u00f6tigen, wir sind immer f\u00fcr Sie da. SELBSTHILFE Mit PrintFactory haben Sie Zugang zu einem vollst\u00e4ndig digitalen \u00d6kosystem, [&hellip;]<\/p>\n","protected":false},"author":3,"featured_media":0,"parent":0,"menu_order":0,"comment_status":"closed","ping_status":"closed","template":"","meta":{"_angie_page":false,"_monsterinsights_skip_tracking":false,"_monsterinsights_sitenote_active":false,"_monsterinsights_sitenote_note":"","_monsterinsights_sitenote_category":0,"footnotes":""},"class_list":["post-19944","page","type-page","status-publish","hentry"],"yoast_head":"<!-- This site is optimized with the Yoast SEO Premium plugin v27.5 (Yoast SEO v27.5) - https:\/\/yoast.com\/product\/yoast-seo-premium-wordpress\/ -->\n<title>Unterst\u00fctzung - printfactory.cloud<\/title>\n<meta name=\"description\" content=\"PrintFactory ONE PLATFORM. ONE WORKFLOW. TOTAL CONTROL. PrintFactory is a single, unified print production platform that replaces fragmented RIPs, editors, color tools, and workflow systems, while supporting all printer and cutter brands.\" \/>\n<meta name=\"robots\" content=\"index, follow, max-snippet:-1, max-image-preview:large, max-video-preview:-1\" \/>\n<link rel=\"canonical\" href=\"https:\/\/printfactory.cloud\/de\/unterstuetzung\/\" \/>\n<meta property=\"og:locale\" content=\"de_DE\" \/>\n<meta property=\"og:type\" content=\"article\" \/>\n<meta property=\"og:title\" content=\"Unterst\u00fctzung\" \/>\n<meta property=\"og:description\" content=\"PrintFactory ONE PLATFORM. ONE WORKFLOW. TOTAL CONTROL. PrintFactory is a single, unified print production platform that replaces fragmented RIPs, editors, color tools, and workflow systems, while supporting all printer and cutter brands.\" \/>\n<meta property=\"og:url\" content=\"https:\/\/printfactory.cloud\/de\/unterstuetzung\/\" \/>\n<meta property=\"og:site_name\" content=\"printfactory.cloud\" \/>\n<meta property=\"article:publisher\" content=\"https:\/\/www.facebook.com\/printfactory.cloud\" \/>\n<meta property=\"article:modified_time\" content=\"2023-05-17T12:20:08+00:00\" \/>\n<meta property=\"og:image\" content=\"https:\/\/printfactory.cloud\/wp-content\/uploads\/2023\/05\/PrintFactory-Logo-Web.webp\" \/>\n\t<meta property=\"og:image:width\" content=\"200\" \/>\n\t<meta property=\"og:image:height\" content=\"100\" \/>\n\t<meta property=\"og:image:type\" content=\"image\/webp\" \/>\n<meta name=\"twitter:card\" content=\"summary_large_image\" \/>\n<meta name=\"twitter:site\" content=\"@PrintFactory_\" \/>\n<meta name=\"twitter:label1\" content=\"Gesch\u00e4tzte Lesezeit\" \/>\n\t<meta name=\"twitter:data1\" content=\"2\u00a0Minuten\" \/>\n<script type=\"application\/ld+json\" class=\"yoast-schema-graph\">{\"@context\":\"https:\\\/\\\/schema.org\",\"@graph\":[{\"@type\":\"WebPage\",\"@id\":\"https:\\\/\\\/printfactory.cloud\\\/de\\\/unterstuetzung\\\/\",\"url\":\"https:\\\/\\\/printfactory.cloud\\\/de\\\/unterstuetzung\\\/\",\"name\":\"Unterst\u00fctzung - printfactory.cloud\",\"isPartOf\":{\"@id\":\"https:\\\/\\\/printfactory.cloud\\\/de\\\/#website\"},\"datePublished\":\"2023-05-12T10:37:50+00:00\",\"dateModified\":\"2023-05-17T12:20:08+00:00\",\"description\":\"PrintFactory ONE PLATFORM. ONE WORKFLOW. TOTAL CONTROL. PrintFactory is a single, unified print production platform that replaces fragmented RIPs, editors, color tools, and workflow systems, while supporting all printer and cutter brands.\",\"breadcrumb\":{\"@id\":\"https:\\\/\\\/printfactory.cloud\\\/de\\\/unterstuetzung\\\/#breadcrumb\"},\"inLanguage\":\"de\",\"potentialAction\":[{\"@type\":\"ReadAction\",\"target\":[\"https:\\\/\\\/printfactory.cloud\\\/de\\\/unterstuetzung\\\/\"]}]},{\"@type\":\"BreadcrumbList\",\"@id\":\"https:\\\/\\\/printfactory.cloud\\\/de\\\/unterstuetzung\\\/#breadcrumb\",\"itemListElement\":[{\"@type\":\"ListItem\",\"position\":1,\"name\":\"Home\",\"item\":\"https:\\\/\\\/printfactory.cloud\\\/de\\\/kontrolle\\\/\"},{\"@type\":\"ListItem\",\"position\":2,\"name\":\"Unterst\u00fctzung\"}]},{\"@type\":\"WebSite\",\"@id\":\"https:\\\/\\\/printfactory.cloud\\\/de\\\/#website\",\"url\":\"https:\\\/\\\/printfactory.cloud\\\/de\\\/\",\"name\":\"printfactory.cloud\",\"description\":\"One unified production environment\",\"publisher\":{\"@id\":\"https:\\\/\\\/printfactory.cloud\\\/de\\\/#organization\"},\"potentialAction\":[{\"@type\":\"SearchAction\",\"target\":{\"@type\":\"EntryPoint\",\"urlTemplate\":\"https:\\\/\\\/printfactory.cloud\\\/de\\\/?s={search_term_string}\"},\"query-input\":{\"@type\":\"PropertyValueSpecification\",\"valueRequired\":true,\"valueName\":\"search_term_string\"}}],\"inLanguage\":\"de\"},{\"@type\":\"Organization\",\"@id\":\"https:\\\/\\\/printfactory.cloud\\\/de\\\/#organization\",\"name\":\"PrintFactory\",\"url\":\"https:\\\/\\\/printfactory.cloud\\\/de\\\/\",\"logo\":{\"@type\":\"ImageObject\",\"inLanguage\":\"de\",\"@id\":\"https:\\\/\\\/printfactory.cloud\\\/de\\\/#\\\/schema\\\/logo\\\/image\\\/\",\"url\":\"https:\\\/\\\/printfactory.cloud\\\/wp-content\\\/uploads\\\/2023\\\/05\\\/PrintFactory-web.webp\",\"contentUrl\":\"https:\\\/\\\/printfactory.cloud\\\/wp-content\\\/uploads\\\/2023\\\/05\\\/PrintFactory-web.webp\",\"width\":350,\"height\":63,\"caption\":\"PrintFactory\"},\"image\":{\"@id\":\"https:\\\/\\\/printfactory.cloud\\\/de\\\/#\\\/schema\\\/logo\\\/image\\\/\"},\"sameAs\":[\"https:\\\/\\\/www.facebook.com\\\/printfactory.cloud\",\"https:\\\/\\\/x.com\\\/PrintFactory_\",\"https:\\\/\\\/www.linkedin.com\\\/company\\\/printfactoryworkflow\\\/\",\"https:\\\/\\\/www.instagram.com\\\/printfactory.cloud\\\/\",\"https:\\\/\\\/www.youtube.com\\\/@PrintFactoryWorkflow\",\"https:\\\/\\\/www.threads.com\\\/@printfactory.cloud\",\"https:\\\/\\\/bsky.app\\\/profile\\\/printfactorycloud.bsky.social\"]}]}<\/script>\n<!-- \/ Yoast SEO Premium plugin. -->","yoast_head_json":{"title":"Unterst\u00fctzung - printfactory.cloud","description":"PrintFactory ONE PLATFORM. ONE WORKFLOW. TOTAL CONTROL. PrintFactory is a single, unified print production platform that replaces fragmented RIPs, editors, color tools, and workflow systems, while supporting all printer and cutter brands.","robots":{"index":"index","follow":"follow","max-snippet":"max-snippet:-1","max-image-preview":"max-image-preview:large","max-video-preview":"max-video-preview:-1"},"canonical":"https:\/\/printfactory.cloud\/de\/unterstuetzung\/","og_locale":"de_DE","og_type":"article","og_title":"Unterst\u00fctzung","og_description":"PrintFactory ONE PLATFORM. ONE WORKFLOW. TOTAL CONTROL. PrintFactory is a single, unified print production platform that replaces fragmented RIPs, editors, color tools, and workflow systems, while supporting all printer and cutter brands.","og_url":"https:\/\/printfactory.cloud\/de\/unterstuetzung\/","og_site_name":"printfactory.cloud","article_publisher":"https:\/\/www.facebook.com\/printfactory.cloud","article_modified_time":"2023-05-17T12:20:08+00:00","og_image":[{"width":200,"height":100,"url":"https:\/\/printfactory.cloud\/wp-content\/uploads\/2023\/05\/PrintFactory-Logo-Web.webp","type":"image\/webp"}],"twitter_card":"summary_large_image","twitter_site":"@PrintFactory_","twitter_misc":{"Gesch\u00e4tzte Lesezeit":"2\u00a0Minuten"},"schema":{"@context":"https:\/\/schema.org","@graph":[{"@type":"WebPage","@id":"https:\/\/printfactory.cloud\/de\/unterstuetzung\/","url":"https:\/\/printfactory.cloud\/de\/unterstuetzung\/","name":"Unterst\u00fctzung - printfactory.cloud","isPartOf":{"@id":"https:\/\/printfactory.cloud\/de\/#website"},"datePublished":"2023-05-12T10:37:50+00:00","dateModified":"2023-05-17T12:20:08+00:00","description":"PrintFactory ONE PLATFORM. ONE WORKFLOW. TOTAL CONTROL. PrintFactory is a single, unified print production platform that replaces fragmented RIPs, editors, color tools, and workflow systems, while supporting all printer and cutter brands.","breadcrumb":{"@id":"https:\/\/printfactory.cloud\/de\/unterstuetzung\/#breadcrumb"},"inLanguage":"de","potentialAction":[{"@type":"ReadAction","target":["https:\/\/printfactory.cloud\/de\/unterstuetzung\/"]}]},{"@type":"BreadcrumbList","@id":"https:\/\/printfactory.cloud\/de\/unterstuetzung\/#breadcrumb","itemListElement":[{"@type":"ListItem","position":1,"name":"Home","item":"https:\/\/printfactory.cloud\/de\/kontrolle\/"},{"@type":"ListItem","position":2,"name":"Unterst\u00fctzung"}]},{"@type":"WebSite","@id":"https:\/\/printfactory.cloud\/de\/#website","url":"https:\/\/printfactory.cloud\/de\/","name":"printfactory.cloud","description":"One unified production environment","publisher":{"@id":"https:\/\/printfactory.cloud\/de\/#organization"},"potentialAction":[{"@type":"SearchAction","target":{"@type":"EntryPoint","urlTemplate":"https:\/\/printfactory.cloud\/de\/?s={search_term_string}"},"query-input":{"@type":"PropertyValueSpecification","valueRequired":true,"valueName":"search_term_string"}}],"inLanguage":"de"},{"@type":"Organization","@id":"https:\/\/printfactory.cloud\/de\/#organization","name":"PrintFactory","url":"https:\/\/printfactory.cloud\/de\/","logo":{"@type":"ImageObject","inLanguage":"de","@id":"https:\/\/printfactory.cloud\/de\/#\/schema\/logo\/image\/","url":"https:\/\/printfactory.cloud\/wp-content\/uploads\/2023\/05\/PrintFactory-web.webp","contentUrl":"https:\/\/printfactory.cloud\/wp-content\/uploads\/2023\/05\/PrintFactory-web.webp","width":350,"height":63,"caption":"PrintFactory"},"image":{"@id":"https:\/\/printfactory.cloud\/de\/#\/schema\/logo\/image\/"},"sameAs":["https:\/\/www.facebook.com\/printfactory.cloud","https:\/\/x.com\/PrintFactory_","https:\/\/www.linkedin.com\/company\/printfactoryworkflow\/","https:\/\/www.instagram.com\/printfactory.cloud\/","https:\/\/www.youtube.com\/@PrintFactoryWorkflow","https:\/\/www.threads.com\/@printfactory.cloud","https:\/\/bsky.app\/profile\/printfactorycloud.bsky.social"]}]}},"_links":{"self":[{"href":"https:\/\/printfactory.cloud\/de\/wp-json\/wp\/v2\/pages\/19944","targetHints":{"allow":["GET"]}}],"collection":[{"href":"https:\/\/printfactory.cloud\/de\/wp-json\/wp\/v2\/pages"}],"about":[{"href":"https:\/\/printfactory.cloud\/de\/wp-json\/wp\/v2\/types\/page"}],"author":[{"embeddable":true,"href":"https:\/\/printfactory.cloud\/de\/wp-json\/wp\/v2\/users\/3"}],"replies":[{"embeddable":true,"href":"https:\/\/printfactory.cloud\/de\/wp-json\/wp\/v2\/comments?post=19944"}],"version-history":[{"count":0,"href":"https:\/\/printfactory.cloud\/de\/wp-json\/wp\/v2\/pages\/19944\/revisions"}],"wp:attachment":[{"href":"https:\/\/printfactory.cloud\/de\/wp-json\/wp\/v2\/media?parent=19944"}],"curies":[{"name":"wp","href":"https:\/\/api.w.org\/{rel}","templated":true}]}}