{"id":22367,"date":"2023-06-15T11:57:22","date_gmt":"2023-06-15T09:57:22","guid":{"rendered":"https:\/\/printfactory.cloud\/proofing\/"},"modified":"2026-05-06T10:18:44","modified_gmt":"2026-05-06T08:18:44","slug":"proofing","status":"publish","type":"page","link":"https:\/\/printfactory.cloud\/de\/proofing\/","title":{"rendered":"Proofing"},"content":{"rendered":"\t\t<div data-elementor-type=\"wp-page\" data-elementor-id=\"22367\" class=\"elementor elementor-22367 elementor-22339\" data-elementor-post-type=\"page\">\n\t\t\t\t<div class=\"elementor-element elementor-element-191a71c e-flex e-con-boxed e-con e-parent\" data-id=\"191a71c\" data-element_type=\"container\" data-e-type=\"container\">\n\t\t\t\t\t<div class=\"e-con-inner\">\n\t\t\t\t\t\t\t<h2 \n\t\tdata-interaction-id=\"d2c222b\" \n\t\tclass=\"e-d2c222b-764e960 e-heading-base\" \n\t\t \n\t\tdata-e-type=\"widget\" data-id=\"d2c222b\"\n\t>\n\t\n\t\t\tProofing\n\t\t<\/h2>\n\t\t\t\t\t<\/div>\n\t\t\t\t<\/div>\n\t\t<div class=\"elementor-element elementor-element-0365124 e-flex e-con-boxed e-con e-parent\" data-id=\"0365124\" data-element_type=\"container\" data-e-type=\"container\">\n\t\t\t\t\t<div class=\"e-con-inner\">\n\t\t\t\t\t\t\t\n\t\t\t<img class=\"e-image-base \" \n\t\t\t\t\tdata-interaction-id=\"de5b97b\" \n\t\t \n\t\t data-e-type=\"widget\" data-id=\"de5b97b\"\n\t\t\t\t\t\t\t\t\tid=\"46469\"\n\t\t\t\t\t\t\t\t\t\t\t\tsrc=\"https:\/\/printfactory.cloud\/wp-content\/uploads\/2026\/05\/Proofing-Banner-2026.webp\"\n\t\t\t\t\t\t\t\t\t\t\t\twidth=\"2048\"\n\t\t\t\t\t\t\t\t\t\t\t\theight=\"768\"\n\t\t\t\t\t\t\t\t\t\t\t\tsrcset=\"\"\n\t\t\t\t\t\t\t\t\t\t\t\talt=\"\"\n\t\t\t\t\t\t\/>\n\t\t\t\t\t\t<\/div>\n\t\t\t\t<\/div>\n\t\t<div class=\"elementor-element elementor-element-f504769 e-flex e-con-boxed e-con e-parent\" data-id=\"f504769\" data-element_type=\"container\" data-e-type=\"container\">\n\t\t\t\t\t<div class=\"e-con-inner\">\n\t\t\t\t<div class=\"elementor-element elementor-element-1f780ef elementor-widget elementor-widget-heading\" data-id=\"1f780ef\" data-element_type=\"widget\" data-e-type=\"widget\" data-widget_type=\"heading.default\">\n\t\t\t\t<div class=\"elementor-widget-container\">\n\t\t\t\t\t<h2 class=\"elementor-heading-title elementor-size-default\">PROOFMASTER | UNSCHLAGBARE ERGEBNISSE.<\/h2>\t\t\t\t<\/div>\n\t\t\t\t<\/div>\n\t\t\t\t\t<\/div>\n\t\t\t\t<\/div>\n\t\t<div class=\"elementor-element elementor-element-dc1b111 e-flex e-con-boxed e-con e-parent\" data-id=\"dc1b111\" data-element_type=\"container\" data-e-type=\"container\">\n\t\t\t\t\t<div class=\"e-con-inner\">\n\t\t\t\t<div class=\"elementor-element elementor-element-98129a1 elementor-widget elementor-widget-text-editor\" data-id=\"98129a1\" data-element_type=\"widget\" data-e-type=\"widget\" data-widget_type=\"text-editor.default\">\n\t\t\t\t<div class=\"elementor-widget-container\">\n\t\t\t\t\t\t\t\t\t<p>Unsere VISU\u2122 Multi-Channel-Device-Link-Profiling-Engine erstellt Profile f\u00fcr jeden Prozess: RGB-, CMYK- oder 8-Farben-Mehrkanaldruck. Das macht <strong>ProofMaster<\/strong> zur flexibelsten und preiswertesten Proofing-Software, die Sie heute auf dem Markt finden k\u00f6nnen. <\/p><p>Im Lieferumfang von <strong>ProofMaster<\/strong> sind CMYK-Profile f\u00fcr die Standards ISO12647, FOGRA, GRACoL, SWOP und Idealliance enthalten. Wenn man dann noch iterative Profilabstimmung, Proof-Zertifizierungsfunktionen und CxF\/X-3-Schmuckfarbenbibliotheken hinzuf\u00fcgt &#8230; ist man auf der sicheren Seite. <\/p><p>F\u00fcr unsere Verpackungskunden bieten wir eine mehrkanalige Device-Link-Profilierung an, so dass das Proofen von Extended Colour Gamut (ECG)-Drucken oder von Schmuckfarben unter Verwendung der neuesten CXF\/X-4 (ISO17972)-Datenaustauschformate ebenfalls m\u00f6glich ist.<\/p><p>Es spielt keine Rolle, wo Sie arbeiten, Ihre Druckger\u00e4te k\u00f6nnen 10 Meter oder 10.000 Meilen entfernt sein. Mit der Druckernachkalibrierungsfunktion <strong>von ProofMaster<\/strong> k\u00f6nnen Sie zwei oder mehr Ger\u00e4te in einem geschlossenen Kreislauf auf ein einziges Profil kalibrieren.  <\/p>\t\t\t\t\t\t\t\t<\/div>\n\t\t\t\t<\/div>\n\t\t\t\t\t<\/div>\n\t\t\t\t<\/div>\n\t\t<div class=\"elementor-element elementor-element-c5aedd2 e-grid e-con-boxed e-con e-parent\" data-id=\"c5aedd2\" data-element_type=\"container\" data-e-type=\"container\">\n\t\t\t\t\t<div class=\"e-con-inner\">\n\t\t\t\t\t\t\t\n\t\t\t<img class=\"e-image-base \" \n\t\t\t\t\tdata-interaction-id=\"5a80457\" \n\t\t \n\t\t data-e-type=\"widget\" data-id=\"5a80457\"\n\t\t\t\t\t\t\t\t\tid=\"46802\"\n\t\t\t\t\t\t\t\t\t\t\t\tsrc=\"https:\/\/printfactory.cloud\/wp-content\/uploads\/2026\/05\/ProofMaster_RGB.webp\"\n\t\t\t\t\t\t\t\t\t\t\t\twidth=\"944\"\n\t\t\t\t\t\t\t\t\t\t\t\theight=\"194\"\n\t\t\t\t\t\t\t\t\t\t\t\tsrcset=\"\"\n\t\t\t\t\t\t\t\t\t\t\t\talt=\"\"\n\t\t\t\t\t\t\/>\n\t\t\t\t\t\t<\/div>\n\t\t\t\t<\/div>\n\t\t<div class=\"elementor-element elementor-element-35633b8 e-flex e-con-boxed e-con e-parent\" data-id=\"35633b8\" data-element_type=\"container\" data-e-type=\"container\">\n\t\t\t\t\t<div class=\"e-con-inner\">\n\t\t\t\t<div class=\"elementor-element elementor-element-5491fbd elementor-widget elementor-widget-button\" data-id=\"5491fbd\" data-element_type=\"widget\" data-e-type=\"widget\" data-widget_type=\"button.default\">\n\t\t\t\t<div class=\"elementor-widget-container\">\n\t\t\t\t\t\t\t\t\t<div class=\"elementor-button-wrapper\">\n\t\t\t\t\t<a class=\"elementor-button elementor-button-link elementor-size-sm\" href=\"https:\/\/support.printfactory.cloud\/portal\/en\/kb\/articles\/proofmaster-quick-start-guide\" target=\"_blank\">\n\t\t\t\t\t\t<span class=\"elementor-button-content-wrapper\">\n\t\t\t\t\t\t\t\t\t<span class=\"elementor-button-text\">ProofMaster Schnellstartanleitung<\/span>\n\t\t\t\t\t<\/span>\n\t\t\t\t\t<\/a>\n\t\t\t\t<\/div>\n\t\t\t\t\t\t\t\t<\/div>\n\t\t\t\t<\/div>\n\t\t\t\t\t<\/div>\n\t\t\t\t<\/div>\n\t\t<div class=\"elementor-element elementor-element-404abe9e e-flex e-con-boxed e-con e-parent\" data-id=\"404abe9e\" data-element_type=\"container\" data-e-type=\"container\">\n\t\t\t\t\t<div class=\"e-con-inner\">\n\t\t<div class=\"elementor-element elementor-element-49ce38a5 e-con-full e-flex e-con e-child\" data-id=\"49ce38a5\" data-element_type=\"container\" data-e-type=\"container\">\n\t\t\t\t<div class=\"elementor-element elementor-element-746c3991 elementor-align-center elementor-widget elementor-widget-button\" data-id=\"746c3991\" data-element_type=\"widget\" data-e-type=\"widget\" data-widget_type=\"button.default\">\n\t\t\t\t<div class=\"elementor-widget-container\">\n\t\t\t\t\t\t\t\t\t<div class=\"elementor-button-wrapper\">\n\t\t\t\t\t<a class=\"elementor-button elementor-button-link elementor-size-sm\" href=\"https:\/\/forms.printfactory.cloud\/printfactory\/form\/ContactForm\/formperma\/ls8pqe-7GKZVfepWjsIdmSPvMSscvyGuUFDjIELrhpk\" target=\"_blank\">\n\t\t\t\t\t\t<span class=\"elementor-button-content-wrapper\">\n\t\t\t\t\t\t\t\t\t<span class=\"elementor-button-text\">KONTAKTIERE UNS<\/span>\n\t\t\t\t\t<\/span>\n\t\t\t\t\t<\/a>\n\t\t\t\t<\/div>\n\t\t\t\t\t\t\t\t<\/div>\n\t\t\t\t<\/div>\n\t\t\t\t<\/div>\n\t\t<div class=\"elementor-element elementor-element-3bc0c5bd e-con-full e-flex e-con e-child\" data-id=\"3bc0c5bd\" data-element_type=\"container\" data-e-type=\"container\">\n\t\t\t\t<div class=\"elementor-element elementor-element-11f450a2 elementor-align-center elementor-widget elementor-widget-button\" data-id=\"11f450a2\" data-element_type=\"widget\" data-e-type=\"widget\" data-widget_type=\"button.default\">\n\t\t\t\t<div class=\"elementor-widget-container\">\n\t\t\t\t\t\t\t\t\t<div class=\"elementor-button-wrapper\">\n\t\t\t\t\t<a class=\"elementor-button elementor-button-link elementor-size-sm\" href=\"https:\/\/forms.printfactory.cloud\/printfactory\/form\/GetaTrial\/formperma\/ayh6lenAB9NOm5v8iW4drHCFtHLI6uJQlM2bb1oAkV8\">\n\t\t\t\t\t\t<span class=\"elementor-button-content-wrapper\">\n\t\t\t\t\t\t\t\t\t<span class=\"elementor-button-text\">TESTVERSION ANFORDERN<\/span>\n\t\t\t\t\t<\/span>\n\t\t\t\t\t<\/a>\n\t\t\t\t<\/div>\n\t\t\t\t\t\t\t\t<\/div>\n\t\t\t\t<\/div>\n\t\t\t\t<\/div>\n\t\t\t\t\t<\/div>\n\t\t\t\t<\/div>\n\t\t<div class=\"elementor-element elementor-element-9c95030 e-flex e-con-boxed e-con e-parent\" data-id=\"9c95030\" data-element_type=\"container\" data-e-type=\"container\">\n\t\t\t\t\t<div class=\"e-con-inner\">\n\t\t\t\t<div class=\"elementor-element elementor-element-1995f30b elementor-widget elementor-widget-heading\" data-id=\"1995f30b\" data-element_type=\"widget\" data-e-type=\"widget\" data-widget_type=\"heading.default\">\n\t\t\t\t<div class=\"elementor-widget-container\">\n\t\t\t\t\t<h3 class=\"elementor-heading-title elementor-size-default\">UNSERE GARANTIE<\/h3>\t\t\t\t<\/div>\n\t\t\t\t<\/div>\n\t\t\t\t\t<\/div>\n\t\t\t\t<\/div>\n\t\t<div class=\"elementor-element elementor-element-15feebd e-flex e-con-boxed e-con e-parent\" data-id=\"15feebd\" data-element_type=\"container\" data-e-type=\"container\">\n\t\t\t\t\t<div class=\"e-con-inner\">\n\t\t\t\t<div class=\"elementor-element elementor-element-e01bd9f elementor-pagination-position-inside elementor-skin-carousel elementor-pagination-type-bullets elementor-widget elementor-widget-global elementor-global-22731 elementor-global-17442 elementor-widget-media-carousel\" data-id=\"e01bd9f\" data-element_type=\"widget\" data-e-type=\"widget\" data-settings=\"{&quot;slides_per_view&quot;:&quot;5&quot;,&quot;space_between&quot;:{&quot;unit&quot;:&quot;px&quot;,&quot;size&quot;:10,&quot;sizes&quot;:[]},&quot;skin&quot;:&quot;carousel&quot;,&quot;effect&quot;:&quot;slide&quot;,&quot;pagination&quot;:&quot;bullets&quot;,&quot;speed&quot;:500,&quot;autoplay&quot;:&quot;yes&quot;,&quot;autoplay_speed&quot;:5000,&quot;loop&quot;:&quot;yes&quot;,&quot;pause_on_hover&quot;:&quot;yes&quot;,&quot;pause_on_interaction&quot;:&quot;yes&quot;,&quot;space_between_tablet&quot;:{&quot;unit&quot;:&quot;px&quot;,&quot;size&quot;:10,&quot;sizes&quot;:[]},&quot;space_between_mobile&quot;:{&quot;unit&quot;:&quot;px&quot;,&quot;size&quot;:10,&quot;sizes&quot;:[]}}\" data-widget_type=\"media-carousel.default\">\n\t\t\t\t<div class=\"elementor-widget-container\">\n\t\t\t\t\t\t\t\t\t<div class=\"elementor-swiper\">\n\t\t\t\t\t<div class=\"elementor-main-swiper swiper\" role=\"region\" aria-roledescription=\"carousel\" aria-label=\"Slider\">\n\t\t\t\t<div class=\"swiper-wrapper\">\n\t\t\t\t\t\t\t\t\t\t\t<div class=\"swiper-slide\" role=\"group\" aria-roledescription=\"slide\">\n\t\t\t\t\t\t\t<a href=\"\/consistent-color-guaranteed\">\t\t<div class=\"elementor-carousel-image\" role=\"img\" aria-label=\"CONSISTENT COLOR\" style=\"background-image: url(&#039;https:\/\/printfactory.cloud\/wp-content\/uploads\/2023\/05\/CONSISTENT-COLOR.webp&#039;)\">\n\n\t\t\t\n\t\t\t\t\t<\/div>\n\t\t\t\t\t<div class=\"elementor-carousel-image-overlay e-overlay-animation-fade\">\n\t\t\t\tCONSISTENT COLOR\t\t\t<\/div>\n\t\t\t<\/a>\t\t\t\t\t\t<\/div>\n\t\t\t\t\t\t\t\t\t\t\t<div class=\"swiper-slide\" role=\"group\" aria-roledescription=\"slide\">\n\t\t\t\t\t\t\t<a href=\"\/smarter-job-prep-guaranteed\">\t\t<div class=\"elementor-carousel-image\" role=\"img\" aria-label=\"SMARTER JOB PREP\" style=\"background-image: url(&#039;https:\/\/printfactory.cloud\/wp-content\/uploads\/2023\/05\/SMARTER-JOB-PREP.webp&#039;)\">\n\n\t\t\t\n\t\t\t\t\t<\/div>\n\t\t\t\t\t<div class=\"elementor-carousel-image-overlay e-overlay-animation-fade\">\n\t\t\t\tSMARTER JOB PREP\t\t\t<\/div>\n\t\t\t<\/a>\t\t\t\t\t\t<\/div>\n\t\t\t\t\t\t\t\t\t\t\t<div class=\"swiper-slide\" role=\"group\" aria-roledescription=\"slide\">\n\t\t\t\t\t\t\t<a href=\"\/lower-ink-costs-guaranteed\">\t\t<div class=\"elementor-carousel-image\" role=\"img\" aria-label=\"LOWER INK COSTS\" style=\"background-image: url(&#039;https:\/\/printfactory.cloud\/wp-content\/uploads\/2023\/05\/LOWER-INK-COSTS.webp&#039;)\">\n\n\t\t\t\n\t\t\t\t\t<\/div>\n\t\t\t\t\t<div class=\"elementor-carousel-image-overlay e-overlay-animation-fade\">\n\t\t\t\tLOWER INK COSTS\t\t\t<\/div>\n\t\t\t<\/a>\t\t\t\t\t\t<\/div>\n\t\t\t\t\t\t\t\t\t\t\t<div class=\"swiper-slide\" role=\"group\" aria-roledescription=\"slide\">\n\t\t\t\t\t\t\t<a href=\"\/less-wasted-media-guaranteed\">\t\t<div class=\"elementor-carousel-image\" role=\"img\" aria-label=\"LESS WASTED MEDIA\" style=\"background-image: url(&#039;https:\/\/printfactory.cloud\/wp-content\/uploads\/2023\/05\/LESS-WASTED-MEDIA.webp&#039;)\">\n\n\t\t\t\n\t\t\t\t\t<\/div>\n\t\t\t\t\t<div class=\"elementor-carousel-image-overlay e-overlay-animation-fade\">\n\t\t\t\tLESS WASTED MEDIA\t\t\t<\/div>\n\t\t\t<\/a>\t\t\t\t\t\t<\/div>\n\t\t\t\t\t\t\t\t\t\t\t<div class=\"swiper-slide\" role=\"group\" aria-roledescription=\"slide\">\n\t\t\t\t\t\t\t<a href=\"\/transparent-pricing\">\t\t<div class=\"elementor-carousel-image\" role=\"img\" aria-label=\"TRANSPARENT PRICING\" style=\"background-image: url(&#039;https:\/\/printfactory.cloud\/wp-content\/uploads\/2024\/05\/TRANSPARENT-PRICING.webp&#039;)\">\n\n\t\t\t\n\t\t\t\t\t<\/div>\n\t\t\t\t\t<div class=\"elementor-carousel-image-overlay e-overlay-animation-fade\">\n\t\t\t\tTRANSPARENT PRICING\t\t\t<\/div>\n\t\t\t<\/a>\t\t\t\t\t\t<\/div>\n\t\t\t\t\t\t\t\t\t<\/div>\n\t\t\t\t\t\t\t\t\t\t\t\t\t\t\t\t\t\t\t\t<div class=\"swiper-pagination\"><\/div>\n\t\t\t\t\t\t\t\t\t\t\t\t<\/div>\n\t\t\t\t<\/div>\n\t\t\t\t\t\t\t\t<\/div>\n\t\t\t\t<\/div>\n\t\t\t\t\t<\/div>\n\t\t\t\t<\/div>\n\t\t\t\t<\/div>\n\t\t","protected":false},"excerpt":{"rendered":"<p>Entdecken Sie die Leistungsf\u00e4higkeit von ProofMaster, der ultimativen Proofing-Software, die f\u00fcr unschlagbare Ergebnisse sorgt! Mit unserer innovativen VISU\u2122 Multi-Channel-Device-Link-Profiling-Engine k\u00f6nnen Sie m\u00fchelos Profile f\u00fcr jeden Druckprozess erstellen, egal ob es sich um RGB-, CMYK- oder 8-Farben-Mehrkanaldruck handelt. Genie\u00dfen Sie die Flexibilit\u00e4t von CMYK-Profilen, die Industriestandards wie ISO12647 und FOGRA erf\u00fcllen, sowie erweiterte Funktionen wie iterative Profilabstimmung und Proof-Zertifizierung. Ganz gleich, ob Sie lokal oder global arbeiten, ProofMaster stellt sicher, dass Ihre Druckger\u00e4te perfekt kalibriert sind, und ist damit die preiswerteste L\u00f6sung, die derzeit auf dem Markt erh\u00e4ltlich ist. Tauchen Sie ein und erfahren Sie mehr!    <\/p>\n","protected":false},"author":3,"featured_media":0,"parent":0,"menu_order":0,"comment_status":"closed","ping_status":"closed","template":"","meta":{"_angie_page":false,"_monsterinsights_skip_tracking":false,"_monsterinsights_sitenote_active":false,"_monsterinsights_sitenote_note":"","_monsterinsights_sitenote_category":0,"footnotes":""},"class_list":["post-22367","page","type-page","status-publish","hentry"],"yoast_head":"<!-- This site is optimized with the Yoast SEO Premium plugin v27.5 (Yoast SEO v27.5) - https:\/\/yoast.com\/product\/yoast-seo-premium-wordpress\/ -->\n<title>Proofing-Software f\u00fcr die Qualit\u00e4tssicherung - printfactory.cloud<\/title>\n<meta name=\"description\" content=\"Entdecken Sie die Vorteile von Proofing-Software wie ProofMaster, die f\u00fcr flexible und hochwertige Farbprofile entwickelt wurde.\" \/>\n<meta name=\"robots\" content=\"index, follow, max-snippet:-1, max-image-preview:large, max-video-preview:-1\" \/>\n<link rel=\"canonical\" href=\"https:\/\/printfactory.cloud\/de\/proofing\/\" \/>\n<meta property=\"og:locale\" content=\"de_DE\" \/>\n<meta property=\"og:type\" content=\"article\" \/>\n<meta property=\"og:title\" content=\"Proofing\" \/>\n<meta property=\"og:description\" content=\"PrintFactory ONE PLATFORM. ONE WORKFLOW. TOTAL CONTROL. PrintFactory is a single, unified print production platform that replaces fragmented RIPs, editors, color tools, and workflow systems, while supporting all printer and cutter brands.\" \/>\n<meta property=\"og:url\" content=\"https:\/\/printfactory.cloud\/de\/proofing\/\" \/>\n<meta property=\"og:site_name\" content=\"printfactory.cloud\" \/>\n<meta property=\"article:publisher\" content=\"https:\/\/www.facebook.com\/printfactory.cloud\" \/>\n<meta property=\"article:modified_time\" content=\"2026-05-06T08:18:44+00:00\" \/>\n<meta property=\"og:image\" content=\"https:\/\/printfactory.cloud\/wp-content\/uploads\/2026\/05\/Proofing-Banner-2026.webp\" \/>\n<meta name=\"twitter:card\" content=\"summary_large_image\" \/>\n<meta name=\"twitter:site\" content=\"@PrintFactory_\" \/>\n<meta name=\"twitter:label1\" content=\"Gesch\u00e4tzte Lesezeit\" \/>\n\t<meta name=\"twitter:data1\" content=\"1\u00a0Minute\" \/>\n<script type=\"application\/ld+json\" class=\"yoast-schema-graph\">{\"@context\":\"https:\\\/\\\/schema.org\",\"@graph\":[{\"@type\":\"WebPage\",\"@id\":\"https:\\\/\\\/printfactory.cloud\\\/de\\\/proofing\\\/\",\"url\":\"https:\\\/\\\/printfactory.cloud\\\/de\\\/proofing\\\/\",\"name\":\"Proofing-Software f\u00fcr die Qualit\u00e4tssicherung - printfactory.cloud\",\"isPartOf\":{\"@id\":\"https:\\\/\\\/printfactory.cloud\\\/de\\\/#website\"},\"primaryImageOfPage\":{\"@id\":\"https:\\\/\\\/printfactory.cloud\\\/de\\\/proofing\\\/#primaryimage\"},\"image\":{\"@id\":\"https:\\\/\\\/printfactory.cloud\\\/de\\\/proofing\\\/#primaryimage\"},\"thumbnailUrl\":\"https:\\\/\\\/printfactory.cloud\\\/wp-content\\\/uploads\\\/2026\\\/05\\\/Proofing-Banner-2026.webp\",\"datePublished\":\"2023-06-15T09:57:22+00:00\",\"dateModified\":\"2026-05-06T08:18:44+00:00\",\"description\":\"Entdecken Sie die Vorteile von Proofing-Software wie ProofMaster, die f\u00fcr flexible und hochwertige Farbprofile entwickelt wurde.\",\"breadcrumb\":{\"@id\":\"https:\\\/\\\/printfactory.cloud\\\/de\\\/proofing\\\/#breadcrumb\"},\"inLanguage\":\"de\",\"potentialAction\":[{\"@type\":\"ReadAction\",\"target\":[\"https:\\\/\\\/printfactory.cloud\\\/de\\\/proofing\\\/\"]}]},{\"@type\":\"ImageObject\",\"inLanguage\":\"de\",\"@id\":\"https:\\\/\\\/printfactory.cloud\\\/de\\\/proofing\\\/#primaryimage\",\"url\":\"https:\\\/\\\/printfactory.cloud\\\/wp-content\\\/uploads\\\/2026\\\/05\\\/Proofing-Banner-2026.webp\",\"contentUrl\":\"https:\\\/\\\/printfactory.cloud\\\/wp-content\\\/uploads\\\/2026\\\/05\\\/Proofing-Banner-2026.webp\"},{\"@type\":\"BreadcrumbList\",\"@id\":\"https:\\\/\\\/printfactory.cloud\\\/de\\\/proofing\\\/#breadcrumb\",\"itemListElement\":[{\"@type\":\"ListItem\",\"position\":1,\"name\":\"Home\",\"item\":\"https:\\\/\\\/printfactory.cloud\\\/de\\\/kontrolle\\\/\"},{\"@type\":\"ListItem\",\"position\":2,\"name\":\"Proofing\"}]},{\"@type\":\"WebSite\",\"@id\":\"https:\\\/\\\/printfactory.cloud\\\/de\\\/#website\",\"url\":\"https:\\\/\\\/printfactory.cloud\\\/de\\\/\",\"name\":\"printfactory.cloud\",\"description\":\"One unified production environment\",\"publisher\":{\"@id\":\"https:\\\/\\\/printfactory.cloud\\\/de\\\/#organization\"},\"potentialAction\":[{\"@type\":\"SearchAction\",\"target\":{\"@type\":\"EntryPoint\",\"urlTemplate\":\"https:\\\/\\\/printfactory.cloud\\\/de\\\/?s={search_term_string}\"},\"query-input\":{\"@type\":\"PropertyValueSpecification\",\"valueRequired\":true,\"valueName\":\"search_term_string\"}}],\"inLanguage\":\"de\"},{\"@type\":\"Organization\",\"@id\":\"https:\\\/\\\/printfactory.cloud\\\/de\\\/#organization\",\"name\":\"PrintFactory BV\",\"url\":\"https:\\\/\\\/printfactory.cloud\\\/de\\\/\",\"logo\":{\"@type\":\"ImageObject\",\"inLanguage\":\"de\",\"@id\":\"https:\\\/\\\/printfactory.cloud\\\/de\\\/#\\\/schema\\\/logo\\\/image\\\/\",\"url\":\"https:\\\/\\\/printfactory.cloud\\\/wp-content\\\/uploads\\\/2023\\\/05\\\/PrintFactory-web.webp\",\"contentUrl\":\"https:\\\/\\\/printfactory.cloud\\\/wp-content\\\/uploads\\\/2023\\\/05\\\/PrintFactory-web.webp\",\"width\":350,\"height\":63,\"caption\":\"PrintFactory BV\"},\"image\":{\"@id\":\"https:\\\/\\\/printfactory.cloud\\\/de\\\/#\\\/schema\\\/logo\\\/image\\\/\"},\"sameAs\":[\"https:\\\/\\\/www.facebook.com\\\/printfactory.cloud\",\"https:\\\/\\\/x.com\\\/PrintFactory_\",\"https:\\\/\\\/www.linkedin.com\\\/company\\\/printfactoryworkflow\\\/\",\"https:\\\/\\\/www.instagram.com\\\/printfactory.cloud\\\/\",\"https:\\\/\\\/www.youtube.com\\\/@PrintFactoryWorkflow\",\"https:\\\/\\\/www.threads.com\\\/@printfactory.cloud\",\"https:\\\/\\\/bsky.app\\\/profile\\\/printfactorycloud.bsky.social\"],\"description\":\"PrintFactory: The Leading All-in-One Solution for Large-Format Printing PrintFactory is the premier provider of large-format printing solutions, delivering a powerful, unified software platform that streamlines and optimizes your entire print production process. With over 30 years of industry experience, we deeply understand the challenges printing professionals face\u2014and we've built PrintFactory as the ultimate all-in-one solution. Unlike traditional RIPs, PrintFactory goes far beyond basic functionality. It integrates every stage of the workflow\u2014from design to delivery\u2014into one seamless, cohesive platform. This eliminates the need for multiple tools, reduces complexity, and delivers a faster, more efficient experience that drives consistent quality and higher profitability. One platform. Total control. Built for printers, by printers. Discover more at printfactory.cloud\",\"email\":\"info@printfactory.cloud\",\"telephone\":\"+31 20 899 5953\",\"legalName\":\"PrintFactory BV\",\"vatID\":\"NL006403165B01\"}]}<\/script>\n<!-- \/ Yoast SEO Premium plugin. -->","yoast_head_json":{"title":"Proofing-Software f\u00fcr die Qualit\u00e4tssicherung - printfactory.cloud","description":"Entdecken Sie die Vorteile von Proofing-Software wie ProofMaster, die f\u00fcr flexible und hochwertige Farbprofile entwickelt wurde.","robots":{"index":"index","follow":"follow","max-snippet":"max-snippet:-1","max-image-preview":"max-image-preview:large","max-video-preview":"max-video-preview:-1"},"canonical":"https:\/\/printfactory.cloud\/de\/proofing\/","og_locale":"de_DE","og_type":"article","og_title":"Proofing","og_description":"PrintFactory ONE PLATFORM. ONE WORKFLOW. TOTAL CONTROL. PrintFactory is a single, unified print production platform that replaces fragmented RIPs, editors, color tools, and workflow systems, while supporting all printer and cutter brands.","og_url":"https:\/\/printfactory.cloud\/de\/proofing\/","og_site_name":"printfactory.cloud","article_publisher":"https:\/\/www.facebook.com\/printfactory.cloud","article_modified_time":"2026-05-06T08:18:44+00:00","og_image":[{"url":"https:\/\/printfactory.cloud\/wp-content\/uploads\/2026\/05\/Proofing-Banner-2026.webp","type":"","width":"","height":""}],"twitter_card":"summary_large_image","twitter_site":"@PrintFactory_","twitter_misc":{"Gesch\u00e4tzte Lesezeit":"1\u00a0Minute"},"schema":{"@context":"https:\/\/schema.org","@graph":[{"@type":"WebPage","@id":"https:\/\/printfactory.cloud\/de\/proofing\/","url":"https:\/\/printfactory.cloud\/de\/proofing\/","name":"Proofing-Software f\u00fcr die Qualit\u00e4tssicherung - printfactory.cloud","isPartOf":{"@id":"https:\/\/printfactory.cloud\/de\/#website"},"primaryImageOfPage":{"@id":"https:\/\/printfactory.cloud\/de\/proofing\/#primaryimage"},"image":{"@id":"https:\/\/printfactory.cloud\/de\/proofing\/#primaryimage"},"thumbnailUrl":"https:\/\/printfactory.cloud\/wp-content\/uploads\/2026\/05\/Proofing-Banner-2026.webp","datePublished":"2023-06-15T09:57:22+00:00","dateModified":"2026-05-06T08:18:44+00:00","description":"Entdecken Sie die Vorteile von Proofing-Software wie ProofMaster, die f\u00fcr flexible und hochwertige Farbprofile entwickelt wurde.","breadcrumb":{"@id":"https:\/\/printfactory.cloud\/de\/proofing\/#breadcrumb"},"inLanguage":"de","potentialAction":[{"@type":"ReadAction","target":["https:\/\/printfactory.cloud\/de\/proofing\/"]}]},{"@type":"ImageObject","inLanguage":"de","@id":"https:\/\/printfactory.cloud\/de\/proofing\/#primaryimage","url":"https:\/\/printfactory.cloud\/wp-content\/uploads\/2026\/05\/Proofing-Banner-2026.webp","contentUrl":"https:\/\/printfactory.cloud\/wp-content\/uploads\/2026\/05\/Proofing-Banner-2026.webp"},{"@type":"BreadcrumbList","@id":"https:\/\/printfactory.cloud\/de\/proofing\/#breadcrumb","itemListElement":[{"@type":"ListItem","position":1,"name":"Home","item":"https:\/\/printfactory.cloud\/de\/kontrolle\/"},{"@type":"ListItem","position":2,"name":"Proofing"}]},{"@type":"WebSite","@id":"https:\/\/printfactory.cloud\/de\/#website","url":"https:\/\/printfactory.cloud\/de\/","name":"printfactory.cloud","description":"One unified production environment","publisher":{"@id":"https:\/\/printfactory.cloud\/de\/#organization"},"potentialAction":[{"@type":"SearchAction","target":{"@type":"EntryPoint","urlTemplate":"https:\/\/printfactory.cloud\/de\/?s={search_term_string}"},"query-input":{"@type":"PropertyValueSpecification","valueRequired":true,"valueName":"search_term_string"}}],"inLanguage":"de"},{"@type":"Organization","@id":"https:\/\/printfactory.cloud\/de\/#organization","name":"PrintFactory BV","url":"https:\/\/printfactory.cloud\/de\/","logo":{"@type":"ImageObject","inLanguage":"de","@id":"https:\/\/printfactory.cloud\/de\/#\/schema\/logo\/image\/","url":"https:\/\/printfactory.cloud\/wp-content\/uploads\/2023\/05\/PrintFactory-web.webp","contentUrl":"https:\/\/printfactory.cloud\/wp-content\/uploads\/2023\/05\/PrintFactory-web.webp","width":350,"height":63,"caption":"PrintFactory BV"},"image":{"@id":"https:\/\/printfactory.cloud\/de\/#\/schema\/logo\/image\/"},"sameAs":["https:\/\/www.facebook.com\/printfactory.cloud","https:\/\/x.com\/PrintFactory_","https:\/\/www.linkedin.com\/company\/printfactoryworkflow\/","https:\/\/www.instagram.com\/printfactory.cloud\/","https:\/\/www.youtube.com\/@PrintFactoryWorkflow","https:\/\/www.threads.com\/@printfactory.cloud","https:\/\/bsky.app\/profile\/printfactorycloud.bsky.social"],"description":"PrintFactory: The Leading All-in-One Solution for Large-Format Printing PrintFactory is the premier provider of large-format printing solutions, delivering a powerful, unified software platform that streamlines and optimizes your entire print production process. With over 30 years of industry experience, we deeply understand the challenges printing professionals face\u2014and we've built PrintFactory as the ultimate all-in-one solution. Unlike traditional RIPs, PrintFactory goes far beyond basic functionality. It integrates every stage of the workflow\u2014from design to delivery\u2014into one seamless, cohesive platform. This eliminates the need for multiple tools, reduces complexity, and delivers a faster, more efficient experience that drives consistent quality and higher profitability. One platform. Total control. Built for printers, by printers. Discover more at printfactory.cloud","email":"info@printfactory.cloud","telephone":"+31 20 899 5953","legalName":"PrintFactory BV","vatID":"NL006403165B01"}]}},"_links":{"self":[{"href":"https:\/\/printfactory.cloud\/de\/wp-json\/wp\/v2\/pages\/22367","targetHints":{"allow":["GET"]}}],"collection":[{"href":"https:\/\/printfactory.cloud\/de\/wp-json\/wp\/v2\/pages"}],"about":[{"href":"https:\/\/printfactory.cloud\/de\/wp-json\/wp\/v2\/types\/page"}],"author":[{"embeddable":true,"href":"https:\/\/printfactory.cloud\/de\/wp-json\/wp\/v2\/users\/3"}],"replies":[{"embeddable":true,"href":"https:\/\/printfactory.cloud\/de\/wp-json\/wp\/v2\/comments?post=22367"}],"version-history":[{"count":9,"href":"https:\/\/printfactory.cloud\/de\/wp-json\/wp\/v2\/pages\/22367\/revisions"}],"predecessor-version":[{"id":47133,"href":"https:\/\/printfactory.cloud\/de\/wp-json\/wp\/v2\/pages\/22367\/revisions\/47133"}],"wp:attachment":[{"href":"https:\/\/printfactory.cloud\/de\/wp-json\/wp\/v2\/media?parent=22367"}],"curies":[{"name":"wp","href":"https:\/\/api.w.org\/{rel}","templated":true}]}}