{"id":23531,"date":"2023-08-11T16:04:49","date_gmt":"2023-08-11T14:04:49","guid":{"rendered":"https:\/\/printfactory.cloud\/metamerie-im-licht-der-herausforderungen-des-farbmanagements\/"},"modified":"2026-03-26T12:58:32","modified_gmt":"2026-03-26T10:58:32","slug":"metamerie-im-licht-der-herausforderungen-des-farbmanagements","status":"publish","type":"page","link":"https:\/\/printfactory.cloud\/de\/metamerie-im-licht-der-herausforderungen-des-farbmanagements\/","title":{"rendered":"Metamerie bringt Licht in die Herausforderungen des Farbmanagements"},"content":{"rendered":"\t\t<div data-elementor-type=\"wp-page\" data-elementor-id=\"23531\" class=\"elementor elementor-23531 elementor-23508\" data-elementor-post-type=\"page\">\n\t\t\t\t<div class=\"elementor-element elementor-element-e369d5a e-flex e-con-boxed e-con e-parent\" data-id=\"e369d5a\" data-element_type=\"container\" data-e-type=\"container\">\n\t\t\t\t\t<div class=\"e-con-inner\">\n\t\t\t\t<div class=\"elementor-element elementor-element-1e814fa elementor-widget elementor-widget-heading\" data-id=\"1e814fa\" data-element_type=\"widget\" data-e-type=\"widget\" data-widget_type=\"heading.default\">\n\t\t\t\t<div class=\"elementor-widget-container\">\n\t\t\t\t\t<h4 class=\"elementor-heading-title elementor-size-default\">PrintFactory: Metamerie - Licht ins Dunkel der Farbmanagement-Herausforderungen<\/h4>\t\t\t\t<\/div>\n\t\t\t\t<\/div>\n\t\t\t\t\t<\/div>\n\t\t\t\t<\/div>\n\t\t<div class=\"elementor-element elementor-element-ed260f4 e-flex e-con-boxed e-con e-parent\" data-id=\"ed260f4\" data-element_type=\"container\" data-e-type=\"container\">\n\t\t\t\t\t<div class=\"e-con-inner\">\n\t\t\t\t<div class=\"elementor-element elementor-element-b6cb401 elementor-widget elementor-widget-text-editor\" data-id=\"b6cb401\" data-element_type=\"widget\" data-e-type=\"widget\" data-widget_type=\"text-editor.default\">\n\t\t\t\t<div class=\"elementor-widget-container\">\n\t\t\t\t\t\t\t\t\t<p>Die Erzielung einer genauen Farbwiedergabe in der Druckindustrie ist ein vielschichtiges Unterfangen. Unter den verschiedenen Herausforderungen, mit denen Druckdienstleister konfrontiert sind, ist eine, die sich erheblich auf die Farbkonsistenz auswirkt, die Metamerie. Dieses faszinierende Ph\u00e4nomen f\u00fchrt zu komplexen Zusammenh\u00e4ngen in der Welt des Farbmanagements und erfordert ein tiefes Verst\u00e4ndnis und innovative L\u00f6sungen f\u00fcr eine pr\u00e4zise Farbausgabe. In diesem Artikel tauchen wir in die Tiefen der Metamerie ein und erforschen ihre Definition, ihre Auswirkungen auf das Farbmanagement und wie Druckdienstleister metamerische Fehlanpassungen durch <a href=\"https:\/\/printfactory.cloud\/de\/konsistente-farbe\/\" target=\"_blank\" rel=\"noopener\">DeviceLink-Profiling effektiv angehen k\u00f6nnen .<\/a><\/p><p><strong>Metamerie verstehen<\/strong><\/p><p>Metamerie ist im Kern das Ph\u00e4nomen, dass zwei scheinbar identische Farbmuster bei unterschiedlichen Lichtverh\u00e4ltnissen unterschiedlich erscheinen. Unsere Farbwahrnehmung h\u00e4ngt in hohem Ma\u00dfe vom Reflexionsverm\u00f6gen des Materials, den individuellen Wahrnehmungsf\u00e4higkeiten und &#8211; vielleicht am wichtigsten &#8211; von der Qualit\u00e4t des Lichts ab. Verschiedene Wellenl\u00e4ngen des Lichts entsprechen verschiedenen Farben, wobei die absorbierten und reflektierten Wellenl\u00e4ngen unser Seherlebnis pr\u00e4gen.  <\/p><p>Unter verschiedenen Lichtquellen, die unterschiedliche Wellenl\u00e4ngen emittieren, nimmt die Farbgeschichte jedoch eine andere Wendung. Betrachten Sie ein Paar gr\u00fcne Socken: Ihr Erscheinungsbild unter fluoreszierendem Licht, das reich an roten und blauen Wellenl\u00e4ngen ist, weicht ab, wenn sie unter nat\u00fcrlichem Tageslicht betrachtet werden, das rote, blaue und gr\u00fcne Wellenl\u00e4ngen enth\u00e4lt. <\/p><p><strong>Die Rolle der Metamerie im Farbmanagement<\/strong><\/p><p>Druckfachleute sind mit den Auswirkungen der Metamerie bestens vertraut. Aufgrund der unterschiedlichen Pigmentierung der Tinte haben Druckdienstleister oft mit Farbinkonsistenzen zu k\u00e4mpfen, wenn die Ausgabe von einem Drucker unter unterschiedlichen Lichtverh\u00e4ltnissen nicht mit einem anderen \u00fcbereinstimmt. Diese Diskrepanz, insbesondere beim Druck identischer Auftr\u00e4ge auf verschiedenen Bedruckstoffen, f\u00fchrt zu einer Verschwendung von Ressourcen, einschlie\u00dflich Zeit, Tinte und Medien, w\u00e4hrend der Fehlersuche, die darauf abzielt, die Farbunterschiede auszugleichen.  <\/p><p>Wenn die Farben unter bestimmten Beleuchtungsbedingungen nicht \u00fcbereinstimmen, m\u00fcssen die Profile so lange angepasst werden, bis die richtige Farbstoffmischung gefunden ist, um den Einfluss der Metamerie abzuschw\u00e4chen und eine originalgetreue Farbwiedergabe zu erzielen.<\/p><p><strong>Metamerische Herausforderungen bew\u00e4ltigen<\/strong><\/p><p>Um die Feinheiten der Metamerie zu beherrschen, sind fortschrittliche Farbmanagement-Tools erforderlich. Es kann ein zweigleisiger Ansatz verfolgt werden: St\u00e4rkung der Farbbest\u00e4ndigkeit gegen Degradation und Erzeugung von Varianten. <\/p><p>Die CMYK-zu-CMYK-Konvertierung erweist sich als wirksame Taktik zur Verbesserung der Farbgenauigkeit unter dem Einfluss der Metamerie. Durch die Nutzung dieser direkten Konvertierungstechnik zur Erstellung von DeviceLink-Profilen bleibt der Schwarzseparationskanal bei der Farbwiedergabe erhalten. Ein robuster Schwarzkanal verringert die Auswirkungen von Lichtverschiebungen, was zu einer geringeren metameren Farbverschlechterung f\u00fchrt.  <\/p><p>Die Simulation verschiedener Lichtverh\u00e4ltnisse und die entsprechende Anpassung der Farben ist eine weitere M\u00f6glichkeit, Metamerie zu bek\u00e4mpfen. Durch den Einsatz eines Lichtanpassungstools (Light Adaptation Tool, LAT) in der Farbmanagement-Software k\u00f6nnen PSPs authentische Betrachtungskontexte jenseits des normalisierten D50-Tageslichts simulieren. Der LAT erm\u00f6glicht die Korrektur von Farbtonverschiebungen in der Graubalance und sorgt f\u00fcr Neutralit\u00e4t bei bestimmten Lichtverh\u00e4ltnissen. Durch den Druck von Gelb-, Gr\u00fcn-, Cyan-, Blau-, Magenta- und Rotvarianten und deren Kontrastierung mit dem Originalprofil kann der Drucker die optimale Graubalance erkennen, die mit den Lichtverh\u00e4ltnissen auf dem Display harmoniert.   <\/p><p><strong>Eroberung des Metamerismus durch Innovation<\/strong><\/p><p>Metamerie ist eine der zahlreichen H\u00fcrden, denen sich Druckdienstleister bei ihrem Streben nach einwandfreier Farbgenauigkeit auf verschiedenen Druckern und Substraten gegen\u00fcbersehen. Durch den Einsatz modernster Farbmanagementtechnologie in Verbindung mit DeviceLink-Profilierung k\u00f6nnen Druckereien dieses kostspielige Ph\u00e4nomen \u00fcberwinden und unabh\u00e4ngig von der Lichtumgebung eine harmonische Farbabstimmung erzielen. <\/p><p>Da sich die Drucklandschaft weiterentwickelt, werden Druckdienstleister, die mit dem Wissen \u00fcber die Feinheiten der Metamerie und mit innovativen L\u00f6sungen ausgestattet sind, zweifellos einen Wettbewerbsvorteil erlangen, indem sie einwandfreie, konsistente und naturgetreue Farbausgaben liefern.<\/p>\t\t\t\t\t\t\t\t<\/div>\n\t\t\t\t<\/div>\n\t\t\t\t\t<\/div>\n\t\t\t\t<\/div>\n\t\t<div class=\"elementor-element elementor-element-54f8cf8 e-flex e-con-boxed e-con e-parent\" data-id=\"54f8cf8\" data-element_type=\"container\" data-e-type=\"container\">\n\t\t\t\t\t<div class=\"e-con-inner\">\n\t\t\t\t<div class=\"elementor-element elementor-element-92c9ccf elementor-widget elementor-widget-image\" data-id=\"92c9ccf\" data-element_type=\"widget\" data-e-type=\"widget\" data-widget_type=\"image.default\">\n\t\t\t\t<div class=\"elementor-widget-container\">\n\t\t\t\t\t\t\t\t\t\t\t\t\t\t\t<img fetchpriority=\"high\" decoding=\"async\" width=\"800\" height=\"125\" src=\"https:\/\/i0.wp.com\/printfactory.cloud\/wp-content\/uploads\/2023\/08\/metamarism-web-banner.jpg?fit=800%2C125&amp;ssl=1\" class=\"attachment-large size-large wp-image-23514\" alt=\"Explore metamerism in color management to understand its impact on print accuracy and how to achieve consistent color reproduction with PrintFactory\" srcset=\"https:\/\/i0.wp.com\/printfactory.cloud\/wp-content\/uploads\/2023\/08\/metamarism-web-banner.jpg?w=2560&amp;ssl=1 2560w, https:\/\/i0.wp.com\/printfactory.cloud\/wp-content\/uploads\/2023\/08\/metamarism-web-banner.jpg?resize=300%2C47&amp;ssl=1 300w, https:\/\/i0.wp.com\/printfactory.cloud\/wp-content\/uploads\/2023\/08\/metamarism-web-banner.jpg?resize=1024%2C160&amp;ssl=1 1024w, https:\/\/i0.wp.com\/printfactory.cloud\/wp-content\/uploads\/2023\/08\/metamarism-web-banner.jpg?resize=768%2C120&amp;ssl=1 768w, https:\/\/i0.wp.com\/printfactory.cloud\/wp-content\/uploads\/2023\/08\/metamarism-web-banner.jpg?resize=1536%2C240&amp;ssl=1 1536w, https:\/\/i0.wp.com\/printfactory.cloud\/wp-content\/uploads\/2023\/08\/metamarism-web-banner.jpg?resize=2048%2C320&amp;ssl=1 2048w, https:\/\/i0.wp.com\/printfactory.cloud\/wp-content\/uploads\/2023\/08\/metamarism-web-banner.jpg?w=1600&amp;ssl=1 1600w, https:\/\/i0.wp.com\/printfactory.cloud\/wp-content\/uploads\/2023\/08\/metamarism-web-banner.jpg?w=2400&amp;ssl=1 2400w\" sizes=\"(max-width: 800px) 100vw, 800px\" \/>\t\t\t\t\t\t\t\t\t\t\t\t\t\t\t<\/div>\n\t\t\t\t<\/div>\n\t\t\t\t\t<\/div>\n\t\t\t\t<\/div>\n\t\t\t\t<\/div>\n\t\t","protected":false},"excerpt":{"rendered":"<p>PrintFactory: Metamerie &#8211; Licht ins Dunkel der Farbmanagement-Herausforderungen Die Erzielung einer genauen Farbwiedergabe in der Druckindustrie ist ein vielschichtiges Unterfangen. Unter den verschiedenen Herausforderungen, mit denen Druckdienstleister konfrontiert sind, ist eine, die sich erheblich auf die Farbkonsistenz auswirkt, die Metamerie. Dieses faszinierende Ph\u00e4nomen f\u00fchrt zu komplexen Zusammenh\u00e4ngen in der Welt des Farbmanagements und erfordert ein [&hellip;]<\/p>\n","protected":false},"author":3,"featured_media":0,"parent":0,"menu_order":0,"comment_status":"closed","ping_status":"closed","template":"","meta":{"_monsterinsights_skip_tracking":false,"_monsterinsights_sitenote_active":false,"_monsterinsights_sitenote_note":"","_monsterinsights_sitenote_category":0,"footnotes":""},"class_list":["post-23531","page","type-page","status-publish","hentry"],"yoast_head":"<!-- This site is optimized with the Yoast SEO Premium plugin v27.3 (Yoast SEO v27.3) - https:\/\/yoast.com\/product\/yoast-seo-premium-wordpress\/ -->\n<title>Metamerie im Farbmanagement leicht verst\u00e4ndlich erkl\u00e4rt - printfactory.cloud%<\/title>\n<meta name=\"description\" content=\"Erforschen Sie den Metamerismus im Farbmanagement, um zu verstehen, wie er sich auf die Druckgenauigkeit auswirkt und wie Sie mit PrintFactory eine konsistente Farbwiedergabe erreichen.\" \/>\n<meta name=\"robots\" content=\"index, follow, max-snippet:-1, max-image-preview:large, max-video-preview:-1\" \/>\n<link rel=\"canonical\" href=\"https:\/\/printfactory.cloud\/de\/metamerie-im-licht-der-herausforderungen-des-farbmanagements\/\" \/>\n<meta property=\"og:locale\" content=\"de_DE\" \/>\n<meta property=\"og:type\" content=\"article\" \/>\n<meta property=\"og:title\" content=\"Metamerie bringt Licht in die Herausforderungen des Farbmanagements\" \/>\n<meta property=\"og:description\" content=\"PrintFactory ONE PLATFORM. ONE WORKFLOW. TOTAL CONTROL. PrintFactory is a single, unified print production platform that replaces fragmented RIPs, editors, color tools, and workflow systems, while supporting all printer and cutter brands.\" \/>\n<meta property=\"og:url\" content=\"https:\/\/printfactory.cloud\/de\/metamerie-im-licht-der-herausforderungen-des-farbmanagements\/\" \/>\n<meta property=\"og:site_name\" content=\"printfactory.cloud\" \/>\n<meta property=\"article:publisher\" content=\"https:\/\/www.facebook.com\/printfactory.cloud\" \/>\n<meta property=\"article:modified_time\" content=\"2026-03-26T10:58:32+00:00\" \/>\n<meta property=\"og:image\" content=\"https:\/\/i0.wp.com\/printfactory.cloud\/wp-content\/uploads\/2023\/08\/metamarism-web-banner.jpg?fit=2560%2C400&ssl=1\" \/>\n\t<meta property=\"og:image:width\" content=\"2560\" \/>\n\t<meta property=\"og:image:height\" content=\"400\" \/>\n\t<meta property=\"og:image:type\" content=\"image\/jpeg\" \/>\n<meta name=\"twitter:card\" content=\"summary_large_image\" \/>\n<meta name=\"twitter:site\" content=\"@PrintFactory_\" \/>\n<meta name=\"twitter:label1\" content=\"Gesch\u00e4tzte Lesezeit\" \/>\n\t<meta name=\"twitter:data1\" content=\"3\u00a0Minuten\" \/>\n<script type=\"application\/ld+json\" class=\"yoast-schema-graph\">{\"@context\":\"https:\\\/\\\/schema.org\",\"@graph\":[{\"@type\":\"WebPage\",\"@id\":\"https:\\\/\\\/printfactory.cloud\\\/de\\\/metamerie-im-licht-der-herausforderungen-des-farbmanagements\\\/\",\"url\":\"https:\\\/\\\/printfactory.cloud\\\/de\\\/metamerie-im-licht-der-herausforderungen-des-farbmanagements\\\/\",\"name\":\"Metamerie im Farbmanagement leicht verst\u00e4ndlich erkl\u00e4rt - printfactory.cloud%\",\"isPartOf\":{\"@id\":\"https:\\\/\\\/printfactory.cloud\\\/de\\\/#website\"},\"primaryImageOfPage\":{\"@id\":\"https:\\\/\\\/printfactory.cloud\\\/de\\\/metamerie-im-licht-der-herausforderungen-des-farbmanagements\\\/#primaryimage\"},\"image\":{\"@id\":\"https:\\\/\\\/printfactory.cloud\\\/de\\\/metamerie-im-licht-der-herausforderungen-des-farbmanagements\\\/#primaryimage\"},\"thumbnailUrl\":\"https:\\\/\\\/i0.wp.com\\\/printfactory.cloud\\\/wp-content\\\/uploads\\\/2023\\\/08\\\/metamarism-web-banner.jpg?fit=800%2C125&amp;ssl=1\",\"datePublished\":\"2023-08-11T14:04:49+00:00\",\"dateModified\":\"2026-03-26T10:58:32+00:00\",\"description\":\"Erforschen Sie den Metamerismus im Farbmanagement, um zu verstehen, wie er sich auf die Druckgenauigkeit auswirkt und wie Sie mit PrintFactory eine konsistente Farbwiedergabe erreichen.\",\"breadcrumb\":{\"@id\":\"https:\\\/\\\/printfactory.cloud\\\/de\\\/metamerie-im-licht-der-herausforderungen-des-farbmanagements\\\/#breadcrumb\"},\"inLanguage\":\"de\",\"potentialAction\":[{\"@type\":\"ReadAction\",\"target\":[\"https:\\\/\\\/printfactory.cloud\\\/de\\\/metamerie-im-licht-der-herausforderungen-des-farbmanagements\\\/\"]}]},{\"@type\":\"ImageObject\",\"inLanguage\":\"de\",\"@id\":\"https:\\\/\\\/printfactory.cloud\\\/de\\\/metamerie-im-licht-der-herausforderungen-des-farbmanagements\\\/#primaryimage\",\"url\":\"https:\\\/\\\/i0.wp.com\\\/printfactory.cloud\\\/wp-content\\\/uploads\\\/2023\\\/08\\\/metamarism-web-banner.jpg?fit=800%2C125&amp;ssl=1\",\"contentUrl\":\"https:\\\/\\\/i0.wp.com\\\/printfactory.cloud\\\/wp-content\\\/uploads\\\/2023\\\/08\\\/metamarism-web-banner.jpg?fit=800%2C125&amp;ssl=1\"},{\"@type\":\"BreadcrumbList\",\"@id\":\"https:\\\/\\\/printfactory.cloud\\\/de\\\/metamerie-im-licht-der-herausforderungen-des-farbmanagements\\\/#breadcrumb\",\"itemListElement\":[{\"@type\":\"ListItem\",\"position\":1,\"name\":\"Home\",\"item\":\"https:\\\/\\\/printfactory.cloud\\\/de\\\/kontrolle\\\/\"},{\"@type\":\"ListItem\",\"position\":2,\"name\":\"Metamerie bringt Licht in die Herausforderungen des Farbmanagements\"}]},{\"@type\":\"WebSite\",\"@id\":\"https:\\\/\\\/printfactory.cloud\\\/de\\\/#website\",\"url\":\"https:\\\/\\\/printfactory.cloud\\\/de\\\/\",\"name\":\"printfactory.cloud\",\"description\":\"One unified production environment\",\"publisher\":{\"@id\":\"https:\\\/\\\/printfactory.cloud\\\/de\\\/#organization\"},\"potentialAction\":[{\"@type\":\"SearchAction\",\"target\":{\"@type\":\"EntryPoint\",\"urlTemplate\":\"https:\\\/\\\/printfactory.cloud\\\/de\\\/?s={search_term_string}\"},\"query-input\":{\"@type\":\"PropertyValueSpecification\",\"valueRequired\":true,\"valueName\":\"search_term_string\"}}],\"inLanguage\":\"de\"},{\"@type\":\"Organization\",\"@id\":\"https:\\\/\\\/printfactory.cloud\\\/de\\\/#organization\",\"name\":\"PrintFactory\",\"url\":\"https:\\\/\\\/printfactory.cloud\\\/de\\\/\",\"logo\":{\"@type\":\"ImageObject\",\"inLanguage\":\"de\",\"@id\":\"https:\\\/\\\/printfactory.cloud\\\/de\\\/#\\\/schema\\\/logo\\\/image\\\/\",\"url\":\"https:\\\/\\\/i0.wp.com\\\/printfactory.cloud\\\/wp-content\\\/uploads\\\/2023\\\/05\\\/PrintFactory-web.jpg?fit=350%2C63&ssl=1\",\"contentUrl\":\"https:\\\/\\\/i0.wp.com\\\/printfactory.cloud\\\/wp-content\\\/uploads\\\/2023\\\/05\\\/PrintFactory-web.jpg?fit=350%2C63&ssl=1\",\"width\":350,\"height\":63,\"caption\":\"PrintFactory\"},\"image\":{\"@id\":\"https:\\\/\\\/printfactory.cloud\\\/de\\\/#\\\/schema\\\/logo\\\/image\\\/\"},\"sameAs\":[\"https:\\\/\\\/www.facebook.com\\\/printfactory.cloud\",\"https:\\\/\\\/x.com\\\/PrintFactory_\",\"https:\\\/\\\/www.linkedin.com\\\/company\\\/printfactoryworkflow\\\/\",\"https:\\\/\\\/www.instagram.com\\\/printfactory.cloud\\\/\",\"https:\\\/\\\/www.youtube.com\\\/@PrintFactoryWorkflow\",\"https:\\\/\\\/www.threads.com\\\/@printfactory.cloud\",\"https:\\\/\\\/bsky.app\\\/profile\\\/printfactorycloud.bsky.social\"]}]}<\/script>\n<!-- \/ Yoast SEO Premium plugin. -->","yoast_head_json":{"title":"Metamerie im Farbmanagement leicht verst\u00e4ndlich erkl\u00e4rt - printfactory.cloud%","description":"Erforschen Sie den Metamerismus im Farbmanagement, um zu verstehen, wie er sich auf die Druckgenauigkeit auswirkt und wie Sie mit PrintFactory eine konsistente Farbwiedergabe erreichen.","robots":{"index":"index","follow":"follow","max-snippet":"max-snippet:-1","max-image-preview":"max-image-preview:large","max-video-preview":"max-video-preview:-1"},"canonical":"https:\/\/printfactory.cloud\/de\/metamerie-im-licht-der-herausforderungen-des-farbmanagements\/","og_locale":"de_DE","og_type":"article","og_title":"Metamerie bringt Licht in die Herausforderungen des Farbmanagements","og_description":"PrintFactory ONE PLATFORM. ONE WORKFLOW. TOTAL CONTROL. PrintFactory is a single, unified print production platform that replaces fragmented RIPs, editors, color tools, and workflow systems, while supporting all printer and cutter brands.","og_url":"https:\/\/printfactory.cloud\/de\/metamerie-im-licht-der-herausforderungen-des-farbmanagements\/","og_site_name":"printfactory.cloud","article_publisher":"https:\/\/www.facebook.com\/printfactory.cloud","article_modified_time":"2026-03-26T10:58:32+00:00","og_image":[{"width":2560,"height":400,"url":"https:\/\/i0.wp.com\/printfactory.cloud\/wp-content\/uploads\/2023\/08\/metamarism-web-banner.jpg?fit=2560%2C400&ssl=1","type":"image\/jpeg"}],"twitter_card":"summary_large_image","twitter_site":"@PrintFactory_","twitter_misc":{"Gesch\u00e4tzte Lesezeit":"3\u00a0Minuten"},"schema":{"@context":"https:\/\/schema.org","@graph":[{"@type":"WebPage","@id":"https:\/\/printfactory.cloud\/de\/metamerie-im-licht-der-herausforderungen-des-farbmanagements\/","url":"https:\/\/printfactory.cloud\/de\/metamerie-im-licht-der-herausforderungen-des-farbmanagements\/","name":"Metamerie im Farbmanagement leicht verst\u00e4ndlich erkl\u00e4rt - printfactory.cloud%","isPartOf":{"@id":"https:\/\/printfactory.cloud\/de\/#website"},"primaryImageOfPage":{"@id":"https:\/\/printfactory.cloud\/de\/metamerie-im-licht-der-herausforderungen-des-farbmanagements\/#primaryimage"},"image":{"@id":"https:\/\/printfactory.cloud\/de\/metamerie-im-licht-der-herausforderungen-des-farbmanagements\/#primaryimage"},"thumbnailUrl":"https:\/\/i0.wp.com\/printfactory.cloud\/wp-content\/uploads\/2023\/08\/metamarism-web-banner.jpg?fit=800%2C125&amp;ssl=1","datePublished":"2023-08-11T14:04:49+00:00","dateModified":"2026-03-26T10:58:32+00:00","description":"Erforschen Sie den Metamerismus im Farbmanagement, um zu verstehen, wie er sich auf die Druckgenauigkeit auswirkt und wie Sie mit PrintFactory eine konsistente Farbwiedergabe erreichen.","breadcrumb":{"@id":"https:\/\/printfactory.cloud\/de\/metamerie-im-licht-der-herausforderungen-des-farbmanagements\/#breadcrumb"},"inLanguage":"de","potentialAction":[{"@type":"ReadAction","target":["https:\/\/printfactory.cloud\/de\/metamerie-im-licht-der-herausforderungen-des-farbmanagements\/"]}]},{"@type":"ImageObject","inLanguage":"de","@id":"https:\/\/printfactory.cloud\/de\/metamerie-im-licht-der-herausforderungen-des-farbmanagements\/#primaryimage","url":"https:\/\/i0.wp.com\/printfactory.cloud\/wp-content\/uploads\/2023\/08\/metamarism-web-banner.jpg?fit=800%2C125&amp;ssl=1","contentUrl":"https:\/\/i0.wp.com\/printfactory.cloud\/wp-content\/uploads\/2023\/08\/metamarism-web-banner.jpg?fit=800%2C125&amp;ssl=1"},{"@type":"BreadcrumbList","@id":"https:\/\/printfactory.cloud\/de\/metamerie-im-licht-der-herausforderungen-des-farbmanagements\/#breadcrumb","itemListElement":[{"@type":"ListItem","position":1,"name":"Home","item":"https:\/\/printfactory.cloud\/de\/kontrolle\/"},{"@type":"ListItem","position":2,"name":"Metamerie bringt Licht in die Herausforderungen des Farbmanagements"}]},{"@type":"WebSite","@id":"https:\/\/printfactory.cloud\/de\/#website","url":"https:\/\/printfactory.cloud\/de\/","name":"printfactory.cloud","description":"One unified production environment","publisher":{"@id":"https:\/\/printfactory.cloud\/de\/#organization"},"potentialAction":[{"@type":"SearchAction","target":{"@type":"EntryPoint","urlTemplate":"https:\/\/printfactory.cloud\/de\/?s={search_term_string}"},"query-input":{"@type":"PropertyValueSpecification","valueRequired":true,"valueName":"search_term_string"}}],"inLanguage":"de"},{"@type":"Organization","@id":"https:\/\/printfactory.cloud\/de\/#organization","name":"PrintFactory","url":"https:\/\/printfactory.cloud\/de\/","logo":{"@type":"ImageObject","inLanguage":"de","@id":"https:\/\/printfactory.cloud\/de\/#\/schema\/logo\/image\/","url":"https:\/\/i0.wp.com\/printfactory.cloud\/wp-content\/uploads\/2023\/05\/PrintFactory-web.jpg?fit=350%2C63&ssl=1","contentUrl":"https:\/\/i0.wp.com\/printfactory.cloud\/wp-content\/uploads\/2023\/05\/PrintFactory-web.jpg?fit=350%2C63&ssl=1","width":350,"height":63,"caption":"PrintFactory"},"image":{"@id":"https:\/\/printfactory.cloud\/de\/#\/schema\/logo\/image\/"},"sameAs":["https:\/\/www.facebook.com\/printfactory.cloud","https:\/\/x.com\/PrintFactory_","https:\/\/www.linkedin.com\/company\/printfactoryworkflow\/","https:\/\/www.instagram.com\/printfactory.cloud\/","https:\/\/www.youtube.com\/@PrintFactoryWorkflow","https:\/\/www.threads.com\/@printfactory.cloud","https:\/\/bsky.app\/profile\/printfactorycloud.bsky.social"]}]}},"jetpack_sharing_enabled":true,"_links":{"self":[{"href":"https:\/\/printfactory.cloud\/de\/wp-json\/wp\/v2\/pages\/23531","targetHints":{"allow":["GET"]}}],"collection":[{"href":"https:\/\/printfactory.cloud\/de\/wp-json\/wp\/v2\/pages"}],"about":[{"href":"https:\/\/printfactory.cloud\/de\/wp-json\/wp\/v2\/types\/page"}],"author":[{"embeddable":true,"href":"https:\/\/printfactory.cloud\/de\/wp-json\/wp\/v2\/users\/3"}],"replies":[{"embeddable":true,"href":"https:\/\/printfactory.cloud\/de\/wp-json\/wp\/v2\/comments?post=23531"}],"version-history":[{"count":9,"href":"https:\/\/printfactory.cloud\/de\/wp-json\/wp\/v2\/pages\/23531\/revisions"}],"predecessor-version":[{"id":37511,"href":"https:\/\/printfactory.cloud\/de\/wp-json\/wp\/v2\/pages\/23531\/revisions\/37511"}],"wp:attachment":[{"href":"https:\/\/printfactory.cloud\/de\/wp-json\/wp\/v2\/media?parent=23531"}],"curies":[{"name":"wp","href":"https:\/\/api.w.org\/{rel}","templated":true}]}}