{"id":22370,"date":"2023-06-15T11:57:22","date_gmt":"2023-06-15T09:57:22","guid":{"rendered":"https:\/\/printfactory.cloud\/pruebas\/"},"modified":"2026-05-13T16:17:20","modified_gmt":"2026-05-13T14:17:20","slug":"pruebas","status":"publish","type":"page","link":"https:\/\/printfactory.cloud\/es\/pruebas\/","title":{"rendered":"Pruebas"},"content":{"rendered":"\t\t<div data-elementor-type=\"wp-page\" data-elementor-id=\"22370\" class=\"elementor elementor-22370 elementor-22339\" data-elementor-post-type=\"page\">\n\t\t\t\t<div class=\"elementor-element elementor-element-191a71c e-flex e-con-boxed e-con e-parent\" data-id=\"191a71c\" data-element_type=\"container\" data-e-type=\"container\">\n\t\t\t\t\t<div class=\"e-con-inner\">\n\t\t\t\t\t<h2 data-interaction-id=\"d2c222b\" class=\"e-d2c222b-764e960 e-heading-base\" data-e-type=\"widget\" data-id=\"d2c222b\">Pruebas<\/h2>\n\t\t\t\t\t<\/div>\n\t\t\t\t<\/div>\n\t\t<div class=\"elementor-element elementor-element-0365124 e-flex e-con-boxed e-con e-parent\" data-id=\"0365124\" data-element_type=\"container\" data-e-type=\"container\">\n\t\t\t\t\t<div class=\"e-con-inner\">\n\t\t\t\t\t<img fetchpriority=\"high\" decoding=\"async\" class=\"e-image-base \" data-interaction-id=\"de5b97b\" data-e-type=\"widget\" data-id=\"de5b97b\" id=\"46476\" src=\"https:\/\/printfactory.cloud\/wp-content\/uploads\/2026\/05\/Proofing-Banner-2026.webp\" width=\"2048\" height=\"768\" srcset=\"\" alt=\"\"\/>\t\t\t\t\t<\/div>\n\t\t\t\t<\/div>\n\t\t<div class=\"elementor-element elementor-element-f504769 e-flex e-con-boxed e-con e-parent\" data-id=\"f504769\" data-element_type=\"container\" data-e-type=\"container\">\n\t\t\t\t\t<div class=\"e-con-inner\">\n\t\t\t\t<div class=\"elementor-element elementor-element-1f780ef elementor-widget elementor-widget-heading\" data-id=\"1f780ef\" data-element_type=\"widget\" data-e-type=\"widget\" data-widget_type=\"heading.default\">\n\t\t\t\t<div class=\"elementor-widget-container\">\n\t\t\t\t\t<h2 class=\"elementor-heading-title elementor-size-default\">PROOFMASTER | RESULTADOS INMEJORABLES.<\/h2>\t\t\t\t<\/div>\n\t\t\t\t<\/div>\n\t\t\t\t\t<\/div>\n\t\t\t\t<\/div>\n\t\t<div class=\"elementor-element elementor-element-dc1b111 e-flex e-con-boxed e-con e-parent\" data-id=\"dc1b111\" data-element_type=\"container\" data-e-type=\"container\">\n\t\t\t\t\t<div class=\"e-con-inner\">\n\t\t\t\t<div class=\"elementor-element elementor-element-98129a1 elementor-widget elementor-widget-text-editor\" data-id=\"98129a1\" data-element_type=\"widget\" data-e-type=\"widget\" data-widget_type=\"text-editor.default\">\n\t\t\t\t<div class=\"elementor-widget-container\">\n\t\t\t\t\t\t\t\t\t<p>Nuestro motor de creaci\u00f3n de perfiles multicanal VISU\u2122 vinculado a dispositivos crea perfiles para cualquier proceso de impresi\u00f3n RGB, CMYK o multicanal de 8 colores. Esto convierte a <strong>ProofMaster<\/strong> en el software de pruebas m\u00e1s flexible y con mejor relaci\u00f3n calidad-precio del mercado actual. <\/p><p><strong>ProofMaster<\/strong> incluye perfiles CMYK para las normas ISO12647, FOGRA, GRACoL, SWOP e Idealliance. Si a esto le a\u00f1adimos el ajuste iterativo de perfiles, las funciones de certificaci\u00f3n de pruebas y las bibliotecas de colores directos CxF\/X-3&#8230; estamos ante un ganador. <\/p><p>Para nuestros clientes del sector del envasado, ofrecemos perfiles de enlace de dispositivos multicanal, por lo que tambi\u00e9n es posible realizar pruebas de impresi\u00f3n con gama de colores ampliada (ECG) o colores directos utilizando los \u00faltimos formatos de intercambio de datos CXF\/X-4 (ISO17972).<\/p><p>No importa d\u00f3nde est\u00e9 trabajando, sus dispositivos de impresi\u00f3n pueden estar a 10 metros o a 10.000 kil\u00f3metros de distancia. La funci\u00f3n de recalibraci\u00f3n de impresoras <strong>de ProofMaster<\/strong> le permite calibrar en bucle cerrado dos o m\u00e1s dispositivos con un \u00fanico perfil.  <\/p>\t\t\t\t\t\t\t\t<\/div>\n\t\t\t\t<\/div>\n\t\t\t\t\t<\/div>\n\t\t\t\t<\/div>\n\t\t<div class=\"elementor-element elementor-element-c5aedd2 e-grid e-con-boxed e-con e-parent\" data-id=\"c5aedd2\" data-element_type=\"container\" data-e-type=\"container\">\n\t\t\t\t\t<div class=\"e-con-inner\">\n\t\t\t\t\t<img decoding=\"async\" class=\"e-image-base \" data-interaction-id=\"5a80457\" data-e-type=\"widget\" data-id=\"5a80457\" id=\"46809\" src=\"https:\/\/printfactory.cloud\/wp-content\/uploads\/2026\/05\/ProofMaster_RGB.webp\" width=\"944\" height=\"194\" srcset=\"\" alt=\"\"\/>\t\t\t\t\t<h3 data-interaction-id=\"473d78a\" class=\"e-heading-base\" data-e-type=\"widget\" data-id=\"473d78a\"><a href=\"https:\/\/printfactory.cloud\/es\/jon-hempstead-consigue-resultados-inmejorables-con-proofmaster\/\" target=\"_blank\" class=\"e-heading-link-base\">\n\t\tLEER UN ESTUDIO DE CASO DE REVISI\u00d3N\n\t<\/a><\/h3>\n\t\t\t\t\t<\/div>\n\t\t\t\t<\/div>\n\t\t<div class=\"elementor-element elementor-element-35633b8 e-flex e-con-boxed e-con e-parent\" data-id=\"35633b8\" data-element_type=\"container\" data-e-type=\"container\">\n\t\t\t\t\t<div class=\"e-con-inner\">\n\t\t\t\t<div class=\"elementor-element elementor-element-5491fbd elementor-widget elementor-widget-button\" data-id=\"5491fbd\" data-element_type=\"widget\" data-e-type=\"widget\" data-widget_type=\"button.default\">\n\t\t\t\t<div class=\"elementor-widget-container\">\n\t\t\t\t\t\t\t\t\t<div class=\"elementor-button-wrapper\">\n\t\t\t\t\t<a class=\"elementor-button elementor-button-link elementor-size-sm\" href=\"https:\/\/support.printfactory.cloud\/portal\/en\/kb\/articles\/proofmaster-quick-start-guide\" target=\"_blank\">\n\t\t\t\t\t\t<span class=\"elementor-button-content-wrapper\">\n\t\t\t\t\t\t\t\t\t<span class=\"elementor-button-text\">Gu\u00eda de inicio r\u00e1pido de ProofMaster<\/span>\n\t\t\t\t\t<\/span>\n\t\t\t\t\t<\/a>\n\t\t\t\t<\/div>\n\t\t\t\t\t\t\t\t<\/div>\n\t\t\t\t<\/div>\n\t\t\t\t\t<\/div>\n\t\t\t\t<\/div>\n\t\t<div class=\"elementor-element elementor-element-404abe9e e-flex e-con-boxed e-con e-parent\" data-id=\"404abe9e\" data-element_type=\"container\" data-e-type=\"container\">\n\t\t\t\t\t<div class=\"e-con-inner\">\n\t\t<div class=\"elementor-element elementor-element-49ce38a5 e-con-full e-flex e-con e-child\" data-id=\"49ce38a5\" data-element_type=\"container\" data-e-type=\"container\">\n\t\t\t\t<div class=\"elementor-element elementor-element-746c3991 elementor-align-center elementor-widget elementor-widget-button\" data-id=\"746c3991\" data-element_type=\"widget\" data-e-type=\"widget\" data-widget_type=\"button.default\">\n\t\t\t\t<div class=\"elementor-widget-container\">\n\t\t\t\t\t\t\t\t\t<div class=\"elementor-button-wrapper\">\n\t\t\t\t\t<a class=\"elementor-button elementor-button-link elementor-size-sm\" href=\"https:\/\/forms.printfactory.cloud\/printfactory\/form\/ContactForm\/formperma\/ls8pqe-7GKZVfepWjsIdmSPvMSscvyGuUFDjIELrhpk\" target=\"_blank\">\n\t\t\t\t\t\t<span class=\"elementor-button-content-wrapper\">\n\t\t\t\t\t\t\t\t\t<span class=\"elementor-button-text\">CONTACTAR CON NOSOTROS<\/span>\n\t\t\t\t\t<\/span>\n\t\t\t\t\t<\/a>\n\t\t\t\t<\/div>\n\t\t\t\t\t\t\t\t<\/div>\n\t\t\t\t<\/div>\n\t\t\t\t<\/div>\n\t\t<div class=\"elementor-element elementor-element-3bc0c5bd e-con-full e-flex e-con e-child\" data-id=\"3bc0c5bd\" data-element_type=\"container\" data-e-type=\"container\">\n\t\t\t\t<div class=\"elementor-element elementor-element-11f450a2 elementor-align-center elementor-widget elementor-widget-button\" data-id=\"11f450a2\" data-element_type=\"widget\" data-e-type=\"widget\" data-widget_type=\"button.default\">\n\t\t\t\t<div class=\"elementor-widget-container\">\n\t\t\t\t\t\t\t\t\t<div class=\"elementor-button-wrapper\">\n\t\t\t\t\t<a class=\"elementor-button elementor-button-link elementor-size-sm\" href=\"https:\/\/forms.printfactory.cloud\/printfactory\/form\/GetaTrial\/formperma\/ayh6lenAB9NOm5v8iW4drHCFtHLI6uJQlM2bb1oAkV8\">\n\t\t\t\t\t\t<span class=\"elementor-button-content-wrapper\">\n\t\t\t\t\t\t\t\t\t<span class=\"elementor-button-text\">SOLICITAR UNA PRUEBA<\/span>\n\t\t\t\t\t<\/span>\n\t\t\t\t\t<\/a>\n\t\t\t\t<\/div>\n\t\t\t\t\t\t\t\t<\/div>\n\t\t\t\t<\/div>\n\t\t\t\t<\/div>\n\t\t\t\t\t<\/div>\n\t\t\t\t<\/div>\n\t\t<div class=\"elementor-element elementor-element-9c95030 e-flex e-con-boxed e-con e-parent\" data-id=\"9c95030\" data-element_type=\"container\" data-e-type=\"container\">\n\t\t\t\t\t<div class=\"e-con-inner\">\n\t\t\t\t<div class=\"elementor-element elementor-element-1995f30b elementor-widget elementor-widget-heading\" data-id=\"1995f30b\" data-element_type=\"widget\" data-e-type=\"widget\" data-widget_type=\"heading.default\">\n\t\t\t\t<div class=\"elementor-widget-container\">\n\t\t\t\t\t<h3 class=\"elementor-heading-title elementor-size-default\">NUESTRA GARANT\u00cdA<\/h3>\t\t\t\t<\/div>\n\t\t\t\t<\/div>\n\t\t\t\t\t<\/div>\n\t\t\t\t<\/div>\n\t\t<div class=\"elementor-element elementor-element-15feebd e-flex e-con-boxed e-con e-parent\" data-id=\"15feebd\" data-element_type=\"container\" data-e-type=\"container\">\n\t\t\t\t\t<div class=\"e-con-inner\">\n\t\t\t\t<div class=\"elementor-element elementor-element-e01bd9f elementor-pagination-position-inside elementor-skin-carousel elementor-pagination-type-bullets elementor-widget elementor-widget-global elementor-global-22665 elementor-global-17442 elementor-widget-media-carousel\" data-id=\"e01bd9f\" data-element_type=\"widget\" data-e-type=\"widget\" data-settings=\"{&quot;slides_per_view&quot;:&quot;5&quot;,&quot;space_between&quot;:{&quot;unit&quot;:&quot;px&quot;,&quot;size&quot;:10,&quot;sizes&quot;:[]},&quot;skin&quot;:&quot;carousel&quot;,&quot;effect&quot;:&quot;slide&quot;,&quot;pagination&quot;:&quot;bullets&quot;,&quot;speed&quot;:500,&quot;autoplay&quot;:&quot;yes&quot;,&quot;autoplay_speed&quot;:5000,&quot;loop&quot;:&quot;yes&quot;,&quot;pause_on_hover&quot;:&quot;yes&quot;,&quot;pause_on_interaction&quot;:&quot;yes&quot;,&quot;space_between_tablet&quot;:{&quot;unit&quot;:&quot;px&quot;,&quot;size&quot;:10,&quot;sizes&quot;:[]},&quot;space_between_mobile&quot;:{&quot;unit&quot;:&quot;px&quot;,&quot;size&quot;:10,&quot;sizes&quot;:[]}}\" data-widget_type=\"media-carousel.default\">\n\t\t\t\t<div class=\"elementor-widget-container\">\n\t\t\t\t\t\t\t\t\t<div class=\"elementor-swiper\">\n\t\t\t\t\t<div class=\"elementor-main-swiper swiper\" role=\"region\" aria-roledescription=\"carousel\" aria-label=\"Diapositivas\">\n\t\t\t\t<div class=\"swiper-wrapper\">\n\t\t\t\t\t\t\t\t\t\t\t<div class=\"swiper-slide\" role=\"group\" aria-roledescription=\"slide\">\n\t\t\t\t\t\t\t<a href=\"\/consistent-color-guaranteed\">\t\t<div class=\"elementor-carousel-image\" role=\"img\" aria-label=\"CONSISTENT COLOR\" style=\"background-image: url(&#039;https:\/\/printfactory.cloud\/wp-content\/uploads\/2023\/05\/CONSISTENT-COLOR.webp&#039;)\">\n\n\t\t\t\n\t\t\t\t\t<\/div>\n\t\t\t\t\t<div class=\"elementor-carousel-image-overlay e-overlay-animation-fade\">\n\t\t\t\tCONSISTENT COLOR\t\t\t<\/div>\n\t\t\t<\/a>\t\t\t\t\t\t<\/div>\n\t\t\t\t\t\t\t\t\t\t\t<div class=\"swiper-slide\" role=\"group\" aria-roledescription=\"slide\">\n\t\t\t\t\t\t\t<a href=\"\/smarter-job-prep-guaranteed\">\t\t<div class=\"elementor-carousel-image\" role=\"img\" aria-label=\"SMARTER JOB PREP\" style=\"background-image: url(&#039;https:\/\/printfactory.cloud\/wp-content\/uploads\/2023\/05\/SMARTER-JOB-PREP.webp&#039;)\">\n\n\t\t\t\n\t\t\t\t\t<\/div>\n\t\t\t\t\t<div class=\"elementor-carousel-image-overlay e-overlay-animation-fade\">\n\t\t\t\tSMARTER JOB PREP\t\t\t<\/div>\n\t\t\t<\/a>\t\t\t\t\t\t<\/div>\n\t\t\t\t\t\t\t\t\t\t\t<div class=\"swiper-slide\" role=\"group\" aria-roledescription=\"slide\">\n\t\t\t\t\t\t\t<a href=\"\/lower-ink-costs-guaranteed\">\t\t<div class=\"elementor-carousel-image\" role=\"img\" aria-label=\"LOWER INK COSTS\" style=\"background-image: url(&#039;https:\/\/printfactory.cloud\/wp-content\/uploads\/2023\/05\/LOWER-INK-COSTS.webp&#039;)\">\n\n\t\t\t\n\t\t\t\t\t<\/div>\n\t\t\t\t\t<div class=\"elementor-carousel-image-overlay e-overlay-animation-fade\">\n\t\t\t\tLOWER INK COSTS\t\t\t<\/div>\n\t\t\t<\/a>\t\t\t\t\t\t<\/div>\n\t\t\t\t\t\t\t\t\t\t\t<div class=\"swiper-slide\" role=\"group\" aria-roledescription=\"slide\">\n\t\t\t\t\t\t\t<a href=\"\/less-wasted-media-guaranteed\">\t\t<div class=\"elementor-carousel-image\" role=\"img\" aria-label=\"LESS WASTED MEDIA\" style=\"background-image: url(&#039;https:\/\/printfactory.cloud\/wp-content\/uploads\/2023\/05\/LESS-WASTED-MEDIA.webp&#039;)\">\n\n\t\t\t\n\t\t\t\t\t<\/div>\n\t\t\t\t\t<div class=\"elementor-carousel-image-overlay e-overlay-animation-fade\">\n\t\t\t\tLESS WASTED MEDIA\t\t\t<\/div>\n\t\t\t<\/a>\t\t\t\t\t\t<\/div>\n\t\t\t\t\t\t\t\t\t\t\t<div class=\"swiper-slide\" role=\"group\" aria-roledescription=\"slide\">\n\t\t\t\t\t\t\t<a href=\"\/transparent-pricing\">\t\t<div class=\"elementor-carousel-image\" role=\"img\" aria-label=\"TRANSPARENT PRICING\" style=\"background-image: url(&#039;https:\/\/printfactory.cloud\/wp-content\/uploads\/2024\/05\/TRANSPARENT-PRICING.webp&#039;)\">\n\n\t\t\t\n\t\t\t\t\t<\/div>\n\t\t\t\t\t<div class=\"elementor-carousel-image-overlay e-overlay-animation-fade\">\n\t\t\t\tTRANSPARENT PRICING\t\t\t<\/div>\n\t\t\t<\/a>\t\t\t\t\t\t<\/div>\n\t\t\t\t\t\t\t\t\t<\/div>\n\t\t\t\t\t\t\t\t\t\t\t\t\t\t\t\t\t\t\t\t<div class=\"swiper-pagination\"><\/div>\n\t\t\t\t\t\t\t\t\t\t\t\t<\/div>\n\t\t\t\t<\/div>\n\t\t\t\t\t\t\t\t<\/div>\n\t\t\t\t<\/div>\n\t\t\t\t\t<\/div>\n\t\t\t\t<\/div>\n\t\t\t\t<\/div>\n\t\t","protected":false},"excerpt":{"rendered":"<p>Descubre el poder de ProofMaster, el software de pruebas definitivo dise\u00f1ado para obtener resultados insuperables. Con nuestro innovador motor de creaci\u00f3n de perfiles multicanal VISU\u2122 vinculado a dispositivos, puedes crear sin esfuerzo perfiles para cualquier proceso de impresi\u00f3n, ya sea RGB, CMYK o multicanal de 8 colores. Disfruta de la flexibilidad de los perfiles CMYK que cumplen normas del sector como ISO12647 y FOGRA, junto con funciones avanzadas como el ajuste iterativo de perfiles y la certificaci\u00f3n de pruebas. Tanto si trabajas a nivel local como global, ProofMaster garantiza que tus dispositivos de impresi\u00f3n est\u00e9n perfectamente calibrados, lo que la convierte en la soluci\u00f3n con mejor relaci\u00f3n calidad-precio del mercado actual. \u00a1Sum\u00e9rgete para saber m\u00e1s!    <\/p>\n","protected":false},"author":3,"featured_media":0,"parent":0,"menu_order":0,"comment_status":"closed","ping_status":"closed","template":"","meta":{"_angie_page":false,"_monsterinsights_skip_tracking":false,"_monsterinsights_sitenote_active":false,"_monsterinsights_sitenote_note":"","_monsterinsights_sitenote_category":0,"footnotes":""},"class_list":["post-22370","page","type-page","status-publish","hentry"],"yoast_head":"<!-- This site is optimized with the Yoast SEO Premium plugin v27.6 (Yoast SEO v27.6) - https:\/\/yoast.com\/product\/yoast-seo-premium-wordpress\/ -->\n<title>Software de pruebas de impresi\u00f3n para el control de calidad - printfactory.cloud<\/title>\n<meta name=\"description\" content=\"Explora las ventajas de un software de pruebas de impresi\u00f3n como ProofMaster, dise\u00f1ado para obtener perfiles de color flexibles y de alta calidad.\" \/>\n<meta name=\"robots\" content=\"index, follow, max-snippet:-1, max-image-preview:large, max-video-preview:-1\" \/>\n<link rel=\"canonical\" href=\"https:\/\/printfactory.cloud\/es\/pruebas\/\" \/>\n<meta property=\"og:locale\" content=\"es_ES\" \/>\n<meta property=\"og:type\" content=\"article\" \/>\n<meta property=\"og:title\" content=\"Pruebas\" \/>\n<meta property=\"og:description\" content=\"PrintFactory ONE PLATFORM. ONE WORKFLOW. TOTAL CONTROL. PrintFactory is a single, unified print production platform that replaces fragmented RIPs, editors, color tools, and workflow systems, while supporting all printer and cutter brands.\" \/>\n<meta property=\"og:url\" content=\"https:\/\/printfactory.cloud\/es\/pruebas\/\" \/>\n<meta property=\"og:site_name\" content=\"printfactory.cloud\" \/>\n<meta property=\"article:publisher\" content=\"https:\/\/www.facebook.com\/printfactory.cloud\" \/>\n<meta property=\"article:modified_time\" content=\"2026-05-13T14:17:20+00:00\" \/>\n<meta property=\"og:image\" content=\"https:\/\/printfactory.cloud\/wp-content\/uploads\/2026\/05\/Proofing-Banner-2026.webp\" \/>\n<meta name=\"twitter:card\" content=\"summary_large_image\" \/>\n<meta name=\"twitter:site\" content=\"@PrintFactory_\" \/>\n<meta name=\"twitter:label1\" content=\"Tiempo de lectura\" \/>\n\t<meta name=\"twitter:data1\" content=\"1 minuto\" \/>\n<script type=\"application\/ld+json\" class=\"yoast-schema-graph\">{\"@context\":\"https:\\\/\\\/schema.org\",\"@graph\":[{\"@type\":\"WebPage\",\"@id\":\"https:\\\/\\\/printfactory.cloud\\\/es\\\/pruebas\\\/\",\"url\":\"https:\\\/\\\/printfactory.cloud\\\/es\\\/pruebas\\\/\",\"name\":\"Software de pruebas de impresi\u00f3n para el control de calidad - printfactory.cloud\",\"isPartOf\":{\"@id\":\"https:\\\/\\\/printfactory.cloud\\\/es\\\/#website\"},\"primaryImageOfPage\":{\"@id\":\"https:\\\/\\\/printfactory.cloud\\\/es\\\/pruebas\\\/#primaryimage\"},\"image\":{\"@id\":\"https:\\\/\\\/printfactory.cloud\\\/es\\\/pruebas\\\/#primaryimage\"},\"thumbnailUrl\":\"https:\\\/\\\/printfactory.cloud\\\/wp-content\\\/uploads\\\/2026\\\/05\\\/Proofing-Banner-2026.webp\",\"datePublished\":\"2023-06-15T09:57:22+00:00\",\"dateModified\":\"2026-05-13T14:17:20+00:00\",\"description\":\"Explora las ventajas de un software de pruebas de impresi\u00f3n como ProofMaster, dise\u00f1ado para obtener perfiles de color flexibles y de alta calidad.\",\"breadcrumb\":{\"@id\":\"https:\\\/\\\/printfactory.cloud\\\/es\\\/pruebas\\\/#breadcrumb\"},\"inLanguage\":\"es\",\"potentialAction\":[{\"@type\":\"ReadAction\",\"target\":[\"https:\\\/\\\/printfactory.cloud\\\/es\\\/pruebas\\\/\"]}]},{\"@type\":\"ImageObject\",\"inLanguage\":\"es\",\"@id\":\"https:\\\/\\\/printfactory.cloud\\\/es\\\/pruebas\\\/#primaryimage\",\"url\":\"https:\\\/\\\/printfactory.cloud\\\/wp-content\\\/uploads\\\/2026\\\/05\\\/Proofing-Banner-2026.webp\",\"contentUrl\":\"https:\\\/\\\/printfactory.cloud\\\/wp-content\\\/uploads\\\/2026\\\/05\\\/Proofing-Banner-2026.webp\"},{\"@type\":\"BreadcrumbList\",\"@id\":\"https:\\\/\\\/printfactory.cloud\\\/es\\\/pruebas\\\/#breadcrumb\",\"itemListElement\":[{\"@type\":\"ListItem\",\"position\":1,\"name\":\"Home\",\"item\":\"https:\\\/\\\/printfactory.cloud\\\/es\\\/control\\\/\"},{\"@type\":\"ListItem\",\"position\":2,\"name\":\"Pruebas\"}]},{\"@type\":\"WebSite\",\"@id\":\"https:\\\/\\\/printfactory.cloud\\\/es\\\/#website\",\"url\":\"https:\\\/\\\/printfactory.cloud\\\/es\\\/\",\"name\":\"printfactory.cloud\",\"description\":\"One unified print production environment\",\"publisher\":{\"@id\":\"https:\\\/\\\/printfactory.cloud\\\/es\\\/#organization\"},\"potentialAction\":[{\"@type\":\"SearchAction\",\"target\":{\"@type\":\"EntryPoint\",\"urlTemplate\":\"https:\\\/\\\/printfactory.cloud\\\/es\\\/?s={search_term_string}\"},\"query-input\":{\"@type\":\"PropertyValueSpecification\",\"valueRequired\":true,\"valueName\":\"search_term_string\"}}],\"inLanguage\":\"es\"},{\"@type\":\"Organization\",\"@id\":\"https:\\\/\\\/printfactory.cloud\\\/es\\\/#organization\",\"name\":\"PrintFactory BV\",\"url\":\"https:\\\/\\\/printfactory.cloud\\\/es\\\/\",\"logo\":{\"@type\":\"ImageObject\",\"inLanguage\":\"es\",\"@id\":\"https:\\\/\\\/printfactory.cloud\\\/es\\\/#\\\/schema\\\/logo\\\/image\\\/\",\"url\":\"https:\\\/\\\/printfactory.cloud\\\/wp-content\\\/uploads\\\/2023\\\/05\\\/PrintFactory-logo-1.webp\",\"contentUrl\":\"https:\\\/\\\/printfactory.cloud\\\/wp-content\\\/uploads\\\/2023\\\/05\\\/PrintFactory-logo-1.webp\",\"width\":1375,\"height\":249,\"caption\":\"PrintFactory BV\"},\"image\":{\"@id\":\"https:\\\/\\\/printfactory.cloud\\\/es\\\/#\\\/schema\\\/logo\\\/image\\\/\"},\"sameAs\":[\"https:\\\/\\\/www.facebook.com\\\/printfactory.cloud\",\"https:\\\/\\\/x.com\\\/PrintFactory_\",\"https:\\\/\\\/www.linkedin.com\\\/company\\\/printfactoryworkflow\\\/\",\"https:\\\/\\\/www.instagram.com\\\/printfactory.cloud\\\/\",\"https:\\\/\\\/www.youtube.com\\\/@PrintFactoryWorkflow\",\"https:\\\/\\\/www.threads.com\\\/@printfactory.cloud\",\"https:\\\/\\\/bsky.app\\\/profile\\\/printfactorycloud.bsky.social\"],\"description\":\"PrintFactory: The Leading All-in-One Solution for Large-Format Printing PrintFactory is the premier provider of large-format printing solutions, delivering a powerful, unified software platform that streamlines and optimizes your entire print production process. With over 30 years of industry experience, we deeply understand the challenges printing professionals face\u2014and we've built PrintFactory as the ultimate all-in-one solution. Unlike traditional RIPs, PrintFactory goes far beyond basic functionality. It integrates every stage of the workflow\u2014from design to delivery\u2014into one seamless, cohesive platform. This eliminates the need for multiple tools, reduces complexity, and delivers a faster, more efficient experience that drives consistent quality and higher profitability. One platform. Total control. Built for printers, by printers. Discover more at printfactory.cloud\",\"email\":\"info@printfactory.cloud\",\"telephone\":\"+31 20 899 5953\",\"legalName\":\"PrintFactory BV\",\"vatID\":\"NL006403165B01\"}]}<\/script>\n<!-- \/ Yoast SEO Premium plugin. -->","yoast_head_json":{"title":"Software de pruebas de impresi\u00f3n para el control de calidad - printfactory.cloud","description":"Explora las ventajas de un software de pruebas de impresi\u00f3n como ProofMaster, dise\u00f1ado para obtener perfiles de color flexibles y de alta calidad.","robots":{"index":"index","follow":"follow","max-snippet":"max-snippet:-1","max-image-preview":"max-image-preview:large","max-video-preview":"max-video-preview:-1"},"canonical":"https:\/\/printfactory.cloud\/es\/pruebas\/","og_locale":"es_ES","og_type":"article","og_title":"Pruebas","og_description":"PrintFactory ONE PLATFORM. ONE WORKFLOW. TOTAL CONTROL. PrintFactory is a single, unified print production platform that replaces fragmented RIPs, editors, color tools, and workflow systems, while supporting all printer and cutter brands.","og_url":"https:\/\/printfactory.cloud\/es\/pruebas\/","og_site_name":"printfactory.cloud","article_publisher":"https:\/\/www.facebook.com\/printfactory.cloud","article_modified_time":"2026-05-13T14:17:20+00:00","og_image":[{"url":"https:\/\/printfactory.cloud\/wp-content\/uploads\/2026\/05\/Proofing-Banner-2026.webp","type":"","width":"","height":""}],"twitter_card":"summary_large_image","twitter_site":"@PrintFactory_","twitter_misc":{"Tiempo de lectura":"1 minuto"},"schema":{"@context":"https:\/\/schema.org","@graph":[{"@type":"WebPage","@id":"https:\/\/printfactory.cloud\/es\/pruebas\/","url":"https:\/\/printfactory.cloud\/es\/pruebas\/","name":"Software de pruebas de impresi\u00f3n para el control de calidad - printfactory.cloud","isPartOf":{"@id":"https:\/\/printfactory.cloud\/es\/#website"},"primaryImageOfPage":{"@id":"https:\/\/printfactory.cloud\/es\/pruebas\/#primaryimage"},"image":{"@id":"https:\/\/printfactory.cloud\/es\/pruebas\/#primaryimage"},"thumbnailUrl":"https:\/\/printfactory.cloud\/wp-content\/uploads\/2026\/05\/Proofing-Banner-2026.webp","datePublished":"2023-06-15T09:57:22+00:00","dateModified":"2026-05-13T14:17:20+00:00","description":"Explora las ventajas de un software de pruebas de impresi\u00f3n como ProofMaster, dise\u00f1ado para obtener perfiles de color flexibles y de alta calidad.","breadcrumb":{"@id":"https:\/\/printfactory.cloud\/es\/pruebas\/#breadcrumb"},"inLanguage":"es","potentialAction":[{"@type":"ReadAction","target":["https:\/\/printfactory.cloud\/es\/pruebas\/"]}]},{"@type":"ImageObject","inLanguage":"es","@id":"https:\/\/printfactory.cloud\/es\/pruebas\/#primaryimage","url":"https:\/\/printfactory.cloud\/wp-content\/uploads\/2026\/05\/Proofing-Banner-2026.webp","contentUrl":"https:\/\/printfactory.cloud\/wp-content\/uploads\/2026\/05\/Proofing-Banner-2026.webp"},{"@type":"BreadcrumbList","@id":"https:\/\/printfactory.cloud\/es\/pruebas\/#breadcrumb","itemListElement":[{"@type":"ListItem","position":1,"name":"Home","item":"https:\/\/printfactory.cloud\/es\/control\/"},{"@type":"ListItem","position":2,"name":"Pruebas"}]},{"@type":"WebSite","@id":"https:\/\/printfactory.cloud\/es\/#website","url":"https:\/\/printfactory.cloud\/es\/","name":"printfactory.cloud","description":"One unified print production environment","publisher":{"@id":"https:\/\/printfactory.cloud\/es\/#organization"},"potentialAction":[{"@type":"SearchAction","target":{"@type":"EntryPoint","urlTemplate":"https:\/\/printfactory.cloud\/es\/?s={search_term_string}"},"query-input":{"@type":"PropertyValueSpecification","valueRequired":true,"valueName":"search_term_string"}}],"inLanguage":"es"},{"@type":"Organization","@id":"https:\/\/printfactory.cloud\/es\/#organization","name":"PrintFactory BV","url":"https:\/\/printfactory.cloud\/es\/","logo":{"@type":"ImageObject","inLanguage":"es","@id":"https:\/\/printfactory.cloud\/es\/#\/schema\/logo\/image\/","url":"https:\/\/printfactory.cloud\/wp-content\/uploads\/2023\/05\/PrintFactory-logo-1.webp","contentUrl":"https:\/\/printfactory.cloud\/wp-content\/uploads\/2023\/05\/PrintFactory-logo-1.webp","width":1375,"height":249,"caption":"PrintFactory BV"},"image":{"@id":"https:\/\/printfactory.cloud\/es\/#\/schema\/logo\/image\/"},"sameAs":["https:\/\/www.facebook.com\/printfactory.cloud","https:\/\/x.com\/PrintFactory_","https:\/\/www.linkedin.com\/company\/printfactoryworkflow\/","https:\/\/www.instagram.com\/printfactory.cloud\/","https:\/\/www.youtube.com\/@PrintFactoryWorkflow","https:\/\/www.threads.com\/@printfactory.cloud","https:\/\/bsky.app\/profile\/printfactorycloud.bsky.social"],"description":"PrintFactory: The Leading All-in-One Solution for Large-Format Printing PrintFactory is the premier provider of large-format printing solutions, delivering a powerful, unified software platform that streamlines and optimizes your entire print production process. With over 30 years of industry experience, we deeply understand the challenges printing professionals face\u2014and we've built PrintFactory as the ultimate all-in-one solution. Unlike traditional RIPs, PrintFactory goes far beyond basic functionality. It integrates every stage of the workflow\u2014from design to delivery\u2014into one seamless, cohesive platform. This eliminates the need for multiple tools, reduces complexity, and delivers a faster, more efficient experience that drives consistent quality and higher profitability. One platform. Total control. Built for printers, by printers. Discover more at printfactory.cloud","email":"info@printfactory.cloud","telephone":"+31 20 899 5953","legalName":"PrintFactory BV","vatID":"NL006403165B01"}]}},"_links":{"self":[{"href":"https:\/\/printfactory.cloud\/es\/wp-json\/wp\/v2\/pages\/22370","targetHints":{"allow":["GET"]}}],"collection":[{"href":"https:\/\/printfactory.cloud\/es\/wp-json\/wp\/v2\/pages"}],"about":[{"href":"https:\/\/printfactory.cloud\/es\/wp-json\/wp\/v2\/types\/page"}],"author":[{"embeddable":true,"href":"https:\/\/printfactory.cloud\/es\/wp-json\/wp\/v2\/users\/3"}],"replies":[{"embeddable":true,"href":"https:\/\/printfactory.cloud\/es\/wp-json\/wp\/v2\/comments?post=22370"}],"version-history":[{"count":10,"href":"https:\/\/printfactory.cloud\/es\/wp-json\/wp\/v2\/pages\/22370\/revisions"}],"predecessor-version":[{"id":51511,"href":"https:\/\/printfactory.cloud\/es\/wp-json\/wp\/v2\/pages\/22370\/revisions\/51511"}],"wp:attachment":[{"href":"https:\/\/printfactory.cloud\/es\/wp-json\/wp\/v2\/media?parent=22370"}],"curies":[{"name":"wp","href":"https:\/\/api.w.org\/{rel}","templated":true}]}}