{"id":23542,"date":"2023-08-11T16:04:49","date_gmt":"2023-08-11T14:04:49","guid":{"rendered":"https:\/\/printfactory.cloud\/el-metamerismo-ve-la-luz-en-los-retos-de-la-gestion-del-color\/"},"modified":"2026-03-26T12:58:30","modified_gmt":"2026-03-26T10:58:30","slug":"el-metamerismo-ve-la-luz-en-los-retos-de-la-gestion-del-color","status":"publish","type":"page","link":"https:\/\/printfactory.cloud\/es\/el-metamerismo-ve-la-luz-en-los-retos-de-la-gestion-del-color\/","title":{"rendered":"El metamerismo ve la luz en los retos de la gesti\u00f3n del color"},"content":{"rendered":"\t\t<div data-elementor-type=\"wp-page\" data-elementor-id=\"23542\" class=\"elementor elementor-23542 elementor-23508\" data-elementor-post-type=\"page\">\n\t\t\t\t<div class=\"elementor-element elementor-element-e369d5a e-flex e-con-boxed e-con e-parent\" data-id=\"e369d5a\" data-element_type=\"container\" data-e-type=\"container\">\n\t\t\t\t\t<div class=\"e-con-inner\">\n\t\t\t\t<div class=\"elementor-element elementor-element-1e814fa elementor-widget elementor-widget-heading\" data-id=\"1e814fa\" data-element_type=\"widget\" data-e-type=\"widget\" data-widget_type=\"heading.default\">\n\t\t\t\t<div class=\"elementor-widget-container\">\n\t\t\t\t\t<h4 class=\"elementor-heading-title elementor-size-default\">PrintFactory: Metamerismo - Ver la luz sobre los retos de la gesti\u00f3n del color<\/h4>\t\t\t\t<\/div>\n\t\t\t\t<\/div>\n\t\t\t\t\t<\/div>\n\t\t\t\t<\/div>\n\t\t<div class=\"elementor-element elementor-element-ed260f4 e-flex e-con-boxed e-con e-parent\" data-id=\"ed260f4\" data-element_type=\"container\" data-e-type=\"container\">\n\t\t\t\t\t<div class=\"e-con-inner\">\n\t\t\t\t<div class=\"elementor-element elementor-element-b6cb401 elementor-widget elementor-widget-text-editor\" data-id=\"b6cb401\" data-element_type=\"widget\" data-e-type=\"widget\" data-widget_type=\"text-editor.default\">\n\t\t\t\t<div class=\"elementor-widget-container\">\n\t\t\t\t\t\t\t\t\t<p>Lograr una reproducci\u00f3n precisa del color en la industria de la impresi\u00f3n es una tarea polifac\u00e9tica. Entre los diversos retos a los que se enfrentan los proveedores de servicios de impresi\u00f3n (PSP), uno que afecta significativamente a la uniformidad del color es el metamerismo. Este intrigante fen\u00f3meno introduce complejidades en el mundo de la gesti\u00f3n del color, lo que requiere un profundo conocimiento y soluciones innovadoras para obtener un resultado crom\u00e1tico preciso. En este art\u00edculo, nos adentramos en las profundidades del metamerismo, explorando su definici\u00f3n, sus implicaciones en la gesti\u00f3n del color y c\u00f3mo los PSP pueden abordar eficazmente el desajuste metam\u00e9rico mediante <a href=\"https:\/\/printfactory.cloud\/es\/color-uniforme\/\" target=\"_blank\" rel=\"noopener\">el perfilado DeviceLink.<\/a><\/p><p><strong>Entender el metamerismo<\/strong><\/p><p>El metamerismo, en esencia, es el fen\u00f3meno por el que dos muestras de color aparentemente id\u00e9nticas parecen diferentes cuando se someten a distintas condiciones de iluminaci\u00f3n. Nuestra percepci\u00f3n del color depende en gran medida de la reflectividad del material, de las capacidades perceptivas individuales y, quiz\u00e1 lo m\u00e1s importante, de la calidad de la luz. Las distintas longitudes de onda de la luz corresponden a colores diferentes, y las longitudes de onda absorbidas y reflejadas conforman nuestra experiencia visual.  <\/p><p>Sin embargo, la historia del color da un giro bajo diversas fuentes de luz que emiten distintas longitudes de onda. Considere un par de calcetines verdes; su aspecto bajo luz fluorescente, rica en longitudes de onda rojas y azules, diverge cuando se observan bajo la luz natural del d\u00eda, que incorpora longitudes de onda rojas, azules y verdes. <\/p><p><strong>El papel del metamerismo en la gesti\u00f3n del color<\/strong><\/p><p>Los profesionales de la impresi\u00f3n conocen bien el impacto del metamerismo. Debido a las variaciones en la pigmentaci\u00f3n de las tintas, los PSP se enfrentan a menudo a incoherencias de color cuando la salida de una impresora no coincide con la de otra en condiciones de iluminaci\u00f3n dispares. Esta discrepancia, sobre todo cuando se imprimen trabajos id\u00e9nticos en distintos sustratos, conlleva un desperdicio de recursos, como tiempo, tinta y soportes, durante los esfuerzos de resoluci\u00f3n de problemas destinados a conciliar las diferencias de color.  <\/p><p>Cuando los colores no coinciden en determinadas circunstancias de iluminaci\u00f3n, los perfiles deben ajustarse hasta identificar la mezcla correcta de colorantes, mitigando la influencia del metamerismo y logrando una reproducci\u00f3n fiel del color.<\/p><p><strong>Desaf\u00edos metam\u00e9ricos<\/strong><\/p><p>Dominar los entresijos del metamerismo requiere herramientas avanzadas de gesti\u00f3n del color. Se puede emplear un doble enfoque: reforzar la resistencia del color frente a la degradaci\u00f3n y generar salidas variantes. <\/p><p>La conversi\u00f3n de CMYK a CMYK surge como una t\u00e1ctica eficaz para mejorar la precisi\u00f3n del color en medio del dominio del metamerismo. Al aprovechar esta t\u00e9cnica de conversi\u00f3n directa para crear perfiles DeviceLink, se mantiene el canal de separaci\u00f3n del negro al reproducir el color. Un canal negro robusto disminuye el impacto de los cambios de iluminante, lo que se traduce en una menor degradaci\u00f3n del color metam\u00e9rico.  <\/p><p>Simular distintas condiciones de iluminaci\u00f3n y adaptar los colores en consecuencia es otra forma de abordar el metamerismo. Mediante la utilizaci\u00f3n de una herramienta de adaptaci\u00f3n de la luz (LAT) dentro del software de gesti\u00f3n del color, los PSP pueden simular contextos de visi\u00f3n aut\u00e9nticos m\u00e1s all\u00e1 de la luz diurna D50 normalizada. La LAT permite corregir los cambios de tonalidad en el equilibrio de grises, garantizando la neutralidad bajo una iluminaci\u00f3n espec\u00edfica. Al imprimir variantes de amarillo, verde, cian, azul, magenta y rojo y contrastarlas con el perfil original, las impresoras pueden discernir el equilibrio de grises \u00f3ptimo que armoniza con las condiciones de iluminaci\u00f3n de la pantalla.   <\/p><p><strong>Conquistar el metamerismo mediante la innovaci\u00f3n<\/strong><\/p><p>El metamerismo es uno de los numerosos obst\u00e1culos a los que se enfrentan los PSP en su b\u00fasqueda de una precisi\u00f3n crom\u00e1tica impecable en diversas impresoras y sustratos. El empleo de la m\u00e1s avanzada tecnolog\u00eda de gesti\u00f3n del color, junto con la creaci\u00f3n de perfiles DeviceLink, permite a las empresas de impresi\u00f3n superar este costoso fen\u00f3meno, logrando una armoniosa igualaci\u00f3n del color con independencia del entorno de iluminaci\u00f3n. <\/p><p>A medida que evoluciona el panorama de la impresi\u00f3n, los PSP equipados con el conocimiento de las complejidades del metamerismo y armados con soluciones innovadoras sin duda obtendr\u00e1n una ventaja competitiva en la entrega de resultados de color impecables, consistentes y fieles a la realidad.<\/p>\t\t\t\t\t\t\t\t<\/div>\n\t\t\t\t<\/div>\n\t\t\t\t\t<\/div>\n\t\t\t\t<\/div>\n\t\t<div class=\"elementor-element elementor-element-54f8cf8 e-flex e-con-boxed e-con e-parent\" data-id=\"54f8cf8\" data-element_type=\"container\" data-e-type=\"container\">\n\t\t\t\t\t<div class=\"e-con-inner\">\n\t\t\t\t<div class=\"elementor-element elementor-element-92c9ccf elementor-widget elementor-widget-image\" data-id=\"92c9ccf\" data-element_type=\"widget\" data-e-type=\"widget\" data-widget_type=\"image.default\">\n\t\t\t\t<div class=\"elementor-widget-container\">\n\t\t\t\t\t\t\t\t\t\t\t\t\t\t\t<img fetchpriority=\"high\" decoding=\"async\" width=\"800\" height=\"125\" src=\"https:\/\/i0.wp.com\/printfactory.cloud\/wp-content\/uploads\/2023\/08\/metamarism-web-banner.jpg?fit=800%2C125&amp;ssl=1\" class=\"attachment-large size-large wp-image-23520\" alt=\"Explore metamerism in color management to understand its impact on print accuracy and how to achieve consistent color reproduction with PrintFactory\" srcset=\"https:\/\/i0.wp.com\/printfactory.cloud\/wp-content\/uploads\/2023\/08\/metamarism-web-banner.jpg?w=2560&amp;ssl=1 2560w, https:\/\/i0.wp.com\/printfactory.cloud\/wp-content\/uploads\/2023\/08\/metamarism-web-banner.jpg?resize=300%2C47&amp;ssl=1 300w, https:\/\/i0.wp.com\/printfactory.cloud\/wp-content\/uploads\/2023\/08\/metamarism-web-banner.jpg?resize=1024%2C160&amp;ssl=1 1024w, https:\/\/i0.wp.com\/printfactory.cloud\/wp-content\/uploads\/2023\/08\/metamarism-web-banner.jpg?resize=768%2C120&amp;ssl=1 768w, https:\/\/i0.wp.com\/printfactory.cloud\/wp-content\/uploads\/2023\/08\/metamarism-web-banner.jpg?resize=1536%2C240&amp;ssl=1 1536w, https:\/\/i0.wp.com\/printfactory.cloud\/wp-content\/uploads\/2023\/08\/metamarism-web-banner.jpg?resize=2048%2C320&amp;ssl=1 2048w, https:\/\/i0.wp.com\/printfactory.cloud\/wp-content\/uploads\/2023\/08\/metamarism-web-banner.jpg?w=1600&amp;ssl=1 1600w, https:\/\/i0.wp.com\/printfactory.cloud\/wp-content\/uploads\/2023\/08\/metamarism-web-banner.jpg?w=2400&amp;ssl=1 2400w\" sizes=\"(max-width: 800px) 100vw, 800px\" \/>\t\t\t\t\t\t\t\t\t\t\t\t\t\t\t<\/div>\n\t\t\t\t<\/div>\n\t\t\t\t\t<\/div>\n\t\t\t\t<\/div>\n\t\t\t\t<\/div>\n\t\t","protected":false},"excerpt":{"rendered":"<p>PrintFactory: Metamerismo &#8211; Ver la luz sobre los retos de la gesti\u00f3n del color Lograr una reproducci\u00f3n precisa del color en la industria de la impresi\u00f3n es una tarea polifac\u00e9tica. Entre los diversos retos a los que se enfrentan los proveedores de servicios de impresi\u00f3n (PSP), uno que afecta significativamente a la uniformidad del color [&hellip;]<\/p>\n","protected":false},"author":3,"featured_media":0,"parent":0,"menu_order":0,"comment_status":"closed","ping_status":"closed","template":"","meta":{"_monsterinsights_skip_tracking":false,"_monsterinsights_sitenote_active":false,"_monsterinsights_sitenote_note":"","_monsterinsights_sitenote_category":0,"footnotes":""},"class_list":["post-23542","page","type-page","status-publish","hentry"],"yoast_head":"<!-- This site is optimized with the Yoast SEO Premium plugin v27.4 (Yoast SEO v27.4) - https:\/\/yoast.com\/product\/yoast-seo-premium-wordpress\/ -->\n<title>El metamerismo en la gesti\u00f3n del color explicado con claridad - printfactory.cloud<\/title>\n<meta name=\"description\" content=\"Explora el metamerismo en la gesti\u00f3n del color para comprender su impacto en la precisi\u00f3n de la impresi\u00f3n y c\u00f3mo lograr una reproducci\u00f3n coherente del color con PrintFactory.\" \/>\n<meta name=\"robots\" content=\"index, follow, max-snippet:-1, max-image-preview:large, max-video-preview:-1\" \/>\n<link rel=\"canonical\" href=\"https:\/\/printfactory.cloud\/es\/el-metamerismo-ve-la-luz-en-los-retos-de-la-gestion-del-color\/\" \/>\n<meta property=\"og:locale\" content=\"es_ES\" \/>\n<meta property=\"og:type\" content=\"article\" \/>\n<meta property=\"og:title\" content=\"El metamerismo ve la luz en los retos de la gesti\u00f3n del color\" \/>\n<meta property=\"og:description\" content=\"PrintFactory ONE PLATFORM. ONE WORKFLOW. TOTAL CONTROL. PrintFactory is a single, unified print production platform that replaces fragmented RIPs, editors, color tools, and workflow systems, while supporting all printer and cutter brands.\" \/>\n<meta property=\"og:url\" content=\"https:\/\/printfactory.cloud\/es\/el-metamerismo-ve-la-luz-en-los-retos-de-la-gestion-del-color\/\" \/>\n<meta property=\"og:site_name\" content=\"printfactory.cloud\" \/>\n<meta property=\"article:publisher\" content=\"https:\/\/www.facebook.com\/printfactory.cloud\" \/>\n<meta property=\"article:modified_time\" content=\"2026-03-26T10:58:30+00:00\" \/>\n<meta property=\"og:image\" content=\"https:\/\/i0.wp.com\/printfactory.cloud\/wp-content\/uploads\/2023\/08\/metamarism-web-banner.jpg?fit=2560%2C400&ssl=1\" \/>\n\t<meta property=\"og:image:width\" content=\"2560\" \/>\n\t<meta property=\"og:image:height\" content=\"400\" \/>\n\t<meta property=\"og:image:type\" content=\"image\/jpeg\" \/>\n<meta name=\"twitter:card\" content=\"summary_large_image\" \/>\n<meta name=\"twitter:site\" content=\"@PrintFactory_\" \/>\n<meta name=\"twitter:label1\" content=\"Tiempo de lectura\" \/>\n\t<meta name=\"twitter:data1\" content=\"4 minutos\" \/>\n<script type=\"application\/ld+json\" class=\"yoast-schema-graph\">{\"@context\":\"https:\\\/\\\/schema.org\",\"@graph\":[{\"@type\":\"WebPage\",\"@id\":\"https:\\\/\\\/printfactory.cloud\\\/es\\\/el-metamerismo-ve-la-luz-en-los-retos-de-la-gestion-del-color\\\/\",\"url\":\"https:\\\/\\\/printfactory.cloud\\\/es\\\/el-metamerismo-ve-la-luz-en-los-retos-de-la-gestion-del-color\\\/\",\"name\":\"El metamerismo en la gesti\u00f3n del color explicado con claridad - printfactory.cloud\",\"isPartOf\":{\"@id\":\"https:\\\/\\\/printfactory.cloud\\\/es\\\/#website\"},\"primaryImageOfPage\":{\"@id\":\"https:\\\/\\\/printfactory.cloud\\\/es\\\/el-metamerismo-ve-la-luz-en-los-retos-de-la-gestion-del-color\\\/#primaryimage\"},\"image\":{\"@id\":\"https:\\\/\\\/printfactory.cloud\\\/es\\\/el-metamerismo-ve-la-luz-en-los-retos-de-la-gestion-del-color\\\/#primaryimage\"},\"thumbnailUrl\":\"https:\\\/\\\/i0.wp.com\\\/printfactory.cloud\\\/wp-content\\\/uploads\\\/2023\\\/08\\\/metamarism-web-banner.jpg?fit=800%2C125&amp;ssl=1\",\"datePublished\":\"2023-08-11T14:04:49+00:00\",\"dateModified\":\"2026-03-26T10:58:30+00:00\",\"description\":\"Explora el metamerismo en la gesti\u00f3n del color para comprender su impacto en la precisi\u00f3n de la impresi\u00f3n y c\u00f3mo lograr una reproducci\u00f3n coherente del color con PrintFactory.\",\"breadcrumb\":{\"@id\":\"https:\\\/\\\/printfactory.cloud\\\/es\\\/el-metamerismo-ve-la-luz-en-los-retos-de-la-gestion-del-color\\\/#breadcrumb\"},\"inLanguage\":\"es\",\"potentialAction\":[{\"@type\":\"ReadAction\",\"target\":[\"https:\\\/\\\/printfactory.cloud\\\/es\\\/el-metamerismo-ve-la-luz-en-los-retos-de-la-gestion-del-color\\\/\"]}]},{\"@type\":\"ImageObject\",\"inLanguage\":\"es\",\"@id\":\"https:\\\/\\\/printfactory.cloud\\\/es\\\/el-metamerismo-ve-la-luz-en-los-retos-de-la-gestion-del-color\\\/#primaryimage\",\"url\":\"https:\\\/\\\/i0.wp.com\\\/printfactory.cloud\\\/wp-content\\\/uploads\\\/2023\\\/08\\\/metamarism-web-banner.jpg?fit=800%2C125&amp;ssl=1\",\"contentUrl\":\"https:\\\/\\\/i0.wp.com\\\/printfactory.cloud\\\/wp-content\\\/uploads\\\/2023\\\/08\\\/metamarism-web-banner.jpg?fit=800%2C125&amp;ssl=1\"},{\"@type\":\"BreadcrumbList\",\"@id\":\"https:\\\/\\\/printfactory.cloud\\\/es\\\/el-metamerismo-ve-la-luz-en-los-retos-de-la-gestion-del-color\\\/#breadcrumb\",\"itemListElement\":[{\"@type\":\"ListItem\",\"position\":1,\"name\":\"Home\",\"item\":\"https:\\\/\\\/printfactory.cloud\\\/es\\\/\"},{\"@type\":\"ListItem\",\"position\":2,\"name\":\"El metamerismo ve la luz en los retos de la gesti\u00f3n del color\"}]},{\"@type\":\"WebSite\",\"@id\":\"https:\\\/\\\/printfactory.cloud\\\/es\\\/#website\",\"url\":\"https:\\\/\\\/printfactory.cloud\\\/es\\\/\",\"name\":\"printfactory.cloud\",\"description\":\"One unified production environment\",\"publisher\":{\"@id\":\"https:\\\/\\\/printfactory.cloud\\\/es\\\/#organization\"},\"potentialAction\":[{\"@type\":\"SearchAction\",\"target\":{\"@type\":\"EntryPoint\",\"urlTemplate\":\"https:\\\/\\\/printfactory.cloud\\\/es\\\/?s={search_term_string}\"},\"query-input\":{\"@type\":\"PropertyValueSpecification\",\"valueRequired\":true,\"valueName\":\"search_term_string\"}}],\"inLanguage\":\"es\"},{\"@type\":\"Organization\",\"@id\":\"https:\\\/\\\/printfactory.cloud\\\/es\\\/#organization\",\"name\":\"PrintFactory\",\"url\":\"https:\\\/\\\/printfactory.cloud\\\/es\\\/\",\"logo\":{\"@type\":\"ImageObject\",\"inLanguage\":\"es\",\"@id\":\"https:\\\/\\\/printfactory.cloud\\\/es\\\/#\\\/schema\\\/logo\\\/image\\\/\",\"url\":\"https:\\\/\\\/i0.wp.com\\\/printfactory.cloud\\\/wp-content\\\/uploads\\\/2023\\\/05\\\/PrintFactory-web.jpg?fit=350%2C63&ssl=1\",\"contentUrl\":\"https:\\\/\\\/i0.wp.com\\\/printfactory.cloud\\\/wp-content\\\/uploads\\\/2023\\\/05\\\/PrintFactory-web.jpg?fit=350%2C63&ssl=1\",\"width\":350,\"height\":63,\"caption\":\"PrintFactory\"},\"image\":{\"@id\":\"https:\\\/\\\/printfactory.cloud\\\/es\\\/#\\\/schema\\\/logo\\\/image\\\/\"},\"sameAs\":[\"https:\\\/\\\/www.facebook.com\\\/printfactory.cloud\",\"https:\\\/\\\/x.com\\\/PrintFactory_\",\"https:\\\/\\\/www.linkedin.com\\\/company\\\/printfactoryworkflow\\\/\",\"https:\\\/\\\/www.instagram.com\\\/printfactory.cloud\\\/\",\"https:\\\/\\\/www.youtube.com\\\/@PrintFactoryWorkflow\",\"https:\\\/\\\/www.threads.com\\\/@printfactory.cloud\",\"https:\\\/\\\/bsky.app\\\/profile\\\/printfactorycloud.bsky.social\"]}]}<\/script>\n<!-- \/ Yoast SEO Premium plugin. -->","yoast_head_json":{"title":"El metamerismo en la gesti\u00f3n del color explicado con claridad - printfactory.cloud","description":"Explora el metamerismo en la gesti\u00f3n del color para comprender su impacto en la precisi\u00f3n de la impresi\u00f3n y c\u00f3mo lograr una reproducci\u00f3n coherente del color con PrintFactory.","robots":{"index":"index","follow":"follow","max-snippet":"max-snippet:-1","max-image-preview":"max-image-preview:large","max-video-preview":"max-video-preview:-1"},"canonical":"https:\/\/printfactory.cloud\/es\/el-metamerismo-ve-la-luz-en-los-retos-de-la-gestion-del-color\/","og_locale":"es_ES","og_type":"article","og_title":"El metamerismo ve la luz en los retos de la gesti\u00f3n del color","og_description":"PrintFactory ONE PLATFORM. ONE WORKFLOW. TOTAL CONTROL. PrintFactory is a single, unified print production platform that replaces fragmented RIPs, editors, color tools, and workflow systems, while supporting all printer and cutter brands.","og_url":"https:\/\/printfactory.cloud\/es\/el-metamerismo-ve-la-luz-en-los-retos-de-la-gestion-del-color\/","og_site_name":"printfactory.cloud","article_publisher":"https:\/\/www.facebook.com\/printfactory.cloud","article_modified_time":"2026-03-26T10:58:30+00:00","og_image":[{"width":2560,"height":400,"url":"https:\/\/i0.wp.com\/printfactory.cloud\/wp-content\/uploads\/2023\/08\/metamarism-web-banner.jpg?fit=2560%2C400&ssl=1","type":"image\/jpeg"}],"twitter_card":"summary_large_image","twitter_site":"@PrintFactory_","twitter_misc":{"Tiempo de lectura":"4 minutos"},"schema":{"@context":"https:\/\/schema.org","@graph":[{"@type":"WebPage","@id":"https:\/\/printfactory.cloud\/es\/el-metamerismo-ve-la-luz-en-los-retos-de-la-gestion-del-color\/","url":"https:\/\/printfactory.cloud\/es\/el-metamerismo-ve-la-luz-en-los-retos-de-la-gestion-del-color\/","name":"El metamerismo en la gesti\u00f3n del color explicado con claridad - printfactory.cloud","isPartOf":{"@id":"https:\/\/printfactory.cloud\/es\/#website"},"primaryImageOfPage":{"@id":"https:\/\/printfactory.cloud\/es\/el-metamerismo-ve-la-luz-en-los-retos-de-la-gestion-del-color\/#primaryimage"},"image":{"@id":"https:\/\/printfactory.cloud\/es\/el-metamerismo-ve-la-luz-en-los-retos-de-la-gestion-del-color\/#primaryimage"},"thumbnailUrl":"https:\/\/i0.wp.com\/printfactory.cloud\/wp-content\/uploads\/2023\/08\/metamarism-web-banner.jpg?fit=800%2C125&amp;ssl=1","datePublished":"2023-08-11T14:04:49+00:00","dateModified":"2026-03-26T10:58:30+00:00","description":"Explora el metamerismo en la gesti\u00f3n del color para comprender su impacto en la precisi\u00f3n de la impresi\u00f3n y c\u00f3mo lograr una reproducci\u00f3n coherente del color con PrintFactory.","breadcrumb":{"@id":"https:\/\/printfactory.cloud\/es\/el-metamerismo-ve-la-luz-en-los-retos-de-la-gestion-del-color\/#breadcrumb"},"inLanguage":"es","potentialAction":[{"@type":"ReadAction","target":["https:\/\/printfactory.cloud\/es\/el-metamerismo-ve-la-luz-en-los-retos-de-la-gestion-del-color\/"]}]},{"@type":"ImageObject","inLanguage":"es","@id":"https:\/\/printfactory.cloud\/es\/el-metamerismo-ve-la-luz-en-los-retos-de-la-gestion-del-color\/#primaryimage","url":"https:\/\/i0.wp.com\/printfactory.cloud\/wp-content\/uploads\/2023\/08\/metamarism-web-banner.jpg?fit=800%2C125&amp;ssl=1","contentUrl":"https:\/\/i0.wp.com\/printfactory.cloud\/wp-content\/uploads\/2023\/08\/metamarism-web-banner.jpg?fit=800%2C125&amp;ssl=1"},{"@type":"BreadcrumbList","@id":"https:\/\/printfactory.cloud\/es\/el-metamerismo-ve-la-luz-en-los-retos-de-la-gestion-del-color\/#breadcrumb","itemListElement":[{"@type":"ListItem","position":1,"name":"Home","item":"https:\/\/printfactory.cloud\/es\/"},{"@type":"ListItem","position":2,"name":"El metamerismo ve la luz en los retos de la gesti\u00f3n del color"}]},{"@type":"WebSite","@id":"https:\/\/printfactory.cloud\/es\/#website","url":"https:\/\/printfactory.cloud\/es\/","name":"printfactory.cloud","description":"One unified production environment","publisher":{"@id":"https:\/\/printfactory.cloud\/es\/#organization"},"potentialAction":[{"@type":"SearchAction","target":{"@type":"EntryPoint","urlTemplate":"https:\/\/printfactory.cloud\/es\/?s={search_term_string}"},"query-input":{"@type":"PropertyValueSpecification","valueRequired":true,"valueName":"search_term_string"}}],"inLanguage":"es"},{"@type":"Organization","@id":"https:\/\/printfactory.cloud\/es\/#organization","name":"PrintFactory","url":"https:\/\/printfactory.cloud\/es\/","logo":{"@type":"ImageObject","inLanguage":"es","@id":"https:\/\/printfactory.cloud\/es\/#\/schema\/logo\/image\/","url":"https:\/\/i0.wp.com\/printfactory.cloud\/wp-content\/uploads\/2023\/05\/PrintFactory-web.jpg?fit=350%2C63&ssl=1","contentUrl":"https:\/\/i0.wp.com\/printfactory.cloud\/wp-content\/uploads\/2023\/05\/PrintFactory-web.jpg?fit=350%2C63&ssl=1","width":350,"height":63,"caption":"PrintFactory"},"image":{"@id":"https:\/\/printfactory.cloud\/es\/#\/schema\/logo\/image\/"},"sameAs":["https:\/\/www.facebook.com\/printfactory.cloud","https:\/\/x.com\/PrintFactory_","https:\/\/www.linkedin.com\/company\/printfactoryworkflow\/","https:\/\/www.instagram.com\/printfactory.cloud\/","https:\/\/www.youtube.com\/@PrintFactoryWorkflow","https:\/\/www.threads.com\/@printfactory.cloud","https:\/\/bsky.app\/profile\/printfactorycloud.bsky.social"]}]}},"jetpack_sharing_enabled":true,"_links":{"self":[{"href":"https:\/\/printfactory.cloud\/es\/wp-json\/wp\/v2\/pages\/23542","targetHints":{"allow":["GET"]}}],"collection":[{"href":"https:\/\/printfactory.cloud\/es\/wp-json\/wp\/v2\/pages"}],"about":[{"href":"https:\/\/printfactory.cloud\/es\/wp-json\/wp\/v2\/types\/page"}],"author":[{"embeddable":true,"href":"https:\/\/printfactory.cloud\/es\/wp-json\/wp\/v2\/users\/3"}],"replies":[{"embeddable":true,"href":"https:\/\/printfactory.cloud\/es\/wp-json\/wp\/v2\/comments?post=23542"}],"version-history":[{"count":9,"href":"https:\/\/printfactory.cloud\/es\/wp-json\/wp\/v2\/pages\/23542\/revisions"}],"predecessor-version":[{"id":37506,"href":"https:\/\/printfactory.cloud\/es\/wp-json\/wp\/v2\/pages\/23542\/revisions\/37506"}],"wp:attachment":[{"href":"https:\/\/printfactory.cloud\/es\/wp-json\/wp\/v2\/media?parent=23542"}],"curies":[{"name":"wp","href":"https:\/\/api.w.org\/{rel}","templated":true}]}}