{"id":23529,"date":"2023-08-11T16:04:49","date_gmt":"2023-08-11T14:04:49","guid":{"rendered":"https:\/\/printfactory.cloud\/metamerisme-la-lumiere-sur-les-defis-de-la-gestion-des-couleurs\/"},"modified":"2026-03-26T12:58:33","modified_gmt":"2026-03-26T10:58:33","slug":"metamerisme-la-lumiere-sur-les-defis-de-la-gestion-des-couleurs","status":"publish","type":"page","link":"https:\/\/printfactory.cloud\/fr\/metamerisme-la-lumiere-sur-les-defis-de-la-gestion-des-couleurs\/","title":{"rendered":"Le m\u00e9tam\u00e9risme, une lumi\u00e8re sur les d\u00e9fis de la gestion des couleurs"},"content":{"rendered":"\t\t<div data-elementor-type=\"wp-page\" data-elementor-id=\"23529\" class=\"elementor elementor-23529 elementor-23508\" data-elementor-post-type=\"page\">\n\t\t\t\t<div class=\"elementor-element elementor-element-e369d5a e-flex e-con-boxed e-con e-parent\" data-id=\"e369d5a\" data-element_type=\"container\" data-e-type=\"container\">\n\t\t\t\t\t<div class=\"e-con-inner\">\n\t\t\t\t<div class=\"elementor-element elementor-element-1e814fa elementor-widget elementor-widget-heading\" data-id=\"1e814fa\" data-element_type=\"widget\" data-e-type=\"widget\" data-widget_type=\"heading.default\">\n\t\t\t\t<div class=\"elementor-widget-container\">\n\t\t\t\t\t<h4 class=\"elementor-heading-title elementor-size-default\">PrintFactory : M\u00e9tam\u00e9risme - Voir la lumi\u00e8re sur les d\u00e9fis de la gestion des couleurs<\/h4>\t\t\t\t<\/div>\n\t\t\t\t<\/div>\n\t\t\t\t\t<\/div>\n\t\t\t\t<\/div>\n\t\t<div class=\"elementor-element elementor-element-ed260f4 e-flex e-con-boxed e-con e-parent\" data-id=\"ed260f4\" data-element_type=\"container\" data-e-type=\"container\">\n\t\t\t\t\t<div class=\"e-con-inner\">\n\t\t\t\t<div class=\"elementor-element elementor-element-b6cb401 elementor-widget elementor-widget-text-editor\" data-id=\"b6cb401\" data-element_type=\"widget\" data-e-type=\"widget\" data-widget_type=\"text-editor.default\">\n\t\t\t\t<div class=\"elementor-widget-container\">\n\t\t\t\t\t\t\t\t\t<p>L&rsquo;obtention d&rsquo;une reproduction fid\u00e8le des couleurs dans l&rsquo;industrie de l&rsquo;impression est une entreprise aux multiples facettes. Parmi les diff\u00e9rents d\u00e9fis que rencontrent les fournisseurs de services d&rsquo;impression (PSP), l&rsquo;un d&rsquo;entre eux a un impact significatif sur la coh\u00e9rence des couleurs : le m\u00e9tam\u00e9risme. Ce ph\u00e9nom\u00e8ne intrigant introduit des complexit\u00e9s dans le monde de la gestion des couleurs, n\u00e9cessitant une compr\u00e9hension approfondie et des solutions innovantes pour une production pr\u00e9cise des couleurs. Dans cet article, nous nous plongeons dans les profondeurs du m\u00e9tam\u00e9risme, en explorant sa d\u00e9finition, ses implications sur la gestion des couleurs et la mani\u00e8re dont les PSP peuvent traiter efficacement le d\u00e9calage m\u00e9tam\u00e9rique gr\u00e2ce au <a href=\"https:\/\/printfactory.cloud\/fr\/couleur-homogene\/\" target=\"_blank\" rel=\"noopener\">profilage DeviceLink.<\/a><\/p><p><strong>Comprendre le m\u00e9tam\u00e9risme<\/strong><\/p><p>Le m\u00e9tam\u00e9risme est le ph\u00e9nom\u00e8ne par lequel deux \u00e9chantillons de couleur apparemment identiques apparaissent diff\u00e9rents lorsqu&rsquo;ils sont soumis \u00e0 des conditions d&rsquo;\u00e9clairage diff\u00e9rentes. Notre perception des couleurs d\u00e9pend fortement de la r\u00e9flectivit\u00e9 des mat\u00e9riaux, des capacit\u00e9s perceptives individuelles et, peut-\u00eatre plus important encore, de la qualit\u00e9 de la lumi\u00e8re. Les diff\u00e9rentes longueurs d&rsquo;onde de la lumi\u00e8re correspondent \u00e0 des couleurs diff\u00e9rentes, les longueurs d&rsquo;onde absorb\u00e9es et r\u00e9fl\u00e9chies fa\u00e7onnant notre exp\u00e9rience visuelle.  <\/p><p>Cependant, l&rsquo;histoire des couleurs prend une tournure diff\u00e9rente sous diverses sources lumineuses qui \u00e9mettent des longueurs d&rsquo;onde distinctes. Prenons l&rsquo;exemple d&rsquo;une paire de chaussettes vertes : leur apparence sous une lumi\u00e8re fluorescente, riche en longueurs d&rsquo;onde rouges et bleues, diverge lorsqu&rsquo;elles sont observ\u00e9es \u00e0 la lumi\u00e8re du jour, qui incorpore des longueurs d&rsquo;onde rouges, bleues et vertes. <\/p><p><strong>R\u00f4le du m\u00e9tam\u00e9risme dans la gestion des couleurs<\/strong><\/p><p>Les professionnels de l&rsquo;impression connaissent bien l&rsquo;impact du m\u00e9tam\u00e9risme. En raison des variations de pigmentation de l&rsquo;encre, les PSP sont souvent confront\u00e9s \u00e0 des incoh\u00e9rences de couleur lorsque la sortie d&rsquo;une imprimante ne correspond pas \u00e0 celle d&rsquo;une autre dans des conditions d&rsquo;\u00e9clairage disparates. Cet \u00e9cart, en particulier lors de l&rsquo;impression de travaux identiques sur diff\u00e9rents substrats, entra\u00eene un gaspillage des ressources, notamment du temps, de l&rsquo;encre et des supports, lors des efforts de d\u00e9pannage visant \u00e0 r\u00e9concilier les diff\u00e9rences de couleur.  <\/p><p>Lorsque les couleurs ne correspondent pas dans des circonstances d&rsquo;\u00e9clairage sp\u00e9cifiques, les profils doivent \u00eatre ajust\u00e9s jusqu&rsquo;\u00e0 ce que le bon m\u00e9lange de colorants soit identifi\u00e9, ce qui permet d&rsquo;att\u00e9nuer l&rsquo;influence du m\u00e9tam\u00e9risme et d&rsquo;obtenir une reproduction fid\u00e8le des couleurs.<\/p><p><strong>Relever les d\u00e9fis m\u00e9tam\u00e9riques<\/strong><\/p><p>La ma\u00eetrise des subtilit\u00e9s du m\u00e9tam\u00e9risme n\u00e9cessite des outils avanc\u00e9s de gestion des couleurs. Une double approche peut \u00eatre employ\u00e9e : renforcer la r\u00e9sistance des couleurs \u00e0 la d\u00e9gradation et g\u00e9n\u00e9rer des variantes. <\/p><p>La conversion CMJN \u00e0 CMJN appara\u00eet comme une tactique efficace pour am\u00e9liorer la pr\u00e9cision des couleurs dans le contexte de l&rsquo;influence du m\u00e9tam\u00e9risme. L&rsquo;utilisation de cette technique de conversion directe pour cr\u00e9er des profils DeviceLink permet de conserver le canal de s\u00e9paration du noir lors de la reproduction de la couleur. Un canal noir robuste diminue l&rsquo;impact des changements d&rsquo;illuminant, ce qui r\u00e9duit la d\u00e9gradation des couleurs m\u00e9tam\u00e9riques.  <\/p><p>La simulation de diverses conditions d&rsquo;\u00e9clairage et l&rsquo;adaptation des couleurs en cons\u00e9quence constituent un autre moyen de lutter contre le m\u00e9tam\u00e9risme. Gr\u00e2ce \u00e0 l&rsquo;utilisation d&rsquo;un outil d&rsquo;adaptation \u00e0 la lumi\u00e8re (LAT) dans le logiciel de gestion des couleurs, les PSP peuvent simuler des contextes de visualisation authentiques au-del\u00e0 de la lumi\u00e8re du jour normalis\u00e9e D50. Le LAT permet de corriger les variations de teinte dans la balance des gris, ce qui garantit la neutralit\u00e9 sous certains \u00e9clairages. En imprimant des variantes de jaune, de vert, de cyan, de bleu, de magenta et de rouge et en les contrastant avec le profil original, les imprimeurs peuvent discerner la balance des gris optimale qui s&rsquo;harmonise avec les conditions d&rsquo;\u00e9clairage de l&rsquo;\u00e9cran.   <\/p><p><strong>Vaincre le m\u00e9tam\u00e9risme par l&rsquo;innovation<\/strong><\/p><p>Le m\u00e9tam\u00e9risme est l&rsquo;un des nombreux obstacles auxquels les PSP sont confront\u00e9s dans leur qu\u00eate d&rsquo;une pr\u00e9cision des couleurs irr\u00e9prochable sur diff\u00e9rentes imprimantes et diff\u00e9rents substrats. L&rsquo;utilisation d&rsquo;une technologie de gestion des couleurs de pointe, associ\u00e9e au profilage DeviceLink, permet aux entreprises d&rsquo;impression de surmonter ce ph\u00e9nom\u00e8ne co\u00fbteux, en obtenant une correspondance harmonieuse des couleurs, quel que soit l&rsquo;environnement lumineux. <\/p><p>\u00c0 mesure que le paysage de l&rsquo;impression \u00e9volue, les prestataires de services d&rsquo;impression qui connaissent les subtilit\u00e9s du m\u00e9tam\u00e9risme et qui sont arm\u00e9s de solutions innovantes gagneront sans aucun doute un avantage concurrentiel en produisant des couleurs impeccables, coh\u00e9rentes et fid\u00e8les \u00e0 la r\u00e9alit\u00e9.<\/p>\t\t\t\t\t\t\t\t<\/div>\n\t\t\t\t<\/div>\n\t\t\t\t\t<\/div>\n\t\t\t\t<\/div>\n\t\t<div class=\"elementor-element elementor-element-54f8cf8 e-flex e-con-boxed e-con e-parent\" data-id=\"54f8cf8\" data-element_type=\"container\" data-e-type=\"container\">\n\t\t\t\t\t<div class=\"e-con-inner\">\n\t\t\t\t<div class=\"elementor-element elementor-element-92c9ccf elementor-widget elementor-widget-image\" data-id=\"92c9ccf\" data-element_type=\"widget\" data-e-type=\"widget\" data-widget_type=\"image.default\">\n\t\t\t\t<div class=\"elementor-widget-container\">\n\t\t\t\t\t\t\t\t\t\t\t\t\t\t\t<img fetchpriority=\"high\" decoding=\"async\" width=\"800\" height=\"125\" src=\"https:\/\/i0.wp.com\/printfactory.cloud\/wp-content\/uploads\/2023\/08\/metamarism-web-banner.jpg?fit=800%2C125&amp;ssl=1\" class=\"attachment-large size-large wp-image-23513\" alt=\"Explore metamerism in color management to understand its impact on print accuracy and how to achieve consistent color reproduction with PrintFactory\" srcset=\"https:\/\/i0.wp.com\/printfactory.cloud\/wp-content\/uploads\/2023\/08\/metamarism-web-banner.jpg?w=2560&amp;ssl=1 2560w, https:\/\/i0.wp.com\/printfactory.cloud\/wp-content\/uploads\/2023\/08\/metamarism-web-banner.jpg?resize=300%2C47&amp;ssl=1 300w, https:\/\/i0.wp.com\/printfactory.cloud\/wp-content\/uploads\/2023\/08\/metamarism-web-banner.jpg?resize=1024%2C160&amp;ssl=1 1024w, https:\/\/i0.wp.com\/printfactory.cloud\/wp-content\/uploads\/2023\/08\/metamarism-web-banner.jpg?resize=768%2C120&amp;ssl=1 768w, https:\/\/i0.wp.com\/printfactory.cloud\/wp-content\/uploads\/2023\/08\/metamarism-web-banner.jpg?resize=1536%2C240&amp;ssl=1 1536w, https:\/\/i0.wp.com\/printfactory.cloud\/wp-content\/uploads\/2023\/08\/metamarism-web-banner.jpg?resize=2048%2C320&amp;ssl=1 2048w, https:\/\/i0.wp.com\/printfactory.cloud\/wp-content\/uploads\/2023\/08\/metamarism-web-banner.jpg?w=1600&amp;ssl=1 1600w, https:\/\/i0.wp.com\/printfactory.cloud\/wp-content\/uploads\/2023\/08\/metamarism-web-banner.jpg?w=2400&amp;ssl=1 2400w\" sizes=\"(max-width: 800px) 100vw, 800px\" \/>\t\t\t\t\t\t\t\t\t\t\t\t\t\t\t<\/div>\n\t\t\t\t<\/div>\n\t\t\t\t\t<\/div>\n\t\t\t\t<\/div>\n\t\t\t\t<\/div>\n\t\t","protected":false},"excerpt":{"rendered":"<p>PrintFactory : M\u00e9tam\u00e9risme &#8211; Voir la lumi\u00e8re sur les d\u00e9fis de la gestion des couleurs L&rsquo;obtention d&rsquo;une reproduction fid\u00e8le des couleurs dans l&rsquo;industrie de l&rsquo;impression est une entreprise aux multiples facettes. Parmi les diff\u00e9rents d\u00e9fis que rencontrent les fournisseurs de services d&rsquo;impression (PSP), l&rsquo;un d&rsquo;entre eux a un impact significatif sur la coh\u00e9rence des couleurs [&hellip;]<\/p>\n","protected":false},"author":3,"featured_media":0,"parent":0,"menu_order":0,"comment_status":"closed","ping_status":"closed","template":"","meta":{"_monsterinsights_skip_tracking":false,"_monsterinsights_sitenote_active":false,"_monsterinsights_sitenote_note":"","_monsterinsights_sitenote_category":0,"footnotes":""},"class_list":["post-23529","page","type-page","status-publish","hentry"],"yoast_head":"<!-- This site is optimized with the Yoast SEO Premium plugin v27.3 (Yoast SEO v27.3) - https:\/\/yoast.com\/product\/yoast-seo-premium-wordpress\/ -->\n<title>Le m\u00e9tam\u00e9risme dans la gestion des couleurs expliqu\u00e9 clairement - printfactory.cloud%.<\/title>\n<meta name=\"description\" content=\"Explorez le m\u00e9tam\u00e9risme dans la gestion des couleurs pour comprendre son impact sur la pr\u00e9cision de l&#039;impression et comment obtenir une reproduction coh\u00e9rente des couleurs avec PrintFactory.\" \/>\n<meta name=\"robots\" content=\"index, follow, max-snippet:-1, max-image-preview:large, max-video-preview:-1\" \/>\n<link rel=\"canonical\" href=\"https:\/\/printfactory.cloud\/fr\/metamerisme-la-lumiere-sur-les-defis-de-la-gestion-des-couleurs\/\" \/>\n<meta property=\"og:locale\" content=\"fr_FR\" \/>\n<meta property=\"og:type\" content=\"article\" \/>\n<meta property=\"og:title\" content=\"Le m\u00e9tam\u00e9risme, une lumi\u00e8re sur les d\u00e9fis de la gestion des couleurs\" \/>\n<meta property=\"og:description\" content=\"PrintFactory ONE PLATFORM. ONE WORKFLOW. TOTAL CONTROL. PrintFactory is a single, unified print production platform that replaces fragmented RIPs, editors, color tools, and workflow systems, while supporting all printer and cutter brands.\" \/>\n<meta property=\"og:url\" content=\"https:\/\/printfactory.cloud\/fr\/metamerisme-la-lumiere-sur-les-defis-de-la-gestion-des-couleurs\/\" \/>\n<meta property=\"og:site_name\" content=\"printfactory.cloud\" \/>\n<meta property=\"article:publisher\" content=\"https:\/\/www.facebook.com\/printfactory.cloud\" \/>\n<meta property=\"article:modified_time\" content=\"2026-03-26T10:58:33+00:00\" \/>\n<meta property=\"og:image\" content=\"https:\/\/i0.wp.com\/printfactory.cloud\/wp-content\/uploads\/2023\/08\/metamarism-web-banner.jpg?fit=2560%2C400&ssl=1\" \/>\n\t<meta property=\"og:image:width\" content=\"2560\" \/>\n\t<meta property=\"og:image:height\" content=\"400\" \/>\n\t<meta property=\"og:image:type\" content=\"image\/jpeg\" \/>\n<meta name=\"twitter:card\" content=\"summary_large_image\" \/>\n<meta name=\"twitter:site\" content=\"@PrintFactory_\" \/>\n<meta name=\"twitter:label1\" content=\"Dur\u00e9e de lecture estim\u00e9e\" \/>\n\t<meta name=\"twitter:data1\" content=\"4 minutes\" \/>\n<script type=\"application\/ld+json\" class=\"yoast-schema-graph\">{\"@context\":\"https:\\\/\\\/schema.org\",\"@graph\":[{\"@type\":\"WebPage\",\"@id\":\"https:\\\/\\\/printfactory.cloud\\\/fr\\\/metamerisme-la-lumiere-sur-les-defis-de-la-gestion-des-couleurs\\\/\",\"url\":\"https:\\\/\\\/printfactory.cloud\\\/fr\\\/metamerisme-la-lumiere-sur-les-defis-de-la-gestion-des-couleurs\\\/\",\"name\":\"Le m\u00e9tam\u00e9risme dans la gestion des couleurs expliqu\u00e9 clairement - printfactory.cloud%.\",\"isPartOf\":{\"@id\":\"https:\\\/\\\/printfactory.cloud\\\/fr\\\/#website\"},\"primaryImageOfPage\":{\"@id\":\"https:\\\/\\\/printfactory.cloud\\\/fr\\\/metamerisme-la-lumiere-sur-les-defis-de-la-gestion-des-couleurs\\\/#primaryimage\"},\"image\":{\"@id\":\"https:\\\/\\\/printfactory.cloud\\\/fr\\\/metamerisme-la-lumiere-sur-les-defis-de-la-gestion-des-couleurs\\\/#primaryimage\"},\"thumbnailUrl\":\"https:\\\/\\\/i0.wp.com\\\/printfactory.cloud\\\/wp-content\\\/uploads\\\/2023\\\/08\\\/metamarism-web-banner.jpg?fit=800%2C125&amp;ssl=1\",\"datePublished\":\"2023-08-11T14:04:49+00:00\",\"dateModified\":\"2026-03-26T10:58:33+00:00\",\"description\":\"Explorez le m\u00e9tam\u00e9risme dans la gestion des couleurs pour comprendre son impact sur la pr\u00e9cision de l'impression et comment obtenir une reproduction coh\u00e9rente des couleurs avec PrintFactory.\",\"breadcrumb\":{\"@id\":\"https:\\\/\\\/printfactory.cloud\\\/fr\\\/metamerisme-la-lumiere-sur-les-defis-de-la-gestion-des-couleurs\\\/#breadcrumb\"},\"inLanguage\":\"fr-FR\",\"potentialAction\":[{\"@type\":\"ReadAction\",\"target\":[\"https:\\\/\\\/printfactory.cloud\\\/fr\\\/metamerisme-la-lumiere-sur-les-defis-de-la-gestion-des-couleurs\\\/\"]}]},{\"@type\":\"ImageObject\",\"inLanguage\":\"fr-FR\",\"@id\":\"https:\\\/\\\/printfactory.cloud\\\/fr\\\/metamerisme-la-lumiere-sur-les-defis-de-la-gestion-des-couleurs\\\/#primaryimage\",\"url\":\"https:\\\/\\\/i0.wp.com\\\/printfactory.cloud\\\/wp-content\\\/uploads\\\/2023\\\/08\\\/metamarism-web-banner.jpg?fit=800%2C125&amp;ssl=1\",\"contentUrl\":\"https:\\\/\\\/i0.wp.com\\\/printfactory.cloud\\\/wp-content\\\/uploads\\\/2023\\\/08\\\/metamarism-web-banner.jpg?fit=800%2C125&amp;ssl=1\"},{\"@type\":\"BreadcrumbList\",\"@id\":\"https:\\\/\\\/printfactory.cloud\\\/fr\\\/metamerisme-la-lumiere-sur-les-defis-de-la-gestion-des-couleurs\\\/#breadcrumb\",\"itemListElement\":[{\"@type\":\"ListItem\",\"position\":1,\"name\":\"Home\",\"item\":\"https:\\\/\\\/printfactory.cloud\\\/fr\\\/controle\\\/\"},{\"@type\":\"ListItem\",\"position\":2,\"name\":\"Le m\u00e9tam\u00e9risme, une lumi\u00e8re sur les d\u00e9fis de la gestion des couleurs\"}]},{\"@type\":\"WebSite\",\"@id\":\"https:\\\/\\\/printfactory.cloud\\\/fr\\\/#website\",\"url\":\"https:\\\/\\\/printfactory.cloud\\\/fr\\\/\",\"name\":\"printfactory.cloud\",\"description\":\"One unified production environment\",\"publisher\":{\"@id\":\"https:\\\/\\\/printfactory.cloud\\\/fr\\\/#organization\"},\"potentialAction\":[{\"@type\":\"SearchAction\",\"target\":{\"@type\":\"EntryPoint\",\"urlTemplate\":\"https:\\\/\\\/printfactory.cloud\\\/fr\\\/?s={search_term_string}\"},\"query-input\":{\"@type\":\"PropertyValueSpecification\",\"valueRequired\":true,\"valueName\":\"search_term_string\"}}],\"inLanguage\":\"fr-FR\"},{\"@type\":\"Organization\",\"@id\":\"https:\\\/\\\/printfactory.cloud\\\/fr\\\/#organization\",\"name\":\"PrintFactory\",\"url\":\"https:\\\/\\\/printfactory.cloud\\\/fr\\\/\",\"logo\":{\"@type\":\"ImageObject\",\"inLanguage\":\"fr-FR\",\"@id\":\"https:\\\/\\\/printfactory.cloud\\\/fr\\\/#\\\/schema\\\/logo\\\/image\\\/\",\"url\":\"https:\\\/\\\/i0.wp.com\\\/printfactory.cloud\\\/wp-content\\\/uploads\\\/2023\\\/05\\\/PrintFactory-web.jpg?fit=350%2C63&ssl=1\",\"contentUrl\":\"https:\\\/\\\/i0.wp.com\\\/printfactory.cloud\\\/wp-content\\\/uploads\\\/2023\\\/05\\\/PrintFactory-web.jpg?fit=350%2C63&ssl=1\",\"width\":350,\"height\":63,\"caption\":\"PrintFactory\"},\"image\":{\"@id\":\"https:\\\/\\\/printfactory.cloud\\\/fr\\\/#\\\/schema\\\/logo\\\/image\\\/\"},\"sameAs\":[\"https:\\\/\\\/www.facebook.com\\\/printfactory.cloud\",\"https:\\\/\\\/x.com\\\/PrintFactory_\",\"https:\\\/\\\/www.linkedin.com\\\/company\\\/printfactoryworkflow\\\/\",\"https:\\\/\\\/www.instagram.com\\\/printfactory.cloud\\\/\",\"https:\\\/\\\/www.youtube.com\\\/@PrintFactoryWorkflow\",\"https:\\\/\\\/www.threads.com\\\/@printfactory.cloud\",\"https:\\\/\\\/bsky.app\\\/profile\\\/printfactorycloud.bsky.social\"]}]}<\/script>\n<!-- \/ Yoast SEO Premium plugin. -->","yoast_head_json":{"title":"Le m\u00e9tam\u00e9risme dans la gestion des couleurs expliqu\u00e9 clairement - printfactory.cloud%.","description":"Explorez le m\u00e9tam\u00e9risme dans la gestion des couleurs pour comprendre son impact sur la pr\u00e9cision de l'impression et comment obtenir une reproduction coh\u00e9rente des couleurs avec PrintFactory.","robots":{"index":"index","follow":"follow","max-snippet":"max-snippet:-1","max-image-preview":"max-image-preview:large","max-video-preview":"max-video-preview:-1"},"canonical":"https:\/\/printfactory.cloud\/fr\/metamerisme-la-lumiere-sur-les-defis-de-la-gestion-des-couleurs\/","og_locale":"fr_FR","og_type":"article","og_title":"Le m\u00e9tam\u00e9risme, une lumi\u00e8re sur les d\u00e9fis de la gestion des couleurs","og_description":"PrintFactory ONE PLATFORM. ONE WORKFLOW. TOTAL CONTROL. PrintFactory is a single, unified print production platform that replaces fragmented RIPs, editors, color tools, and workflow systems, while supporting all printer and cutter brands.","og_url":"https:\/\/printfactory.cloud\/fr\/metamerisme-la-lumiere-sur-les-defis-de-la-gestion-des-couleurs\/","og_site_name":"printfactory.cloud","article_publisher":"https:\/\/www.facebook.com\/printfactory.cloud","article_modified_time":"2026-03-26T10:58:33+00:00","og_image":[{"width":2560,"height":400,"url":"https:\/\/i0.wp.com\/printfactory.cloud\/wp-content\/uploads\/2023\/08\/metamarism-web-banner.jpg?fit=2560%2C400&ssl=1","type":"image\/jpeg"}],"twitter_card":"summary_large_image","twitter_site":"@PrintFactory_","twitter_misc":{"Dur\u00e9e de lecture estim\u00e9e":"4 minutes"},"schema":{"@context":"https:\/\/schema.org","@graph":[{"@type":"WebPage","@id":"https:\/\/printfactory.cloud\/fr\/metamerisme-la-lumiere-sur-les-defis-de-la-gestion-des-couleurs\/","url":"https:\/\/printfactory.cloud\/fr\/metamerisme-la-lumiere-sur-les-defis-de-la-gestion-des-couleurs\/","name":"Le m\u00e9tam\u00e9risme dans la gestion des couleurs expliqu\u00e9 clairement - printfactory.cloud%.","isPartOf":{"@id":"https:\/\/printfactory.cloud\/fr\/#website"},"primaryImageOfPage":{"@id":"https:\/\/printfactory.cloud\/fr\/metamerisme-la-lumiere-sur-les-defis-de-la-gestion-des-couleurs\/#primaryimage"},"image":{"@id":"https:\/\/printfactory.cloud\/fr\/metamerisme-la-lumiere-sur-les-defis-de-la-gestion-des-couleurs\/#primaryimage"},"thumbnailUrl":"https:\/\/i0.wp.com\/printfactory.cloud\/wp-content\/uploads\/2023\/08\/metamarism-web-banner.jpg?fit=800%2C125&amp;ssl=1","datePublished":"2023-08-11T14:04:49+00:00","dateModified":"2026-03-26T10:58:33+00:00","description":"Explorez le m\u00e9tam\u00e9risme dans la gestion des couleurs pour comprendre son impact sur la pr\u00e9cision de l'impression et comment obtenir une reproduction coh\u00e9rente des couleurs avec PrintFactory.","breadcrumb":{"@id":"https:\/\/printfactory.cloud\/fr\/metamerisme-la-lumiere-sur-les-defis-de-la-gestion-des-couleurs\/#breadcrumb"},"inLanguage":"fr-FR","potentialAction":[{"@type":"ReadAction","target":["https:\/\/printfactory.cloud\/fr\/metamerisme-la-lumiere-sur-les-defis-de-la-gestion-des-couleurs\/"]}]},{"@type":"ImageObject","inLanguage":"fr-FR","@id":"https:\/\/printfactory.cloud\/fr\/metamerisme-la-lumiere-sur-les-defis-de-la-gestion-des-couleurs\/#primaryimage","url":"https:\/\/i0.wp.com\/printfactory.cloud\/wp-content\/uploads\/2023\/08\/metamarism-web-banner.jpg?fit=800%2C125&amp;ssl=1","contentUrl":"https:\/\/i0.wp.com\/printfactory.cloud\/wp-content\/uploads\/2023\/08\/metamarism-web-banner.jpg?fit=800%2C125&amp;ssl=1"},{"@type":"BreadcrumbList","@id":"https:\/\/printfactory.cloud\/fr\/metamerisme-la-lumiere-sur-les-defis-de-la-gestion-des-couleurs\/#breadcrumb","itemListElement":[{"@type":"ListItem","position":1,"name":"Home","item":"https:\/\/printfactory.cloud\/fr\/controle\/"},{"@type":"ListItem","position":2,"name":"Le m\u00e9tam\u00e9risme, une lumi\u00e8re sur les d\u00e9fis de la gestion des couleurs"}]},{"@type":"WebSite","@id":"https:\/\/printfactory.cloud\/fr\/#website","url":"https:\/\/printfactory.cloud\/fr\/","name":"printfactory.cloud","description":"One unified production environment","publisher":{"@id":"https:\/\/printfactory.cloud\/fr\/#organization"},"potentialAction":[{"@type":"SearchAction","target":{"@type":"EntryPoint","urlTemplate":"https:\/\/printfactory.cloud\/fr\/?s={search_term_string}"},"query-input":{"@type":"PropertyValueSpecification","valueRequired":true,"valueName":"search_term_string"}}],"inLanguage":"fr-FR"},{"@type":"Organization","@id":"https:\/\/printfactory.cloud\/fr\/#organization","name":"PrintFactory","url":"https:\/\/printfactory.cloud\/fr\/","logo":{"@type":"ImageObject","inLanguage":"fr-FR","@id":"https:\/\/printfactory.cloud\/fr\/#\/schema\/logo\/image\/","url":"https:\/\/i0.wp.com\/printfactory.cloud\/wp-content\/uploads\/2023\/05\/PrintFactory-web.jpg?fit=350%2C63&ssl=1","contentUrl":"https:\/\/i0.wp.com\/printfactory.cloud\/wp-content\/uploads\/2023\/05\/PrintFactory-web.jpg?fit=350%2C63&ssl=1","width":350,"height":63,"caption":"PrintFactory"},"image":{"@id":"https:\/\/printfactory.cloud\/fr\/#\/schema\/logo\/image\/"},"sameAs":["https:\/\/www.facebook.com\/printfactory.cloud","https:\/\/x.com\/PrintFactory_","https:\/\/www.linkedin.com\/company\/printfactoryworkflow\/","https:\/\/www.instagram.com\/printfactory.cloud\/","https:\/\/www.youtube.com\/@PrintFactoryWorkflow","https:\/\/www.threads.com\/@printfactory.cloud","https:\/\/bsky.app\/profile\/printfactorycloud.bsky.social"]}]}},"jetpack_sharing_enabled":true,"_links":{"self":[{"href":"https:\/\/printfactory.cloud\/fr\/wp-json\/wp\/v2\/pages\/23529","targetHints":{"allow":["GET"]}}],"collection":[{"href":"https:\/\/printfactory.cloud\/fr\/wp-json\/wp\/v2\/pages"}],"about":[{"href":"https:\/\/printfactory.cloud\/fr\/wp-json\/wp\/v2\/types\/page"}],"author":[{"embeddable":true,"href":"https:\/\/printfactory.cloud\/fr\/wp-json\/wp\/v2\/users\/3"}],"replies":[{"embeddable":true,"href":"https:\/\/printfactory.cloud\/fr\/wp-json\/wp\/v2\/comments?post=23529"}],"version-history":[{"count":7,"href":"https:\/\/printfactory.cloud\/fr\/wp-json\/wp\/v2\/pages\/23529\/revisions"}],"predecessor-version":[{"id":37513,"href":"https:\/\/printfactory.cloud\/fr\/wp-json\/wp\/v2\/pages\/23529\/revisions\/37513"}],"wp:attachment":[{"href":"https:\/\/printfactory.cloud\/fr\/wp-json\/wp\/v2\/media?parent=23529"}],"curies":[{"name":"wp","href":"https:\/\/api.w.org\/{rel}","templated":true}]}}