{"id":23533,"date":"2023-08-11T16:04:49","date_gmt":"2023-08-11T14:04:49","guid":{"rendered":"https:\/\/printfactory.cloud\/il-metamerismo-una-luce-sulle-sfide-della-gestione-del-colore\/"},"modified":"2026-03-26T12:58:32","modified_gmt":"2026-03-26T10:58:32","slug":"il-metamerismo-una-luce-sulle-sfide-della-gestione-del-colore","status":"publish","type":"page","link":"https:\/\/printfactory.cloud\/it\/il-metamerismo-una-luce-sulle-sfide-della-gestione-del-colore\/","title":{"rendered":"Il metamerismo vede la luce sulle sfide della gestione del colore"},"content":{"rendered":"\t\t<div data-elementor-type=\"wp-page\" data-elementor-id=\"23533\" class=\"elementor elementor-23533 elementor-23508\" data-elementor-post-type=\"page\">\n\t\t\t\t<div class=\"elementor-element elementor-element-e369d5a e-flex e-con-boxed e-con e-parent\" data-id=\"e369d5a\" data-element_type=\"container\" data-e-type=\"container\">\n\t\t\t\t\t<div class=\"e-con-inner\">\n\t\t\t\t<div class=\"elementor-element elementor-element-1e814fa elementor-widget elementor-widget-heading\" data-id=\"1e814fa\" data-element_type=\"widget\" data-e-type=\"widget\" data-widget_type=\"heading.default\">\n\t\t\t\t<div class=\"elementor-widget-container\">\n\t\t\t\t\t<h4 class=\"elementor-heading-title elementor-size-default\">PrintFactory: Metamerismo - Vedere la luce sulle sfide della gestione del colore<\/h4>\t\t\t\t<\/div>\n\t\t\t\t<\/div>\n\t\t\t\t\t<\/div>\n\t\t\t\t<\/div>\n\t\t<div class=\"elementor-element elementor-element-ed260f4 e-flex e-con-boxed e-con e-parent\" data-id=\"ed260f4\" data-element_type=\"container\" data-e-type=\"container\">\n\t\t\t\t\t<div class=\"e-con-inner\">\n\t\t\t\t<div class=\"elementor-element elementor-element-b6cb401 elementor-widget elementor-widget-text-editor\" data-id=\"b6cb401\" data-element_type=\"widget\" data-e-type=\"widget\" data-widget_type=\"text-editor.default\">\n\t\t\t\t<div class=\"elementor-widget-container\">\n\t\t\t\t\t\t\t\t\t<p>Il raggiungimento di una riproduzione accurata dei colori nel settore della stampa \u00e8 un&#8217;impresa dalle molteplici sfaccettature. Tra le varie sfide che i fornitori di servizi di stampa (PSP) incontrano, una che influisce in modo significativo sulla coerenza dei colori \u00e8 il metamerismo. Questo intrigante fenomeno introduce complessit\u00e0 nel mondo della gestione del colore, richiedendo una profonda comprensione e soluzioni innovative per una resa cromatica precisa. In questo articolo ci addentriamo nelle profondit\u00e0 del metamerismo, esplorando la sua definizione, le sue implicazioni sulla gestione del colore e il modo in cui i PSP possono affrontare efficacemente la mancata corrispondenza metamerica attraverso la <a href=\"https:\/\/printfactory.cloud\/it\/colore-coerente\/\" target=\"_blank\" rel=\"noopener\">profilazione DeviceLink<\/a>.<\/p><p><strong>Comprendere il metamerismo<\/strong><\/p><p>Il metamerismo \u00e8 il fenomeno per cui due campioni di colore apparentemente identici appaiono diversi se sottoposti a condizioni di illuminazione diverse. La nostra percezione del colore dipende fortemente dalla riflettivit\u00e0 dei materiali, dalle capacit\u00e0 percettive individuali e, cosa forse pi\u00f9 importante, dalla qualit\u00e0 della luce. Le varie lunghezze d&#8217;onda della luce corrispondono a colori diversi e le lunghezze d&#8217;onda assorbite e riflesse danno forma alla nostra esperienza visiva.  <\/p><p>Tuttavia, la storia del colore subisce una svolta sotto diverse sorgenti luminose che emettono lunghezze d&#8217;onda diverse. Consideriamo un paio di calzini verdi: il loro aspetto sotto la luce fluorescente, ricca di lunghezze d&#8217;onda rosse e blu, diverge se osservati alla luce naturale del giorno, che incorpora lunghezze d&#8217;onda rosse, blu e verdi. <\/p><p><strong>Il ruolo del metamerismo nella gestione del colore<\/strong><\/p><p>I professionisti della stampa conoscono bene l&#8217;impatto del metamerismo. A causa delle variazioni di pigmentazione dell&#8217;inchiostro, i PSP si trovano spesso ad affrontare incongruenze cromatiche quando l&#8217;output di una stampante non si allinea con quello di un&#8217;altra in condizioni di illuminazione diverse. Questa discrepanza, in particolare quando si stampano lavori identici su diversi substrati, comporta uno spreco di risorse, tra cui tempo, inchiostro e supporti, durante gli sforzi di risoluzione dei problemi volti a riconciliare le differenze cromatiche.  <\/p><p>Quando i colori non corrispondono in determinate circostanze di illuminazione, i profili devono essere regolati fino a individuare la giusta miscela di coloranti, attenuando l&#8217;influenza del metamerismo e ottenendo una riproduzione fedele dei colori.<\/p><p><strong>Navigare nelle sfide metameriche<\/strong><\/p><p>La padronanza delle complessit\u00e0 del metamerismo richiede strumenti avanzati di gestione del colore. \u00c8 possibile utilizzare un approccio duplice: rafforzare la resistenza del colore contro il degrado e generare output variati. <\/p><p>La conversione da CMYK a CMYK emerge come una tattica efficace per migliorare l&#8217;accuratezza del colore in mezzo all&#8217;ondata di metamerismo. Sfruttando questa tecnica di conversione diretta per creare profili DeviceLink si mantiene il canale di separazione del nero durante la riproduzione del colore. Un robusto canale del nero riduce l&#8217;impatto degli spostamenti dell&#8217;illuminante, con conseguente riduzione della degradazione del colore metamerico.  <\/p><p>Simulare diverse condizioni di illuminazione e adattare i colori di conseguenza rappresenta un&#8217;altra strada per affrontare il metamerismo. Grazie all&#8217;utilizzo di un Light Adaptation Tool (LAT) all&#8217;interno del software di gestione del colore, i PSP possono simulare contesti di visione autentici al di l\u00e0 della luce diurna normalizzata D50. Il LAT consente di correggere le variazioni di tonalit\u00e0 nel bilanciamento dei grigi, garantendo la neutralit\u00e0 in condizioni di illuminazione specifiche. Stampando varianti di giallo, verde, ciano, blu, magenta e rosso e contrastandole con il profilo originale, gli stampatori possono individuare il bilanciamento dei grigi ottimale che si armonizza con le condizioni di illuminazione del display.   <\/p><p><strong>Conquistare il metamerismo attraverso l&#8217;innovazione<\/strong><\/p><p>Il metamerismo \u00e8 uno dei numerosi ostacoli che i fornitori di servizi di stampa devono affrontare per ottenere un&#8217;accuratezza cromatica impeccabile su diverse stampanti e substrati. L&#8217;impiego di una tecnologia di gestione del colore all&#8217;avanguardia, unita alla profilazione DeviceLink, consente alle aziende di stampa di superare questo costoso fenomeno, ottenendo una corrispondenza cromatica armoniosa indipendentemente dall&#8217;ambiente di illuminazione. <\/p><p>Con l&#8217;evolversi del panorama della stampa, i fornitori di servizi di stampa dotati di conoscenze sulle complessit\u00e0 del metamerismo e di soluzioni innovative otterranno senza dubbio un vantaggio competitivo nell&#8217;offrire risultati cromatici impeccabili, coerenti e fedeli alla realt\u00e0.<\/p>\t\t\t\t\t\t\t\t<\/div>\n\t\t\t\t<\/div>\n\t\t\t\t\t<\/div>\n\t\t\t\t<\/div>\n\t\t<div class=\"elementor-element elementor-element-54f8cf8 e-flex e-con-boxed e-con e-parent\" data-id=\"54f8cf8\" data-element_type=\"container\" data-e-type=\"container\">\n\t\t\t\t\t<div class=\"e-con-inner\">\n\t\t\t\t<div class=\"elementor-element elementor-element-92c9ccf elementor-widget elementor-widget-image\" data-id=\"92c9ccf\" data-element_type=\"widget\" data-e-type=\"widget\" data-widget_type=\"image.default\">\n\t\t\t\t<div class=\"elementor-widget-container\">\n\t\t\t\t\t\t\t\t\t\t\t\t\t\t\t<img fetchpriority=\"high\" decoding=\"async\" width=\"800\" height=\"125\" src=\"https:\/\/i0.wp.com\/printfactory.cloud\/wp-content\/uploads\/2023\/08\/metamarism-web-banner.jpg?fit=800%2C125&amp;ssl=1\" class=\"attachment-large size-large wp-image-23515\" alt=\"Explore metamerism in color management to understand its impact on print accuracy and how to achieve consistent color reproduction with PrintFactory\" srcset=\"https:\/\/i0.wp.com\/printfactory.cloud\/wp-content\/uploads\/2023\/08\/metamarism-web-banner.jpg?w=2560&amp;ssl=1 2560w, https:\/\/i0.wp.com\/printfactory.cloud\/wp-content\/uploads\/2023\/08\/metamarism-web-banner.jpg?resize=300%2C47&amp;ssl=1 300w, https:\/\/i0.wp.com\/printfactory.cloud\/wp-content\/uploads\/2023\/08\/metamarism-web-banner.jpg?resize=1024%2C160&amp;ssl=1 1024w, https:\/\/i0.wp.com\/printfactory.cloud\/wp-content\/uploads\/2023\/08\/metamarism-web-banner.jpg?resize=768%2C120&amp;ssl=1 768w, https:\/\/i0.wp.com\/printfactory.cloud\/wp-content\/uploads\/2023\/08\/metamarism-web-banner.jpg?resize=1536%2C240&amp;ssl=1 1536w, https:\/\/i0.wp.com\/printfactory.cloud\/wp-content\/uploads\/2023\/08\/metamarism-web-banner.jpg?resize=2048%2C320&amp;ssl=1 2048w, https:\/\/i0.wp.com\/printfactory.cloud\/wp-content\/uploads\/2023\/08\/metamarism-web-banner.jpg?w=1600&amp;ssl=1 1600w, https:\/\/i0.wp.com\/printfactory.cloud\/wp-content\/uploads\/2023\/08\/metamarism-web-banner.jpg?w=2400&amp;ssl=1 2400w\" sizes=\"(max-width: 800px) 100vw, 800px\" \/>\t\t\t\t\t\t\t\t\t\t\t\t\t\t\t<\/div>\n\t\t\t\t<\/div>\n\t\t\t\t\t<\/div>\n\t\t\t\t<\/div>\n\t\t\t\t<\/div>\n\t\t","protected":false},"excerpt":{"rendered":"<p>PrintFactory: Metamerismo &#8211; Vedere la luce sulle sfide della gestione del colore Il raggiungimento di una riproduzione accurata dei colori nel settore della stampa \u00e8 un&#8217;impresa dalle molteplici sfaccettature. Tra le varie sfide che i fornitori di servizi di stampa (PSP) incontrano, una che influisce in modo significativo sulla coerenza dei colori \u00e8 il metamerismo. [&hellip;]<\/p>\n","protected":false},"author":3,"featured_media":0,"parent":0,"menu_order":0,"comment_status":"closed","ping_status":"closed","template":"","meta":{"_monsterinsights_skip_tracking":false,"_monsterinsights_sitenote_active":false,"_monsterinsights_sitenote_note":"","_monsterinsights_sitenote_category":0,"footnotes":""},"class_list":["post-23533","page","type-page","status-publish","hentry"],"yoast_head":"<!-- This site is optimized with the Yoast SEO Premium plugin v27.3 (Yoast SEO v27.3) - https:\/\/yoast.com\/product\/yoast-seo-premium-wordpress\/ -->\n<title>Il metamerismo nella gestione del colore spiegato chiaramente - printfactory.cloud<\/title>\n<meta name=\"description\" content=\"Esplora il metamerismo nella gestione del colore per capire il suo impatto sull&#039;accuratezza della stampa e come ottenere una riproduzione uniforme dei colori con PrintFactory.\" \/>\n<meta name=\"robots\" content=\"index, follow, max-snippet:-1, max-image-preview:large, max-video-preview:-1\" \/>\n<link rel=\"canonical\" href=\"https:\/\/printfactory.cloud\/it\/il-metamerismo-una-luce-sulle-sfide-della-gestione-del-colore\/\" \/>\n<meta property=\"og:locale\" content=\"it_IT\" \/>\n<meta property=\"og:type\" content=\"article\" \/>\n<meta property=\"og:title\" content=\"Il metamerismo vede la luce sulle sfide della gestione del colore\" \/>\n<meta property=\"og:description\" content=\"PrintFactory ONE PLATFORM. ONE WORKFLOW. TOTAL CONTROL. PrintFactory is a single, unified print production platform that replaces fragmented RIPs, editors, color tools, and workflow systems, while supporting all printer and cutter brands.\" \/>\n<meta property=\"og:url\" content=\"https:\/\/printfactory.cloud\/it\/il-metamerismo-una-luce-sulle-sfide-della-gestione-del-colore\/\" \/>\n<meta property=\"og:site_name\" content=\"printfactory.cloud\" \/>\n<meta property=\"article:publisher\" content=\"https:\/\/www.facebook.com\/printfactory.cloud\" \/>\n<meta property=\"article:modified_time\" content=\"2026-03-26T10:58:32+00:00\" \/>\n<meta property=\"og:image\" content=\"https:\/\/i0.wp.com\/printfactory.cloud\/wp-content\/uploads\/2023\/08\/metamarism-web-banner.jpg?fit=2560%2C400&ssl=1\" \/>\n\t<meta property=\"og:image:width\" content=\"2560\" \/>\n\t<meta property=\"og:image:height\" content=\"400\" \/>\n\t<meta property=\"og:image:type\" content=\"image\/jpeg\" \/>\n<meta name=\"twitter:card\" content=\"summary_large_image\" \/>\n<meta name=\"twitter:site\" content=\"@PrintFactory_\" \/>\n<meta name=\"twitter:label1\" content=\"Tempo di lettura stimato\" \/>\n\t<meta name=\"twitter:data1\" content=\"3 minuti\" \/>\n<script type=\"application\/ld+json\" class=\"yoast-schema-graph\">{\"@context\":\"https:\\\/\\\/schema.org\",\"@graph\":[{\"@type\":\"WebPage\",\"@id\":\"https:\\\/\\\/printfactory.cloud\\\/it\\\/il-metamerismo-una-luce-sulle-sfide-della-gestione-del-colore\\\/\",\"url\":\"https:\\\/\\\/printfactory.cloud\\\/it\\\/il-metamerismo-una-luce-sulle-sfide-della-gestione-del-colore\\\/\",\"name\":\"Il metamerismo nella gestione del colore spiegato chiaramente - printfactory.cloud\",\"isPartOf\":{\"@id\":\"https:\\\/\\\/printfactory.cloud\\\/it\\\/#website\"},\"primaryImageOfPage\":{\"@id\":\"https:\\\/\\\/printfactory.cloud\\\/it\\\/il-metamerismo-una-luce-sulle-sfide-della-gestione-del-colore\\\/#primaryimage\"},\"image\":{\"@id\":\"https:\\\/\\\/printfactory.cloud\\\/it\\\/il-metamerismo-una-luce-sulle-sfide-della-gestione-del-colore\\\/#primaryimage\"},\"thumbnailUrl\":\"https:\\\/\\\/i0.wp.com\\\/printfactory.cloud\\\/wp-content\\\/uploads\\\/2023\\\/08\\\/metamarism-web-banner.jpg?fit=800%2C125&amp;ssl=1\",\"datePublished\":\"2023-08-11T14:04:49+00:00\",\"dateModified\":\"2026-03-26T10:58:32+00:00\",\"description\":\"Esplora il metamerismo nella gestione del colore per capire il suo impatto sull'accuratezza della stampa e come ottenere una riproduzione uniforme dei colori con PrintFactory.\",\"breadcrumb\":{\"@id\":\"https:\\\/\\\/printfactory.cloud\\\/it\\\/il-metamerismo-una-luce-sulle-sfide-della-gestione-del-colore\\\/#breadcrumb\"},\"inLanguage\":\"it-IT\",\"potentialAction\":[{\"@type\":\"ReadAction\",\"target\":[\"https:\\\/\\\/printfactory.cloud\\\/it\\\/il-metamerismo-una-luce-sulle-sfide-della-gestione-del-colore\\\/\"]}]},{\"@type\":\"ImageObject\",\"inLanguage\":\"it-IT\",\"@id\":\"https:\\\/\\\/printfactory.cloud\\\/it\\\/il-metamerismo-una-luce-sulle-sfide-della-gestione-del-colore\\\/#primaryimage\",\"url\":\"https:\\\/\\\/i0.wp.com\\\/printfactory.cloud\\\/wp-content\\\/uploads\\\/2023\\\/08\\\/metamarism-web-banner.jpg?fit=800%2C125&amp;ssl=1\",\"contentUrl\":\"https:\\\/\\\/i0.wp.com\\\/printfactory.cloud\\\/wp-content\\\/uploads\\\/2023\\\/08\\\/metamarism-web-banner.jpg?fit=800%2C125&amp;ssl=1\"},{\"@type\":\"BreadcrumbList\",\"@id\":\"https:\\\/\\\/printfactory.cloud\\\/it\\\/il-metamerismo-una-luce-sulle-sfide-della-gestione-del-colore\\\/#breadcrumb\",\"itemListElement\":[{\"@type\":\"ListItem\",\"position\":1,\"name\":\"Home\",\"item\":\"https:\\\/\\\/printfactory.cloud\\\/it\\\/controllo\\\/\"},{\"@type\":\"ListItem\",\"position\":2,\"name\":\"Il metamerismo vede la luce sulle sfide della gestione del colore\"}]},{\"@type\":\"WebSite\",\"@id\":\"https:\\\/\\\/printfactory.cloud\\\/it\\\/#website\",\"url\":\"https:\\\/\\\/printfactory.cloud\\\/it\\\/\",\"name\":\"printfactory.cloud\",\"description\":\"One unified production environment\",\"publisher\":{\"@id\":\"https:\\\/\\\/printfactory.cloud\\\/it\\\/#organization\"},\"potentialAction\":[{\"@type\":\"SearchAction\",\"target\":{\"@type\":\"EntryPoint\",\"urlTemplate\":\"https:\\\/\\\/printfactory.cloud\\\/it\\\/?s={search_term_string}\"},\"query-input\":{\"@type\":\"PropertyValueSpecification\",\"valueRequired\":true,\"valueName\":\"search_term_string\"}}],\"inLanguage\":\"it-IT\"},{\"@type\":\"Organization\",\"@id\":\"https:\\\/\\\/printfactory.cloud\\\/it\\\/#organization\",\"name\":\"PrintFactory\",\"url\":\"https:\\\/\\\/printfactory.cloud\\\/it\\\/\",\"logo\":{\"@type\":\"ImageObject\",\"inLanguage\":\"it-IT\",\"@id\":\"https:\\\/\\\/printfactory.cloud\\\/it\\\/#\\\/schema\\\/logo\\\/image\\\/\",\"url\":\"https:\\\/\\\/i0.wp.com\\\/printfactory.cloud\\\/wp-content\\\/uploads\\\/2023\\\/05\\\/PrintFactory-web.jpg?fit=350%2C63&ssl=1\",\"contentUrl\":\"https:\\\/\\\/i0.wp.com\\\/printfactory.cloud\\\/wp-content\\\/uploads\\\/2023\\\/05\\\/PrintFactory-web.jpg?fit=350%2C63&ssl=1\",\"width\":350,\"height\":63,\"caption\":\"PrintFactory\"},\"image\":{\"@id\":\"https:\\\/\\\/printfactory.cloud\\\/it\\\/#\\\/schema\\\/logo\\\/image\\\/\"},\"sameAs\":[\"https:\\\/\\\/www.facebook.com\\\/printfactory.cloud\",\"https:\\\/\\\/x.com\\\/PrintFactory_\",\"https:\\\/\\\/www.linkedin.com\\\/company\\\/printfactoryworkflow\\\/\",\"https:\\\/\\\/www.instagram.com\\\/printfactory.cloud\\\/\",\"https:\\\/\\\/www.youtube.com\\\/@PrintFactoryWorkflow\",\"https:\\\/\\\/www.threads.com\\\/@printfactory.cloud\",\"https:\\\/\\\/bsky.app\\\/profile\\\/printfactorycloud.bsky.social\"]}]}<\/script>\n<!-- \/ Yoast SEO Premium plugin. -->","yoast_head_json":{"title":"Il metamerismo nella gestione del colore spiegato chiaramente - printfactory.cloud","description":"Esplora il metamerismo nella gestione del colore per capire il suo impatto sull'accuratezza della stampa e come ottenere una riproduzione uniforme dei colori con PrintFactory.","robots":{"index":"index","follow":"follow","max-snippet":"max-snippet:-1","max-image-preview":"max-image-preview:large","max-video-preview":"max-video-preview:-1"},"canonical":"https:\/\/printfactory.cloud\/it\/il-metamerismo-una-luce-sulle-sfide-della-gestione-del-colore\/","og_locale":"it_IT","og_type":"article","og_title":"Il metamerismo vede la luce sulle sfide della gestione del colore","og_description":"PrintFactory ONE PLATFORM. ONE WORKFLOW. TOTAL CONTROL. PrintFactory is a single, unified print production platform that replaces fragmented RIPs, editors, color tools, and workflow systems, while supporting all printer and cutter brands.","og_url":"https:\/\/printfactory.cloud\/it\/il-metamerismo-una-luce-sulle-sfide-della-gestione-del-colore\/","og_site_name":"printfactory.cloud","article_publisher":"https:\/\/www.facebook.com\/printfactory.cloud","article_modified_time":"2026-03-26T10:58:32+00:00","og_image":[{"width":2560,"height":400,"url":"https:\/\/i0.wp.com\/printfactory.cloud\/wp-content\/uploads\/2023\/08\/metamarism-web-banner.jpg?fit=2560%2C400&ssl=1","type":"image\/jpeg"}],"twitter_card":"summary_large_image","twitter_site":"@PrintFactory_","twitter_misc":{"Tempo di lettura stimato":"3 minuti"},"schema":{"@context":"https:\/\/schema.org","@graph":[{"@type":"WebPage","@id":"https:\/\/printfactory.cloud\/it\/il-metamerismo-una-luce-sulle-sfide-della-gestione-del-colore\/","url":"https:\/\/printfactory.cloud\/it\/il-metamerismo-una-luce-sulle-sfide-della-gestione-del-colore\/","name":"Il metamerismo nella gestione del colore spiegato chiaramente - printfactory.cloud","isPartOf":{"@id":"https:\/\/printfactory.cloud\/it\/#website"},"primaryImageOfPage":{"@id":"https:\/\/printfactory.cloud\/it\/il-metamerismo-una-luce-sulle-sfide-della-gestione-del-colore\/#primaryimage"},"image":{"@id":"https:\/\/printfactory.cloud\/it\/il-metamerismo-una-luce-sulle-sfide-della-gestione-del-colore\/#primaryimage"},"thumbnailUrl":"https:\/\/i0.wp.com\/printfactory.cloud\/wp-content\/uploads\/2023\/08\/metamarism-web-banner.jpg?fit=800%2C125&amp;ssl=1","datePublished":"2023-08-11T14:04:49+00:00","dateModified":"2026-03-26T10:58:32+00:00","description":"Esplora il metamerismo nella gestione del colore per capire il suo impatto sull'accuratezza della stampa e come ottenere una riproduzione uniforme dei colori con PrintFactory.","breadcrumb":{"@id":"https:\/\/printfactory.cloud\/it\/il-metamerismo-una-luce-sulle-sfide-della-gestione-del-colore\/#breadcrumb"},"inLanguage":"it-IT","potentialAction":[{"@type":"ReadAction","target":["https:\/\/printfactory.cloud\/it\/il-metamerismo-una-luce-sulle-sfide-della-gestione-del-colore\/"]}]},{"@type":"ImageObject","inLanguage":"it-IT","@id":"https:\/\/printfactory.cloud\/it\/il-metamerismo-una-luce-sulle-sfide-della-gestione-del-colore\/#primaryimage","url":"https:\/\/i0.wp.com\/printfactory.cloud\/wp-content\/uploads\/2023\/08\/metamarism-web-banner.jpg?fit=800%2C125&amp;ssl=1","contentUrl":"https:\/\/i0.wp.com\/printfactory.cloud\/wp-content\/uploads\/2023\/08\/metamarism-web-banner.jpg?fit=800%2C125&amp;ssl=1"},{"@type":"BreadcrumbList","@id":"https:\/\/printfactory.cloud\/it\/il-metamerismo-una-luce-sulle-sfide-della-gestione-del-colore\/#breadcrumb","itemListElement":[{"@type":"ListItem","position":1,"name":"Home","item":"https:\/\/printfactory.cloud\/it\/controllo\/"},{"@type":"ListItem","position":2,"name":"Il metamerismo vede la luce sulle sfide della gestione del colore"}]},{"@type":"WebSite","@id":"https:\/\/printfactory.cloud\/it\/#website","url":"https:\/\/printfactory.cloud\/it\/","name":"printfactory.cloud","description":"One unified production environment","publisher":{"@id":"https:\/\/printfactory.cloud\/it\/#organization"},"potentialAction":[{"@type":"SearchAction","target":{"@type":"EntryPoint","urlTemplate":"https:\/\/printfactory.cloud\/it\/?s={search_term_string}"},"query-input":{"@type":"PropertyValueSpecification","valueRequired":true,"valueName":"search_term_string"}}],"inLanguage":"it-IT"},{"@type":"Organization","@id":"https:\/\/printfactory.cloud\/it\/#organization","name":"PrintFactory","url":"https:\/\/printfactory.cloud\/it\/","logo":{"@type":"ImageObject","inLanguage":"it-IT","@id":"https:\/\/printfactory.cloud\/it\/#\/schema\/logo\/image\/","url":"https:\/\/i0.wp.com\/printfactory.cloud\/wp-content\/uploads\/2023\/05\/PrintFactory-web.jpg?fit=350%2C63&ssl=1","contentUrl":"https:\/\/i0.wp.com\/printfactory.cloud\/wp-content\/uploads\/2023\/05\/PrintFactory-web.jpg?fit=350%2C63&ssl=1","width":350,"height":63,"caption":"PrintFactory"},"image":{"@id":"https:\/\/printfactory.cloud\/it\/#\/schema\/logo\/image\/"},"sameAs":["https:\/\/www.facebook.com\/printfactory.cloud","https:\/\/x.com\/PrintFactory_","https:\/\/www.linkedin.com\/company\/printfactoryworkflow\/","https:\/\/www.instagram.com\/printfactory.cloud\/","https:\/\/www.youtube.com\/@PrintFactoryWorkflow","https:\/\/www.threads.com\/@printfactory.cloud","https:\/\/bsky.app\/profile\/printfactorycloud.bsky.social"]}]}},"jetpack_sharing_enabled":true,"_links":{"self":[{"href":"https:\/\/printfactory.cloud\/it\/wp-json\/wp\/v2\/pages\/23533","targetHints":{"allow":["GET"]}}],"collection":[{"href":"https:\/\/printfactory.cloud\/it\/wp-json\/wp\/v2\/pages"}],"about":[{"href":"https:\/\/printfactory.cloud\/it\/wp-json\/wp\/v2\/types\/page"}],"author":[{"embeddable":true,"href":"https:\/\/printfactory.cloud\/it\/wp-json\/wp\/v2\/users\/3"}],"replies":[{"embeddable":true,"href":"https:\/\/printfactory.cloud\/it\/wp-json\/wp\/v2\/comments?post=23533"}],"version-history":[{"count":9,"href":"https:\/\/printfactory.cloud\/it\/wp-json\/wp\/v2\/pages\/23533\/revisions"}],"predecessor-version":[{"id":37509,"href":"https:\/\/printfactory.cloud\/it\/wp-json\/wp\/v2\/pages\/23533\/revisions\/37509"}],"wp:attachment":[{"href":"https:\/\/printfactory.cloud\/it\/wp-json\/wp\/v2\/media?parent=23533"}],"curies":[{"name":"wp","href":"https:\/\/api.w.org\/{rel}","templated":true}]}}