{"id":23526,"date":"2023-08-11T16:04:49","date_gmt":"2023-08-11T14:04:49","guid":{"rendered":"https:\/\/printfactory.cloud\/metamerisme-het-licht-zien-op-kleurbeheeruitdagingen\/"},"modified":"2026-03-26T12:59:10","modified_gmt":"2026-03-26T10:59:10","slug":"metamerisme-het-licht-zien-op-kleurbeheeruitdagingen","status":"publish","type":"page","link":"https:\/\/printfactory.cloud\/nl\/metamerisme-het-licht-zien-op-kleurbeheeruitdagingen\/","title":{"rendered":"Metamerisme ziet het licht op kleurbeheeruitdagingen"},"content":{"rendered":"\t\t<div data-elementor-type=\"wp-page\" data-elementor-id=\"23526\" class=\"elementor elementor-23526 elementor-23508\" data-elementor-post-type=\"page\">\n\t\t\t\t<div class=\"elementor-element elementor-element-e369d5a e-flex e-con-boxed e-con e-parent\" data-id=\"e369d5a\" data-element_type=\"container\" data-e-type=\"container\">\n\t\t\t\t\t<div class=\"e-con-inner\">\n\t\t\t\t<div class=\"elementor-element elementor-element-1e814fa elementor-widget elementor-widget-heading\" data-id=\"1e814fa\" data-element_type=\"widget\" data-e-type=\"widget\" data-widget_type=\"heading.default\">\n\t\t\t\t<div class=\"elementor-widget-container\">\n\t\t\t\t\t<h4 class=\"elementor-heading-title elementor-size-default\">PrintFactory: Metamerisme - Het licht zien op kleurbeheeruitdagingen<\/h4>\t\t\t\t<\/div>\n\t\t\t\t<\/div>\n\t\t\t\t\t<\/div>\n\t\t\t\t<\/div>\n\t\t<div class=\"elementor-element elementor-element-ed260f4 e-flex e-con-boxed e-con e-parent\" data-id=\"ed260f4\" data-element_type=\"container\" data-e-type=\"container\">\n\t\t\t\t\t<div class=\"e-con-inner\">\n\t\t\t\t<div class=\"elementor-element elementor-element-b6cb401 elementor-widget elementor-widget-text-editor\" data-id=\"b6cb401\" data-element_type=\"widget\" data-e-type=\"widget\" data-widget_type=\"text-editor.default\">\n\t\t\t\t<div class=\"elementor-widget-container\">\n\t\t\t\t\t\t\t\t\t<p>Het bereiken van nauwkeurige kleurreproductie in de printindustrie is een inspanning met vele facetten. Van de uitdagingen waarmee leveranciers van printservices (PSP&#8217;s) te maken krijgen, is er \u00e9\u00e9n die de kleurconsistentie aanzienlijk be\u00efnvloedt: metamerisme. Dit intrigerende fenomeen introduceert complexiteit in de wereld van kleurbeheer en vereist een diepgaand begrip en innovatieve oplossingen voor nauwkeurige kleurenuitvoer. In dit artikel gaan we dieper in op metamerisme, verkennen we de definitie, de gevolgen voor kleurbeheer en hoe PSP&#8217;s metamerieke afwijkingen effectief kunnen aanpakken via <a href=\"https:\/\/printfactory.cloud\/nl\/consistente-kleur\/\" target=\"_blank\" rel=\"noopener\">DeviceLink-profilering.<\/a><\/p><p><strong>Metamerisme begrijpen<\/strong><\/p><p>Metamerisme is in wezen het fenomeen waarbij twee ogenschijnlijk identieke kleurstalen er anders uitzien wanneer ze worden blootgesteld aan verschillende lichtomstandigheden. Onze waarneming van kleur is sterk afhankelijk van de reflectiviteit van materialen, individuele waarnemingsmogelijkheden en, misschien wel het belangrijkst, de kwaliteit van het licht. Verschillende golflengtes van licht komen overeen met verschillende kleuren, waarbij geabsorbeerde en gereflecteerde golflengtes onze visuele ervaring vormen.  <\/p><p>Het kleurenverhaal neemt echter een wending door de verschillende lichtbronnen die verschillende golflengten uitstralen. Neem een paar groene sokken; hun uiterlijk onder fluorescerend licht, dat rijk is aan rode en blauwe golflengten, wijkt af wanneer ze worden bekeken onder natuurlijk daglicht, dat rode, blauwe en groene golflengten bevat. <\/p><p><strong>De rol van metamerisme in kleurbeheer<\/strong><\/p><p>Printprofessionals zijn goed bekend met de impact van metamerisme. Vanwege inktpigmentatie-variaties hebben PSP&#8217;s vaak te maken met inconsistente kleuren wanneer de output van de ene printer niet overeenkomt met die van een andere onder verschillende lichtomstandigheden. Deze discrepantie, met name bij het printen van identieke opdrachten op verschillende substraten, leidt tot verspilling van middelen, zoals tijd, inkt en media, tijdens het oplossen van problemen om kleurverschillen te overbruggen.  <\/p><p>Wanneer kleuren niet overeenkomen onder specifieke belichtingsomstandigheden, moeten profielen worden aangepast totdat de juiste mix van kleurstoffen is ge\u00efdentificeerd, waardoor de invloed van metamerisme wordt beperkt en een getrouwe kleurweergave wordt bereikt.<\/p><p><strong>Navigeren door metamere uitdagingen<\/strong><\/p><p>Om de fijne kneepjes van metamerisme onder de knie te krijgen, zijn geavanceerde kleurbeheertools nodig. Er kan een tweeledige aanpak worden gebruikt: het versterken van de kleurbestendigheid tegen degradatie en het genereren van verschillende uitkomsten. <\/p><p>CMYK-naar-CMYK-conversie komt naar voren als een effectieve tactiek om de kleurnauwkeurigheid te verbeteren te midden van het metamerisme. Door deze directe conversietechniek te gebruiken om DeviceLink profielen te maken, blijft het zwarte scheidingskanaal behouden bij het reproduceren van kleur. Een robuuste zwart separatie vermindert de invloed van lichtbronverschuivingen, wat resulteert in minder metamere kleurdegradatie.  <\/p><p>Het simuleren van verschillende lichtomstandigheden en het daaraan aanpassen van kleuren biedt een andere mogelijkheid om metamerisme aan te pakken. Door gebruik te maken van een Light Adaptation Tool (LAT) binnen kleurbeheersoftware kunnen PSP&#8217;s authentieke kijkcontexten simuleren die verder gaan dan het genormaliseerde D50 daglicht. De LAT maakt het mogelijk om kleurverschuivingen in de grijsbalans te corrigeren, waardoor neutraliteit onder specifieke belichting wordt gegarandeerd. Door varianten van geel, groen, cyaan, blauw, magenta en rood te printen en deze te contrasteren met het originele profiel, kunnen printers de optimale grijsbalans onderscheiden die harmonieert met de lichtomstandigheden op het scherm.   <\/p><p><strong>Metamerisme overwinnen door innovatie<\/strong><\/p><p>Metamerisme is een van de vele hindernissen waarmee PSP&#8217;s worden geconfronteerd in hun zoektocht naar een onberispelijke kleurnauwkeurigheid op verschillende printers en substraten. Door gebruik te maken van geavanceerde kleurbeheertechnologie, in combinatie met DeviceLink profilering, kunnen printbedrijven dit kostbare verschijnsel overwinnen en harmonieuze kleuraanpassing bereiken, ongeacht de omgevingsverlichting. <\/p><p>Naarmate de printwereld zich verder ontwikkelt, zullen PSP&#8217;s die zijn uitgerust met kennis van de fijne kneepjes van metamerisme en gewapend met innovatieve oplossingen, ongetwijfeld een concurrentievoordeel hebben bij het leveren van onberispelijke, consistente en levensechte kleurenoutput.<\/p>\t\t\t\t\t\t\t\t<\/div>\n\t\t\t\t<\/div>\n\t\t\t\t\t<\/div>\n\t\t\t\t<\/div>\n\t\t<div class=\"elementor-element elementor-element-54f8cf8 e-flex e-con-boxed e-con e-parent\" data-id=\"54f8cf8\" data-element_type=\"container\" data-e-type=\"container\">\n\t\t\t\t\t<div class=\"e-con-inner\">\n\t\t\t\t<div class=\"elementor-element elementor-element-92c9ccf elementor-widget elementor-widget-image\" data-id=\"92c9ccf\" data-element_type=\"widget\" data-e-type=\"widget\" data-widget_type=\"image.default\">\n\t\t\t\t<div class=\"elementor-widget-container\">\n\t\t\t\t\t\t\t\t\t\t\t\t\t\t\t<img fetchpriority=\"high\" decoding=\"async\" width=\"800\" height=\"125\" src=\"https:\/\/i0.wp.com\/printfactory.cloud\/wp-content\/uploads\/2023\/08\/metamarism-web-banner.jpg?fit=800%2C125&amp;ssl=1\" class=\"attachment-large size-large wp-image-23512\" alt=\"Explore metamerism in color management to understand its impact on print accuracy and how to achieve consistent color reproduction with PrintFactory\" srcset=\"https:\/\/i0.wp.com\/printfactory.cloud\/wp-content\/uploads\/2023\/08\/metamarism-web-banner.jpg?w=2560&amp;ssl=1 2560w, https:\/\/i0.wp.com\/printfactory.cloud\/wp-content\/uploads\/2023\/08\/metamarism-web-banner.jpg?resize=300%2C47&amp;ssl=1 300w, https:\/\/i0.wp.com\/printfactory.cloud\/wp-content\/uploads\/2023\/08\/metamarism-web-banner.jpg?resize=1024%2C160&amp;ssl=1 1024w, https:\/\/i0.wp.com\/printfactory.cloud\/wp-content\/uploads\/2023\/08\/metamarism-web-banner.jpg?resize=768%2C120&amp;ssl=1 768w, https:\/\/i0.wp.com\/printfactory.cloud\/wp-content\/uploads\/2023\/08\/metamarism-web-banner.jpg?resize=1536%2C240&amp;ssl=1 1536w, https:\/\/i0.wp.com\/printfactory.cloud\/wp-content\/uploads\/2023\/08\/metamarism-web-banner.jpg?resize=2048%2C320&amp;ssl=1 2048w, https:\/\/i0.wp.com\/printfactory.cloud\/wp-content\/uploads\/2023\/08\/metamarism-web-banner.jpg?w=1600&amp;ssl=1 1600w, https:\/\/i0.wp.com\/printfactory.cloud\/wp-content\/uploads\/2023\/08\/metamarism-web-banner.jpg?w=2400&amp;ssl=1 2400w\" sizes=\"(max-width: 800px) 100vw, 800px\" \/>\t\t\t\t\t\t\t\t\t\t\t\t\t\t\t<\/div>\n\t\t\t\t<\/div>\n\t\t\t\t\t<\/div>\n\t\t\t\t<\/div>\n\t\t\t\t<\/div>\n\t\t","protected":false},"excerpt":{"rendered":"<p>PrintFactory: Metamerisme &#8211; Het licht zien op kleurbeheeruitdagingen Het bereiken van nauwkeurige kleurreproductie in de printindustrie is een inspanning met vele facetten. Van de uitdagingen waarmee leveranciers van printservices (PSP&#8217;s) te maken krijgen, is er \u00e9\u00e9n die de kleurconsistentie aanzienlijk be\u00efnvloedt: metamerisme. Dit intrigerende fenomeen introduceert complexiteit in de wereld van kleurbeheer en vereist een [&hellip;]<\/p>\n","protected":false},"author":3,"featured_media":0,"parent":0,"menu_order":0,"comment_status":"closed","ping_status":"closed","template":"","meta":{"_monsterinsights_skip_tracking":false,"_monsterinsights_sitenote_active":false,"_monsterinsights_sitenote_note":"","_monsterinsights_sitenote_category":0,"footnotes":""},"class_list":["post-23526","page","type-page","status-publish","hentry"],"yoast_head":"<!-- This site is optimized with the Yoast SEO Premium plugin v27.4 (Yoast SEO v27.4) - https:\/\/yoast.com\/product\/yoast-seo-premium-wordpress\/ -->\n<title>Metamerisme in kleurbeheer duidelijk uitgelegd - printfactory.cloud<\/title>\n<meta name=\"description\" content=\"Ontdek metamerisme in kleurbeheer om de invloed ervan op de afdruknauwkeurigheid te begrijpen en hoe je consistente kleurreproductie kunt bereiken met PrintFactory\" \/>\n<meta name=\"robots\" content=\"index, follow, max-snippet:-1, max-image-preview:large, max-video-preview:-1\" \/>\n<link rel=\"canonical\" href=\"https:\/\/printfactory.cloud\/nl\/metamerisme-het-licht-zien-op-kleurbeheeruitdagingen\/\" \/>\n<meta property=\"og:locale\" content=\"nl_NL\" \/>\n<meta property=\"og:type\" content=\"article\" \/>\n<meta property=\"og:title\" content=\"Metamerisme ziet het licht op kleurbeheeruitdagingen\" \/>\n<meta property=\"og:description\" content=\"PrintFactory ONE PLATFORM. ONE WORKFLOW. TOTAL CONTROL. PrintFactory is a single, unified print production platform that replaces fragmented RIPs, editors, color tools, and workflow systems, while supporting all printer and cutter brands.\" \/>\n<meta property=\"og:url\" content=\"https:\/\/printfactory.cloud\/nl\/metamerisme-het-licht-zien-op-kleurbeheeruitdagingen\/\" \/>\n<meta property=\"og:site_name\" content=\"printfactory.cloud\" \/>\n<meta property=\"article:publisher\" content=\"https:\/\/www.facebook.com\/printfactory.cloud\" \/>\n<meta property=\"article:modified_time\" content=\"2026-03-26T10:59:10+00:00\" \/>\n<meta property=\"og:image\" content=\"https:\/\/i0.wp.com\/printfactory.cloud\/wp-content\/uploads\/2023\/08\/metamarism-web-banner.jpg?fit=2560%2C400&ssl=1\" \/>\n\t<meta property=\"og:image:width\" content=\"2560\" \/>\n\t<meta property=\"og:image:height\" content=\"400\" \/>\n\t<meta property=\"og:image:type\" content=\"image\/jpeg\" \/>\n<meta name=\"twitter:card\" content=\"summary_large_image\" \/>\n<meta name=\"twitter:site\" content=\"@PrintFactory_\" \/>\n<meta name=\"twitter:label1\" content=\"Geschatte leestijd\" \/>\n\t<meta name=\"twitter:data1\" content=\"3 minuten\" \/>\n<script type=\"application\/ld+json\" class=\"yoast-schema-graph\">{\"@context\":\"https:\\\/\\\/schema.org\",\"@graph\":[{\"@type\":\"WebPage\",\"@id\":\"https:\\\/\\\/printfactory.cloud\\\/nl\\\/metamerisme-het-licht-zien-op-kleurbeheeruitdagingen\\\/\",\"url\":\"https:\\\/\\\/printfactory.cloud\\\/nl\\\/metamerisme-het-licht-zien-op-kleurbeheeruitdagingen\\\/\",\"name\":\"Metamerisme in kleurbeheer duidelijk uitgelegd - printfactory.cloud\",\"isPartOf\":{\"@id\":\"https:\\\/\\\/printfactory.cloud\\\/nl\\\/#website\"},\"primaryImageOfPage\":{\"@id\":\"https:\\\/\\\/printfactory.cloud\\\/nl\\\/metamerisme-het-licht-zien-op-kleurbeheeruitdagingen\\\/#primaryimage\"},\"image\":{\"@id\":\"https:\\\/\\\/printfactory.cloud\\\/nl\\\/metamerisme-het-licht-zien-op-kleurbeheeruitdagingen\\\/#primaryimage\"},\"thumbnailUrl\":\"https:\\\/\\\/i0.wp.com\\\/printfactory.cloud\\\/wp-content\\\/uploads\\\/2023\\\/08\\\/metamarism-web-banner.jpg?fit=800%2C125&amp;ssl=1\",\"datePublished\":\"2023-08-11T14:04:49+00:00\",\"dateModified\":\"2026-03-26T10:59:10+00:00\",\"description\":\"Ontdek metamerisme in kleurbeheer om de invloed ervan op de afdruknauwkeurigheid te begrijpen en hoe je consistente kleurreproductie kunt bereiken met PrintFactory\",\"breadcrumb\":{\"@id\":\"https:\\\/\\\/printfactory.cloud\\\/nl\\\/metamerisme-het-licht-zien-op-kleurbeheeruitdagingen\\\/#breadcrumb\"},\"inLanguage\":\"nl-NL\",\"potentialAction\":[{\"@type\":\"ReadAction\",\"target\":[\"https:\\\/\\\/printfactory.cloud\\\/nl\\\/metamerisme-het-licht-zien-op-kleurbeheeruitdagingen\\\/\"]}]},{\"@type\":\"ImageObject\",\"inLanguage\":\"nl-NL\",\"@id\":\"https:\\\/\\\/printfactory.cloud\\\/nl\\\/metamerisme-het-licht-zien-op-kleurbeheeruitdagingen\\\/#primaryimage\",\"url\":\"https:\\\/\\\/i0.wp.com\\\/printfactory.cloud\\\/wp-content\\\/uploads\\\/2023\\\/08\\\/metamarism-web-banner.jpg?fit=800%2C125&amp;ssl=1\",\"contentUrl\":\"https:\\\/\\\/i0.wp.com\\\/printfactory.cloud\\\/wp-content\\\/uploads\\\/2023\\\/08\\\/metamarism-web-banner.jpg?fit=800%2C125&amp;ssl=1\"},{\"@type\":\"BreadcrumbList\",\"@id\":\"https:\\\/\\\/printfactory.cloud\\\/nl\\\/metamerisme-het-licht-zien-op-kleurbeheeruitdagingen\\\/#breadcrumb\",\"itemListElement\":[{\"@type\":\"ListItem\",\"position\":1,\"name\":\"Home\",\"item\":\"https:\\\/\\\/printfactory.cloud\\\/nl\\\/\"},{\"@type\":\"ListItem\",\"position\":2,\"name\":\"Metamerisme ziet het licht op kleurbeheeruitdagingen\"}]},{\"@type\":\"WebSite\",\"@id\":\"https:\\\/\\\/printfactory.cloud\\\/nl\\\/#website\",\"url\":\"https:\\\/\\\/printfactory.cloud\\\/nl\\\/\",\"name\":\"printfactory.cloud\",\"description\":\"One unified production environment\",\"publisher\":{\"@id\":\"https:\\\/\\\/printfactory.cloud\\\/nl\\\/#organization\"},\"potentialAction\":[{\"@type\":\"SearchAction\",\"target\":{\"@type\":\"EntryPoint\",\"urlTemplate\":\"https:\\\/\\\/printfactory.cloud\\\/nl\\\/?s={search_term_string}\"},\"query-input\":{\"@type\":\"PropertyValueSpecification\",\"valueRequired\":true,\"valueName\":\"search_term_string\"}}],\"inLanguage\":\"nl-NL\"},{\"@type\":\"Organization\",\"@id\":\"https:\\\/\\\/printfactory.cloud\\\/nl\\\/#organization\",\"name\":\"PrintFactory\",\"url\":\"https:\\\/\\\/printfactory.cloud\\\/nl\\\/\",\"logo\":{\"@type\":\"ImageObject\",\"inLanguage\":\"nl-NL\",\"@id\":\"https:\\\/\\\/printfactory.cloud\\\/nl\\\/#\\\/schema\\\/logo\\\/image\\\/\",\"url\":\"https:\\\/\\\/i0.wp.com\\\/printfactory.cloud\\\/wp-content\\\/uploads\\\/2023\\\/05\\\/PrintFactory-web.jpg?fit=350%2C63&ssl=1\",\"contentUrl\":\"https:\\\/\\\/i0.wp.com\\\/printfactory.cloud\\\/wp-content\\\/uploads\\\/2023\\\/05\\\/PrintFactory-web.jpg?fit=350%2C63&ssl=1\",\"width\":350,\"height\":63,\"caption\":\"PrintFactory\"},\"image\":{\"@id\":\"https:\\\/\\\/printfactory.cloud\\\/nl\\\/#\\\/schema\\\/logo\\\/image\\\/\"},\"sameAs\":[\"https:\\\/\\\/www.facebook.com\\\/printfactory.cloud\",\"https:\\\/\\\/x.com\\\/PrintFactory_\",\"https:\\\/\\\/www.linkedin.com\\\/company\\\/printfactoryworkflow\\\/\",\"https:\\\/\\\/www.instagram.com\\\/printfactory.cloud\\\/\",\"https:\\\/\\\/www.youtube.com\\\/@PrintFactoryWorkflow\",\"https:\\\/\\\/www.threads.com\\\/@printfactory.cloud\",\"https:\\\/\\\/bsky.app\\\/profile\\\/printfactorycloud.bsky.social\"]}]}<\/script>\n<!-- \/ Yoast SEO Premium plugin. -->","yoast_head_json":{"title":"Metamerisme in kleurbeheer duidelijk uitgelegd - printfactory.cloud","description":"Ontdek metamerisme in kleurbeheer om de invloed ervan op de afdruknauwkeurigheid te begrijpen en hoe je consistente kleurreproductie kunt bereiken met PrintFactory","robots":{"index":"index","follow":"follow","max-snippet":"max-snippet:-1","max-image-preview":"max-image-preview:large","max-video-preview":"max-video-preview:-1"},"canonical":"https:\/\/printfactory.cloud\/nl\/metamerisme-het-licht-zien-op-kleurbeheeruitdagingen\/","og_locale":"nl_NL","og_type":"article","og_title":"Metamerisme ziet het licht op kleurbeheeruitdagingen","og_description":"PrintFactory ONE PLATFORM. ONE WORKFLOW. TOTAL CONTROL. PrintFactory is a single, unified print production platform that replaces fragmented RIPs, editors, color tools, and workflow systems, while supporting all printer and cutter brands.","og_url":"https:\/\/printfactory.cloud\/nl\/metamerisme-het-licht-zien-op-kleurbeheeruitdagingen\/","og_site_name":"printfactory.cloud","article_publisher":"https:\/\/www.facebook.com\/printfactory.cloud","article_modified_time":"2026-03-26T10:59:10+00:00","og_image":[{"width":2560,"height":400,"url":"https:\/\/i0.wp.com\/printfactory.cloud\/wp-content\/uploads\/2023\/08\/metamarism-web-banner.jpg?fit=2560%2C400&ssl=1","type":"image\/jpeg"}],"twitter_card":"summary_large_image","twitter_site":"@PrintFactory_","twitter_misc":{"Geschatte leestijd":"3 minuten"},"schema":{"@context":"https:\/\/schema.org","@graph":[{"@type":"WebPage","@id":"https:\/\/printfactory.cloud\/nl\/metamerisme-het-licht-zien-op-kleurbeheeruitdagingen\/","url":"https:\/\/printfactory.cloud\/nl\/metamerisme-het-licht-zien-op-kleurbeheeruitdagingen\/","name":"Metamerisme in kleurbeheer duidelijk uitgelegd - printfactory.cloud","isPartOf":{"@id":"https:\/\/printfactory.cloud\/nl\/#website"},"primaryImageOfPage":{"@id":"https:\/\/printfactory.cloud\/nl\/metamerisme-het-licht-zien-op-kleurbeheeruitdagingen\/#primaryimage"},"image":{"@id":"https:\/\/printfactory.cloud\/nl\/metamerisme-het-licht-zien-op-kleurbeheeruitdagingen\/#primaryimage"},"thumbnailUrl":"https:\/\/i0.wp.com\/printfactory.cloud\/wp-content\/uploads\/2023\/08\/metamarism-web-banner.jpg?fit=800%2C125&amp;ssl=1","datePublished":"2023-08-11T14:04:49+00:00","dateModified":"2026-03-26T10:59:10+00:00","description":"Ontdek metamerisme in kleurbeheer om de invloed ervan op de afdruknauwkeurigheid te begrijpen en hoe je consistente kleurreproductie kunt bereiken met PrintFactory","breadcrumb":{"@id":"https:\/\/printfactory.cloud\/nl\/metamerisme-het-licht-zien-op-kleurbeheeruitdagingen\/#breadcrumb"},"inLanguage":"nl-NL","potentialAction":[{"@type":"ReadAction","target":["https:\/\/printfactory.cloud\/nl\/metamerisme-het-licht-zien-op-kleurbeheeruitdagingen\/"]}]},{"@type":"ImageObject","inLanguage":"nl-NL","@id":"https:\/\/printfactory.cloud\/nl\/metamerisme-het-licht-zien-op-kleurbeheeruitdagingen\/#primaryimage","url":"https:\/\/i0.wp.com\/printfactory.cloud\/wp-content\/uploads\/2023\/08\/metamarism-web-banner.jpg?fit=800%2C125&amp;ssl=1","contentUrl":"https:\/\/i0.wp.com\/printfactory.cloud\/wp-content\/uploads\/2023\/08\/metamarism-web-banner.jpg?fit=800%2C125&amp;ssl=1"},{"@type":"BreadcrumbList","@id":"https:\/\/printfactory.cloud\/nl\/metamerisme-het-licht-zien-op-kleurbeheeruitdagingen\/#breadcrumb","itemListElement":[{"@type":"ListItem","position":1,"name":"Home","item":"https:\/\/printfactory.cloud\/nl\/"},{"@type":"ListItem","position":2,"name":"Metamerisme ziet het licht op kleurbeheeruitdagingen"}]},{"@type":"WebSite","@id":"https:\/\/printfactory.cloud\/nl\/#website","url":"https:\/\/printfactory.cloud\/nl\/","name":"printfactory.cloud","description":"One unified production environment","publisher":{"@id":"https:\/\/printfactory.cloud\/nl\/#organization"},"potentialAction":[{"@type":"SearchAction","target":{"@type":"EntryPoint","urlTemplate":"https:\/\/printfactory.cloud\/nl\/?s={search_term_string}"},"query-input":{"@type":"PropertyValueSpecification","valueRequired":true,"valueName":"search_term_string"}}],"inLanguage":"nl-NL"},{"@type":"Organization","@id":"https:\/\/printfactory.cloud\/nl\/#organization","name":"PrintFactory","url":"https:\/\/printfactory.cloud\/nl\/","logo":{"@type":"ImageObject","inLanguage":"nl-NL","@id":"https:\/\/printfactory.cloud\/nl\/#\/schema\/logo\/image\/","url":"https:\/\/i0.wp.com\/printfactory.cloud\/wp-content\/uploads\/2023\/05\/PrintFactory-web.jpg?fit=350%2C63&ssl=1","contentUrl":"https:\/\/i0.wp.com\/printfactory.cloud\/wp-content\/uploads\/2023\/05\/PrintFactory-web.jpg?fit=350%2C63&ssl=1","width":350,"height":63,"caption":"PrintFactory"},"image":{"@id":"https:\/\/printfactory.cloud\/nl\/#\/schema\/logo\/image\/"},"sameAs":["https:\/\/www.facebook.com\/printfactory.cloud","https:\/\/x.com\/PrintFactory_","https:\/\/www.linkedin.com\/company\/printfactoryworkflow\/","https:\/\/www.instagram.com\/printfactory.cloud\/","https:\/\/www.youtube.com\/@PrintFactoryWorkflow","https:\/\/www.threads.com\/@printfactory.cloud","https:\/\/bsky.app\/profile\/printfactorycloud.bsky.social"]}]}},"jetpack_sharing_enabled":true,"_links":{"self":[{"href":"https:\/\/printfactory.cloud\/nl\/wp-json\/wp\/v2\/pages\/23526","targetHints":{"allow":["GET"]}}],"collection":[{"href":"https:\/\/printfactory.cloud\/nl\/wp-json\/wp\/v2\/pages"}],"about":[{"href":"https:\/\/printfactory.cloud\/nl\/wp-json\/wp\/v2\/types\/page"}],"author":[{"embeddable":true,"href":"https:\/\/printfactory.cloud\/nl\/wp-json\/wp\/v2\/users\/3"}],"replies":[{"embeddable":true,"href":"https:\/\/printfactory.cloud\/nl\/wp-json\/wp\/v2\/comments?post=23526"}],"version-history":[{"count":12,"href":"https:\/\/printfactory.cloud\/nl\/wp-json\/wp\/v2\/pages\/23526\/revisions"}],"predecessor-version":[{"id":37514,"href":"https:\/\/printfactory.cloud\/nl\/wp-json\/wp\/v2\/pages\/23526\/revisions\/37514"}],"wp:attachment":[{"href":"https:\/\/printfactory.cloud\/nl\/wp-json\/wp\/v2\/media?parent=23526"}],"curies":[{"name":"wp","href":"https:\/\/api.w.org\/{rel}","templated":true}]}}