{"id":19714,"date":"2023-05-10T14:07:33","date_gmt":"2023-05-10T12:07:33","guid":{"rendered":"https:\/\/newsite1.printfactory.cloud\/nasza-gwarancja\/"},"modified":"2026-04-30T10:42:50","modified_gmt":"2026-04-30T08:42:50","slug":"nasza-gwarancja","status":"publish","type":"page","link":"https:\/\/printfactory.cloud\/pl\/nasza-gwarancja\/","title":{"rendered":"NASZA GWARANCJA"},"content":{"rendered":"\t\t<div data-elementor-type=\"wp-page\" data-elementor-id=\"19714\" class=\"elementor elementor-19714 elementor-1158\" data-elementor-post-type=\"page\">\n\t\t\t\t<div class=\"elementor-element elementor-element-50149c9 e-flex e-con-boxed e-con e-parent\" data-id=\"50149c9\" data-element_type=\"container\" data-e-type=\"container\">\n\t\t\t\t\t<div class=\"e-con-inner\">\n\t\t\t\t\t\t\t\n\t\t\t<img class=\"e-image-base \" \n\t\t\t\t\tdata-interaction-id=\"0ce5c11\" \n\t\t \n\t\t data-e-type=\"widget\" data-id=\"0ce5c11\"\n\t\t\t\t\t\t\t\t\tid=\"42819\"\n\t\t\t\t\t\t\t\t\t\t\t\tsrc=\"https:\/\/printfactory.cloud\/wp-content\/uploads\/2026\/04\/OUR-GUARANTEE.webp\"\n\t\t\t\t\t\t\t\t\t\t\t\twidth=\"1774\"\n\t\t\t\t\t\t\t\t\t\t\t\theight=\"887\"\n\t\t\t\t\t\t\t\t\t\t\t\tsrcset=\"\"\n\t\t\t\t\t\t\t\t\t\t\t\talt=\"OUR GUARANTEE BANNER\"\n\t\t\t\t\t\t\/>\n\t\t\t\t\t\t<\/div>\n\t\t\t\t<\/div>\n\t\t<div class=\"elementor-element elementor-element-2d91963e e-flex e-con-boxed e-con e-parent\" data-id=\"2d91963e\" data-element_type=\"container\" data-e-type=\"container\">\n\t\t\t\t\t<div class=\"e-con-inner\">\n\t\t\t\t<div class=\"elementor-element elementor-element-14d2823a elementor-widget elementor-widget-heading\" data-id=\"14d2823a\" data-element_type=\"widget\" data-e-type=\"widget\" data-widget_type=\"heading.default\">\n\t\t\t\t<div class=\"elementor-widget-container\">\n\t\t\t\t\t<h3 class=\"elementor-heading-title elementor-size-default\">NASZA GWARANCJA<\/h3>\t\t\t\t<\/div>\n\t\t\t\t<\/div>\n\t\t\t\t\t<\/div>\n\t\t\t\t<\/div>\n\t\t<div class=\"elementor-element elementor-element-f4afa5a e-flex e-con-boxed e-con e-parent\" data-id=\"f4afa5a\" data-element_type=\"container\" data-e-type=\"container\">\n\t\t\t\t\t<div class=\"e-con-inner\">\n\t\t\t\t<div class=\"elementor-element elementor-element-a43773c elementor-pagination-position-inside elementor-skin-carousel elementor-pagination-type-bullets elementor-widget elementor-widget-global elementor-global-22706 elementor-global-17442 elementor-widget-media-carousel\" data-id=\"a43773c\" data-element_type=\"widget\" data-e-type=\"widget\" data-settings=\"{&quot;slides_per_view&quot;:&quot;5&quot;,&quot;space_between&quot;:{&quot;unit&quot;:&quot;px&quot;,&quot;size&quot;:10,&quot;sizes&quot;:[]},&quot;skin&quot;:&quot;carousel&quot;,&quot;effect&quot;:&quot;slide&quot;,&quot;pagination&quot;:&quot;bullets&quot;,&quot;speed&quot;:500,&quot;autoplay&quot;:&quot;yes&quot;,&quot;autoplay_speed&quot;:5000,&quot;loop&quot;:&quot;yes&quot;,&quot;pause_on_hover&quot;:&quot;yes&quot;,&quot;pause_on_interaction&quot;:&quot;yes&quot;,&quot;space_between_tablet&quot;:{&quot;unit&quot;:&quot;px&quot;,&quot;size&quot;:10,&quot;sizes&quot;:[]},&quot;space_between_mobile&quot;:{&quot;unit&quot;:&quot;px&quot;,&quot;size&quot;:10,&quot;sizes&quot;:[]}}\" data-widget_type=\"media-carousel.default\">\n\t\t\t\t<div class=\"elementor-widget-container\">\n\t\t\t\t\t\t\t\t\t<div class=\"elementor-swiper\">\n\t\t\t\t\t<div class=\"elementor-main-swiper swiper\" role=\"region\" aria-roledescription=\"carousel\" aria-label=\"Slajdy\">\n\t\t\t\t<div class=\"swiper-wrapper\">\n\t\t\t\t\t\t\t\t\t\t\t<div class=\"swiper-slide\" role=\"group\" aria-roledescription=\"slide\">\n\t\t\t\t\t\t\t<a href=\"\/consistent-color-guaranteed\">\t\t<div class=\"elementor-carousel-image\" role=\"img\" aria-label=\"CONSISTENT COLOR\" style=\"background-image: url(&#039;https:\/\/printfactory.cloud\/wp-content\/uploads\/2023\/05\/CONSISTENT-COLOR.webp&#039;)\">\n\n\t\t\t\n\t\t\t\t\t<\/div>\n\t\t\t\t\t<div class=\"elementor-carousel-image-overlay e-overlay-animation-fade\">\n\t\t\t\tCONSISTENT COLOR\t\t\t<\/div>\n\t\t\t<\/a>\t\t\t\t\t\t<\/div>\n\t\t\t\t\t\t\t\t\t\t\t<div class=\"swiper-slide\" role=\"group\" aria-roledescription=\"slide\">\n\t\t\t\t\t\t\t<a href=\"\/smarter-job-prep-guaranteed\">\t\t<div class=\"elementor-carousel-image\" role=\"img\" aria-label=\"SMARTER JOB PREP\" style=\"background-image: url(&#039;https:\/\/printfactory.cloud\/wp-content\/uploads\/2023\/05\/SMARTER-JOB-PREP.webp&#039;)\">\n\n\t\t\t\n\t\t\t\t\t<\/div>\n\t\t\t\t\t<div class=\"elementor-carousel-image-overlay e-overlay-animation-fade\">\n\t\t\t\tSMARTER JOB PREP\t\t\t<\/div>\n\t\t\t<\/a>\t\t\t\t\t\t<\/div>\n\t\t\t\t\t\t\t\t\t\t\t<div class=\"swiper-slide\" role=\"group\" aria-roledescription=\"slide\">\n\t\t\t\t\t\t\t<a href=\"\/lower-ink-costs-guaranteed\">\t\t<div class=\"elementor-carousel-image\" role=\"img\" aria-label=\"LOWER INK COSTS\" style=\"background-image: url(&#039;https:\/\/printfactory.cloud\/wp-content\/uploads\/2023\/05\/LOWER-INK-COSTS.webp&#039;)\">\n\n\t\t\t\n\t\t\t\t\t<\/div>\n\t\t\t\t\t<div class=\"elementor-carousel-image-overlay e-overlay-animation-fade\">\n\t\t\t\tLOWER INK COSTS\t\t\t<\/div>\n\t\t\t<\/a>\t\t\t\t\t\t<\/div>\n\t\t\t\t\t\t\t\t\t\t\t<div class=\"swiper-slide\" role=\"group\" aria-roledescription=\"slide\">\n\t\t\t\t\t\t\t<a href=\"\/less-wasted-media-guaranteed\">\t\t<div class=\"elementor-carousel-image\" role=\"img\" aria-label=\"LESS WASTED MEDIA\" style=\"background-image: url(&#039;https:\/\/printfactory.cloud\/wp-content\/uploads\/2023\/05\/LESS-WASTED-MEDIA.webp&#039;)\">\n\n\t\t\t\n\t\t\t\t\t<\/div>\n\t\t\t\t\t<div class=\"elementor-carousel-image-overlay e-overlay-animation-fade\">\n\t\t\t\tLESS WASTED MEDIA\t\t\t<\/div>\n\t\t\t<\/a>\t\t\t\t\t\t<\/div>\n\t\t\t\t\t\t\t\t\t\t\t<div class=\"swiper-slide\" role=\"group\" aria-roledescription=\"slide\">\n\t\t\t\t\t\t\t<a href=\"\/transparent-pricing\">\t\t<div class=\"elementor-carousel-image\" role=\"img\" aria-label=\"TRANSPARENT PRICING\" style=\"background-image: url(&#039;https:\/\/printfactory.cloud\/wp-content\/uploads\/2024\/05\/TRANSPARENT-PRICING.webp&#039;)\">\n\n\t\t\t\n\t\t\t\t\t<\/div>\n\t\t\t\t\t<div class=\"elementor-carousel-image-overlay e-overlay-animation-fade\">\n\t\t\t\tTRANSPARENT PRICING\t\t\t<\/div>\n\t\t\t<\/a>\t\t\t\t\t\t<\/div>\n\t\t\t\t\t\t\t\t\t<\/div>\n\t\t\t\t\t\t\t\t\t\t\t\t\t\t\t\t\t\t\t\t<div class=\"swiper-pagination\"><\/div>\n\t\t\t\t\t\t\t\t\t\t\t\t<\/div>\n\t\t\t\t<\/div>\n\t\t\t\t\t\t\t\t<\/div>\n\t\t\t\t<\/div>\n\t\t\t\t\t<\/div>\n\t\t\t\t<\/div>\n\t\t<div class=\"elementor-element elementor-element-49352f88 e-flex e-con-boxed e-con e-parent\" data-id=\"49352f88\" data-element_type=\"container\" data-e-type=\"container\">\n\t\t\t\t\t<div class=\"e-con-inner\">\n\t\t\t\t<div class=\"elementor-element elementor-element-7976bb0 elementor-widget elementor-widget-spacer\" data-id=\"7976bb0\" data-element_type=\"widget\" data-e-type=\"widget\" data-widget_type=\"spacer.default\">\n\t\t\t\t<div class=\"elementor-widget-container\">\n\t\t\t\t\t\t\t<div class=\"elementor-spacer\">\n\t\t\t<div class=\"elementor-spacer-inner\"><\/div>\n\t\t<\/div>\n\t\t\t\t\t\t<\/div>\n\t\t\t\t<\/div>\n\t\t\t\t<div class=\"elementor-element elementor-element-378399bf elementor-widget elementor-widget-text-editor\" data-id=\"378399bf\" data-element_type=\"widget\" data-e-type=\"widget\" data-widget_type=\"text-editor.default\">\n\t\t\t\t<div class=\"elementor-widget-container\">\n\t\t\t\t\t\t\t\t\t<p style=\"text-align: center;\">Gwarantowane zyski finansowe ju\u017c od pierwszego dnia pracy z <strong>PrintFactory<\/strong>.<\/p><p style=\"text-align: center;\">Nasze inteligentne rozwi\u0105zanie do drukowania oszcz\u0119dza tusz, no\u015bniki i czas, zapewniaj\u0105c, \u017ce <strong>PrintFactory<\/strong> zwr\u00f3ci si\u0119 w mgnieniu oka.  <\/p>\t\t\t\t\t\t\t\t<\/div>\n\t\t\t\t<\/div>\n\t\t\t\t\t<\/div>\n\t\t\t\t<\/div>\n\t\t<div class=\"elementor-element elementor-element-d8eb7cd e-flex e-con-boxed e-con e-parent\" data-id=\"d8eb7cd\" data-element_type=\"container\" data-e-type=\"container\">\n\t\t\t\t\t<div class=\"e-con-inner\">\n\t\t\t\t<div class=\"elementor-element elementor-element-40bb6f4 elementor-widget elementor-widget-spacer\" data-id=\"40bb6f4\" data-element_type=\"widget\" data-e-type=\"widget\" data-widget_type=\"spacer.default\">\n\t\t\t\t<div class=\"elementor-widget-container\">\n\t\t\t\t\t\t\t<div class=\"elementor-spacer\">\n\t\t\t<div class=\"elementor-spacer-inner\"><\/div>\n\t\t<\/div>\n\t\t\t\t\t\t<\/div>\n\t\t\t\t<\/div>\n\t\t\t\t\t<\/div>\n\t\t\t\t<\/div>\n\t\t<div class=\"elementor-element elementor-element-6e7663e3 e-flex e-con-boxed e-con e-parent\" data-id=\"6e7663e3\" data-element_type=\"container\" data-e-type=\"container\">\n\t\t\t\t\t<div class=\"e-con-inner\">\n\t\t<div class=\"elementor-element elementor-element-1eaadffd e-con-full e-flex e-con e-child\" data-id=\"1eaadffd\" data-element_type=\"container\" data-e-type=\"container\">\n\t\t\t\t<div class=\"elementor-element elementor-element-42d4e5d6 elementor-align-center elementor-widget elementor-widget-button\" data-id=\"42d4e5d6\" data-element_type=\"widget\" data-e-type=\"widget\" data-widget_type=\"button.default\">\n\t\t\t\t<div class=\"elementor-widget-container\">\n\t\t\t\t\t\t\t\t\t<div class=\"elementor-button-wrapper\">\n\t\t\t\t\t<a class=\"elementor-button elementor-button-link elementor-size-sm\" href=\"https:\/\/forms.printfactory.cloud\/printfactory\/form\/ContactForm\/formperma\/ls8pqe-7GKZVfepWjsIdmSPvMSscvyGuUFDjIELrhpk\">\n\t\t\t\t\t\t<span class=\"elementor-button-content-wrapper\">\n\t\t\t\t\t\t\t\t\t<span class=\"elementor-button-text\">KONTAKT<\/span>\n\t\t\t\t\t<\/span>\n\t\t\t\t\t<\/a>\n\t\t\t\t<\/div>\n\t\t\t\t\t\t\t\t<\/div>\n\t\t\t\t<\/div>\n\t\t\t\t<\/div>\n\t\t<div class=\"elementor-element elementor-element-37144f06 e-con-full e-flex e-con e-child\" data-id=\"37144f06\" data-element_type=\"container\" data-e-type=\"container\">\n\t\t\t\t<div class=\"elementor-element elementor-element-5de1bccf elementor-align-center elementor-widget elementor-widget-button\" data-id=\"5de1bccf\" data-element_type=\"widget\" data-e-type=\"widget\" data-widget_type=\"button.default\">\n\t\t\t\t<div class=\"elementor-widget-container\">\n\t\t\t\t\t\t\t\t\t<div class=\"elementor-button-wrapper\">\n\t\t\t\t\t<a class=\"elementor-button elementor-button-link elementor-size-sm\" href=\"https:\/\/forms.printfactory.cloud\/printfactory\/form\/GetaTrial\/formperma\/ayh6lenAB9NOm5v8iW4drHCFtHLI6uJQlM2bb1oAkV8\">\n\t\t\t\t\t\t<span class=\"elementor-button-content-wrapper\">\n\t\t\t\t\t\t\t\t\t<span class=\"elementor-button-text\">WNIOSEK O WERSJ\u0118 PR\u00d3BN\u0104<\/span>\n\t\t\t\t\t<\/span>\n\t\t\t\t\t<\/a>\n\t\t\t\t<\/div>\n\t\t\t\t\t\t\t\t<\/div>\n\t\t\t\t<\/div>\n\t\t\t\t<\/div>\n\t\t\t\t\t<\/div>\n\t\t\t\t<\/div>\n\t\t\t\t<\/div>\n\t\t","protected":false},"excerpt":{"rendered":"<p>Gwarantowane korzy\u015bci finansowe dzi\u0119ki PrintFactory. Oszcz\u0119dzaj atrament, zmniejsz marnotrawstwo no\u015bnik\u00f3w i zwi\u0119ksz produktywno\u015b\u0107 dzi\u0119ki inteligentnemu rozwi\u0105zaniu do drukowania, kt\u00f3re zwraca si\u0119 ju\u017c od pierwszego dnia. <\/p>\n","protected":false},"author":3,"featured_media":42819,"parent":0,"menu_order":0,"comment_status":"closed","ping_status":"closed","template":"","meta":{"_angie_page":false,"_monsterinsights_skip_tracking":false,"_monsterinsights_sitenote_active":false,"_monsterinsights_sitenote_note":"","_monsterinsights_sitenote_category":0,"footnotes":""},"class_list":["post-19714","page","type-page","status-publish","has-post-thumbnail","hentry"],"yoast_head":"<!-- This site is optimized with the Yoast SEO Premium plugin v27.5 (Yoast SEO v27.5) - https:\/\/yoast.com\/product\/yoast-seo-premium-wordpress\/ -->\n<title>Gwarancja PrintFactory: Oszcz\u0119dzaj tusz i pieni\u0105dze %%page% %%sep% printfactory.cloud<\/title>\n<meta name=\"description\" content=\"Odblokuj korzy\u015bci p\u0142yn\u0105ce z gwarancji PrintFactory. Oszcz\u0119dzaj tusz, no\u015bniki i czas dzi\u0119ki naszym wydajnym rozwi\u0105zaniom do drukowania ju\u017c dzi\u015b.\" \/>\n<meta name=\"robots\" content=\"index, follow, max-snippet:-1, max-image-preview:large, max-video-preview:-1\" \/>\n<link rel=\"canonical\" href=\"https:\/\/printfactory.cloud\/pl\/nasza-gwarancja\/\" \/>\n<meta property=\"og:locale\" content=\"pl_PL\" \/>\n<meta property=\"og:type\" content=\"article\" \/>\n<meta property=\"og:title\" content=\"NASZA GWARANCJA\" \/>\n<meta property=\"og:description\" content=\"PrintFactory ONE PLATFORM. ONE WORKFLOW. TOTAL CONTROL. PrintFactory is a single, unified print production platform that replaces fragmented RIPs, editors, color tools, and workflow systems, while supporting all printer and cutter brands.\" \/>\n<meta property=\"og:url\" content=\"https:\/\/printfactory.cloud\/pl\/nasza-gwarancja\/\" \/>\n<meta property=\"og:site_name\" content=\"printfactory.cloud\" \/>\n<meta property=\"article:publisher\" content=\"https:\/\/www.facebook.com\/printfactory.cloud\" \/>\n<meta property=\"article:modified_time\" content=\"2026-04-30T08:42:50+00:00\" \/>\n<meta property=\"og:image\" content=\"https:\/\/printfactory.cloud\/wp-content\/uploads\/2026\/04\/OUR-GUARANTEE.webp\" \/>\n\t<meta property=\"og:image:width\" content=\"1774\" \/>\n\t<meta property=\"og:image:height\" content=\"887\" \/>\n\t<meta property=\"og:image:type\" content=\"image\/png\" \/>\n<meta name=\"twitter:card\" content=\"summary_large_image\" \/>\n<meta name=\"twitter:site\" content=\"@PrintFactory_\" \/>\n<script type=\"application\/ld+json\" class=\"yoast-schema-graph\">{\"@context\":\"https:\\\/\\\/schema.org\",\"@graph\":[{\"@type\":\"WebPage\",\"@id\":\"https:\\\/\\\/printfactory.cloud\\\/pl\\\/nasza-gwarancja\\\/\",\"url\":\"https:\\\/\\\/printfactory.cloud\\\/pl\\\/nasza-gwarancja\\\/\",\"name\":\"Gwarancja PrintFactory: Oszcz\u0119dzaj tusz i pieni\u0105dze %%page% %%sep% printfactory.cloud\",\"isPartOf\":{\"@id\":\"https:\\\/\\\/printfactory.cloud\\\/pl\\\/#website\"},\"primaryImageOfPage\":{\"@id\":\"https:\\\/\\\/printfactory.cloud\\\/pl\\\/nasza-gwarancja\\\/#primaryimage\"},\"image\":{\"@id\":\"https:\\\/\\\/printfactory.cloud\\\/pl\\\/nasza-gwarancja\\\/#primaryimage\"},\"thumbnailUrl\":\"https:\\\/\\\/printfactory.cloud\\\/wp-content\\\/uploads\\\/2026\\\/04\\\/OUR-GUARANTEE.webp\",\"datePublished\":\"2023-05-10T12:07:33+00:00\",\"dateModified\":\"2026-04-30T08:42:50+00:00\",\"description\":\"Odblokuj korzy\u015bci p\u0142yn\u0105ce z gwarancji PrintFactory. Oszcz\u0119dzaj tusz, no\u015bniki i czas dzi\u0119ki naszym wydajnym rozwi\u0105zaniom do drukowania ju\u017c dzi\u015b.\",\"breadcrumb\":{\"@id\":\"https:\\\/\\\/printfactory.cloud\\\/pl\\\/nasza-gwarancja\\\/#breadcrumb\"},\"inLanguage\":\"pl-PL\",\"potentialAction\":[{\"@type\":\"ReadAction\",\"target\":[\"https:\\\/\\\/printfactory.cloud\\\/pl\\\/nasza-gwarancja\\\/\"]}]},{\"@type\":\"ImageObject\",\"inLanguage\":\"pl-PL\",\"@id\":\"https:\\\/\\\/printfactory.cloud\\\/pl\\\/nasza-gwarancja\\\/#primaryimage\",\"url\":\"https:\\\/\\\/printfactory.cloud\\\/wp-content\\\/uploads\\\/2026\\\/04\\\/OUR-GUARANTEE.webp\",\"contentUrl\":\"https:\\\/\\\/printfactory.cloud\\\/wp-content\\\/uploads\\\/2026\\\/04\\\/OUR-GUARANTEE.webp\",\"width\":1774,\"height\":887,\"caption\":\"OUR GUARANTEE BANNER\"},{\"@type\":\"BreadcrumbList\",\"@id\":\"https:\\\/\\\/printfactory.cloud\\\/pl\\\/nasza-gwarancja\\\/#breadcrumb\",\"itemListElement\":[{\"@type\":\"ListItem\",\"position\":1,\"name\":\"Home\",\"item\":\"https:\\\/\\\/printfactory.cloud\\\/pl\\\/\"},{\"@type\":\"ListItem\",\"position\":2,\"name\":\"NASZA GWARANCJA\"}]},{\"@type\":\"WebSite\",\"@id\":\"https:\\\/\\\/printfactory.cloud\\\/pl\\\/#website\",\"url\":\"https:\\\/\\\/printfactory.cloud\\\/pl\\\/\",\"name\":\"printfactory.cloud\",\"description\":\"One unified production environment\",\"publisher\":{\"@id\":\"https:\\\/\\\/printfactory.cloud\\\/pl\\\/#organization\"},\"potentialAction\":[{\"@type\":\"SearchAction\",\"target\":{\"@type\":\"EntryPoint\",\"urlTemplate\":\"https:\\\/\\\/printfactory.cloud\\\/pl\\\/?s={search_term_string}\"},\"query-input\":{\"@type\":\"PropertyValueSpecification\",\"valueRequired\":true,\"valueName\":\"search_term_string\"}}],\"inLanguage\":\"pl-PL\"},{\"@type\":\"Organization\",\"@id\":\"https:\\\/\\\/printfactory.cloud\\\/pl\\\/#organization\",\"name\":\"PrintFactory BV\",\"url\":\"https:\\\/\\\/printfactory.cloud\\\/pl\\\/\",\"logo\":{\"@type\":\"ImageObject\",\"inLanguage\":\"pl-PL\",\"@id\":\"https:\\\/\\\/printfactory.cloud\\\/pl\\\/#\\\/schema\\\/logo\\\/image\\\/\",\"url\":\"https:\\\/\\\/printfactory.cloud\\\/wp-content\\\/uploads\\\/2023\\\/05\\\/PrintFactory-web.webp\",\"contentUrl\":\"https:\\\/\\\/printfactory.cloud\\\/wp-content\\\/uploads\\\/2023\\\/05\\\/PrintFactory-web.webp\",\"width\":350,\"height\":63,\"caption\":\"PrintFactory BV\"},\"image\":{\"@id\":\"https:\\\/\\\/printfactory.cloud\\\/pl\\\/#\\\/schema\\\/logo\\\/image\\\/\"},\"sameAs\":[\"https:\\\/\\\/www.facebook.com\\\/printfactory.cloud\",\"https:\\\/\\\/x.com\\\/PrintFactory_\",\"https:\\\/\\\/www.linkedin.com\\\/company\\\/printfactoryworkflow\\\/\",\"https:\\\/\\\/www.instagram.com\\\/printfactory.cloud\\\/\",\"https:\\\/\\\/www.youtube.com\\\/@PrintFactoryWorkflow\",\"https:\\\/\\\/www.threads.com\\\/@printfactory.cloud\",\"https:\\\/\\\/bsky.app\\\/profile\\\/printfactorycloud.bsky.social\"],\"description\":\"PrintFactory: The Leading All-in-One Solution for Large-Format Printing PrintFactory is the premier provider of large-format printing solutions, delivering a powerful, unified software platform that streamlines and optimizes your entire print production process. With over 30 years of industry experience, we deeply understand the challenges printing professionals face\u2014and we've built PrintFactory as the ultimate all-in-one solution. Unlike traditional RIPs, PrintFactory goes far beyond basic functionality. It integrates every stage of the workflow\u2014from design to delivery\u2014into one seamless, cohesive platform. This eliminates the need for multiple tools, reduces complexity, and delivers a faster, more efficient experience that drives consistent quality and higher profitability. One platform. Total control. Built for printers, by printers. Discover more at printfactory.cloud\",\"email\":\"info@printfactory.cloud\",\"telephone\":\"+31 20 899 5953\",\"legalName\":\"PrintFactory BV\",\"vatID\":\"NL006403165B01\"}]}<\/script>\n<!-- \/ Yoast SEO Premium plugin. -->","yoast_head_json":{"title":"Gwarancja PrintFactory: Oszcz\u0119dzaj tusz i pieni\u0105dze %%page% %%sep% printfactory.cloud","description":"Odblokuj korzy\u015bci p\u0142yn\u0105ce z gwarancji PrintFactory. Oszcz\u0119dzaj tusz, no\u015bniki i czas dzi\u0119ki naszym wydajnym rozwi\u0105zaniom do drukowania ju\u017c dzi\u015b.","robots":{"index":"index","follow":"follow","max-snippet":"max-snippet:-1","max-image-preview":"max-image-preview:large","max-video-preview":"max-video-preview:-1"},"canonical":"https:\/\/printfactory.cloud\/pl\/nasza-gwarancja\/","og_locale":"pl_PL","og_type":"article","og_title":"NASZA GWARANCJA","og_description":"PrintFactory ONE PLATFORM. ONE WORKFLOW. TOTAL CONTROL. PrintFactory is a single, unified print production platform that replaces fragmented RIPs, editors, color tools, and workflow systems, while supporting all printer and cutter brands.","og_url":"https:\/\/printfactory.cloud\/pl\/nasza-gwarancja\/","og_site_name":"printfactory.cloud","article_publisher":"https:\/\/www.facebook.com\/printfactory.cloud","article_modified_time":"2026-04-30T08:42:50+00:00","og_image":[{"width":1774,"height":887,"url":"https:\/\/printfactory.cloud\/wp-content\/uploads\/2026\/04\/OUR-GUARANTEE.webp","type":"image\/png"}],"twitter_card":"summary_large_image","twitter_site":"@PrintFactory_","schema":{"@context":"https:\/\/schema.org","@graph":[{"@type":"WebPage","@id":"https:\/\/printfactory.cloud\/pl\/nasza-gwarancja\/","url":"https:\/\/printfactory.cloud\/pl\/nasza-gwarancja\/","name":"Gwarancja PrintFactory: Oszcz\u0119dzaj tusz i pieni\u0105dze %%page% %%sep% printfactory.cloud","isPartOf":{"@id":"https:\/\/printfactory.cloud\/pl\/#website"},"primaryImageOfPage":{"@id":"https:\/\/printfactory.cloud\/pl\/nasza-gwarancja\/#primaryimage"},"image":{"@id":"https:\/\/printfactory.cloud\/pl\/nasza-gwarancja\/#primaryimage"},"thumbnailUrl":"https:\/\/printfactory.cloud\/wp-content\/uploads\/2026\/04\/OUR-GUARANTEE.webp","datePublished":"2023-05-10T12:07:33+00:00","dateModified":"2026-04-30T08:42:50+00:00","description":"Odblokuj korzy\u015bci p\u0142yn\u0105ce z gwarancji PrintFactory. Oszcz\u0119dzaj tusz, no\u015bniki i czas dzi\u0119ki naszym wydajnym rozwi\u0105zaniom do drukowania ju\u017c dzi\u015b.","breadcrumb":{"@id":"https:\/\/printfactory.cloud\/pl\/nasza-gwarancja\/#breadcrumb"},"inLanguage":"pl-PL","potentialAction":[{"@type":"ReadAction","target":["https:\/\/printfactory.cloud\/pl\/nasza-gwarancja\/"]}]},{"@type":"ImageObject","inLanguage":"pl-PL","@id":"https:\/\/printfactory.cloud\/pl\/nasza-gwarancja\/#primaryimage","url":"https:\/\/printfactory.cloud\/wp-content\/uploads\/2026\/04\/OUR-GUARANTEE.webp","contentUrl":"https:\/\/printfactory.cloud\/wp-content\/uploads\/2026\/04\/OUR-GUARANTEE.webp","width":1774,"height":887,"caption":"OUR GUARANTEE BANNER"},{"@type":"BreadcrumbList","@id":"https:\/\/printfactory.cloud\/pl\/nasza-gwarancja\/#breadcrumb","itemListElement":[{"@type":"ListItem","position":1,"name":"Home","item":"https:\/\/printfactory.cloud\/pl\/"},{"@type":"ListItem","position":2,"name":"NASZA GWARANCJA"}]},{"@type":"WebSite","@id":"https:\/\/printfactory.cloud\/pl\/#website","url":"https:\/\/printfactory.cloud\/pl\/","name":"printfactory.cloud","description":"One unified production environment","publisher":{"@id":"https:\/\/printfactory.cloud\/pl\/#organization"},"potentialAction":[{"@type":"SearchAction","target":{"@type":"EntryPoint","urlTemplate":"https:\/\/printfactory.cloud\/pl\/?s={search_term_string}"},"query-input":{"@type":"PropertyValueSpecification","valueRequired":true,"valueName":"search_term_string"}}],"inLanguage":"pl-PL"},{"@type":"Organization","@id":"https:\/\/printfactory.cloud\/pl\/#organization","name":"PrintFactory BV","url":"https:\/\/printfactory.cloud\/pl\/","logo":{"@type":"ImageObject","inLanguage":"pl-PL","@id":"https:\/\/printfactory.cloud\/pl\/#\/schema\/logo\/image\/","url":"https:\/\/printfactory.cloud\/wp-content\/uploads\/2023\/05\/PrintFactory-web.webp","contentUrl":"https:\/\/printfactory.cloud\/wp-content\/uploads\/2023\/05\/PrintFactory-web.webp","width":350,"height":63,"caption":"PrintFactory BV"},"image":{"@id":"https:\/\/printfactory.cloud\/pl\/#\/schema\/logo\/image\/"},"sameAs":["https:\/\/www.facebook.com\/printfactory.cloud","https:\/\/x.com\/PrintFactory_","https:\/\/www.linkedin.com\/company\/printfactoryworkflow\/","https:\/\/www.instagram.com\/printfactory.cloud\/","https:\/\/www.youtube.com\/@PrintFactoryWorkflow","https:\/\/www.threads.com\/@printfactory.cloud","https:\/\/bsky.app\/profile\/printfactorycloud.bsky.social"],"description":"PrintFactory: The Leading All-in-One Solution for Large-Format Printing PrintFactory is the premier provider of large-format printing solutions, delivering a powerful, unified software platform that streamlines and optimizes your entire print production process. With over 30 years of industry experience, we deeply understand the challenges printing professionals face\u2014and we've built PrintFactory as the ultimate all-in-one solution. Unlike traditional RIPs, PrintFactory goes far beyond basic functionality. It integrates every stage of the workflow\u2014from design to delivery\u2014into one seamless, cohesive platform. This eliminates the need for multiple tools, reduces complexity, and delivers a faster, more efficient experience that drives consistent quality and higher profitability. One platform. Total control. Built for printers, by printers. Discover more at printfactory.cloud","email":"info@printfactory.cloud","telephone":"+31 20 899 5953","legalName":"PrintFactory BV","vatID":"NL006403165B01"}]}},"_links":{"self":[{"href":"https:\/\/printfactory.cloud\/pl\/wp-json\/wp\/v2\/pages\/19714","targetHints":{"allow":["GET"]}}],"collection":[{"href":"https:\/\/printfactory.cloud\/pl\/wp-json\/wp\/v2\/pages"}],"about":[{"href":"https:\/\/printfactory.cloud\/pl\/wp-json\/wp\/v2\/types\/page"}],"author":[{"embeddable":true,"href":"https:\/\/printfactory.cloud\/pl\/wp-json\/wp\/v2\/users\/3"}],"replies":[{"embeddable":true,"href":"https:\/\/printfactory.cloud\/pl\/wp-json\/wp\/v2\/comments?post=19714"}],"version-history":[{"count":19,"href":"https:\/\/printfactory.cloud\/pl\/wp-json\/wp\/v2\/pages\/19714\/revisions"}],"predecessor-version":[{"id":42842,"href":"https:\/\/printfactory.cloud\/pl\/wp-json\/wp\/v2\/pages\/19714\/revisions\/42842"}],"wp:featuredmedia":[{"embeddable":true,"href":"https:\/\/printfactory.cloud\/pl\/wp-json\/wp\/v2\/media\/42819"}],"wp:attachment":[{"href":"https:\/\/printfactory.cloud\/pl\/wp-json\/wp\/v2\/media?parent=19714"}],"curies":[{"name":"wp","href":"https:\/\/api.w.org\/{rel}","templated":true}]}}