{"id":23535,"date":"2023-08-11T16:04:49","date_gmt":"2023-08-11T14:04:49","guid":{"rendered":"https:\/\/printfactory.cloud\/metameryzm-swiatlo-na-wyzwania-zwiazane-z-zarzadzaniem-kolorami\/"},"modified":"2026-03-26T12:58:31","modified_gmt":"2026-03-26T10:58:31","slug":"metameryzm-swiatlo-na-wyzwania-zwiazane-z-zarzadzaniem-kolorami","status":"publish","type":"page","link":"https:\/\/printfactory.cloud\/pl\/metameryzm-swiatlo-na-wyzwania-zwiazane-z-zarzadzaniem-kolorami\/","title":{"rendered":"Metameryzm w \u015bwietle wyzwa\u0144 zwi\u0105zanych z zarz\u0105dzaniem kolorami"},"content":{"rendered":"\t\t<div data-elementor-type=\"wp-page\" data-elementor-id=\"23535\" class=\"elementor elementor-23535 elementor-23508\" data-elementor-post-type=\"page\">\n\t\t\t\t<div class=\"elementor-element elementor-element-e369d5a e-flex e-con-boxed e-con e-parent\" data-id=\"e369d5a\" data-element_type=\"container\" data-e-type=\"container\">\n\t\t\t\t\t<div class=\"e-con-inner\">\n\t\t\t\t<div class=\"elementor-element elementor-element-1e814fa elementor-widget elementor-widget-heading\" data-id=\"1e814fa\" data-element_type=\"widget\" data-e-type=\"widget\" data-widget_type=\"heading.default\">\n\t\t\t\t<div class=\"elementor-widget-container\">\n\t\t\t\t\t<h4 class=\"elementor-heading-title elementor-size-default\">PrintFactory: Metameryzm - Postrzeganie \u015awiat\u0142a jako wyzwanie w Zarz\u0105dzaniu Kolorem<\/h4>\t\t\t\t<\/div>\n\t\t\t\t<\/div>\n\t\t\t\t\t<\/div>\n\t\t\t\t<\/div>\n\t\t<div class=\"elementor-element elementor-element-ed260f4 e-flex e-con-boxed e-con e-parent\" data-id=\"ed260f4\" data-element_type=\"container\" data-e-type=\"container\">\n\t\t\t\t\t<div class=\"e-con-inner\">\n\t\t\t\t<div class=\"elementor-element elementor-element-b6cb401 elementor-widget elementor-widget-text-editor\" data-id=\"b6cb401\" data-element_type=\"widget\" data-e-type=\"widget\" data-widget_type=\"text-editor.default\">\n\t\t\t\t<div class=\"elementor-widget-container\">\n\t\t\t\t\t\t\t\t\t<p>Osi\u0105gni\u0119cie dok\u0142adnego odwzorowania kolor\u00f3w w bran\u017cy poligraficznej to wieloaspektowe przedsi\u0119wzi\u0119cie. W\u015br\u00f3d r\u00f3\u017cnych wyzwa\u0144 stoj\u0105cych przed dostawcami us\u0142ug poligraficznych (PSP) metameryzm jest jednym ze znacz\u0105cych, kt\u00f3re ma wp\u0142yw na sp\u00f3jno\u015b\u0107 kolor\u00f3w. To intryguj\u0105ce zjawisko wprowadza z\u0142o\u017cono\u015b\u0107 do \u015bwiata zarz\u0105dzania kolorem, wymagaj\u0105c dog\u0142\u0119bnego zrozumienia i innowacyjnych rozwi\u0105za\u0144 w celu precyzyjnego odwzorowania kolor\u00f3w. W tym artykule zag\u0142\u0119biamy si\u0119 w g\u0142\u0119bi\u0119 metameryzmu, badaj\u0105c jego definicj\u0119, jego wp\u0142yw na zarz\u0105dzanie kolorami oraz spos\u00f3b, w jaki dostawcy us\u0142ug p\u0142atniczych mog\u0105 skutecznie radzi\u0107 sobie z niedopasowaniem metamerycznym poprzez <a href=\"https:\/\/printfactory.cloud\/pl\/spojny-kolor\/\" target=\"_blank\" rel=\"noopener\">profilowanie DeviceLink<\/a>.<\/p><p><strong>Zrozumie\u0107 metameryzm<\/strong><\/p><p>Metameryzm to zjawisko polegaj\u0105ce na tym, \u017ce dwie pozornie identyczne pr\u00f3bki kolor\u00f3w wygl\u0105daj\u0105 inaczej w r\u00f3\u017cnych warunk\u00f3w o\u015bwietlenia. Nasze postrzeganie kolor\u00f3w w du\u017cym stopniu zale\u017cy od wsp\u00f3\u0142czynnika odbicia materia\u0142u, indywidualnych zdolno\u015bci percepcyjnych a przede wszystkim od jako\u015bci \u015bwiat\u0142a. R\u00f3\u017cne d\u0142ugo\u015bci fal \u015bwiat\u0142a odpowiadaj\u0105 r\u00f3\u017cnym kolorom, a te, z poch\u0142anianymi i odbitymi d\u0142ugo\u015bciami fal kszta\u0142tuj\u0105 nasze wra\u017cenia wizualne.  <\/p><p>Co ciekawe, historia kolor\u00f3w zmienia si\u0119 w przypadku r\u00f3\u017cnych \u017ar\u00f3de\u0142 \u015bwiat\u0142a, kt\u00f3re emituj\u0105 r\u00f3\u017cne d\u0142ugo\u015bci fal. Bior\u0105c pod uwag\u0119 np. par\u0119 zielonych skarpetek &#8211; ich wygl\u0105d w \u015bwietle fluorescencyjnym, bogatym w czerwone i niebieskie d\u0142ugo\u015bci fal, r\u00f3\u017cni si\u0119 w przypadku ogl\u0105dania tych samych skarpetek w naturalnym \u015bwietle dziennym, kt\u00f3re zawiera czerwone, niebieskie i zielone fale. <\/p><p><strong>Rola metameryzmu w zarz\u0105dzaniu kolorem<\/strong><\/p><p>Specjali\u015bci w dziedzinie druku s\u0105 dobrze zaznajomieni z wp\u0142ywem metameryzmu. Ze wzgl\u0119du na r\u00f3\u017cnice w pigmentacji atramentu, firmy poligraficzne cz\u0119sto borykaj\u0105 si\u0119 z niesp\u00f3jno\u015bciami kolor\u00f3w, gdy wydruki z dw\u00f3ch r\u00f3\u017cnych urz\u0105dze\u0144 drukuj\u0105cych ogl\u0105dane w odmiennych warunkach o\u015bwietleniowych nie s\u0105 sp\u00f3jne, r\u00f3\u017cni\u0105 si\u0119. Ta rozbie\u017cno\u015b\u0107, szczeg\u00f3lnie w przypadku drukowania identycznych prac na r\u00f3\u017cnych pod\u0142o\u017cach, prowadzi do marnowania zasob\u00f3w, w tym czasu, atramentu i no\u015bnik\u00f3w, podczas rozwi\u0105zywania problem\u00f3w maj\u0105cych na celu pogodzenie r\u00f3\u017cnic w kolorach.  <\/p><p>Je\u017celi kolory ogl\u0105dane w okre\u015blonych warunkach o\u015bwietleniowych r\u00f3\u017cni\u0105 si\u0119, nie pasuj\u0105 do siebie, nale\u017cy dostosowa\u0107 profile a\u017c do momentu zidentyfikowania w\u0142a\u015bciwej mieszanki barwnik\u00f3w, \u0142agodz\u0105c w ten spos\u00f3b wp\u0142yw metameryzmu i uzyskuj\u0105c wierne odwzorowanie kolor\u00f3w.<\/p><p><strong>Poruszanie si\u0119 po wyzwaniach metameryzmu<\/strong><\/p><p>Opanowanie zawi\u0142o\u015bci metameryzmu wymaga zaawansowanych narz\u0119dzi do zarz\u0105dzania kolorem. Mo\u017cna zastosowa\u0107 podej\u015bcie dwutorowe: wzmacnianie odporno\u015bci kolor\u00f3w na degradacj\u0119 i generowanie alternatywnych wynik\u00f3w. <\/p><p>Konwersja CMYK na CMYK okazuje si\u0119 skuteczn\u0105 taktyk\u0105 poprawiaj\u0105c\u0105 dok\u0142adno\u015b\u0107 kolor\u00f3w w obliczu zmian metamerycznych. Wykorzystanie tej techniki bezpo\u015bredniej konwersji do tworzenia profili DeviceLink pozwala zachowa\u0107 kana\u0142 separacji czerni podczas odtwarzania kolor\u00f3w. Solidny kana\u0142 czarny ma wp\u0142yw na zmniejszenie zmian o\u015bwietlenia, co skutkuje zmniejszon\u0105 degradacj\u0105 koloru metamerycznego.  <\/p><p>Symulowanie r\u00f3\u017cnych warunk\u00f3w o\u015bwietleniowych i odpowiednie dostosowywanie kolor\u00f3w stanowi kolejn\u0105 drog\u0119 do rozwi\u0105zania problemu metameryzmu. Wykorzystuj\u0105c w oprogramowaniu do zarz\u0105dzania kolorem narz\u0119dzie do adaptacji \u015bwiat\u0142a (Light Adaptation Tool), dostawcy us\u0142ug poligraficznych mog\u0105 symulowa\u0107 prawdziwe warunki ogl\u0105dania poza znormalizowanym \u015bwiat\u0142em dziennym D50. LAT umo\u017cliwia prawid\u0142owe zmiany odcienia w balansie szaro\u015bci, zapewniaj\u0105c neutralno\u015b\u0107 w okre\u015blonym o\u015bwietleniu. Drukuj\u0105c warianty kolor\u00f3w \u017c\u00f3\u0142ty, zielony, cyan, niebieski, magenta i czerwony oraz kontrastuj\u0105c je z oryginalnym profilem, drukarze mog\u0105 okre\u015bli\u0107 optymalny balans szaro\u015bci, kt\u00f3ry harmonizuje z warunkami o\u015bwietlenia wy\u015bwietlacza.   <\/p><p><strong>Walka z metameryzmem dzi\u0119ki innowacjom<\/strong><\/p><p>Metameryzm jest jedn\u0105 z wielu przeszk\u00f3d z jakimi borykaj\u0105 si\u0119 dostawcy us\u0142ug poligraficznych w d\u0105\u017ceniu do uzyskania nienagannej dok\u0142adno\u015bci kolor\u00f3w na r\u00f3\u017cnych urz\u0105dzeniach drukuj\u0105cych i pod\u0142o\u017cach. Zastosowanie najnowocze\u015bniejszej technologii zarz\u0105dzania kolorem w po\u0142\u0105czeniu z profilowaniem DeviceLink umo\u017cliwia firmom poligraficznym przezwyci\u0119\u017cenie tego kosztownego zjawiska, poprzez osi\u0105gni\u0119cie harmonijnego dopasowania kolor\u00f3w niezale\u017cnie od \u015brodowiska o\u015bwietleniowego. <\/p><p>Wraz z ewolucj\u0105 rynku druku, dostawcy us\u0142ug poligraficznych wyposa\u017ceni w wiedz\u0119 na temat zawi\u0142o\u015bci metameryzmu i uzbrojeni w innowacyjne rozwi\u0105zania niew\u0105tpliwie zyskaj\u0105 przewag\u0119 konkurencyjn\u0105 w dostarczaniu nienagannych, sp\u00f3jnych i realistycznie kolorowych wydruk\u00f3w.<\/p>\t\t\t\t\t\t\t\t<\/div>\n\t\t\t\t<\/div>\n\t\t\t\t\t<\/div>\n\t\t\t\t<\/div>\n\t\t<div class=\"elementor-element elementor-element-54f8cf8 e-flex e-con-boxed e-con e-parent\" data-id=\"54f8cf8\" data-element_type=\"container\" data-e-type=\"container\">\n\t\t\t\t\t<div class=\"e-con-inner\">\n\t\t\t\t<div class=\"elementor-element elementor-element-92c9ccf elementor-widget elementor-widget-image\" data-id=\"92c9ccf\" data-element_type=\"widget\" data-e-type=\"widget\" data-widget_type=\"image.default\">\n\t\t\t\t<div class=\"elementor-widget-container\">\n\t\t\t\t\t\t\t\t\t\t\t\t\t\t\t<img fetchpriority=\"high\" decoding=\"async\" width=\"800\" height=\"125\" src=\"https:\/\/i0.wp.com\/printfactory.cloud\/wp-content\/uploads\/2023\/08\/metamarism-web-banner.jpg?fit=800%2C125&amp;ssl=1\" class=\"attachment-large size-large wp-image-23516\" alt=\"Explore metamerism in color management to understand its impact on print accuracy and how to achieve consistent color reproduction with PrintFactory\" srcset=\"https:\/\/i0.wp.com\/printfactory.cloud\/wp-content\/uploads\/2023\/08\/metamarism-web-banner.jpg?w=2560&amp;ssl=1 2560w, https:\/\/i0.wp.com\/printfactory.cloud\/wp-content\/uploads\/2023\/08\/metamarism-web-banner.jpg?resize=300%2C47&amp;ssl=1 300w, https:\/\/i0.wp.com\/printfactory.cloud\/wp-content\/uploads\/2023\/08\/metamarism-web-banner.jpg?resize=1024%2C160&amp;ssl=1 1024w, https:\/\/i0.wp.com\/printfactory.cloud\/wp-content\/uploads\/2023\/08\/metamarism-web-banner.jpg?resize=768%2C120&amp;ssl=1 768w, https:\/\/i0.wp.com\/printfactory.cloud\/wp-content\/uploads\/2023\/08\/metamarism-web-banner.jpg?resize=1536%2C240&amp;ssl=1 1536w, https:\/\/i0.wp.com\/printfactory.cloud\/wp-content\/uploads\/2023\/08\/metamarism-web-banner.jpg?resize=2048%2C320&amp;ssl=1 2048w, https:\/\/i0.wp.com\/printfactory.cloud\/wp-content\/uploads\/2023\/08\/metamarism-web-banner.jpg?w=1600&amp;ssl=1 1600w, https:\/\/i0.wp.com\/printfactory.cloud\/wp-content\/uploads\/2023\/08\/metamarism-web-banner.jpg?w=2400&amp;ssl=1 2400w\" sizes=\"(max-width: 800px) 100vw, 800px\" \/>\t\t\t\t\t\t\t\t\t\t\t\t\t\t\t<\/div>\n\t\t\t\t<\/div>\n\t\t\t\t\t<\/div>\n\t\t\t\t<\/div>\n\t\t\t\t<\/div>\n\t\t","protected":false},"excerpt":{"rendered":"<p>PrintFactory: Metameryzm &#8211; Postrzeganie \u015awiat\u0142a jako wyzwanie w Zarz\u0105dzaniu Kolorem Osi\u0105gni\u0119cie dok\u0142adnego odwzorowania kolor\u00f3w w bran\u017cy poligraficznej to wieloaspektowe przedsi\u0119wzi\u0119cie. W\u015br\u00f3d r\u00f3\u017cnych wyzwa\u0144 stoj\u0105cych przed dostawcami us\u0142ug poligraficznych (PSP) metameryzm jest jednym ze znacz\u0105cych, kt\u00f3re ma wp\u0142yw na sp\u00f3jno\u015b\u0107 kolor\u00f3w. To intryguj\u0105ce zjawisko wprowadza z\u0142o\u017cono\u015b\u0107 do \u015bwiata zarz\u0105dzania kolorem, wymagaj\u0105c dog\u0142\u0119bnego zrozumienia i innowacyjnych rozwi\u0105za\u0144 [&hellip;]<\/p>\n","protected":false},"author":3,"featured_media":0,"parent":0,"menu_order":0,"comment_status":"closed","ping_status":"closed","template":"","meta":{"_monsterinsights_skip_tracking":false,"_monsterinsights_sitenote_active":false,"_monsterinsights_sitenote_note":"","_monsterinsights_sitenote_category":0,"footnotes":""},"class_list":["post-23535","page","type-page","status-publish","hentry"],"yoast_head":"<!-- This site is optimized with the Yoast SEO Premium plugin v27.3 (Yoast SEO v27.3) - https:\/\/yoast.com\/product\/yoast-seo-premium-wordpress\/ -->\n<title>Metameryzm w zarz\u0105dzaniu kolorami wyja\u015bniony w przejrzysty spos\u00f3b - printfactory.cloud<\/title>\n<meta name=\"description\" content=\"Zapoznaj si\u0119 z metameryzmem w zarz\u0105dzaniu kolorami, aby zrozumie\u0107 jego wp\u0142yw na dok\u0142adno\u015b\u0107 druku i jak osi\u0105gn\u0105\u0107 sp\u00f3jne odwzorowanie kolor\u00f3w za pomoc\u0105 PrintFactory.\" \/>\n<meta name=\"robots\" content=\"index, follow, max-snippet:-1, max-image-preview:large, max-video-preview:-1\" \/>\n<link rel=\"canonical\" href=\"https:\/\/printfactory.cloud\/pl\/metameryzm-swiatlo-na-wyzwania-zwiazane-z-zarzadzaniem-kolorami\/\" \/>\n<meta property=\"og:locale\" content=\"pl_PL\" \/>\n<meta property=\"og:type\" content=\"article\" \/>\n<meta property=\"og:title\" content=\"Metameryzm w \u015bwietle wyzwa\u0144 zwi\u0105zanych z zarz\u0105dzaniem kolorami\" \/>\n<meta property=\"og:description\" content=\"PrintFactory ONE PLATFORM. ONE WORKFLOW. TOTAL CONTROL. PrintFactory is a single, unified print production platform that replaces fragmented RIPs, editors, color tools, and workflow systems, while supporting all printer and cutter brands.\" \/>\n<meta property=\"og:url\" content=\"https:\/\/printfactory.cloud\/pl\/metameryzm-swiatlo-na-wyzwania-zwiazane-z-zarzadzaniem-kolorami\/\" \/>\n<meta property=\"og:site_name\" content=\"printfactory.cloud\" \/>\n<meta property=\"article:publisher\" content=\"https:\/\/www.facebook.com\/printfactory.cloud\" \/>\n<meta property=\"article:modified_time\" content=\"2026-03-26T10:58:31+00:00\" \/>\n<meta property=\"og:image\" content=\"https:\/\/i0.wp.com\/printfactory.cloud\/wp-content\/uploads\/2023\/08\/metamarism-web-banner.jpg?fit=2560%2C400&ssl=1\" \/>\n\t<meta property=\"og:image:width\" content=\"2560\" \/>\n\t<meta property=\"og:image:height\" content=\"400\" \/>\n\t<meta property=\"og:image:type\" content=\"image\/jpeg\" \/>\n<meta name=\"twitter:card\" content=\"summary_large_image\" \/>\n<meta name=\"twitter:site\" content=\"@PrintFactory_\" \/>\n<meta name=\"twitter:label1\" content=\"Szacowany czas czytania\" \/>\n\t<meta name=\"twitter:data1\" content=\"4 minuty\" \/>\n<script type=\"application\/ld+json\" class=\"yoast-schema-graph\">{\"@context\":\"https:\\\/\\\/schema.org\",\"@graph\":[{\"@type\":\"WebPage\",\"@id\":\"https:\\\/\\\/printfactory.cloud\\\/pl\\\/metameryzm-swiatlo-na-wyzwania-zwiazane-z-zarzadzaniem-kolorami\\\/\",\"url\":\"https:\\\/\\\/printfactory.cloud\\\/pl\\\/metameryzm-swiatlo-na-wyzwania-zwiazane-z-zarzadzaniem-kolorami\\\/\",\"name\":\"Metameryzm w zarz\u0105dzaniu kolorami wyja\u015bniony w przejrzysty spos\u00f3b - printfactory.cloud\",\"isPartOf\":{\"@id\":\"https:\\\/\\\/printfactory.cloud\\\/pl\\\/#website\"},\"primaryImageOfPage\":{\"@id\":\"https:\\\/\\\/printfactory.cloud\\\/pl\\\/metameryzm-swiatlo-na-wyzwania-zwiazane-z-zarzadzaniem-kolorami\\\/#primaryimage\"},\"image\":{\"@id\":\"https:\\\/\\\/printfactory.cloud\\\/pl\\\/metameryzm-swiatlo-na-wyzwania-zwiazane-z-zarzadzaniem-kolorami\\\/#primaryimage\"},\"thumbnailUrl\":\"https:\\\/\\\/i0.wp.com\\\/printfactory.cloud\\\/wp-content\\\/uploads\\\/2023\\\/08\\\/metamarism-web-banner.jpg?fit=800%2C125&amp;ssl=1\",\"datePublished\":\"2023-08-11T14:04:49+00:00\",\"dateModified\":\"2026-03-26T10:58:31+00:00\",\"description\":\"Zapoznaj si\u0119 z metameryzmem w zarz\u0105dzaniu kolorami, aby zrozumie\u0107 jego wp\u0142yw na dok\u0142adno\u015b\u0107 druku i jak osi\u0105gn\u0105\u0107 sp\u00f3jne odwzorowanie kolor\u00f3w za pomoc\u0105 PrintFactory.\",\"breadcrumb\":{\"@id\":\"https:\\\/\\\/printfactory.cloud\\\/pl\\\/metameryzm-swiatlo-na-wyzwania-zwiazane-z-zarzadzaniem-kolorami\\\/#breadcrumb\"},\"inLanguage\":\"pl-PL\",\"potentialAction\":[{\"@type\":\"ReadAction\",\"target\":[\"https:\\\/\\\/printfactory.cloud\\\/pl\\\/metameryzm-swiatlo-na-wyzwania-zwiazane-z-zarzadzaniem-kolorami\\\/\"]}]},{\"@type\":\"ImageObject\",\"inLanguage\":\"pl-PL\",\"@id\":\"https:\\\/\\\/printfactory.cloud\\\/pl\\\/metameryzm-swiatlo-na-wyzwania-zwiazane-z-zarzadzaniem-kolorami\\\/#primaryimage\",\"url\":\"https:\\\/\\\/i0.wp.com\\\/printfactory.cloud\\\/wp-content\\\/uploads\\\/2023\\\/08\\\/metamarism-web-banner.jpg?fit=800%2C125&amp;ssl=1\",\"contentUrl\":\"https:\\\/\\\/i0.wp.com\\\/printfactory.cloud\\\/wp-content\\\/uploads\\\/2023\\\/08\\\/metamarism-web-banner.jpg?fit=800%2C125&amp;ssl=1\"},{\"@type\":\"BreadcrumbList\",\"@id\":\"https:\\\/\\\/printfactory.cloud\\\/pl\\\/metameryzm-swiatlo-na-wyzwania-zwiazane-z-zarzadzaniem-kolorami\\\/#breadcrumb\",\"itemListElement\":[{\"@type\":\"ListItem\",\"position\":1,\"name\":\"Home\",\"item\":\"https:\\\/\\\/printfactory.cloud\\\/pl\\\/kontrola\\\/\"},{\"@type\":\"ListItem\",\"position\":2,\"name\":\"Metameryzm w \u015bwietle wyzwa\u0144 zwi\u0105zanych z zarz\u0105dzaniem kolorami\"}]},{\"@type\":\"WebSite\",\"@id\":\"https:\\\/\\\/printfactory.cloud\\\/pl\\\/#website\",\"url\":\"https:\\\/\\\/printfactory.cloud\\\/pl\\\/\",\"name\":\"printfactory.cloud\",\"description\":\"One unified production environment\",\"publisher\":{\"@id\":\"https:\\\/\\\/printfactory.cloud\\\/pl\\\/#organization\"},\"potentialAction\":[{\"@type\":\"SearchAction\",\"target\":{\"@type\":\"EntryPoint\",\"urlTemplate\":\"https:\\\/\\\/printfactory.cloud\\\/pl\\\/?s={search_term_string}\"},\"query-input\":{\"@type\":\"PropertyValueSpecification\",\"valueRequired\":true,\"valueName\":\"search_term_string\"}}],\"inLanguage\":\"pl-PL\"},{\"@type\":\"Organization\",\"@id\":\"https:\\\/\\\/printfactory.cloud\\\/pl\\\/#organization\",\"name\":\"PrintFactory\",\"url\":\"https:\\\/\\\/printfactory.cloud\\\/pl\\\/\",\"logo\":{\"@type\":\"ImageObject\",\"inLanguage\":\"pl-PL\",\"@id\":\"https:\\\/\\\/printfactory.cloud\\\/pl\\\/#\\\/schema\\\/logo\\\/image\\\/\",\"url\":\"https:\\\/\\\/i0.wp.com\\\/printfactory.cloud\\\/wp-content\\\/uploads\\\/2023\\\/05\\\/PrintFactory-web.jpg?fit=350%2C63&ssl=1\",\"contentUrl\":\"https:\\\/\\\/i0.wp.com\\\/printfactory.cloud\\\/wp-content\\\/uploads\\\/2023\\\/05\\\/PrintFactory-web.jpg?fit=350%2C63&ssl=1\",\"width\":350,\"height\":63,\"caption\":\"PrintFactory\"},\"image\":{\"@id\":\"https:\\\/\\\/printfactory.cloud\\\/pl\\\/#\\\/schema\\\/logo\\\/image\\\/\"},\"sameAs\":[\"https:\\\/\\\/www.facebook.com\\\/printfactory.cloud\",\"https:\\\/\\\/x.com\\\/PrintFactory_\",\"https:\\\/\\\/www.linkedin.com\\\/company\\\/printfactoryworkflow\\\/\",\"https:\\\/\\\/www.instagram.com\\\/printfactory.cloud\\\/\",\"https:\\\/\\\/www.youtube.com\\\/@PrintFactoryWorkflow\",\"https:\\\/\\\/www.threads.com\\\/@printfactory.cloud\",\"https:\\\/\\\/bsky.app\\\/profile\\\/printfactorycloud.bsky.social\"]}]}<\/script>\n<!-- \/ Yoast SEO Premium plugin. -->","yoast_head_json":{"title":"Metameryzm w zarz\u0105dzaniu kolorami wyja\u015bniony w przejrzysty spos\u00f3b - printfactory.cloud","description":"Zapoznaj si\u0119 z metameryzmem w zarz\u0105dzaniu kolorami, aby zrozumie\u0107 jego wp\u0142yw na dok\u0142adno\u015b\u0107 druku i jak osi\u0105gn\u0105\u0107 sp\u00f3jne odwzorowanie kolor\u00f3w za pomoc\u0105 PrintFactory.","robots":{"index":"index","follow":"follow","max-snippet":"max-snippet:-1","max-image-preview":"max-image-preview:large","max-video-preview":"max-video-preview:-1"},"canonical":"https:\/\/printfactory.cloud\/pl\/metameryzm-swiatlo-na-wyzwania-zwiazane-z-zarzadzaniem-kolorami\/","og_locale":"pl_PL","og_type":"article","og_title":"Metameryzm w \u015bwietle wyzwa\u0144 zwi\u0105zanych z zarz\u0105dzaniem kolorami","og_description":"PrintFactory ONE PLATFORM. ONE WORKFLOW. TOTAL CONTROL. PrintFactory is a single, unified print production platform that replaces fragmented RIPs, editors, color tools, and workflow systems, while supporting all printer and cutter brands.","og_url":"https:\/\/printfactory.cloud\/pl\/metameryzm-swiatlo-na-wyzwania-zwiazane-z-zarzadzaniem-kolorami\/","og_site_name":"printfactory.cloud","article_publisher":"https:\/\/www.facebook.com\/printfactory.cloud","article_modified_time":"2026-03-26T10:58:31+00:00","og_image":[{"width":2560,"height":400,"url":"https:\/\/i0.wp.com\/printfactory.cloud\/wp-content\/uploads\/2023\/08\/metamarism-web-banner.jpg?fit=2560%2C400&ssl=1","type":"image\/jpeg"}],"twitter_card":"summary_large_image","twitter_site":"@PrintFactory_","twitter_misc":{"Szacowany czas czytania":"4 minuty"},"schema":{"@context":"https:\/\/schema.org","@graph":[{"@type":"WebPage","@id":"https:\/\/printfactory.cloud\/pl\/metameryzm-swiatlo-na-wyzwania-zwiazane-z-zarzadzaniem-kolorami\/","url":"https:\/\/printfactory.cloud\/pl\/metameryzm-swiatlo-na-wyzwania-zwiazane-z-zarzadzaniem-kolorami\/","name":"Metameryzm w zarz\u0105dzaniu kolorami wyja\u015bniony w przejrzysty spos\u00f3b - printfactory.cloud","isPartOf":{"@id":"https:\/\/printfactory.cloud\/pl\/#website"},"primaryImageOfPage":{"@id":"https:\/\/printfactory.cloud\/pl\/metameryzm-swiatlo-na-wyzwania-zwiazane-z-zarzadzaniem-kolorami\/#primaryimage"},"image":{"@id":"https:\/\/printfactory.cloud\/pl\/metameryzm-swiatlo-na-wyzwania-zwiazane-z-zarzadzaniem-kolorami\/#primaryimage"},"thumbnailUrl":"https:\/\/i0.wp.com\/printfactory.cloud\/wp-content\/uploads\/2023\/08\/metamarism-web-banner.jpg?fit=800%2C125&amp;ssl=1","datePublished":"2023-08-11T14:04:49+00:00","dateModified":"2026-03-26T10:58:31+00:00","description":"Zapoznaj si\u0119 z metameryzmem w zarz\u0105dzaniu kolorami, aby zrozumie\u0107 jego wp\u0142yw na dok\u0142adno\u015b\u0107 druku i jak osi\u0105gn\u0105\u0107 sp\u00f3jne odwzorowanie kolor\u00f3w za pomoc\u0105 PrintFactory.","breadcrumb":{"@id":"https:\/\/printfactory.cloud\/pl\/metameryzm-swiatlo-na-wyzwania-zwiazane-z-zarzadzaniem-kolorami\/#breadcrumb"},"inLanguage":"pl-PL","potentialAction":[{"@type":"ReadAction","target":["https:\/\/printfactory.cloud\/pl\/metameryzm-swiatlo-na-wyzwania-zwiazane-z-zarzadzaniem-kolorami\/"]}]},{"@type":"ImageObject","inLanguage":"pl-PL","@id":"https:\/\/printfactory.cloud\/pl\/metameryzm-swiatlo-na-wyzwania-zwiazane-z-zarzadzaniem-kolorami\/#primaryimage","url":"https:\/\/i0.wp.com\/printfactory.cloud\/wp-content\/uploads\/2023\/08\/metamarism-web-banner.jpg?fit=800%2C125&amp;ssl=1","contentUrl":"https:\/\/i0.wp.com\/printfactory.cloud\/wp-content\/uploads\/2023\/08\/metamarism-web-banner.jpg?fit=800%2C125&amp;ssl=1"},{"@type":"BreadcrumbList","@id":"https:\/\/printfactory.cloud\/pl\/metameryzm-swiatlo-na-wyzwania-zwiazane-z-zarzadzaniem-kolorami\/#breadcrumb","itemListElement":[{"@type":"ListItem","position":1,"name":"Home","item":"https:\/\/printfactory.cloud\/pl\/kontrola\/"},{"@type":"ListItem","position":2,"name":"Metameryzm w \u015bwietle wyzwa\u0144 zwi\u0105zanych z zarz\u0105dzaniem kolorami"}]},{"@type":"WebSite","@id":"https:\/\/printfactory.cloud\/pl\/#website","url":"https:\/\/printfactory.cloud\/pl\/","name":"printfactory.cloud","description":"One unified production environment","publisher":{"@id":"https:\/\/printfactory.cloud\/pl\/#organization"},"potentialAction":[{"@type":"SearchAction","target":{"@type":"EntryPoint","urlTemplate":"https:\/\/printfactory.cloud\/pl\/?s={search_term_string}"},"query-input":{"@type":"PropertyValueSpecification","valueRequired":true,"valueName":"search_term_string"}}],"inLanguage":"pl-PL"},{"@type":"Organization","@id":"https:\/\/printfactory.cloud\/pl\/#organization","name":"PrintFactory","url":"https:\/\/printfactory.cloud\/pl\/","logo":{"@type":"ImageObject","inLanguage":"pl-PL","@id":"https:\/\/printfactory.cloud\/pl\/#\/schema\/logo\/image\/","url":"https:\/\/i0.wp.com\/printfactory.cloud\/wp-content\/uploads\/2023\/05\/PrintFactory-web.jpg?fit=350%2C63&ssl=1","contentUrl":"https:\/\/i0.wp.com\/printfactory.cloud\/wp-content\/uploads\/2023\/05\/PrintFactory-web.jpg?fit=350%2C63&ssl=1","width":350,"height":63,"caption":"PrintFactory"},"image":{"@id":"https:\/\/printfactory.cloud\/pl\/#\/schema\/logo\/image\/"},"sameAs":["https:\/\/www.facebook.com\/printfactory.cloud","https:\/\/x.com\/PrintFactory_","https:\/\/www.linkedin.com\/company\/printfactoryworkflow\/","https:\/\/www.instagram.com\/printfactory.cloud\/","https:\/\/www.youtube.com\/@PrintFactoryWorkflow","https:\/\/www.threads.com\/@printfactory.cloud","https:\/\/bsky.app\/profile\/printfactorycloud.bsky.social"]}]}},"jetpack_sharing_enabled":true,"_links":{"self":[{"href":"https:\/\/printfactory.cloud\/pl\/wp-json\/wp\/v2\/pages\/23535","targetHints":{"allow":["GET"]}}],"collection":[{"href":"https:\/\/printfactory.cloud\/pl\/wp-json\/wp\/v2\/pages"}],"about":[{"href":"https:\/\/printfactory.cloud\/pl\/wp-json\/wp\/v2\/types\/page"}],"author":[{"embeddable":true,"href":"https:\/\/printfactory.cloud\/pl\/wp-json\/wp\/v2\/users\/3"}],"replies":[{"embeddable":true,"href":"https:\/\/printfactory.cloud\/pl\/wp-json\/wp\/v2\/comments?post=23535"}],"version-history":[{"count":75,"href":"https:\/\/printfactory.cloud\/pl\/wp-json\/wp\/v2\/pages\/23535\/revisions"}],"predecessor-version":[{"id":37505,"href":"https:\/\/printfactory.cloud\/pl\/wp-json\/wp\/v2\/pages\/23535\/revisions\/37505"}],"wp:attachment":[{"href":"https:\/\/printfactory.cloud\/pl\/wp-json\/wp\/v2\/media?parent=23535"}],"curies":[{"name":"wp","href":"https:\/\/api.w.org\/{rel}","templated":true}]}}