{"id":22362,"date":"2023-06-15T11:57:22","date_gmt":"2023-06-15T09:57:22","guid":{"rendered":"https:\/\/printfactory.cloud\/prova\/"},"modified":"2024-01-16T16:50:27","modified_gmt":"2024-01-16T14:50:27","slug":"prova","status":"publish","type":"page","link":"https:\/\/printfactory.cloud\/pt-pt\/prova\/","title":{"rendered":"Prova"},"content":{"rendered":"\t\t<div data-elementor-type=\"wp-page\" data-elementor-id=\"22362\" class=\"elementor elementor-22362 elementor-22339\" data-elementor-post-type=\"page\">\n\t\t\t\t<div class=\"elementor-element elementor-element-f504769 e-flex e-con-boxed e-con e-parent\" data-id=\"f504769\" data-element_type=\"container\" data-e-type=\"container\">\n\t\t\t\t\t<div class=\"e-con-inner\">\n\t\t\t\t<div class=\"elementor-element elementor-element-1f780ef elementor-widget elementor-widget-heading\" data-id=\"1f780ef\" data-element_type=\"widget\" data-e-type=\"widget\" data-widget_type=\"heading.default\">\n\t\t\t\t<div class=\"elementor-widget-container\">\n\t\t\t\t\t<h2 class=\"elementor-heading-title elementor-size-default\">PROOFMASTER | RESULTADOS IMBAT\u00cdVEIS.<\/h2>\t\t\t\t<\/div>\n\t\t\t\t<\/div>\n\t\t\t\t\t<\/div>\n\t\t\t\t<\/div>\n\t\t<div class=\"elementor-element elementor-element-dc1b111 e-flex e-con-boxed e-con e-parent\" data-id=\"dc1b111\" data-element_type=\"container\" data-e-type=\"container\">\n\t\t\t\t\t<div class=\"e-con-inner\">\n\t\t\t\t<div class=\"elementor-element elementor-element-98129a1 elementor-widget elementor-widget-text-editor\" data-id=\"98129a1\" data-element_type=\"widget\" data-e-type=\"widget\" data-widget_type=\"text-editor.default\">\n\t\t\t\t<div class=\"elementor-widget-container\">\n\t\t\t\t\t\t\t\t\t<p>O nosso motor de cria\u00e7\u00e3o de perfis VISU\u2122 multi-canal com liga\u00e7\u00e3o a dispositivos cria perfis para qualquer processo de impress\u00e3o RGB, CMYK ou multi-canal de 8 cores. Isto faz com que <strong>o ProofMaster<\/strong> seja o software de prova mais flex\u00edvel e de melhor custo-benef\u00edcio que se pode encontrar no mercado atualmente.<\/p>\n<p>O <strong>ProofMaster<\/strong> inclui perfis CMYK para as normas ISO12647, FOGRA, GRACoL, SWOP e Idealliance. Quando se adiciona a afina\u00e7\u00e3o iterativa de perfis, as fun\u00e7\u00f5es de certifica\u00e7\u00e3o de provas e as bibliotecas de cores directas CxF\/X-3 \u00e0 mistura&#8230; est\u00e1-se perante um vencedor.<\/p>\n<p>Para os nossos clientes de embalagens, oferecemos perfis de liga\u00e7\u00e3o a dispositivos multicanal, pelo que tamb\u00e9m \u00e9 poss\u00edvel efectuar provas de impress\u00e3o de gama de cores alargada (ECG) ou de cores directas utilizando os mais recentes formatos de interc\u00e2mbio de dados CXF\/X-4 (ISO17972).<\/p>\n<p>N\u00e3o importa onde voc\u00ea esteja trabalhando, seus dispositivos de impress\u00e3o podem estar a 10 metros ou a 10.000 milhas de dist\u00e2ncia. A fun\u00e7\u00e3o de recalibra\u00e7\u00e3o de impressoras <strong>do ProofMaster<\/strong> permite calibrar dois ou mais dispositivos para um \u00fanico perfil.  <\/p>\n\t\t\t\t\t\t\t\t<\/div>\n\t\t\t\t<\/div>\n\t\t\t\t\t<\/div>\n\t\t\t\t<\/div>\n\t\t<div class=\"elementor-element elementor-element-35633b8 e-flex e-con-boxed e-con e-parent\" data-id=\"35633b8\" data-element_type=\"container\" data-e-type=\"container\">\n\t\t\t\t\t<div class=\"e-con-inner\">\n\t\t\t\t<div class=\"elementor-element elementor-element-5491fbd elementor-widget elementor-widget-button\" data-id=\"5491fbd\" data-element_type=\"widget\" data-e-type=\"widget\" data-widget_type=\"button.default\">\n\t\t\t\t<div class=\"elementor-widget-container\">\n\t\t\t\t\t\t\t\t\t<div class=\"elementor-button-wrapper\">\n\t\t\t\t\t<a class=\"elementor-button elementor-button-link elementor-size-sm\" href=\"https:\/\/support.printfactory.cloud\/portal\/en\/kb\/articles\/proofmaster-quick-start-guide\" target=\"_blank\">\n\t\t\t\t\t\t<span class=\"elementor-button-content-wrapper\">\n\t\t\t\t\t\t\t\t\t<span class=\"elementor-button-text\">Guia de in\u00edcio r\u00e1pido do ProofMaster<\/span>\n\t\t\t\t\t<\/span>\n\t\t\t\t\t<\/a>\n\t\t\t\t<\/div>\n\t\t\t\t\t\t\t\t<\/div>\n\t\t\t\t<\/div>\n\t\t\t\t\t<\/div>\n\t\t\t\t<\/div>\n\t\t\t\t<\/div>\n\t\t","protected":false},"excerpt":{"rendered":"<p>PROOFMASTER | RESULTADOS IMBAT\u00cdVEIS. O nosso motor de cria\u00e7\u00e3o de perfis VISU\u2122 multi-canal com liga\u00e7\u00e3o a dispositivos cria perfis para qualquer processo de impress\u00e3o RGB, CMYK ou multi-canal de 8 cores. Isto faz com que o ProofMaster seja o software de prova mais flex\u00edvel e de melhor custo-benef\u00edcio que se pode encontrar no mercado atualmente. [&hellip;]<\/p>\n","protected":false},"author":3,"featured_media":0,"parent":0,"menu_order":0,"comment_status":"closed","ping_status":"closed","template":"","meta":{"_monsterinsights_skip_tracking":false,"_monsterinsights_sitenote_active":false,"_monsterinsights_sitenote_note":"","_monsterinsights_sitenote_category":0,"footnotes":""},"class_list":["post-22362","page","type-page","status-publish","hentry"],"yoast_head":"<!-- This site is optimized with the Yoast SEO Premium plugin v27.3 (Yoast SEO v27.3) - https:\/\/yoast.com\/product\/yoast-seo-premium-wordpress\/ -->\n<title>Prova - printfactory.cloud<\/title>\n<meta name=\"description\" content=\"PrintFactory ONE PLATFORM. ONE WORKFLOW. TOTAL CONTROL. PrintFactory is a single, unified print production platform that replaces fragmented RIPs, editors, color tools, and workflow systems, while supporting all printer and cutter brands.\" \/>\n<meta name=\"robots\" content=\"index, follow, max-snippet:-1, max-image-preview:large, max-video-preview:-1\" \/>\n<link rel=\"canonical\" href=\"https:\/\/printfactory.cloud\/pt-pt\/prova\/\" \/>\n<meta property=\"og:locale\" content=\"pt_PT\" \/>\n<meta property=\"og:type\" content=\"article\" \/>\n<meta property=\"og:title\" content=\"Prova\" \/>\n<meta property=\"og:description\" content=\"PrintFactory ONE PLATFORM. ONE WORKFLOW. TOTAL CONTROL. PrintFactory is a single, unified print production platform that replaces fragmented RIPs, editors, color tools, and workflow systems, while supporting all printer and cutter brands.\" \/>\n<meta property=\"og:url\" content=\"https:\/\/printfactory.cloud\/pt-pt\/prova\/\" \/>\n<meta property=\"og:site_name\" content=\"printfactory.cloud\" \/>\n<meta property=\"article:publisher\" content=\"https:\/\/www.facebook.com\/printfactory.cloud\" \/>\n<meta property=\"article:modified_time\" content=\"2024-01-16T14:50:27+00:00\" \/>\n<meta property=\"og:image\" content=\"https:\/\/i0.wp.com\/printfactory.cloud\/wp-content\/uploads\/2023\/05\/PrintFactory-Logo-Web.png?fit=200%2C100&ssl=1\" \/>\n\t<meta property=\"og:image:width\" content=\"200\" \/>\n\t<meta property=\"og:image:height\" content=\"100\" \/>\n\t<meta property=\"og:image:type\" content=\"image\/png\" \/>\n<meta name=\"twitter:card\" content=\"summary_large_image\" \/>\n<meta name=\"twitter:site\" content=\"@PrintFactory_\" \/>\n<meta name=\"twitter:label1\" content=\"Tempo estimado de leitura\" \/>\n\t<meta name=\"twitter:data1\" content=\"1 minuto\" \/>\n<script type=\"application\/ld+json\" class=\"yoast-schema-graph\">{\"@context\":\"https:\\\/\\\/schema.org\",\"@graph\":[{\"@type\":\"WebPage\",\"@id\":\"https:\\\/\\\/printfactory.cloud\\\/pt-pt\\\/prova\\\/\",\"url\":\"https:\\\/\\\/printfactory.cloud\\\/pt-pt\\\/prova\\\/\",\"name\":\"Prova - printfactory.cloud\",\"isPartOf\":{\"@id\":\"https:\\\/\\\/printfactory.cloud\\\/pt-pt\\\/#website\"},\"datePublished\":\"2023-06-15T09:57:22+00:00\",\"dateModified\":\"2024-01-16T14:50:27+00:00\",\"description\":\"PrintFactory ONE PLATFORM. ONE WORKFLOW. TOTAL CONTROL. PrintFactory is a single, unified print production platform that replaces fragmented RIPs, editors, color tools, and workflow systems, while supporting all printer and cutter brands.\",\"breadcrumb\":{\"@id\":\"https:\\\/\\\/printfactory.cloud\\\/pt-pt\\\/prova\\\/#breadcrumb\"},\"inLanguage\":\"pt-PT\",\"potentialAction\":[{\"@type\":\"ReadAction\",\"target\":[\"https:\\\/\\\/printfactory.cloud\\\/pt-pt\\\/prova\\\/\"]}]},{\"@type\":\"BreadcrumbList\",\"@id\":\"https:\\\/\\\/printfactory.cloud\\\/pt-pt\\\/prova\\\/#breadcrumb\",\"itemListElement\":[{\"@type\":\"ListItem\",\"position\":1,\"name\":\"Home\",\"item\":\"https:\\\/\\\/printfactory.cloud\\\/pt-pt\\\/controlo\\\/\"},{\"@type\":\"ListItem\",\"position\":2,\"name\":\"Prova\"}]},{\"@type\":\"WebSite\",\"@id\":\"https:\\\/\\\/printfactory.cloud\\\/pt-pt\\\/#website\",\"url\":\"https:\\\/\\\/printfactory.cloud\\\/pt-pt\\\/\",\"name\":\"printfactory.cloud\",\"description\":\"One unified production environment\",\"publisher\":{\"@id\":\"https:\\\/\\\/printfactory.cloud\\\/pt-pt\\\/#organization\"},\"potentialAction\":[{\"@type\":\"SearchAction\",\"target\":{\"@type\":\"EntryPoint\",\"urlTemplate\":\"https:\\\/\\\/printfactory.cloud\\\/pt-pt\\\/?s={search_term_string}\"},\"query-input\":{\"@type\":\"PropertyValueSpecification\",\"valueRequired\":true,\"valueName\":\"search_term_string\"}}],\"inLanguage\":\"pt-PT\"},{\"@type\":\"Organization\",\"@id\":\"https:\\\/\\\/printfactory.cloud\\\/pt-pt\\\/#organization\",\"name\":\"PrintFactory\",\"url\":\"https:\\\/\\\/printfactory.cloud\\\/pt-pt\\\/\",\"logo\":{\"@type\":\"ImageObject\",\"inLanguage\":\"pt-PT\",\"@id\":\"https:\\\/\\\/printfactory.cloud\\\/pt-pt\\\/#\\\/schema\\\/logo\\\/image\\\/\",\"url\":\"https:\\\/\\\/i0.wp.com\\\/printfactory.cloud\\\/wp-content\\\/uploads\\\/2023\\\/05\\\/PrintFactory-web.jpg?fit=350%2C63&ssl=1\",\"contentUrl\":\"https:\\\/\\\/i0.wp.com\\\/printfactory.cloud\\\/wp-content\\\/uploads\\\/2023\\\/05\\\/PrintFactory-web.jpg?fit=350%2C63&ssl=1\",\"width\":350,\"height\":63,\"caption\":\"PrintFactory\"},\"image\":{\"@id\":\"https:\\\/\\\/printfactory.cloud\\\/pt-pt\\\/#\\\/schema\\\/logo\\\/image\\\/\"},\"sameAs\":[\"https:\\\/\\\/www.facebook.com\\\/printfactory.cloud\",\"https:\\\/\\\/x.com\\\/PrintFactory_\",\"https:\\\/\\\/www.linkedin.com\\\/company\\\/printfactoryworkflow\\\/\",\"https:\\\/\\\/www.instagram.com\\\/printfactory.cloud\\\/\",\"https:\\\/\\\/www.youtube.com\\\/@PrintFactoryWorkflow\",\"https:\\\/\\\/www.threads.com\\\/@printfactory.cloud\",\"https:\\\/\\\/bsky.app\\\/profile\\\/printfactorycloud.bsky.social\"]}]}<\/script>\n<!-- \/ Yoast SEO Premium plugin. -->","yoast_head_json":{"title":"Prova - printfactory.cloud","description":"PrintFactory ONE PLATFORM. ONE WORKFLOW. TOTAL CONTROL. PrintFactory is a single, unified print production platform that replaces fragmented RIPs, editors, color tools, and workflow systems, while supporting all printer and cutter brands.","robots":{"index":"index","follow":"follow","max-snippet":"max-snippet:-1","max-image-preview":"max-image-preview:large","max-video-preview":"max-video-preview:-1"},"canonical":"https:\/\/printfactory.cloud\/pt-pt\/prova\/","og_locale":"pt_PT","og_type":"article","og_title":"Prova","og_description":"PrintFactory ONE PLATFORM. ONE WORKFLOW. TOTAL CONTROL. PrintFactory is a single, unified print production platform that replaces fragmented RIPs, editors, color tools, and workflow systems, while supporting all printer and cutter brands.","og_url":"https:\/\/printfactory.cloud\/pt-pt\/prova\/","og_site_name":"printfactory.cloud","article_publisher":"https:\/\/www.facebook.com\/printfactory.cloud","article_modified_time":"2024-01-16T14:50:27+00:00","og_image":[{"width":200,"height":100,"url":"https:\/\/i0.wp.com\/printfactory.cloud\/wp-content\/uploads\/2023\/05\/PrintFactory-Logo-Web.png?fit=200%2C100&ssl=1","type":"image\/png"}],"twitter_card":"summary_large_image","twitter_site":"@PrintFactory_","twitter_misc":{"Tempo estimado de leitura":"1 minuto"},"schema":{"@context":"https:\/\/schema.org","@graph":[{"@type":"WebPage","@id":"https:\/\/printfactory.cloud\/pt-pt\/prova\/","url":"https:\/\/printfactory.cloud\/pt-pt\/prova\/","name":"Prova - printfactory.cloud","isPartOf":{"@id":"https:\/\/printfactory.cloud\/pt-pt\/#website"},"datePublished":"2023-06-15T09:57:22+00:00","dateModified":"2024-01-16T14:50:27+00:00","description":"PrintFactory ONE PLATFORM. ONE WORKFLOW. TOTAL CONTROL. PrintFactory is a single, unified print production platform that replaces fragmented RIPs, editors, color tools, and workflow systems, while supporting all printer and cutter brands.","breadcrumb":{"@id":"https:\/\/printfactory.cloud\/pt-pt\/prova\/#breadcrumb"},"inLanguage":"pt-PT","potentialAction":[{"@type":"ReadAction","target":["https:\/\/printfactory.cloud\/pt-pt\/prova\/"]}]},{"@type":"BreadcrumbList","@id":"https:\/\/printfactory.cloud\/pt-pt\/prova\/#breadcrumb","itemListElement":[{"@type":"ListItem","position":1,"name":"Home","item":"https:\/\/printfactory.cloud\/pt-pt\/controlo\/"},{"@type":"ListItem","position":2,"name":"Prova"}]},{"@type":"WebSite","@id":"https:\/\/printfactory.cloud\/pt-pt\/#website","url":"https:\/\/printfactory.cloud\/pt-pt\/","name":"printfactory.cloud","description":"One unified production environment","publisher":{"@id":"https:\/\/printfactory.cloud\/pt-pt\/#organization"},"potentialAction":[{"@type":"SearchAction","target":{"@type":"EntryPoint","urlTemplate":"https:\/\/printfactory.cloud\/pt-pt\/?s={search_term_string}"},"query-input":{"@type":"PropertyValueSpecification","valueRequired":true,"valueName":"search_term_string"}}],"inLanguage":"pt-PT"},{"@type":"Organization","@id":"https:\/\/printfactory.cloud\/pt-pt\/#organization","name":"PrintFactory","url":"https:\/\/printfactory.cloud\/pt-pt\/","logo":{"@type":"ImageObject","inLanguage":"pt-PT","@id":"https:\/\/printfactory.cloud\/pt-pt\/#\/schema\/logo\/image\/","url":"https:\/\/i0.wp.com\/printfactory.cloud\/wp-content\/uploads\/2023\/05\/PrintFactory-web.jpg?fit=350%2C63&ssl=1","contentUrl":"https:\/\/i0.wp.com\/printfactory.cloud\/wp-content\/uploads\/2023\/05\/PrintFactory-web.jpg?fit=350%2C63&ssl=1","width":350,"height":63,"caption":"PrintFactory"},"image":{"@id":"https:\/\/printfactory.cloud\/pt-pt\/#\/schema\/logo\/image\/"},"sameAs":["https:\/\/www.facebook.com\/printfactory.cloud","https:\/\/x.com\/PrintFactory_","https:\/\/www.linkedin.com\/company\/printfactoryworkflow\/","https:\/\/www.instagram.com\/printfactory.cloud\/","https:\/\/www.youtube.com\/@PrintFactoryWorkflow","https:\/\/www.threads.com\/@printfactory.cloud","https:\/\/bsky.app\/profile\/printfactorycloud.bsky.social"]}]}},"jetpack_sharing_enabled":true,"_links":{"self":[{"href":"https:\/\/printfactory.cloud\/pt-pt\/wp-json\/wp\/v2\/pages\/22362","targetHints":{"allow":["GET"]}}],"collection":[{"href":"https:\/\/printfactory.cloud\/pt-pt\/wp-json\/wp\/v2\/pages"}],"about":[{"href":"https:\/\/printfactory.cloud\/pt-pt\/wp-json\/wp\/v2\/types\/page"}],"author":[{"embeddable":true,"href":"https:\/\/printfactory.cloud\/pt-pt\/wp-json\/wp\/v2\/users\/3"}],"replies":[{"embeddable":true,"href":"https:\/\/printfactory.cloud\/pt-pt\/wp-json\/wp\/v2\/comments?post=22362"}],"version-history":[{"count":2,"href":"https:\/\/printfactory.cloud\/pt-pt\/wp-json\/wp\/v2\/pages\/22362\/revisions"}],"predecessor-version":[{"id":24356,"href":"https:\/\/printfactory.cloud\/pt-pt\/wp-json\/wp\/v2\/pages\/22362\/revisions\/24356"}],"wp:attachment":[{"href":"https:\/\/printfactory.cloud\/pt-pt\/wp-json\/wp\/v2\/media?parent=22362"}],"curies":[{"name":"wp","href":"https:\/\/api.w.org\/{rel}","templated":true}]}}