{"id":23539,"date":"2023-08-11T16:04:49","date_gmt":"2023-08-11T14:04:49","guid":{"rendered":"https:\/\/printfactory.cloud\/metamerismo-ver-a-luz-sobre-os-desafios-da-gestao-da-cor\/"},"modified":"2026-03-26T12:58:31","modified_gmt":"2026-03-26T10:58:31","slug":"metamerismo-ver-a-luz-sobre-os-desafios-da-gestao-da-cor","status":"publish","type":"page","link":"https:\/\/printfactory.cloud\/pt-pt\/metamerismo-ver-a-luz-sobre-os-desafios-da-gestao-da-cor\/","title":{"rendered":"O metamerismo a ver a luz sobre os desafios da gest\u00e3o da cor"},"content":{"rendered":"\t\t<div data-elementor-type=\"wp-page\" data-elementor-id=\"23539\" class=\"elementor elementor-23539 elementor-23508\" data-elementor-post-type=\"page\">\n\t\t\t\t<div class=\"elementor-element elementor-element-e369d5a e-flex e-con-boxed e-con e-parent\" data-id=\"e369d5a\" data-element_type=\"container\" data-e-type=\"container\">\n\t\t\t\t\t<div class=\"e-con-inner\">\n\t\t\t\t<div class=\"elementor-element elementor-element-1e814fa elementor-widget elementor-widget-heading\" data-id=\"1e814fa\" data-element_type=\"widget\" data-e-type=\"widget\" data-widget_type=\"heading.default\">\n\t\t\t\t<div class=\"elementor-widget-container\">\n\t\t\t\t\t<h4 class=\"elementor-heading-title elementor-size-default\">PrintFactory: Metamerismo - Vendo a luz sobre os desafios do gerenciamento de cores<\/h4>\t\t\t\t<\/div>\n\t\t\t\t<\/div>\n\t\t\t\t\t<\/div>\n\t\t\t\t<\/div>\n\t\t<div class=\"elementor-element elementor-element-ed260f4 e-flex e-con-boxed e-con e-parent\" data-id=\"ed260f4\" data-element_type=\"container\" data-e-type=\"container\">\n\t\t\t\t\t<div class=\"e-con-inner\">\n\t\t\t\t<div class=\"elementor-element elementor-element-b6cb401 elementor-widget elementor-widget-text-editor\" data-id=\"b6cb401\" data-element_type=\"widget\" data-e-type=\"widget\" data-widget_type=\"text-editor.default\">\n\t\t\t\t<div class=\"elementor-widget-container\">\n\t\t\t\t\t\t\t\t\t<p>Conseguir uma reprodu\u00e7\u00e3o de cor precisa na ind\u00fastria da impress\u00e3o \u00e9 um esfor\u00e7o multifacetado. Entre os v\u00e1rios desafios que os fornecedores de servi\u00e7os de impress\u00e3o (PSP) enfrentam, um que afecta significativamente a consist\u00eancia da cor \u00e9 o metamerismo. Este fen\u00f3meno intrigante introduz complexidades no mundo da gest\u00e3o da cor, necessitando de um conhecimento profundo e de solu\u00e7\u00f5es inovadoras para uma produ\u00e7\u00e3o de cor precisa. Neste artigo, mergulhamos nas profundezas do metamerismo, explorando a sua defini\u00e7\u00e3o, as suas implica\u00e7\u00f5es na gest\u00e3o de cores e a forma como os PSPs podem resolver eficazmente a incompatibilidade metam\u00e9rica atrav\u00e9s da <a href=\"https:\/\/printfactory.cloud\/pt-pt\/cor-consistente\/\" target=\"_blank\" rel=\"noopener\">defini\u00e7\u00e3o de perfis DeviceLink.<\/a><\/p><p><strong>Compreender o metamerismo<\/strong><\/p><p>O metamerismo, na sua ess\u00eancia, \u00e9 o fen\u00f3meno em que duas amostras de cores aparentemente id\u00eanticas parecem diferentes quando sujeitas a diferentes condi\u00e7\u00f5es de ilumina\u00e7\u00e3o. A nossa perce\u00e7\u00e3o da cor depende muito da refletividade dos materiais, das capacidades perceptivas individuais e, talvez o mais importante, da qualidade da luz. V\u00e1rios comprimentos de onda da luz correspondem a cores diferentes, sendo que os comprimentos de onda absorvidos e reflectidos moldam a nossa experi\u00eancia visual.  <\/p><p>No entanto, a hist\u00f3ria da cor sofre uma reviravolta sob diversas fontes de luz que emitem comprimentos de onda distintos. Considere-se um par de meias verdes; o seu aspeto sob luz fluorescente, rica em comprimentos de onda vermelhos e azuis, diverge quando visto \u00e0 luz natural do dia, que incorpora comprimentos de onda vermelhos, azuis e verdes. <\/p><p><strong>O papel do metamerismo na gest\u00e3o da cor<\/strong><\/p><p>Os profissionais da impress\u00e3o est\u00e3o bem familiarizados com o impacto do metamerismo. Devido \u00e0s varia\u00e7\u00f5es de pigmenta\u00e7\u00e3o da tinta, os PSP debatem-se frequentemente com inconsist\u00eancias de cor quando a sa\u00edda de uma impressora n\u00e3o est\u00e1 alinhada com outra em condi\u00e7\u00f5es de ilumina\u00e7\u00e3o diferentes. Esta discrep\u00e2ncia, particularmente quando se imprimem trabalhos id\u00eanticos em v\u00e1rios substratos, leva ao desperd\u00edcio de recursos, incluindo tempo, tinta e suportes, durante os esfor\u00e7os de resolu\u00e7\u00e3o de problemas destinados a reconciliar as diferen\u00e7as de cor.  <\/p><p>Quando as cores n\u00e3o coincidem em circunst\u00e2ncias de ilumina\u00e7\u00e3o espec\u00edficas, os perfis t\u00eam de ser ajustados at\u00e9 ser identificada a mistura correcta de corantes, atenuando a influ\u00eancia do metamerismo e conseguindo uma reprodu\u00e7\u00e3o fiel das cores.<\/p><p><strong>Navegar pelos desafios metam\u00e9ricos<\/strong><\/p><p>Para dominar os meandros do metamerismo, s\u00e3o necess\u00e1rias ferramentas avan\u00e7adas de gest\u00e3o da cor. Pode ser utilizada uma abordagem dupla: refor\u00e7ar a resist\u00eancia da cor contra a degrada\u00e7\u00e3o e gerar resultados variantes. <\/p><p>A convers\u00e3o de CMYK para CMYK surge como uma t\u00e1tica eficaz para melhorar a precis\u00e3o da cor no meio do dom\u00ednio do metamerismo. Aproveitando esta t\u00e9cnica de convers\u00e3o direta para criar perfis DeviceLink, mant\u00e9m o canal de separa\u00e7\u00e3o do preto ao reproduzir a cor. Um canal de preto robusto diminui o impacto das mudan\u00e7as de iluminante, resultando numa degrada\u00e7\u00e3o reduzida da cor metam\u00e9rica.  <\/p><p>A simula\u00e7\u00e3o de diversas condi\u00e7\u00f5es de ilumina\u00e7\u00e3o e a adapta\u00e7\u00e3o das cores em conformidade apresenta outra via para lidar com o metamerismo. Atrav\u00e9s da utiliza\u00e7\u00e3o de uma ferramenta de adapta\u00e7\u00e3o \u00e0 luz (LAT) no software de gest\u00e3o da cor, os PSP podem simular contextos de visualiza\u00e7\u00e3o aut\u00eanticos para al\u00e9m da luz do dia D50 normalizada. O LAT permite corrigir as mudan\u00e7as de tonalidade no equil\u00edbrio de cinzentos, garantindo a neutralidade sob ilumina\u00e7\u00e3o espec\u00edfica. Ao imprimir variantes de amarelo, verde, ciano, azul, magenta e vermelho e contrastando-as com o perfil original, as impressoras podem discernir o equil\u00edbrio de cinzentos ideal que se harmoniza com as condi\u00e7\u00f5es de ilumina\u00e7\u00e3o do ecr\u00e3.   <\/p><p><strong>Conquistar o metamerismo atrav\u00e9s da inova\u00e7\u00e3o<\/strong><\/p><p>O metamerismo \u00e9 um dos in\u00fameros obst\u00e1culos que os PSPs enfrentam na sua procura de uma precis\u00e3o de cor impec\u00e1vel em v\u00e1rias impressoras e substratos. A utiliza\u00e7\u00e3o de tecnologia de gest\u00e3o de cores de ponta, juntamente com a defini\u00e7\u00e3o de perfis DeviceLink, permite que as empresas de impress\u00e3o ultrapassem este fen\u00f3meno dispendioso, conseguindo uma correspond\u00eancia de cores harmoniosa, independentemente do ambiente de ilumina\u00e7\u00e3o. <\/p><p>\u00c0 medida que o panorama da impress\u00e3o evolui, os PSPs equipados com o conhecimento dos meandros do metamerismo e munidos de solu\u00e7\u00f5es inovadoras ganhar\u00e3o, sem d\u00favida, uma vantagem competitiva no fornecimento de resultados de cor impec\u00e1veis, consistentes e realistas.<\/p>\t\t\t\t\t\t\t\t<\/div>\n\t\t\t\t<\/div>\n\t\t\t\t\t<\/div>\n\t\t\t\t<\/div>\n\t\t<div class=\"elementor-element elementor-element-54f8cf8 e-flex e-con-boxed e-con e-parent\" data-id=\"54f8cf8\" data-element_type=\"container\" data-e-type=\"container\">\n\t\t\t\t\t<div class=\"e-con-inner\">\n\t\t\t\t<div class=\"elementor-element elementor-element-92c9ccf elementor-widget elementor-widget-image\" data-id=\"92c9ccf\" data-element_type=\"widget\" data-e-type=\"widget\" data-widget_type=\"image.default\">\n\t\t\t\t<div class=\"elementor-widget-container\">\n\t\t\t\t\t\t\t\t\t\t\t\t\t\t\t<img fetchpriority=\"high\" decoding=\"async\" width=\"800\" height=\"125\" src=\"https:\/\/i0.wp.com\/printfactory.cloud\/wp-content\/uploads\/2023\/08\/metamarism-web-banner.jpg?fit=800%2C125&amp;ssl=1\" class=\"attachment-large size-large wp-image-23518\" alt=\"Explore metamerism in color management to understand its impact on print accuracy and how to achieve consistent color reproduction with PrintFactory\" srcset=\"https:\/\/i0.wp.com\/printfactory.cloud\/wp-content\/uploads\/2023\/08\/metamarism-web-banner.jpg?w=2560&amp;ssl=1 2560w, https:\/\/i0.wp.com\/printfactory.cloud\/wp-content\/uploads\/2023\/08\/metamarism-web-banner.jpg?resize=300%2C47&amp;ssl=1 300w, https:\/\/i0.wp.com\/printfactory.cloud\/wp-content\/uploads\/2023\/08\/metamarism-web-banner.jpg?resize=1024%2C160&amp;ssl=1 1024w, https:\/\/i0.wp.com\/printfactory.cloud\/wp-content\/uploads\/2023\/08\/metamarism-web-banner.jpg?resize=768%2C120&amp;ssl=1 768w, https:\/\/i0.wp.com\/printfactory.cloud\/wp-content\/uploads\/2023\/08\/metamarism-web-banner.jpg?resize=1536%2C240&amp;ssl=1 1536w, https:\/\/i0.wp.com\/printfactory.cloud\/wp-content\/uploads\/2023\/08\/metamarism-web-banner.jpg?resize=2048%2C320&amp;ssl=1 2048w, https:\/\/i0.wp.com\/printfactory.cloud\/wp-content\/uploads\/2023\/08\/metamarism-web-banner.jpg?w=1600&amp;ssl=1 1600w, https:\/\/i0.wp.com\/printfactory.cloud\/wp-content\/uploads\/2023\/08\/metamarism-web-banner.jpg?w=2400&amp;ssl=1 2400w\" sizes=\"(max-width: 800px) 100vw, 800px\" \/>\t\t\t\t\t\t\t\t\t\t\t\t\t\t\t<\/div>\n\t\t\t\t<\/div>\n\t\t\t\t\t<\/div>\n\t\t\t\t<\/div>\n\t\t\t\t<\/div>\n\t\t","protected":false},"excerpt":{"rendered":"<p>PrintFactory: Metamerismo &#8211; Vendo a luz sobre os desafios do gerenciamento de cores Conseguir uma reprodu\u00e7\u00e3o de cor precisa na ind\u00fastria da impress\u00e3o \u00e9 um esfor\u00e7o multifacetado. Entre os v\u00e1rios desafios que os fornecedores de servi\u00e7os de impress\u00e3o (PSP) enfrentam, um que afecta significativamente a consist\u00eancia da cor \u00e9 o metamerismo. Este fen\u00f3meno intrigante introduz [&hellip;]<\/p>\n","protected":false},"author":3,"featured_media":0,"parent":0,"menu_order":0,"comment_status":"closed","ping_status":"closed","template":"","meta":{"_monsterinsights_skip_tracking":false,"_monsterinsights_sitenote_active":false,"_monsterinsights_sitenote_note":"","_monsterinsights_sitenote_category":0,"footnotes":""},"class_list":["post-23539","page","type-page","status-publish","hentry"],"yoast_head":"<!-- This site is optimized with the Yoast SEO Premium plugin v27.3 (Yoast SEO v27.3) - https:\/\/yoast.com\/product\/yoast-seo-premium-wordpress\/ -->\n<title>Metamerismo na gest\u00e3o de cores explicado claramente - printfactory.cloud<\/title>\n<meta name=\"description\" content=\"Explora o metamerismo na gest\u00e3o de cores para compreender o seu impacto na precis\u00e3o da impress\u00e3o e como conseguir uma reprodu\u00e7\u00e3o de cores consistente com o PrintFactory\" \/>\n<meta name=\"robots\" content=\"index, follow, max-snippet:-1, max-image-preview:large, max-video-preview:-1\" \/>\n<link rel=\"canonical\" href=\"https:\/\/printfactory.cloud\/pt-pt\/metamerismo-ver-a-luz-sobre-os-desafios-da-gestao-da-cor\/\" \/>\n<meta property=\"og:locale\" content=\"pt_PT\" \/>\n<meta property=\"og:type\" content=\"article\" \/>\n<meta property=\"og:title\" content=\"O metamerismo a ver a luz sobre os desafios da gest\u00e3o da cor\" \/>\n<meta property=\"og:description\" content=\"PrintFactory ONE PLATFORM. ONE WORKFLOW. TOTAL CONTROL. PrintFactory is a single, unified print production platform that replaces fragmented RIPs, editors, color tools, and workflow systems, while supporting all printer and cutter brands.\" \/>\n<meta property=\"og:url\" content=\"https:\/\/printfactory.cloud\/pt-pt\/metamerismo-ver-a-luz-sobre-os-desafios-da-gestao-da-cor\/\" \/>\n<meta property=\"og:site_name\" content=\"printfactory.cloud\" \/>\n<meta property=\"article:publisher\" content=\"https:\/\/www.facebook.com\/printfactory.cloud\" \/>\n<meta property=\"article:modified_time\" content=\"2026-03-26T10:58:31+00:00\" \/>\n<meta property=\"og:image\" content=\"https:\/\/i0.wp.com\/printfactory.cloud\/wp-content\/uploads\/2023\/08\/metamarism-web-banner.jpg?fit=2560%2C400&ssl=1\" \/>\n\t<meta property=\"og:image:width\" content=\"2560\" \/>\n\t<meta property=\"og:image:height\" content=\"400\" \/>\n\t<meta property=\"og:image:type\" content=\"image\/jpeg\" \/>\n<meta name=\"twitter:card\" content=\"summary_large_image\" \/>\n<meta name=\"twitter:site\" content=\"@PrintFactory_\" \/>\n<meta name=\"twitter:label1\" content=\"Tempo estimado de leitura\" \/>\n\t<meta name=\"twitter:data1\" content=\"4 minutos\" \/>\n<script type=\"application\/ld+json\" class=\"yoast-schema-graph\">{\"@context\":\"https:\\\/\\\/schema.org\",\"@graph\":[{\"@type\":\"WebPage\",\"@id\":\"https:\\\/\\\/printfactory.cloud\\\/pt-pt\\\/metamerismo-ver-a-luz-sobre-os-desafios-da-gestao-da-cor\\\/\",\"url\":\"https:\\\/\\\/printfactory.cloud\\\/pt-pt\\\/metamerismo-ver-a-luz-sobre-os-desafios-da-gestao-da-cor\\\/\",\"name\":\"Metamerismo na gest\u00e3o de cores explicado claramente - printfactory.cloud\",\"isPartOf\":{\"@id\":\"https:\\\/\\\/printfactory.cloud\\\/pt-pt\\\/#website\"},\"primaryImageOfPage\":{\"@id\":\"https:\\\/\\\/printfactory.cloud\\\/pt-pt\\\/metamerismo-ver-a-luz-sobre-os-desafios-da-gestao-da-cor\\\/#primaryimage\"},\"image\":{\"@id\":\"https:\\\/\\\/printfactory.cloud\\\/pt-pt\\\/metamerismo-ver-a-luz-sobre-os-desafios-da-gestao-da-cor\\\/#primaryimage\"},\"thumbnailUrl\":\"https:\\\/\\\/i0.wp.com\\\/printfactory.cloud\\\/wp-content\\\/uploads\\\/2023\\\/08\\\/metamarism-web-banner.jpg?fit=800%2C125&amp;ssl=1\",\"datePublished\":\"2023-08-11T14:04:49+00:00\",\"dateModified\":\"2026-03-26T10:58:31+00:00\",\"description\":\"Explora o metamerismo na gest\u00e3o de cores para compreender o seu impacto na precis\u00e3o da impress\u00e3o e como conseguir uma reprodu\u00e7\u00e3o de cores consistente com o PrintFactory\",\"breadcrumb\":{\"@id\":\"https:\\\/\\\/printfactory.cloud\\\/pt-pt\\\/metamerismo-ver-a-luz-sobre-os-desafios-da-gestao-da-cor\\\/#breadcrumb\"},\"inLanguage\":\"pt-PT\",\"potentialAction\":[{\"@type\":\"ReadAction\",\"target\":[\"https:\\\/\\\/printfactory.cloud\\\/pt-pt\\\/metamerismo-ver-a-luz-sobre-os-desafios-da-gestao-da-cor\\\/\"]}]},{\"@type\":\"ImageObject\",\"inLanguage\":\"pt-PT\",\"@id\":\"https:\\\/\\\/printfactory.cloud\\\/pt-pt\\\/metamerismo-ver-a-luz-sobre-os-desafios-da-gestao-da-cor\\\/#primaryimage\",\"url\":\"https:\\\/\\\/i0.wp.com\\\/printfactory.cloud\\\/wp-content\\\/uploads\\\/2023\\\/08\\\/metamarism-web-banner.jpg?fit=800%2C125&amp;ssl=1\",\"contentUrl\":\"https:\\\/\\\/i0.wp.com\\\/printfactory.cloud\\\/wp-content\\\/uploads\\\/2023\\\/08\\\/metamarism-web-banner.jpg?fit=800%2C125&amp;ssl=1\"},{\"@type\":\"BreadcrumbList\",\"@id\":\"https:\\\/\\\/printfactory.cloud\\\/pt-pt\\\/metamerismo-ver-a-luz-sobre-os-desafios-da-gestao-da-cor\\\/#breadcrumb\",\"itemListElement\":[{\"@type\":\"ListItem\",\"position\":1,\"name\":\"Home\",\"item\":\"https:\\\/\\\/printfactory.cloud\\\/pt-pt\\\/controlo\\\/\"},{\"@type\":\"ListItem\",\"position\":2,\"name\":\"O metamerismo a ver a luz sobre os desafios da gest\u00e3o da cor\"}]},{\"@type\":\"WebSite\",\"@id\":\"https:\\\/\\\/printfactory.cloud\\\/pt-pt\\\/#website\",\"url\":\"https:\\\/\\\/printfactory.cloud\\\/pt-pt\\\/\",\"name\":\"printfactory.cloud\",\"description\":\"One unified production environment\",\"publisher\":{\"@id\":\"https:\\\/\\\/printfactory.cloud\\\/pt-pt\\\/#organization\"},\"potentialAction\":[{\"@type\":\"SearchAction\",\"target\":{\"@type\":\"EntryPoint\",\"urlTemplate\":\"https:\\\/\\\/printfactory.cloud\\\/pt-pt\\\/?s={search_term_string}\"},\"query-input\":{\"@type\":\"PropertyValueSpecification\",\"valueRequired\":true,\"valueName\":\"search_term_string\"}}],\"inLanguage\":\"pt-PT\"},{\"@type\":\"Organization\",\"@id\":\"https:\\\/\\\/printfactory.cloud\\\/pt-pt\\\/#organization\",\"name\":\"PrintFactory\",\"url\":\"https:\\\/\\\/printfactory.cloud\\\/pt-pt\\\/\",\"logo\":{\"@type\":\"ImageObject\",\"inLanguage\":\"pt-PT\",\"@id\":\"https:\\\/\\\/printfactory.cloud\\\/pt-pt\\\/#\\\/schema\\\/logo\\\/image\\\/\",\"url\":\"https:\\\/\\\/i0.wp.com\\\/printfactory.cloud\\\/wp-content\\\/uploads\\\/2023\\\/05\\\/PrintFactory-web.jpg?fit=350%2C63&ssl=1\",\"contentUrl\":\"https:\\\/\\\/i0.wp.com\\\/printfactory.cloud\\\/wp-content\\\/uploads\\\/2023\\\/05\\\/PrintFactory-web.jpg?fit=350%2C63&ssl=1\",\"width\":350,\"height\":63,\"caption\":\"PrintFactory\"},\"image\":{\"@id\":\"https:\\\/\\\/printfactory.cloud\\\/pt-pt\\\/#\\\/schema\\\/logo\\\/image\\\/\"},\"sameAs\":[\"https:\\\/\\\/www.facebook.com\\\/printfactory.cloud\",\"https:\\\/\\\/x.com\\\/PrintFactory_\",\"https:\\\/\\\/www.linkedin.com\\\/company\\\/printfactoryworkflow\\\/\",\"https:\\\/\\\/www.instagram.com\\\/printfactory.cloud\\\/\",\"https:\\\/\\\/www.youtube.com\\\/@PrintFactoryWorkflow\",\"https:\\\/\\\/www.threads.com\\\/@printfactory.cloud\",\"https:\\\/\\\/bsky.app\\\/profile\\\/printfactorycloud.bsky.social\"]}]}<\/script>\n<!-- \/ Yoast SEO Premium plugin. -->","yoast_head_json":{"title":"Metamerismo na gest\u00e3o de cores explicado claramente - printfactory.cloud","description":"Explora o metamerismo na gest\u00e3o de cores para compreender o seu impacto na precis\u00e3o da impress\u00e3o e como conseguir uma reprodu\u00e7\u00e3o de cores consistente com o PrintFactory","robots":{"index":"index","follow":"follow","max-snippet":"max-snippet:-1","max-image-preview":"max-image-preview:large","max-video-preview":"max-video-preview:-1"},"canonical":"https:\/\/printfactory.cloud\/pt-pt\/metamerismo-ver-a-luz-sobre-os-desafios-da-gestao-da-cor\/","og_locale":"pt_PT","og_type":"article","og_title":"O metamerismo a ver a luz sobre os desafios da gest\u00e3o da cor","og_description":"PrintFactory ONE PLATFORM. ONE WORKFLOW. TOTAL CONTROL. PrintFactory is a single, unified print production platform that replaces fragmented RIPs, editors, color tools, and workflow systems, while supporting all printer and cutter brands.","og_url":"https:\/\/printfactory.cloud\/pt-pt\/metamerismo-ver-a-luz-sobre-os-desafios-da-gestao-da-cor\/","og_site_name":"printfactory.cloud","article_publisher":"https:\/\/www.facebook.com\/printfactory.cloud","article_modified_time":"2026-03-26T10:58:31+00:00","og_image":[{"width":2560,"height":400,"url":"https:\/\/i0.wp.com\/printfactory.cloud\/wp-content\/uploads\/2023\/08\/metamarism-web-banner.jpg?fit=2560%2C400&ssl=1","type":"image\/jpeg"}],"twitter_card":"summary_large_image","twitter_site":"@PrintFactory_","twitter_misc":{"Tempo estimado de leitura":"4 minutos"},"schema":{"@context":"https:\/\/schema.org","@graph":[{"@type":"WebPage","@id":"https:\/\/printfactory.cloud\/pt-pt\/metamerismo-ver-a-luz-sobre-os-desafios-da-gestao-da-cor\/","url":"https:\/\/printfactory.cloud\/pt-pt\/metamerismo-ver-a-luz-sobre-os-desafios-da-gestao-da-cor\/","name":"Metamerismo na gest\u00e3o de cores explicado claramente - printfactory.cloud","isPartOf":{"@id":"https:\/\/printfactory.cloud\/pt-pt\/#website"},"primaryImageOfPage":{"@id":"https:\/\/printfactory.cloud\/pt-pt\/metamerismo-ver-a-luz-sobre-os-desafios-da-gestao-da-cor\/#primaryimage"},"image":{"@id":"https:\/\/printfactory.cloud\/pt-pt\/metamerismo-ver-a-luz-sobre-os-desafios-da-gestao-da-cor\/#primaryimage"},"thumbnailUrl":"https:\/\/i0.wp.com\/printfactory.cloud\/wp-content\/uploads\/2023\/08\/metamarism-web-banner.jpg?fit=800%2C125&amp;ssl=1","datePublished":"2023-08-11T14:04:49+00:00","dateModified":"2026-03-26T10:58:31+00:00","description":"Explora o metamerismo na gest\u00e3o de cores para compreender o seu impacto na precis\u00e3o da impress\u00e3o e como conseguir uma reprodu\u00e7\u00e3o de cores consistente com o PrintFactory","breadcrumb":{"@id":"https:\/\/printfactory.cloud\/pt-pt\/metamerismo-ver-a-luz-sobre-os-desafios-da-gestao-da-cor\/#breadcrumb"},"inLanguage":"pt-PT","potentialAction":[{"@type":"ReadAction","target":["https:\/\/printfactory.cloud\/pt-pt\/metamerismo-ver-a-luz-sobre-os-desafios-da-gestao-da-cor\/"]}]},{"@type":"ImageObject","inLanguage":"pt-PT","@id":"https:\/\/printfactory.cloud\/pt-pt\/metamerismo-ver-a-luz-sobre-os-desafios-da-gestao-da-cor\/#primaryimage","url":"https:\/\/i0.wp.com\/printfactory.cloud\/wp-content\/uploads\/2023\/08\/metamarism-web-banner.jpg?fit=800%2C125&amp;ssl=1","contentUrl":"https:\/\/i0.wp.com\/printfactory.cloud\/wp-content\/uploads\/2023\/08\/metamarism-web-banner.jpg?fit=800%2C125&amp;ssl=1"},{"@type":"BreadcrumbList","@id":"https:\/\/printfactory.cloud\/pt-pt\/metamerismo-ver-a-luz-sobre-os-desafios-da-gestao-da-cor\/#breadcrumb","itemListElement":[{"@type":"ListItem","position":1,"name":"Home","item":"https:\/\/printfactory.cloud\/pt-pt\/controlo\/"},{"@type":"ListItem","position":2,"name":"O metamerismo a ver a luz sobre os desafios da gest\u00e3o da cor"}]},{"@type":"WebSite","@id":"https:\/\/printfactory.cloud\/pt-pt\/#website","url":"https:\/\/printfactory.cloud\/pt-pt\/","name":"printfactory.cloud","description":"One unified production environment","publisher":{"@id":"https:\/\/printfactory.cloud\/pt-pt\/#organization"},"potentialAction":[{"@type":"SearchAction","target":{"@type":"EntryPoint","urlTemplate":"https:\/\/printfactory.cloud\/pt-pt\/?s={search_term_string}"},"query-input":{"@type":"PropertyValueSpecification","valueRequired":true,"valueName":"search_term_string"}}],"inLanguage":"pt-PT"},{"@type":"Organization","@id":"https:\/\/printfactory.cloud\/pt-pt\/#organization","name":"PrintFactory","url":"https:\/\/printfactory.cloud\/pt-pt\/","logo":{"@type":"ImageObject","inLanguage":"pt-PT","@id":"https:\/\/printfactory.cloud\/pt-pt\/#\/schema\/logo\/image\/","url":"https:\/\/i0.wp.com\/printfactory.cloud\/wp-content\/uploads\/2023\/05\/PrintFactory-web.jpg?fit=350%2C63&ssl=1","contentUrl":"https:\/\/i0.wp.com\/printfactory.cloud\/wp-content\/uploads\/2023\/05\/PrintFactory-web.jpg?fit=350%2C63&ssl=1","width":350,"height":63,"caption":"PrintFactory"},"image":{"@id":"https:\/\/printfactory.cloud\/pt-pt\/#\/schema\/logo\/image\/"},"sameAs":["https:\/\/www.facebook.com\/printfactory.cloud","https:\/\/x.com\/PrintFactory_","https:\/\/www.linkedin.com\/company\/printfactoryworkflow\/","https:\/\/www.instagram.com\/printfactory.cloud\/","https:\/\/www.youtube.com\/@PrintFactoryWorkflow","https:\/\/www.threads.com\/@printfactory.cloud","https:\/\/bsky.app\/profile\/printfactorycloud.bsky.social"]}]}},"jetpack_sharing_enabled":true,"_links":{"self":[{"href":"https:\/\/printfactory.cloud\/pt-pt\/wp-json\/wp\/v2\/pages\/23539","targetHints":{"allow":["GET"]}}],"collection":[{"href":"https:\/\/printfactory.cloud\/pt-pt\/wp-json\/wp\/v2\/pages"}],"about":[{"href":"https:\/\/printfactory.cloud\/pt-pt\/wp-json\/wp\/v2\/types\/page"}],"author":[{"embeddable":true,"href":"https:\/\/printfactory.cloud\/pt-pt\/wp-json\/wp\/v2\/users\/3"}],"replies":[{"embeddable":true,"href":"https:\/\/printfactory.cloud\/pt-pt\/wp-json\/wp\/v2\/comments?post=23539"}],"version-history":[{"count":9,"href":"https:\/\/printfactory.cloud\/pt-pt\/wp-json\/wp\/v2\/pages\/23539\/revisions"}],"predecessor-version":[{"id":37510,"href":"https:\/\/printfactory.cloud\/pt-pt\/wp-json\/wp\/v2\/pages\/23539\/revisions\/37510"}],"wp:attachment":[{"href":"https:\/\/printfactory.cloud\/pt-pt\/wp-json\/wp\/v2\/media?parent=23539"}],"curies":[{"name":"wp","href":"https:\/\/api.w.org\/{rel}","templated":true}]}}