{"id":22352,"date":"2023-06-15T11:57:22","date_gmt":"2023-06-15T09:57:22","guid":{"rendered":"https:\/\/printfactory.cloud\/kanitlama\/"},"modified":"2024-01-16T16:50:29","modified_gmt":"2024-01-16T14:50:29","slug":"kanitlama","status":"publish","type":"page","link":"https:\/\/printfactory.cloud\/tr\/kanitlama\/","title":{"rendered":"Kan\u0131tlama"},"content":{"rendered":"\t\t<div data-elementor-type=\"wp-page\" data-elementor-id=\"22352\" class=\"elementor elementor-22352 elementor-22339\" data-elementor-post-type=\"page\">\n\t\t\t\t<div class=\"elementor-element elementor-element-f504769 e-flex e-con-boxed e-con e-parent\" data-id=\"f504769\" data-element_type=\"container\" data-e-type=\"container\">\n\t\t\t\t\t<div class=\"e-con-inner\">\n\t\t\t\t<div class=\"elementor-element elementor-element-1f780ef elementor-widget elementor-widget-heading\" data-id=\"1f780ef\" data-element_type=\"widget\" data-e-type=\"widget\" data-widget_type=\"heading.default\">\n\t\t\t\t<div class=\"elementor-widget-container\">\n\t\t\t\t\t<h2 class=\"elementor-heading-title elementor-size-default\">PROOFMASTER | RAKIPSIZ SONU\u00c7LAR.<\/h2>\t\t\t\t<\/div>\n\t\t\t\t<\/div>\n\t\t\t\t\t<\/div>\n\t\t\t\t<\/div>\n\t\t<div class=\"elementor-element elementor-element-dc1b111 e-flex e-con-boxed e-con e-parent\" data-id=\"dc1b111\" data-element_type=\"container\" data-e-type=\"container\">\n\t\t\t\t\t<div class=\"e-con-inner\">\n\t\t\t\t<div class=\"elementor-element elementor-element-98129a1 elementor-widget elementor-widget-text-editor\" data-id=\"98129a1\" data-element_type=\"widget\" data-e-type=\"widget\" data-widget_type=\"text-editor.default\">\n\t\t\t\t<div class=\"elementor-widget-container\">\n\t\t\t\t\t\t\t\t\t<p>VISU\u2122 \u00e7ok kanall\u0131 cihaz ba\u011flant\u0131l\u0131 profil olu\u015fturma motorumuz her t\u00fcrl\u00fc RGB, CMYK veya 8 renkli \u00c7ok kanall\u0131 bask\u0131 i\u015flemi i\u00e7in profil olu\u015fturur. Bu da <strong>ProofMaster<\/strong> &#8216;\u0131 bug\u00fcn piyasada bulabilece\u011finiz en esnek, en iyi de\u011fere sahip prova yaz\u0131l\u0131m\u0131 haline getiriyor.<\/p>\n<p><strong>ProofMaster<\/strong>, ISO12647, FOGRA, GRACoL, SWOP ve Idealliance standartlar\u0131 i\u00e7in CMYK profilleri i\u00e7erir. Kar\u0131\u015f\u0131ma yinelemeli profil ayarlama, prova sertifikasyon i\u015flevleri ve CxF\/X-3 spot renk k\u00fct\u00fcphaneleri ekledi\u011finizde&#8230; kazanan siz oluyorsunuz.<\/p>\n<p>Ambalaj m\u00fc\u015fterilerimiz i\u00e7in \u00e7ok kanall\u0131 cihaz ba\u011flant\u0131l\u0131 profilleme sunuyoruz, b\u00f6ylece en son CXF\/X-4 (ISO17972) veri al\u0131\u015fveri\u015fi formatlar\u0131n\u0131 kullanarak Geni\u015fletilmi\u015f Renk Gam\u0131 (ECG) bask\u0131s\u0131n\u0131n veya spot renklerin provas\u0131n\u0131 yapmak da m\u00fcmk\u00fcn.<\/p>\n<p>Nerede \u00e7al\u0131\u015ft\u0131\u011f\u0131n\u0131z \u00f6nemli de\u011fil, bask\u0131 cihazlar\u0131n\u0131z 10 metre veya 10.000 mil uzakta olabilir. <strong>ProofMaster&#8217;\u0131n<\/strong> yaz\u0131c\u0131 yeniden kalibrasyon i\u015flevi, herhangi iki veya daha fazla cihaz\u0131 tek bir profile g\u00f6re yak\u0131n d\u00f6ng\u00fcde kalibre etmenizi sa\u011flar.  <\/p>\n\t\t\t\t\t\t\t\t<\/div>\n\t\t\t\t<\/div>\n\t\t\t\t\t<\/div>\n\t\t\t\t<\/div>\n\t\t<div class=\"elementor-element elementor-element-35633b8 e-flex e-con-boxed e-con e-parent\" data-id=\"35633b8\" data-element_type=\"container\" data-e-type=\"container\">\n\t\t\t\t\t<div class=\"e-con-inner\">\n\t\t\t\t<div class=\"elementor-element elementor-element-5491fbd elementor-widget elementor-widget-button\" data-id=\"5491fbd\" data-element_type=\"widget\" data-e-type=\"widget\" data-widget_type=\"button.default\">\n\t\t\t\t<div class=\"elementor-widget-container\">\n\t\t\t\t\t\t\t\t\t<div class=\"elementor-button-wrapper\">\n\t\t\t\t\t<a class=\"elementor-button elementor-button-link elementor-size-sm\" href=\"https:\/\/support.printfactory.cloud\/portal\/en\/kb\/articles\/proofmaster-quick-start-guide\" target=\"_blank\">\n\t\t\t\t\t\t<span class=\"elementor-button-content-wrapper\">\n\t\t\t\t\t\t\t\t\t<span class=\"elementor-button-text\">ProofMaster H\u0131zl\u0131 Ba\u015flang\u0131\u00e7 K\u0131lavuzu<\/span>\n\t\t\t\t\t<\/span>\n\t\t\t\t\t<\/a>\n\t\t\t\t<\/div>\n\t\t\t\t\t\t\t\t<\/div>\n\t\t\t\t<\/div>\n\t\t\t\t\t<\/div>\n\t\t\t\t<\/div>\n\t\t\t\t<\/div>\n\t\t","protected":false},"excerpt":{"rendered":"<p>PROOFMASTER | RAKIPSIZ SONU\u00c7LAR. VISU\u2122 \u00e7ok kanall\u0131 cihaz ba\u011flant\u0131l\u0131 profil olu\u015fturma motorumuz her t\u00fcrl\u00fc RGB, CMYK veya 8 renkli \u00c7ok kanall\u0131 bask\u0131 i\u015flemi i\u00e7in profil olu\u015fturur. Bu da ProofMaster &#8216;\u0131 bug\u00fcn piyasada bulabilece\u011finiz en esnek, en iyi de\u011fere sahip prova yaz\u0131l\u0131m\u0131 haline getiriyor. ProofMaster, ISO12647, FOGRA, GRACoL, SWOP ve Idealliance standartlar\u0131 i\u00e7in CMYK profilleri i\u00e7erir. [&hellip;]<\/p>\n","protected":false},"author":3,"featured_media":0,"parent":0,"menu_order":0,"comment_status":"closed","ping_status":"closed","template":"","meta":{"_monsterinsights_skip_tracking":false,"_monsterinsights_sitenote_active":false,"_monsterinsights_sitenote_note":"","_monsterinsights_sitenote_category":0,"footnotes":""},"class_list":["post-22352","page","type-page","status-publish","hentry"],"yoast_head":"<!-- This site is optimized with the Yoast SEO Premium plugin v27.4 (Yoast SEO v27.4) - https:\/\/yoast.com\/product\/yoast-seo-premium-wordpress\/ -->\n<title>Kan\u0131tlama - printfactory.cloud<\/title>\n<meta name=\"description\" content=\"PrintFactory ONE PLATFORM. ONE WORKFLOW. TOTAL CONTROL. PrintFactory is a single, unified print production platform that replaces fragmented RIPs, editors, color tools, and workflow systems, while supporting all printer and cutter brands.\" \/>\n<meta name=\"robots\" content=\"index, follow, max-snippet:-1, max-image-preview:large, max-video-preview:-1\" \/>\n<link rel=\"canonical\" href=\"https:\/\/printfactory.cloud\/tr\/kanitlama\/\" \/>\n<meta property=\"og:locale\" content=\"tr_TR\" \/>\n<meta property=\"og:type\" content=\"article\" \/>\n<meta property=\"og:title\" content=\"Kan\u0131tlama\" \/>\n<meta property=\"og:description\" content=\"PrintFactory ONE PLATFORM. ONE WORKFLOW. TOTAL CONTROL. PrintFactory is a single, unified print production platform that replaces fragmented RIPs, editors, color tools, and workflow systems, while supporting all printer and cutter brands.\" \/>\n<meta property=\"og:url\" content=\"https:\/\/printfactory.cloud\/tr\/kanitlama\/\" \/>\n<meta property=\"og:site_name\" content=\"printfactory.cloud\" \/>\n<meta property=\"article:publisher\" content=\"https:\/\/www.facebook.com\/printfactory.cloud\" \/>\n<meta property=\"article:modified_time\" content=\"2024-01-16T14:50:29+00:00\" \/>\n<meta property=\"og:image\" content=\"https:\/\/i0.wp.com\/printfactory.cloud\/wp-content\/uploads\/2023\/05\/PrintFactory-Logo-Web.png?fit=200%2C100&ssl=1\" \/>\n\t<meta property=\"og:image:width\" content=\"200\" \/>\n\t<meta property=\"og:image:height\" content=\"100\" \/>\n\t<meta property=\"og:image:type\" content=\"image\/png\" \/>\n<meta name=\"twitter:card\" content=\"summary_large_image\" \/>\n<meta name=\"twitter:site\" content=\"@PrintFactory_\" \/>\n<meta name=\"twitter:label1\" content=\"Tahmini okuma s\u00fcresi\" \/>\n\t<meta name=\"twitter:data1\" content=\"1 dakika\" \/>\n<script type=\"application\/ld+json\" class=\"yoast-schema-graph\">{\"@context\":\"https:\\\/\\\/schema.org\",\"@graph\":[{\"@type\":\"WebPage\",\"@id\":\"https:\\\/\\\/printfactory.cloud\\\/tr\\\/kanitlama\\\/\",\"url\":\"https:\\\/\\\/printfactory.cloud\\\/tr\\\/kanitlama\\\/\",\"name\":\"Kan\u0131tlama - printfactory.cloud\",\"isPartOf\":{\"@id\":\"https:\\\/\\\/printfactory.cloud\\\/tr\\\/#website\"},\"datePublished\":\"2023-06-15T09:57:22+00:00\",\"dateModified\":\"2024-01-16T14:50:29+00:00\",\"description\":\"PrintFactory ONE PLATFORM. ONE WORKFLOW. TOTAL CONTROL. PrintFactory is a single, unified print production platform that replaces fragmented RIPs, editors, color tools, and workflow systems, while supporting all printer and cutter brands.\",\"breadcrumb\":{\"@id\":\"https:\\\/\\\/printfactory.cloud\\\/tr\\\/kanitlama\\\/#breadcrumb\"},\"inLanguage\":\"tr\",\"potentialAction\":[{\"@type\":\"ReadAction\",\"target\":[\"https:\\\/\\\/printfactory.cloud\\\/tr\\\/kanitlama\\\/\"]}]},{\"@type\":\"BreadcrumbList\",\"@id\":\"https:\\\/\\\/printfactory.cloud\\\/tr\\\/kanitlama\\\/#breadcrumb\",\"itemListElement\":[{\"@type\":\"ListItem\",\"position\":1,\"name\":\"Home\",\"item\":\"https:\\\/\\\/printfactory.cloud\\\/tr\\\/\"},{\"@type\":\"ListItem\",\"position\":2,\"name\":\"Kan\u0131tlama\"}]},{\"@type\":\"WebSite\",\"@id\":\"https:\\\/\\\/printfactory.cloud\\\/tr\\\/#website\",\"url\":\"https:\\\/\\\/printfactory.cloud\\\/tr\\\/\",\"name\":\"printfactory.cloud\",\"description\":\"One unified production environment\",\"publisher\":{\"@id\":\"https:\\\/\\\/printfactory.cloud\\\/tr\\\/#organization\"},\"potentialAction\":[{\"@type\":\"SearchAction\",\"target\":{\"@type\":\"EntryPoint\",\"urlTemplate\":\"https:\\\/\\\/printfactory.cloud\\\/tr\\\/?s={search_term_string}\"},\"query-input\":{\"@type\":\"PropertyValueSpecification\",\"valueRequired\":true,\"valueName\":\"search_term_string\"}}],\"inLanguage\":\"tr\"},{\"@type\":\"Organization\",\"@id\":\"https:\\\/\\\/printfactory.cloud\\\/tr\\\/#organization\",\"name\":\"PrintFactory\",\"url\":\"https:\\\/\\\/printfactory.cloud\\\/tr\\\/\",\"logo\":{\"@type\":\"ImageObject\",\"inLanguage\":\"tr\",\"@id\":\"https:\\\/\\\/printfactory.cloud\\\/tr\\\/#\\\/schema\\\/logo\\\/image\\\/\",\"url\":\"https:\\\/\\\/i0.wp.com\\\/printfactory.cloud\\\/wp-content\\\/uploads\\\/2023\\\/05\\\/PrintFactory-web.jpg?fit=350%2C63&ssl=1\",\"contentUrl\":\"https:\\\/\\\/i0.wp.com\\\/printfactory.cloud\\\/wp-content\\\/uploads\\\/2023\\\/05\\\/PrintFactory-web.jpg?fit=350%2C63&ssl=1\",\"width\":350,\"height\":63,\"caption\":\"PrintFactory\"},\"image\":{\"@id\":\"https:\\\/\\\/printfactory.cloud\\\/tr\\\/#\\\/schema\\\/logo\\\/image\\\/\"},\"sameAs\":[\"https:\\\/\\\/www.facebook.com\\\/printfactory.cloud\",\"https:\\\/\\\/x.com\\\/PrintFactory_\",\"https:\\\/\\\/www.linkedin.com\\\/company\\\/printfactoryworkflow\\\/\",\"https:\\\/\\\/www.instagram.com\\\/printfactory.cloud\\\/\",\"https:\\\/\\\/www.youtube.com\\\/@PrintFactoryWorkflow\",\"https:\\\/\\\/www.threads.com\\\/@printfactory.cloud\",\"https:\\\/\\\/bsky.app\\\/profile\\\/printfactorycloud.bsky.social\"]}]}<\/script>\n<!-- \/ Yoast SEO Premium plugin. -->","yoast_head_json":{"title":"Kan\u0131tlama - printfactory.cloud","description":"PrintFactory ONE PLATFORM. ONE WORKFLOW. TOTAL CONTROL. PrintFactory is a single, unified print production platform that replaces fragmented RIPs, editors, color tools, and workflow systems, while supporting all printer and cutter brands.","robots":{"index":"index","follow":"follow","max-snippet":"max-snippet:-1","max-image-preview":"max-image-preview:large","max-video-preview":"max-video-preview:-1"},"canonical":"https:\/\/printfactory.cloud\/tr\/kanitlama\/","og_locale":"tr_TR","og_type":"article","og_title":"Kan\u0131tlama","og_description":"PrintFactory ONE PLATFORM. ONE WORKFLOW. TOTAL CONTROL. PrintFactory is a single, unified print production platform that replaces fragmented RIPs, editors, color tools, and workflow systems, while supporting all printer and cutter brands.","og_url":"https:\/\/printfactory.cloud\/tr\/kanitlama\/","og_site_name":"printfactory.cloud","article_publisher":"https:\/\/www.facebook.com\/printfactory.cloud","article_modified_time":"2024-01-16T14:50:29+00:00","og_image":[{"width":200,"height":100,"url":"https:\/\/i0.wp.com\/printfactory.cloud\/wp-content\/uploads\/2023\/05\/PrintFactory-Logo-Web.png?fit=200%2C100&ssl=1","type":"image\/png"}],"twitter_card":"summary_large_image","twitter_site":"@PrintFactory_","twitter_misc":{"Tahmini okuma s\u00fcresi":"1 dakika"},"schema":{"@context":"https:\/\/schema.org","@graph":[{"@type":"WebPage","@id":"https:\/\/printfactory.cloud\/tr\/kanitlama\/","url":"https:\/\/printfactory.cloud\/tr\/kanitlama\/","name":"Kan\u0131tlama - printfactory.cloud","isPartOf":{"@id":"https:\/\/printfactory.cloud\/tr\/#website"},"datePublished":"2023-06-15T09:57:22+00:00","dateModified":"2024-01-16T14:50:29+00:00","description":"PrintFactory ONE PLATFORM. ONE WORKFLOW. TOTAL CONTROL. PrintFactory is a single, unified print production platform that replaces fragmented RIPs, editors, color tools, and workflow systems, while supporting all printer and cutter brands.","breadcrumb":{"@id":"https:\/\/printfactory.cloud\/tr\/kanitlama\/#breadcrumb"},"inLanguage":"tr","potentialAction":[{"@type":"ReadAction","target":["https:\/\/printfactory.cloud\/tr\/kanitlama\/"]}]},{"@type":"BreadcrumbList","@id":"https:\/\/printfactory.cloud\/tr\/kanitlama\/#breadcrumb","itemListElement":[{"@type":"ListItem","position":1,"name":"Home","item":"https:\/\/printfactory.cloud\/tr\/"},{"@type":"ListItem","position":2,"name":"Kan\u0131tlama"}]},{"@type":"WebSite","@id":"https:\/\/printfactory.cloud\/tr\/#website","url":"https:\/\/printfactory.cloud\/tr\/","name":"printfactory.cloud","description":"One unified production environment","publisher":{"@id":"https:\/\/printfactory.cloud\/tr\/#organization"},"potentialAction":[{"@type":"SearchAction","target":{"@type":"EntryPoint","urlTemplate":"https:\/\/printfactory.cloud\/tr\/?s={search_term_string}"},"query-input":{"@type":"PropertyValueSpecification","valueRequired":true,"valueName":"search_term_string"}}],"inLanguage":"tr"},{"@type":"Organization","@id":"https:\/\/printfactory.cloud\/tr\/#organization","name":"PrintFactory","url":"https:\/\/printfactory.cloud\/tr\/","logo":{"@type":"ImageObject","inLanguage":"tr","@id":"https:\/\/printfactory.cloud\/tr\/#\/schema\/logo\/image\/","url":"https:\/\/i0.wp.com\/printfactory.cloud\/wp-content\/uploads\/2023\/05\/PrintFactory-web.jpg?fit=350%2C63&ssl=1","contentUrl":"https:\/\/i0.wp.com\/printfactory.cloud\/wp-content\/uploads\/2023\/05\/PrintFactory-web.jpg?fit=350%2C63&ssl=1","width":350,"height":63,"caption":"PrintFactory"},"image":{"@id":"https:\/\/printfactory.cloud\/tr\/#\/schema\/logo\/image\/"},"sameAs":["https:\/\/www.facebook.com\/printfactory.cloud","https:\/\/x.com\/PrintFactory_","https:\/\/www.linkedin.com\/company\/printfactoryworkflow\/","https:\/\/www.instagram.com\/printfactory.cloud\/","https:\/\/www.youtube.com\/@PrintFactoryWorkflow","https:\/\/www.threads.com\/@printfactory.cloud","https:\/\/bsky.app\/profile\/printfactorycloud.bsky.social"]}]}},"jetpack_sharing_enabled":true,"_links":{"self":[{"href":"https:\/\/printfactory.cloud\/tr\/wp-json\/wp\/v2\/pages\/22352","targetHints":{"allow":["GET"]}}],"collection":[{"href":"https:\/\/printfactory.cloud\/tr\/wp-json\/wp\/v2\/pages"}],"about":[{"href":"https:\/\/printfactory.cloud\/tr\/wp-json\/wp\/v2\/types\/page"}],"author":[{"embeddable":true,"href":"https:\/\/printfactory.cloud\/tr\/wp-json\/wp\/v2\/users\/3"}],"replies":[{"embeddable":true,"href":"https:\/\/printfactory.cloud\/tr\/wp-json\/wp\/v2\/comments?post=22352"}],"version-history":[{"count":2,"href":"https:\/\/printfactory.cloud\/tr\/wp-json\/wp\/v2\/pages\/22352\/revisions"}],"predecessor-version":[{"id":24359,"href":"https:\/\/printfactory.cloud\/tr\/wp-json\/wp\/v2\/pages\/22352\/revisions\/24359"}],"wp:attachment":[{"href":"https:\/\/printfactory.cloud\/tr\/wp-json\/wp\/v2\/media?parent=22352"}],"curies":[{"name":"wp","href":"https:\/\/api.w.org\/{rel}","templated":true}]}}