{"id":23545,"date":"2023-08-11T16:04:49","date_gmt":"2023-08-11T14:04:49","guid":{"rendered":"https:\/\/printfactory.cloud\/metamerizm-renk-yonetimi-zorluklarina-isik-tutuyor\/"},"modified":"2026-03-26T12:58:29","modified_gmt":"2026-03-26T10:58:29","slug":"metamerizm-renk-yonetimi-zorluklarina-isik-tutuyor","status":"publish","type":"page","link":"https:\/\/printfactory.cloud\/tr\/metamerizm-renk-yonetimi-zorluklarina-isik-tutuyor\/","title":{"rendered":"Metamerizm renk y\u00f6netimi zorluklar\u0131na \u0131\u015f\u0131k tutuyor"},"content":{"rendered":"\t\t<div data-elementor-type=\"wp-page\" data-elementor-id=\"23545\" class=\"elementor elementor-23545 elementor-23508\" data-elementor-post-type=\"page\">\n\t\t\t\t<div class=\"elementor-element elementor-element-e369d5a e-flex e-con-boxed e-con e-parent\" data-id=\"e369d5a\" data-element_type=\"container\" data-e-type=\"container\">\n\t\t\t\t\t<div class=\"e-con-inner\">\n\t\t\t\t<div class=\"elementor-element elementor-element-1e814fa elementor-widget elementor-widget-heading\" data-id=\"1e814fa\" data-element_type=\"widget\" data-e-type=\"widget\" data-widget_type=\"heading.default\">\n\t\t\t\t<div class=\"elementor-widget-container\">\n\t\t\t\t\t<h4 class=\"elementor-heading-title elementor-size-default\">PrintFactory: Metamerizm - Renk Y\u00f6netimi Zorluklar\u0131na I\u015f\u0131k Tutmak<\/h4>\t\t\t\t<\/div>\n\t\t\t\t<\/div>\n\t\t\t\t\t<\/div>\n\t\t\t\t<\/div>\n\t\t<div class=\"elementor-element elementor-element-ed260f4 e-flex e-con-boxed e-con e-parent\" data-id=\"ed260f4\" data-element_type=\"container\" data-e-type=\"container\">\n\t\t\t\t\t<div class=\"e-con-inner\">\n\t\t\t\t<div class=\"elementor-element elementor-element-b6cb401 elementor-widget elementor-widget-text-editor\" data-id=\"b6cb401\" data-element_type=\"widget\" data-e-type=\"widget\" data-widget_type=\"text-editor.default\">\n\t\t\t\t<div class=\"elementor-widget-container\">\n\t\t\t\t\t\t\t\t\t<p>Bask\u0131 end\u00fcstrisinde do\u011fru renk \u00fcretimi elde etmek \u00e7ok y\u00f6nl\u00fc bir \u00e7abad\u0131r. Bask\u0131 hizmeti sa\u011flay\u0131c\u0131lar\u0131n\u0131n (PSP&#8217;ler) kar\u015f\u0131la\u015ft\u0131\u011f\u0131 \u00e7e\u015fitli zorluklar aras\u0131nda, renk tutarl\u0131l\u0131\u011f\u0131n\u0131 \u00f6nemli \u00f6l\u00e7\u00fcde etkileyen bir tanesi de metamerizmdir. Bu ilgi \u00e7ekici olgu, renk y\u00f6netimi d\u00fcnyas\u0131na karma\u015f\u0131kl\u0131klar getirmekte ve hassas renk \u00e7\u0131kt\u0131s\u0131 i\u00e7in derin bir anlay\u0131\u015f ve yenilik\u00e7i \u00e7\u00f6z\u00fcmler gerektirmektedir. Bu makalede, metamerizmin derinliklerine inerek tan\u0131m\u0131n\u0131, renk y\u00f6netimi \u00fczerindeki etkilerini ve PSP&#8217;lerin <a href=\"https:\/\/printfactory.cloud\/tr\/tutarli-renk\/\" target=\"_blank\" rel=\"noopener\">DeviceLink profil olu\u015fturma<\/a> yoluyla metamerik uyumsuzlu\u011fu nas\u0131l etkili bir \u015fekilde ele alabilece\u011fini ara\u015ft\u0131r\u0131yoruz.<\/p><p><strong>Metamerizmi Anlamak<\/strong><\/p><p>Metamerizm, \u00f6z\u00fcnde, g\u00f6r\u00fcn\u00fc\u015fte ayn\u0131 olan iki renk \u00f6rne\u011finin farkl\u0131 ayd\u0131nlatma ko\u015fullar\u0131na maruz kald\u0131\u011f\u0131nda farkl\u0131 g\u00f6r\u00fcnmesi olgusudur. Renk alg\u0131m\u0131z b\u00fcy\u00fck \u00f6l\u00e7\u00fcde malzemenin yans\u0131t\u0131c\u0131l\u0131\u011f\u0131na, bireysel alg\u0131sal yeteneklere ve belki de en \u00f6nemlisi \u0131\u015f\u0131\u011f\u0131n kalitesine ba\u011fl\u0131d\u0131r. I\u015f\u0131\u011f\u0131n \u00e7e\u015fitli dalga boylar\u0131 farkl\u0131 renklere kar\u015f\u0131l\u0131k gelir, emilen ve yans\u0131t\u0131lan dalga boylar\u0131 g\u00f6rsel deneyimimizi \u015fekillendirir.  <\/p><p>Ancak, farkl\u0131 dalga boylar\u0131 yayan \u00e7e\u015fitli \u0131\u015f\u0131k kaynaklar\u0131 alt\u0131nda renk hikayesi de\u011fi\u015fir. Bir \u00e7ift ye\u015fil \u00e7orap d\u00fc\u015f\u00fcn\u00fcn; k\u0131rm\u0131z\u0131 ve mavi dalga boylar\u0131 bak\u0131m\u0131ndan zengin olan floresan \u0131\u015f\u0131\u011f\u0131 alt\u0131ndaki g\u00f6r\u00fcn\u00fcmleri, k\u0131rm\u0131z\u0131, mavi ve ye\u015fil dalga boylar\u0131n\u0131 i\u00e7eren do\u011fal g\u00fcn \u0131\u015f\u0131\u011f\u0131 alt\u0131nda bak\u0131ld\u0131\u011f\u0131nda farkl\u0131la\u015f\u0131r. <\/p><p><strong>Metamerizmin Renk Y\u00f6netimindeki Rol\u00fc<\/strong><\/p><p>Bask\u0131 profesyonelleri metamerizmin etkisini iyi bilirler. M\u00fcrekkep pigmentasyonu farkl\u0131l\u0131klar\u0131 nedeniyle, PSP&#8217;ler genellikle bir yaz\u0131c\u0131dan al\u0131nan \u00e7\u0131kt\u0131 farkl\u0131 ayd\u0131nlatma ko\u015fullar\u0131nda di\u011feriyle ayn\u0131 hizada olmad\u0131\u011f\u0131nda renk tutars\u0131zl\u0131klar\u0131yla bo\u011fu\u015fur. Bu tutars\u0131zl\u0131k, \u00f6zellikle ayn\u0131 i\u015fleri farkl\u0131 bask\u0131 alt\u0131 malzemelerine yazd\u0131r\u0131rken, renk farkl\u0131l\u0131klar\u0131n\u0131 uzla\u015ft\u0131rmay\u0131 ama\u00e7layan sorun giderme \u00e7abalar\u0131 s\u0131ras\u0131nda zaman, m\u00fcrekkep ve medya dahil olmak \u00fczere kaynak israf\u0131na yol a\u00e7ar.  <\/p><p>Renkler belirli ayd\u0131nlatma ko\u015fullar\u0131nda e\u015fle\u015fmedi\u011finde, do\u011fru renklendirici kar\u0131\u015f\u0131m\u0131 belirlenene kadar profiller ayarlanmal\u0131, metamerizmin etkisi azalt\u0131lmal\u0131 ve asl\u0131na uygun renk \u00fcretimi sa\u011flanmal\u0131d\u0131r.<\/p><p><strong>Metamerik Zorluklar\u0131n \u00dcstesinden Gelmek<\/strong><\/p><p>Metamerizmin inceliklerine hakim olmak i\u00e7in geli\u015fmi\u015f renk y\u00f6netimi ara\u00e7lar\u0131 gerekir. \u00c7ift y\u00f6nl\u00fc bir yakla\u015f\u0131m kullan\u0131labilir: bozulmaya kar\u015f\u0131 renk direncini g\u00fc\u00e7lendirmek ve de\u011fi\u015fken \u00e7\u0131kt\u0131lar \u00fcretmek. <\/p><p>CMYK&#8217;dan CMYK&#8217;ya d\u00f6n\u00fc\u015ft\u00fcrme, metamerizmin hakim oldu\u011fu bir ortamda renk do\u011frulu\u011funu art\u0131rmak i\u00e7in etkili bir taktik olarak ortaya \u00e7\u0131kmaktad\u0131r. DeviceLink profillerini olu\u015fturmak i\u00e7in bu do\u011frudan d\u00f6n\u00fc\u015ft\u00fcrme tekni\u011finden yararlanmak, renkleri yeniden \u00fcretirken siyah ay\u0131rma kanal\u0131n\u0131 korur. Sa\u011flam bir siyah kanal, ayd\u0131nlat\u0131c\u0131 kaymalar\u0131n\u0131n etkisini azaltarak metamerik renk bozulmas\u0131n\u0131 azalt\u0131r.  <\/p><p>Farkl\u0131 ayd\u0131nlatma ko\u015fullar\u0131n\u0131 sim\u00fcle etmek ve renkleri buna g\u00f6re uyarlamak, metamerizmle ba\u015fa \u00e7\u0131kmak i\u00e7in ba\u015fka bir yol sunar. PSP&#8217;ler, renk y\u00f6netimi yaz\u0131l\u0131m\u0131 i\u00e7inde bir I\u015f\u0131k Uyarlama Arac\u0131 (LAT) kullanarak normalle\u015ftirilmi\u015f D50 g\u00fcn \u0131\u015f\u0131\u011f\u0131n\u0131n \u00f6tesinde ger\u00e7ek g\u00f6r\u00fcnt\u00fcleme ba\u011flamlar\u0131n\u0131 sim\u00fcle edebilir. LAT, gri dengesinde do\u011fru renk tonu de\u011fi\u015fimlerine olanak tan\u0131yarak belirli ayd\u0131nlatma alt\u0131nda n\u00f6trl\u00fck sa\u011flar. Sar\u0131, ye\u015fil, camg\u00f6be\u011fi, mavi, macenta ve k\u0131rm\u0131z\u0131 varyantlar\u0131n\u0131 basarak ve bunlar\u0131 orijinal profille kar\u015f\u0131la\u015ft\u0131rarak, yaz\u0131c\u0131lar ekran ayd\u0131nlatma ko\u015fuluyla uyumlu en uygun gri dengesini ay\u0131rt edebilir.   <\/p><p><strong>\u0130novasyon Yoluyla Metamerizmi Fethetmek<\/strong><\/p><p>Metamerizm, PSP&#8217;lerin \u00e7e\u015fitli yaz\u0131c\u0131larda ve bask\u0131 alt\u0131 malzemelerinde kusursuz renk do\u011frulu\u011fu aray\u0131\u015flar\u0131nda kar\u015f\u0131la\u015ft\u0131klar\u0131 say\u0131s\u0131z engelden biridir. DeviceLink profil olu\u015fturma ile birlikte en son renk y\u00f6netimi teknolojisinin kullan\u0131lmas\u0131, bask\u0131 i\u015fletmelerinin bu maliyetli olgunun \u00fcstesinden gelmesini ve ayd\u0131nlatma ortam\u0131ndan ba\u011f\u0131ms\u0131z olarak uyumlu renk e\u015fle\u015fmesi elde etmesini sa\u011flar. <\/p><p>Bask\u0131 ortam\u0131 geli\u015ftik\u00e7e, metamerizmin inceliklerini bilen ve yenilik\u00e7i \u00e7\u00f6z\u00fcmlerle donanm\u0131\u015f PSP&#8217;ler kusursuz, tutarl\u0131 ve ger\u00e7e\u011fe yak\u0131n renk \u00e7\u0131kt\u0131lar\u0131 sunma konusunda \u015f\u00fcphesiz rekabet avantaj\u0131 elde edeceklerdir.<\/p>\t\t\t\t\t\t\t\t<\/div>\n\t\t\t\t<\/div>\n\t\t\t\t\t<\/div>\n\t\t\t\t<\/div>\n\t\t<div class=\"elementor-element elementor-element-54f8cf8 e-flex e-con-boxed e-con e-parent\" data-id=\"54f8cf8\" data-element_type=\"container\" data-e-type=\"container\">\n\t\t\t\t\t<div class=\"e-con-inner\">\n\t\t\t\t<div class=\"elementor-element elementor-element-92c9ccf elementor-widget elementor-widget-image\" data-id=\"92c9ccf\" data-element_type=\"widget\" data-e-type=\"widget\" data-widget_type=\"image.default\">\n\t\t\t\t<div class=\"elementor-widget-container\">\n\t\t\t\t\t\t\t\t\t\t\t\t\t\t\t<img fetchpriority=\"high\" decoding=\"async\" width=\"800\" height=\"125\" src=\"https:\/\/i0.wp.com\/printfactory.cloud\/wp-content\/uploads\/2023\/08\/metamarism-web-banner.jpg?fit=800%2C125&amp;ssl=1\" class=\"attachment-large size-large wp-image-23521\" alt=\"Explore metamerism in color management to understand its impact on print accuracy and how to achieve consistent color reproduction with PrintFactory\" srcset=\"https:\/\/i0.wp.com\/printfactory.cloud\/wp-content\/uploads\/2023\/08\/metamarism-web-banner.jpg?w=2560&amp;ssl=1 2560w, https:\/\/i0.wp.com\/printfactory.cloud\/wp-content\/uploads\/2023\/08\/metamarism-web-banner.jpg?resize=300%2C47&amp;ssl=1 300w, https:\/\/i0.wp.com\/printfactory.cloud\/wp-content\/uploads\/2023\/08\/metamarism-web-banner.jpg?resize=1024%2C160&amp;ssl=1 1024w, https:\/\/i0.wp.com\/printfactory.cloud\/wp-content\/uploads\/2023\/08\/metamarism-web-banner.jpg?resize=768%2C120&amp;ssl=1 768w, https:\/\/i0.wp.com\/printfactory.cloud\/wp-content\/uploads\/2023\/08\/metamarism-web-banner.jpg?resize=1536%2C240&amp;ssl=1 1536w, https:\/\/i0.wp.com\/printfactory.cloud\/wp-content\/uploads\/2023\/08\/metamarism-web-banner.jpg?resize=2048%2C320&amp;ssl=1 2048w, https:\/\/i0.wp.com\/printfactory.cloud\/wp-content\/uploads\/2023\/08\/metamarism-web-banner.jpg?w=1600&amp;ssl=1 1600w, https:\/\/i0.wp.com\/printfactory.cloud\/wp-content\/uploads\/2023\/08\/metamarism-web-banner.jpg?w=2400&amp;ssl=1 2400w\" sizes=\"(max-width: 800px) 100vw, 800px\" \/>\t\t\t\t\t\t\t\t\t\t\t\t\t\t\t<\/div>\n\t\t\t\t<\/div>\n\t\t\t\t\t<\/div>\n\t\t\t\t<\/div>\n\t\t\t\t<\/div>\n\t\t","protected":false},"excerpt":{"rendered":"<p>PrintFactory: Metamerizm &#8211; Renk Y\u00f6netimi Zorluklar\u0131na I\u015f\u0131k Tutmak Bask\u0131 end\u00fcstrisinde do\u011fru renk \u00fcretimi elde etmek \u00e7ok y\u00f6nl\u00fc bir \u00e7abad\u0131r. Bask\u0131 hizmeti sa\u011flay\u0131c\u0131lar\u0131n\u0131n (PSP&#8217;ler) kar\u015f\u0131la\u015ft\u0131\u011f\u0131 \u00e7e\u015fitli zorluklar aras\u0131nda, renk tutarl\u0131l\u0131\u011f\u0131n\u0131 \u00f6nemli \u00f6l\u00e7\u00fcde etkileyen bir tanesi de metamerizmdir. Bu ilgi \u00e7ekici olgu, renk y\u00f6netimi d\u00fcnyas\u0131na karma\u015f\u0131kl\u0131klar getirmekte ve hassas renk \u00e7\u0131kt\u0131s\u0131 i\u00e7in derin bir anlay\u0131\u015f ve yenilik\u00e7i [&hellip;]<\/p>\n","protected":false},"author":3,"featured_media":0,"parent":0,"menu_order":0,"comment_status":"closed","ping_status":"closed","template":"","meta":{"_monsterinsights_skip_tracking":false,"_monsterinsights_sitenote_active":false,"_monsterinsights_sitenote_note":"","_monsterinsights_sitenote_category":0,"footnotes":""},"class_list":["post-23545","page","type-page","status-publish","hentry"],"yoast_head":"<!-- This site is optimized with the Yoast SEO Premium plugin v27.4 (Yoast SEO v27.4) - https:\/\/yoast.com\/product\/yoast-seo-premium-wordpress\/ -->\n<title>Renk Y\u00f6netiminde Metamerizm A\u00e7\u0131k\u00e7a Anlat\u0131ld\u0131 - printfactory.cloud<\/title>\n<meta name=\"description\" content=\"Renk y\u00f6netiminde metamerizmin bask\u0131 do\u011frulu\u011fu \u00fczerindeki etkisini ve PrintFactory ile tutarl\u0131 renk \u00fcretiminin nas\u0131l elde edilece\u011fini anlamak i\u00e7in metamerizmi ke\u015ffedin\" \/>\n<meta name=\"robots\" content=\"index, follow, max-snippet:-1, max-image-preview:large, max-video-preview:-1\" \/>\n<link rel=\"canonical\" href=\"https:\/\/printfactory.cloud\/tr\/metamerizm-renk-yonetimi-zorluklarina-isik-tutuyor\/\" \/>\n<meta property=\"og:locale\" content=\"tr_TR\" \/>\n<meta property=\"og:type\" content=\"article\" \/>\n<meta property=\"og:title\" content=\"Metamerizm renk y\u00f6netimi zorluklar\u0131na \u0131\u015f\u0131k tutuyor\" \/>\n<meta property=\"og:description\" content=\"PrintFactory ONE PLATFORM. ONE WORKFLOW. TOTAL CONTROL. PrintFactory is a single, unified print production platform that replaces fragmented RIPs, editors, color tools, and workflow systems, while supporting all printer and cutter brands.\" \/>\n<meta property=\"og:url\" content=\"https:\/\/printfactory.cloud\/tr\/metamerizm-renk-yonetimi-zorluklarina-isik-tutuyor\/\" \/>\n<meta property=\"og:site_name\" content=\"printfactory.cloud\" \/>\n<meta property=\"article:publisher\" content=\"https:\/\/www.facebook.com\/printfactory.cloud\" \/>\n<meta property=\"article:modified_time\" content=\"2026-03-26T10:58:29+00:00\" \/>\n<meta property=\"og:image\" content=\"https:\/\/i0.wp.com\/printfactory.cloud\/wp-content\/uploads\/2023\/08\/metamarism-web-banner.jpg?fit=2560%2C400&ssl=1\" \/>\n\t<meta property=\"og:image:width\" content=\"2560\" \/>\n\t<meta property=\"og:image:height\" content=\"400\" \/>\n\t<meta property=\"og:image:type\" content=\"image\/jpeg\" \/>\n<meta name=\"twitter:card\" content=\"summary_large_image\" \/>\n<meta name=\"twitter:site\" content=\"@PrintFactory_\" \/>\n<meta name=\"twitter:label1\" content=\"Tahmini okuma s\u00fcresi\" \/>\n\t<meta name=\"twitter:data1\" content=\"4 dakika\" \/>\n<script type=\"application\/ld+json\" class=\"yoast-schema-graph\">{\"@context\":\"https:\\\/\\\/schema.org\",\"@graph\":[{\"@type\":\"WebPage\",\"@id\":\"https:\\\/\\\/printfactory.cloud\\\/tr\\\/metamerizm-renk-yonetimi-zorluklarina-isik-tutuyor\\\/\",\"url\":\"https:\\\/\\\/printfactory.cloud\\\/tr\\\/metamerizm-renk-yonetimi-zorluklarina-isik-tutuyor\\\/\",\"name\":\"Renk Y\u00f6netiminde Metamerizm A\u00e7\u0131k\u00e7a Anlat\u0131ld\u0131 - printfactory.cloud\",\"isPartOf\":{\"@id\":\"https:\\\/\\\/printfactory.cloud\\\/tr\\\/#website\"},\"primaryImageOfPage\":{\"@id\":\"https:\\\/\\\/printfactory.cloud\\\/tr\\\/metamerizm-renk-yonetimi-zorluklarina-isik-tutuyor\\\/#primaryimage\"},\"image\":{\"@id\":\"https:\\\/\\\/printfactory.cloud\\\/tr\\\/metamerizm-renk-yonetimi-zorluklarina-isik-tutuyor\\\/#primaryimage\"},\"thumbnailUrl\":\"https:\\\/\\\/i0.wp.com\\\/printfactory.cloud\\\/wp-content\\\/uploads\\\/2023\\\/08\\\/metamarism-web-banner.jpg?fit=800%2C125&amp;ssl=1\",\"datePublished\":\"2023-08-11T14:04:49+00:00\",\"dateModified\":\"2026-03-26T10:58:29+00:00\",\"description\":\"Renk y\u00f6netiminde metamerizmin bask\u0131 do\u011frulu\u011fu \u00fczerindeki etkisini ve PrintFactory ile tutarl\u0131 renk \u00fcretiminin nas\u0131l elde edilece\u011fini anlamak i\u00e7in metamerizmi ke\u015ffedin\",\"breadcrumb\":{\"@id\":\"https:\\\/\\\/printfactory.cloud\\\/tr\\\/metamerizm-renk-yonetimi-zorluklarina-isik-tutuyor\\\/#breadcrumb\"},\"inLanguage\":\"tr\",\"potentialAction\":[{\"@type\":\"ReadAction\",\"target\":[\"https:\\\/\\\/printfactory.cloud\\\/tr\\\/metamerizm-renk-yonetimi-zorluklarina-isik-tutuyor\\\/\"]}]},{\"@type\":\"ImageObject\",\"inLanguage\":\"tr\",\"@id\":\"https:\\\/\\\/printfactory.cloud\\\/tr\\\/metamerizm-renk-yonetimi-zorluklarina-isik-tutuyor\\\/#primaryimage\",\"url\":\"https:\\\/\\\/i0.wp.com\\\/printfactory.cloud\\\/wp-content\\\/uploads\\\/2023\\\/08\\\/metamarism-web-banner.jpg?fit=800%2C125&amp;ssl=1\",\"contentUrl\":\"https:\\\/\\\/i0.wp.com\\\/printfactory.cloud\\\/wp-content\\\/uploads\\\/2023\\\/08\\\/metamarism-web-banner.jpg?fit=800%2C125&amp;ssl=1\"},{\"@type\":\"BreadcrumbList\",\"@id\":\"https:\\\/\\\/printfactory.cloud\\\/tr\\\/metamerizm-renk-yonetimi-zorluklarina-isik-tutuyor\\\/#breadcrumb\",\"itemListElement\":[{\"@type\":\"ListItem\",\"position\":1,\"name\":\"Home\",\"item\":\"https:\\\/\\\/printfactory.cloud\\\/tr\\\/\"},{\"@type\":\"ListItem\",\"position\":2,\"name\":\"Metamerizm renk y\u00f6netimi zorluklar\u0131na \u0131\u015f\u0131k tutuyor\"}]},{\"@type\":\"WebSite\",\"@id\":\"https:\\\/\\\/printfactory.cloud\\\/tr\\\/#website\",\"url\":\"https:\\\/\\\/printfactory.cloud\\\/tr\\\/\",\"name\":\"printfactory.cloud\",\"description\":\"One unified production environment\",\"publisher\":{\"@id\":\"https:\\\/\\\/printfactory.cloud\\\/tr\\\/#organization\"},\"potentialAction\":[{\"@type\":\"SearchAction\",\"target\":{\"@type\":\"EntryPoint\",\"urlTemplate\":\"https:\\\/\\\/printfactory.cloud\\\/tr\\\/?s={search_term_string}\"},\"query-input\":{\"@type\":\"PropertyValueSpecification\",\"valueRequired\":true,\"valueName\":\"search_term_string\"}}],\"inLanguage\":\"tr\"},{\"@type\":\"Organization\",\"@id\":\"https:\\\/\\\/printfactory.cloud\\\/tr\\\/#organization\",\"name\":\"PrintFactory\",\"url\":\"https:\\\/\\\/printfactory.cloud\\\/tr\\\/\",\"logo\":{\"@type\":\"ImageObject\",\"inLanguage\":\"tr\",\"@id\":\"https:\\\/\\\/printfactory.cloud\\\/tr\\\/#\\\/schema\\\/logo\\\/image\\\/\",\"url\":\"https:\\\/\\\/i0.wp.com\\\/printfactory.cloud\\\/wp-content\\\/uploads\\\/2023\\\/05\\\/PrintFactory-web.jpg?fit=350%2C63&ssl=1\",\"contentUrl\":\"https:\\\/\\\/i0.wp.com\\\/printfactory.cloud\\\/wp-content\\\/uploads\\\/2023\\\/05\\\/PrintFactory-web.jpg?fit=350%2C63&ssl=1\",\"width\":350,\"height\":63,\"caption\":\"PrintFactory\"},\"image\":{\"@id\":\"https:\\\/\\\/printfactory.cloud\\\/tr\\\/#\\\/schema\\\/logo\\\/image\\\/\"},\"sameAs\":[\"https:\\\/\\\/www.facebook.com\\\/printfactory.cloud\",\"https:\\\/\\\/x.com\\\/PrintFactory_\",\"https:\\\/\\\/www.linkedin.com\\\/company\\\/printfactoryworkflow\\\/\",\"https:\\\/\\\/www.instagram.com\\\/printfactory.cloud\\\/\",\"https:\\\/\\\/www.youtube.com\\\/@PrintFactoryWorkflow\",\"https:\\\/\\\/www.threads.com\\\/@printfactory.cloud\",\"https:\\\/\\\/bsky.app\\\/profile\\\/printfactorycloud.bsky.social\"]}]}<\/script>\n<!-- \/ Yoast SEO Premium plugin. -->","yoast_head_json":{"title":"Renk Y\u00f6netiminde Metamerizm A\u00e7\u0131k\u00e7a Anlat\u0131ld\u0131 - printfactory.cloud","description":"Renk y\u00f6netiminde metamerizmin bask\u0131 do\u011frulu\u011fu \u00fczerindeki etkisini ve PrintFactory ile tutarl\u0131 renk \u00fcretiminin nas\u0131l elde edilece\u011fini anlamak i\u00e7in metamerizmi ke\u015ffedin","robots":{"index":"index","follow":"follow","max-snippet":"max-snippet:-1","max-image-preview":"max-image-preview:large","max-video-preview":"max-video-preview:-1"},"canonical":"https:\/\/printfactory.cloud\/tr\/metamerizm-renk-yonetimi-zorluklarina-isik-tutuyor\/","og_locale":"tr_TR","og_type":"article","og_title":"Metamerizm renk y\u00f6netimi zorluklar\u0131na \u0131\u015f\u0131k tutuyor","og_description":"PrintFactory ONE PLATFORM. ONE WORKFLOW. TOTAL CONTROL. PrintFactory is a single, unified print production platform that replaces fragmented RIPs, editors, color tools, and workflow systems, while supporting all printer and cutter brands.","og_url":"https:\/\/printfactory.cloud\/tr\/metamerizm-renk-yonetimi-zorluklarina-isik-tutuyor\/","og_site_name":"printfactory.cloud","article_publisher":"https:\/\/www.facebook.com\/printfactory.cloud","article_modified_time":"2026-03-26T10:58:29+00:00","og_image":[{"width":2560,"height":400,"url":"https:\/\/i0.wp.com\/printfactory.cloud\/wp-content\/uploads\/2023\/08\/metamarism-web-banner.jpg?fit=2560%2C400&ssl=1","type":"image\/jpeg"}],"twitter_card":"summary_large_image","twitter_site":"@PrintFactory_","twitter_misc":{"Tahmini okuma s\u00fcresi":"4 dakika"},"schema":{"@context":"https:\/\/schema.org","@graph":[{"@type":"WebPage","@id":"https:\/\/printfactory.cloud\/tr\/metamerizm-renk-yonetimi-zorluklarina-isik-tutuyor\/","url":"https:\/\/printfactory.cloud\/tr\/metamerizm-renk-yonetimi-zorluklarina-isik-tutuyor\/","name":"Renk Y\u00f6netiminde Metamerizm A\u00e7\u0131k\u00e7a Anlat\u0131ld\u0131 - printfactory.cloud","isPartOf":{"@id":"https:\/\/printfactory.cloud\/tr\/#website"},"primaryImageOfPage":{"@id":"https:\/\/printfactory.cloud\/tr\/metamerizm-renk-yonetimi-zorluklarina-isik-tutuyor\/#primaryimage"},"image":{"@id":"https:\/\/printfactory.cloud\/tr\/metamerizm-renk-yonetimi-zorluklarina-isik-tutuyor\/#primaryimage"},"thumbnailUrl":"https:\/\/i0.wp.com\/printfactory.cloud\/wp-content\/uploads\/2023\/08\/metamarism-web-banner.jpg?fit=800%2C125&amp;ssl=1","datePublished":"2023-08-11T14:04:49+00:00","dateModified":"2026-03-26T10:58:29+00:00","description":"Renk y\u00f6netiminde metamerizmin bask\u0131 do\u011frulu\u011fu \u00fczerindeki etkisini ve PrintFactory ile tutarl\u0131 renk \u00fcretiminin nas\u0131l elde edilece\u011fini anlamak i\u00e7in metamerizmi ke\u015ffedin","breadcrumb":{"@id":"https:\/\/printfactory.cloud\/tr\/metamerizm-renk-yonetimi-zorluklarina-isik-tutuyor\/#breadcrumb"},"inLanguage":"tr","potentialAction":[{"@type":"ReadAction","target":["https:\/\/printfactory.cloud\/tr\/metamerizm-renk-yonetimi-zorluklarina-isik-tutuyor\/"]}]},{"@type":"ImageObject","inLanguage":"tr","@id":"https:\/\/printfactory.cloud\/tr\/metamerizm-renk-yonetimi-zorluklarina-isik-tutuyor\/#primaryimage","url":"https:\/\/i0.wp.com\/printfactory.cloud\/wp-content\/uploads\/2023\/08\/metamarism-web-banner.jpg?fit=800%2C125&amp;ssl=1","contentUrl":"https:\/\/i0.wp.com\/printfactory.cloud\/wp-content\/uploads\/2023\/08\/metamarism-web-banner.jpg?fit=800%2C125&amp;ssl=1"},{"@type":"BreadcrumbList","@id":"https:\/\/printfactory.cloud\/tr\/metamerizm-renk-yonetimi-zorluklarina-isik-tutuyor\/#breadcrumb","itemListElement":[{"@type":"ListItem","position":1,"name":"Home","item":"https:\/\/printfactory.cloud\/tr\/"},{"@type":"ListItem","position":2,"name":"Metamerizm renk y\u00f6netimi zorluklar\u0131na \u0131\u015f\u0131k tutuyor"}]},{"@type":"WebSite","@id":"https:\/\/printfactory.cloud\/tr\/#website","url":"https:\/\/printfactory.cloud\/tr\/","name":"printfactory.cloud","description":"One unified production environment","publisher":{"@id":"https:\/\/printfactory.cloud\/tr\/#organization"},"potentialAction":[{"@type":"SearchAction","target":{"@type":"EntryPoint","urlTemplate":"https:\/\/printfactory.cloud\/tr\/?s={search_term_string}"},"query-input":{"@type":"PropertyValueSpecification","valueRequired":true,"valueName":"search_term_string"}}],"inLanguage":"tr"},{"@type":"Organization","@id":"https:\/\/printfactory.cloud\/tr\/#organization","name":"PrintFactory","url":"https:\/\/printfactory.cloud\/tr\/","logo":{"@type":"ImageObject","inLanguage":"tr","@id":"https:\/\/printfactory.cloud\/tr\/#\/schema\/logo\/image\/","url":"https:\/\/i0.wp.com\/printfactory.cloud\/wp-content\/uploads\/2023\/05\/PrintFactory-web.jpg?fit=350%2C63&ssl=1","contentUrl":"https:\/\/i0.wp.com\/printfactory.cloud\/wp-content\/uploads\/2023\/05\/PrintFactory-web.jpg?fit=350%2C63&ssl=1","width":350,"height":63,"caption":"PrintFactory"},"image":{"@id":"https:\/\/printfactory.cloud\/tr\/#\/schema\/logo\/image\/"},"sameAs":["https:\/\/www.facebook.com\/printfactory.cloud","https:\/\/x.com\/PrintFactory_","https:\/\/www.linkedin.com\/company\/printfactoryworkflow\/","https:\/\/www.instagram.com\/printfactory.cloud\/","https:\/\/www.youtube.com\/@PrintFactoryWorkflow","https:\/\/www.threads.com\/@printfactory.cloud","https:\/\/bsky.app\/profile\/printfactorycloud.bsky.social"]}]}},"jetpack_sharing_enabled":true,"_links":{"self":[{"href":"https:\/\/printfactory.cloud\/tr\/wp-json\/wp\/v2\/pages\/23545","targetHints":{"allow":["GET"]}}],"collection":[{"href":"https:\/\/printfactory.cloud\/tr\/wp-json\/wp\/v2\/pages"}],"about":[{"href":"https:\/\/printfactory.cloud\/tr\/wp-json\/wp\/v2\/types\/page"}],"author":[{"embeddable":true,"href":"https:\/\/printfactory.cloud\/tr\/wp-json\/wp\/v2\/users\/3"}],"replies":[{"embeddable":true,"href":"https:\/\/printfactory.cloud\/tr\/wp-json\/wp\/v2\/comments?post=23545"}],"version-history":[{"count":10,"href":"https:\/\/printfactory.cloud\/tr\/wp-json\/wp\/v2\/pages\/23545\/revisions"}],"predecessor-version":[{"id":37504,"href":"https:\/\/printfactory.cloud\/tr\/wp-json\/wp\/v2\/pages\/23545\/revisions\/37504"}],"wp:attachment":[{"href":"https:\/\/printfactory.cloud\/tr\/wp-json\/wp\/v2\/media?parent=23545"}],"curies":[{"name":"wp","href":"https:\/\/api.w.org\/{rel}","templated":true}]}}